{"id":1294,"date":"2024-12-03T12:46:18","date_gmt":"2024-12-03T11:46:18","guid":{"rendered":"https:\/\/onewood.dkvare\/6510e-puslebord\/"},"modified":"2025-02-26T14:20:44","modified_gmt":"2025-02-26T13:20:44","slug":"6510e-puslebord","status":"publish","type":"product","link":"https:\/\/onewood.dk\/de\/product\/6510e-wickeltisch\/","title":{"rendered":"6510E \u2013 Wickeltisch"},"content":{"rendered":"<p>Wickeltisch f\u00fcr Kinderg\u00e4rten und Umgebungen, in denen die Kleinen gewickelt werden m\u00fcssen.<\/p>\n<ul>\n<li>Sicherheitsarbeitsplatte mit elektrischem Einklemmschutz, Mischbatterie und Sp\u00fclbecken \u2013 beides ist leicht zu reinigen.<\/li>\n<li>Unter der Tischplatte befindet sich eine Schublade und Stauraum.<\/li>\n<li>Elektrisch h\u00f6henverstellbar von 400 mm bis 950 mm.<\/li>\n<li>Tischplatte aus 18mm Birkensperrholz, wei\u00df pigmentiert<\/li>\n<li>Mit hellgrauem Linoleum auf der Deckplatte.<\/li>\n<\/ul>","protected":false},"excerpt":{"rendered":"<p>Wickeltisch f\u00fcr Kinderg\u00e4rten und Umgebungen, in denen die Kleinen gewickelt werden m\u00fcssen. Sicherheitstischplatte mit elektrischem Einklemmschutz, Mischbatterie und Sp\u00fclbecken \u2013 beide Teile sind leicht zu reinigen. Unter der Tischplatte befinden sich eine Schublade und Stauraum. Elektrisch h\u00f6henverstellbar von 400 mm bis 950 mm. Tischplatte aus 18 mm starkem Birkensperrholz, wei\u00df pigmentiert. Mit hellgrauem Linoleum auf der Tischplatte.<\/p>","protected":false},"featured_media":1985,"template":"","meta":[],"product_brand":[],"product_cat":[568,565],"product_tag":[],"class_list":{"0":"post-1294","1":"product","2":"type-product","3":"status-publish","4":"has-post-thumbnail","6":"product_cat-pusleborde","7":"product_cat-puslerum","9":"first","10":"instock","11":"product-type-simple"},"yoast_head":"<!-- This site is optimized with the Yoast SEO plugin v24.4 - https:\/\/yoast.com\/wordpress\/plugins\/seo\/ -->\n<title>6510E - Puslebord | One Wood Furniture A\/S<\/title>\n<meta name=\"robots\" content=\"index, follow, max-snippet:-1, max-image-preview:large, max-video-preview:-1\" \/>\n<link rel=\"canonical\" href=\"https:\/\/onewood.dk\/de\/product\/6510e-wickeltisch\/\" \/>\n<meta property=\"og:locale\" content=\"de_DE\" \/>\n<meta property=\"og:type\" content=\"article\" \/>\n<meta property=\"og:title\" content=\"6510E - Puslebord | One Wood Furniture A\/S\" \/>\n<meta property=\"og:description\" content=\"Puslebord til vuggestuer og milj\u00f8er, hvor de mindste der skal skiftes. Sikkerhedsbordplade med elektrisk klemmesikring, blandingsbatteri og h\u00e5ndvask &#8211; begge dele er nemme at reng\u00f8re. Under bordplade er der skuffe og opbevaringsrum. Elektrisk justerbar h\u00f8jde fra\u00a0400mm til 950mm. Bordplade i 18mm birkekrydsfiner, hvidpigmenteret Leveres med lys gr\u00e5 linoleum p\u00e5 toppladen.\" \/>\n<meta property=\"og:url\" content=\"https:\/\/onewood.dk\/de\/product\/6510e-wickeltisch\/\" \/>\n<meta property=\"og:site_name\" content=\"One Wood Furniture A\/S\" \/>\n<meta property=\"article:modified_time\" content=\"2025-02-26T13:20:44+00:00\" \/>\n<meta property=\"og:image\" content=\"https:\/\/onewood.dk\/wp-content\/uploads\/2024\/12\/3475-scaled.jpg\" \/>\n\t<meta property=\"og:image:width\" content=\"2560\" \/>\n\t<meta property=\"og:image:height\" content=\"1707\" \/>\n\t<meta property=\"og:image:type\" content=\"image\/jpeg\" \/>\n<meta name=\"twitter:card\" content=\"summary_large_image\" \/>\n<meta name=\"twitter:label1\" content=\"Gesch\u00e4tzte Lesezeit\" \/>\n\t<meta name=\"twitter:data1\" content=\"1\u00a0Minute\" \/>\n<script type=\"application\/ld+json\" class=\"yoast-schema-graph\">{\"@context\":\"https:\/\/schema.org\",\"@graph\":[{\"@type\":\"WebPage\",\"@id\":\"https:\/\/onewood.dk\/vare\/6510e-puslebord\/\",\"url\":\"https:\/\/onewood.dk\/vare\/6510e-puslebord\/\",\"name\":\"6510E - Puslebord | One Wood Furniture A\/S\",\"isPartOf\":{\"@id\":\"https:\/\/onewood.dk\/#website\"},\"primaryImageOfPage\":{\"@id\":\"https:\/\/onewood.dk\/vare\/6510e-puslebord\/#primaryimage\"},\"image\":{\"@id\":\"https:\/\/onewood.dk\/vare\/6510e-puslebord\/#primaryimage\"},\"thumbnailUrl\":\"https:\/\/onewood.dk\/wp-content\/uploads\/2024\/12\/3475-scaled.jpg\",\"datePublished\":\"2024-12-03T11:46:18+00:00\",\"dateModified\":\"2025-02-26T13:20:44+00:00\",\"breadcrumb\":{\"@id\":\"https:\/\/onewood.dk\/vare\/6510e-puslebord\/#breadcrumb\"},\"inLanguage\":\"de\",\"potentialAction\":[{\"@type\":\"ReadAction\",\"target\":[\"https:\/\/onewood.dk\/vare\/6510e-puslebord\/\"]}]},{\"@type\":\"ImageObject\",\"inLanguage\":\"de\",\"@id\":\"https:\/\/onewood.dk\/vare\/6510e-puslebord\/#primaryimage\",\"url\":\"https:\/\/onewood.dk\/wp-content\/uploads\/2024\/12\/3475-scaled.jpg\",\"contentUrl\":\"https:\/\/onewood.dk\/wp-content\/uploads\/2024\/12\/3475-scaled.jpg\",\"width\":2560,\"height\":1707},{\"@type\":\"BreadcrumbList\",\"@id\":\"https:\/\/onewood.dk\/vare\/6510e-puslebord\/#breadcrumb\",\"itemListElement\":[{\"@type\":\"ListItem\",\"position\":1,\"name\":\"Varer\",\"item\":\"https:\/\/onewood.dk\/shop\/\"},{\"@type\":\"ListItem\",\"position\":2,\"name\":\"Puslerum\",\"item\":\"https:\/\/onewood.dk\/vare-kategori\/puslerum\/\"},{\"@type\":\"ListItem\",\"position\":3,\"name\":\"Pusleborde\",\"item\":\"https:\/\/onewood.dk\/vare-kategori\/puslerum\/pusleborde\/\"},{\"@type\":\"ListItem\",\"position\":4,\"name\":\"6510E &#8211; Puslebord\"}]},{\"@type\":\"WebSite\",\"@id\":\"https:\/\/onewood.dk\/#website\",\"url\":\"https:\/\/onewood.dk\/\",\"name\":\"One Wood Furniture A\/S\",\"description\":\"\",\"publisher\":{\"@id\":\"https:\/\/onewood.dk\/#organization\"},\"potentialAction\":[{\"@type\":\"SearchAction\",\"target\":{\"@type\":\"EntryPoint\",\"urlTemplate\":\"https:\/\/onewood.dk\/?s={search_term_string}\"},\"query-input\":{\"@type\":\"PropertyValueSpecification\",\"valueRequired\":true,\"valueName\":\"search_term_string\"}}],\"inLanguage\":\"de\"},{\"@type\":\"Organization\",\"@id\":\"https:\/\/onewood.dk\/#organization\",\"name\":\"One Wood Furniture A\/S\",\"url\":\"https:\/\/onewood.dk\/\",\"logo\":{\"@type\":\"ImageObject\",\"inLanguage\":\"de\",\"@id\":\"https:\/\/onewood.dk\/#\/schema\/logo\/image\/\",\"url\":\"https:\/\/onewood.dk\/wp-content\/uploads\/2024\/12\/Logo.png\",\"contentUrl\":\"https:\/\/onewood.dk\/wp-content\/uploads\/2024\/12\/Logo.png\",\"width\":180,\"height\":90,\"caption\":\"One Wood Furniture A\/S\"},\"image\":{\"@id\":\"https:\/\/onewood.dk\/#\/schema\/logo\/image\/\"}}]}<\/script>\n<!-- \/ Yoast SEO plugin. -->","yoast_head_json":{"title":"6510E - Puslebord | One Wood Furniture A\/S","robots":{"index":"index","follow":"follow","max-snippet":"max-snippet:-1","max-image-preview":"max-image-preview:large","max-video-preview":"max-video-preview:-1"},"canonical":"https:\/\/onewood.dk\/de\/product\/6510e-wickeltisch\/","og_locale":"de_DE","og_type":"article","og_title":"6510E - Puslebord | One Wood Furniture A\/S","og_description":"Puslebord til vuggestuer og milj\u00f8er, hvor de mindste der skal skiftes. Sikkerhedsbordplade med elektrisk klemmesikring, blandingsbatteri og h\u00e5ndvask &#8211; begge dele er nemme at reng\u00f8re. Under bordplade er der skuffe og opbevaringsrum. Elektrisk justerbar h\u00f8jde fra\u00a0400mm til 950mm. Bordplade i 18mm birkekrydsfiner, hvidpigmenteret Leveres med lys gr\u00e5 linoleum p\u00e5 toppladen.","og_url":"https:\/\/onewood.dk\/de\/product\/6510e-wickeltisch\/","og_site_name":"One Wood Furniture A\/S","article_modified_time":"2025-02-26T13:20:44+00:00","og_image":[{"width":2560,"height":1707,"url":"https:\/\/onewood.dk\/wp-content\/uploads\/2024\/12\/3475-scaled.jpg","type":"image\/jpeg"}],"twitter_card":"summary_large_image","twitter_misc":{"Gesch\u00e4tzte Lesezeit":"1\u00a0Minute"},"schema":{"@context":"https:\/\/schema.org","@graph":[{"@type":"WebPage","@id":"https:\/\/onewood.dk\/vare\/6510e-puslebord\/","url":"https:\/\/onewood.dk\/vare\/6510e-puslebord\/","name":"6510E - Puslebord | One Wood Furniture A\/S","isPartOf":{"@id":"https:\/\/onewood.dk\/#website"},"primaryImageOfPage":{"@id":"https:\/\/onewood.dk\/vare\/6510e-puslebord\/#primaryimage"},"image":{"@id":"https:\/\/onewood.dk\/vare\/6510e-puslebord\/#primaryimage"},"thumbnailUrl":"https:\/\/onewood.dk\/wp-content\/uploads\/2024\/12\/3475-scaled.jpg","datePublished":"2024-12-03T11:46:18+00:00","dateModified":"2025-02-26T13:20:44+00:00","breadcrumb":{"@id":"https:\/\/onewood.dk\/vare\/6510e-puslebord\/#breadcrumb"},"inLanguage":"de","potentialAction":[{"@type":"ReadAction","target":["https:\/\/onewood.dk\/vare\/6510e-puslebord\/"]}]},{"@type":"ImageObject","inLanguage":"de","@id":"https:\/\/onewood.dk\/vare\/6510e-puslebord\/#primaryimage","url":"https:\/\/onewood.dk\/wp-content\/uploads\/2024\/12\/3475-scaled.jpg","contentUrl":"https:\/\/onewood.dk\/wp-content\/uploads\/2024\/12\/3475-scaled.jpg","width":2560,"height":1707},{"@type":"BreadcrumbList","@id":"https:\/\/onewood.dk\/vare\/6510e-puslebord\/#breadcrumb","itemListElement":[{"@type":"ListItem","position":1,"name":"Varer","item":"https:\/\/onewood.dk\/shop\/"},{"@type":"ListItem","position":2,"name":"Puslerum","item":"https:\/\/onewood.dk\/vare-kategori\/puslerum\/"},{"@type":"ListItem","position":3,"name":"Pusleborde","item":"https:\/\/onewood.dk\/vare-kategori\/puslerum\/pusleborde\/"},{"@type":"ListItem","position":4,"name":"6510E &#8211; Puslebord"}]},{"@type":"WebSite","@id":"https:\/\/onewood.dk\/#website","url":"https:\/\/onewood.dk\/","name":"One Wood Furniture A\/S","description":"","publisher":{"@id":"https:\/\/onewood.dk\/#organization"},"potentialAction":[{"@type":"SearchAction","target":{"@type":"EntryPoint","urlTemplate":"https:\/\/onewood.dk\/?s={search_term_string}"},"query-input":{"@type":"PropertyValueSpecification","valueRequired":true,"valueName":"search_term_string"}}],"inLanguage":"de"},{"@type":"Organization","@id":"https:\/\/onewood.dk\/#organization","name":"One Wood Furniture A\/S","url":"https:\/\/onewood.dk\/","logo":{"@type":"ImageObject","inLanguage":"de","@id":"https:\/\/onewood.dk\/#\/schema\/logo\/image\/","url":"https:\/\/onewood.dk\/wp-content\/uploads\/2024\/12\/Logo.png","contentUrl":"https:\/\/onewood.dk\/wp-content\/uploads\/2024\/12\/Logo.png","width":180,"height":90,"caption":"One Wood Furniture A\/S"},"image":{"@id":"https:\/\/onewood.dk\/#\/schema\/logo\/image\/"}}]}},"_links":{"self":[{"href":"https:\/\/onewood.dk\/de\/wp-json\/wp\/v2\/product\/1294","targetHints":{"allow":["GET"]}}],"collection":[{"href":"https:\/\/onewood.dk\/de\/wp-json\/wp\/v2\/product"}],"about":[{"href":"https:\/\/onewood.dk\/de\/wp-json\/wp\/v2\/types\/product"}],"wp:featuredmedia":[{"embeddable":true,"href":"https:\/\/onewood.dk\/de\/wp-json\/wp\/v2\/media\/1985"}],"wp:attachment":[{"href":"https:\/\/onewood.dk\/de\/wp-json\/wp\/v2\/media?parent=1294"}],"wp:term":[{"taxonomy":"product_brand","embeddable":true,"href":"https:\/\/onewood.dk\/de\/wp-json\/wp\/v2\/product_brand?post=1294"},{"taxonomy":"product_cat","embeddable":true,"href":"https:\/\/onewood.dk\/de\/wp-json\/wp\/v2\/product_cat?post=1294"},{"taxonomy":"product_tag","embeddable":true,"href":"https:\/\/onewood.dk\/de\/wp-json\/wp\/v2\/product_tag?post=1294"}],"curies":[{"name":"wp","href":"https:\/\/api.w.org\/{rel}","templated":true}]}}