{"id":1338,"date":"2024-12-03T12:46:25","date_gmt":"2024-12-03T11:46:25","guid":{"rendered":"https:\/\/onewood.dkvare\/8850s-rektangel-med-laminat\/"},"modified":"2025-02-26T11:45:47","modified_gmt":"2025-02-26T10:45:47","slug":"8850s-rektangel-med-laminat","status":"publish","type":"product","link":"https:\/\/onewood.dk\/de\/product\/8850s-rechteck-mit-laminat\/","title":{"rendered":"8850S \u2013 Rechteck mit Laminat"},"content":{"rendered":"<p>Das B\u00fchnensortiment von One Wood bietet Kindern die M\u00f6glichkeit, sich durch Darbietungen auszudr\u00fccken. Das B\u00fchnensortiment l\u00e4dt zudem zum Rollenspiel und geselligen Beisammensein ein, wodurch die Sozialkompetenzen gef\u00f6rdert werden. Deshalb ist es wichtig, hierf\u00fcr die richtigen Rahmenbedingungen zu schaffen.<\/p>\n<p>&nbsp;<\/p>\n<p>B\u00fchnenbox aus 15 mm starkem, wei\u00df pigmentiertem Birkensperrholz mit strapazierf\u00e4higem schwarzem Laminat auf der Oberseite.<\/p>","protected":false},"excerpt":{"rendered":"<p>Das One Wood B\u00fchnenprogramm bietet Kindern die M\u00f6glichkeit, sich durch Auff\u00fchrungen auszudr\u00fccken. Es l\u00e4dt zudem zu Rollenspielen und geselligem Beisammensein ein und f\u00f6rdert so die Entwicklung sozialer Kompetenzen. Daher ist es wichtig, daf\u00fcr den richtigen Rahmen zu schaffen. B\u00fchnenbox aus 15 mm starkem, wei\u00df pigmentiertem Birkensperrholz mit strapazierf\u00e4higer schwarzer Laminatoberfl\u00e4che.<\/p>","protected":false},"featured_media":2187,"template":"","meta":[],"product_brand":[],"product_cat":[583,560],"product_tag":[],"class_list":{"0":"post-1338","1":"product","2":"type-product","3":"status-publish","4":"has-post-thumbnail","6":"product_cat-scenesortiment","7":"product_cat-legemoebler","9":"first","10":"instock","11":"product-type-simple"},"yoast_head":"<!-- This site is optimized with the Yoast SEO plugin v24.4 - https:\/\/yoast.com\/wordpress\/plugins\/seo\/ -->\n<title>8850S - Rektangel med laminat | One Wood Furniture A\/S<\/title>\n<meta name=\"robots\" content=\"index, follow, max-snippet:-1, max-image-preview:large, max-video-preview:-1\" \/>\n<link rel=\"canonical\" href=\"https:\/\/onewood.dk\/de\/product\/8850s-rechteck-mit-laminat\/\" \/>\n<meta property=\"og:locale\" content=\"de_DE\" \/>\n<meta property=\"og:type\" content=\"article\" \/>\n<meta property=\"og:title\" content=\"8850S - Rektangel med laminat | One Wood Furniture A\/S\" \/>\n<meta property=\"og:description\" content=\"One Wood scenesortiment giver b\u00f8rnene mulighed for at udfolde sig gennem optr\u00e6dener. Scenesortimentet indbyder samtidig ogs\u00e5 til rolleleg og samv\u00e6r, hvilket udvikler deres sociale f\u00e6rdigheder. Det er derfor vigtigt at skabe de rigtige rammer til dette. &nbsp; Scenekasse i 15mm hvidpigmenteret birkekrydsfiner med slidst\u00e6rk sort laminat p\u00e5 toppen.\" \/>\n<meta property=\"og:url\" content=\"https:\/\/onewood.dk\/de\/product\/8850s-rechteck-mit-laminat\/\" \/>\n<meta property=\"og:site_name\" content=\"One Wood Furniture A\/S\" \/>\n<meta property=\"article:modified_time\" content=\"2025-02-26T10:45:47+00:00\" \/>\n<meta property=\"og:image\" content=\"https:\/\/onewood.dk\/wp-content\/uploads\/2024\/12\/3559-scaled.jpg\" \/>\n\t<meta property=\"og:image:width\" content=\"2560\" \/>\n\t<meta property=\"og:image:height\" content=\"1707\" \/>\n\t<meta property=\"og:image:type\" content=\"image\/jpeg\" \/>\n<meta name=\"twitter:card\" content=\"summary_large_image\" \/>\n<meta name=\"twitter:label1\" content=\"Gesch\u00e4tzte Lesezeit\" \/>\n\t<meta name=\"twitter:data1\" content=\"1\u00a0Minute\" \/>\n<script type=\"application\/ld+json\" class=\"yoast-schema-graph\">{\"@context\":\"https:\/\/schema.org\",\"@graph\":[{\"@type\":\"WebPage\",\"@id\":\"https:\/\/onewood.dk\/vare\/8850s-rektangel-med-laminat\/\",\"url\":\"https:\/\/onewood.dk\/vare\/8850s-rektangel-med-laminat\/\",\"name\":\"8850S - Rektangel med laminat | One Wood Furniture A\/S\",\"isPartOf\":{\"@id\":\"https:\/\/onewood.dk\/#website\"},\"primaryImageOfPage\":{\"@id\":\"https:\/\/onewood.dk\/vare\/8850s-rektangel-med-laminat\/#primaryimage\"},\"image\":{\"@id\":\"https:\/\/onewood.dk\/vare\/8850s-rektangel-med-laminat\/#primaryimage\"},\"thumbnailUrl\":\"https:\/\/onewood.dk\/wp-content\/uploads\/2024\/12\/3559-scaled.jpg\",\"datePublished\":\"2024-12-03T11:46:25+00:00\",\"dateModified\":\"2025-02-26T10:45:47+00:00\",\"breadcrumb\":{\"@id\":\"https:\/\/onewood.dk\/vare\/8850s-rektangel-med-laminat\/#breadcrumb\"},\"inLanguage\":\"de\",\"potentialAction\":[{\"@type\":\"ReadAction\",\"target\":[\"https:\/\/onewood.dk\/vare\/8850s-rektangel-med-laminat\/\"]}]},{\"@type\":\"ImageObject\",\"inLanguage\":\"de\",\"@id\":\"https:\/\/onewood.dk\/vare\/8850s-rektangel-med-laminat\/#primaryimage\",\"url\":\"https:\/\/onewood.dk\/wp-content\/uploads\/2024\/12\/3559-scaled.jpg\",\"contentUrl\":\"https:\/\/onewood.dk\/wp-content\/uploads\/2024\/12\/3559-scaled.jpg\",\"width\":2560,\"height\":1707},{\"@type\":\"BreadcrumbList\",\"@id\":\"https:\/\/onewood.dk\/vare\/8850s-rektangel-med-laminat\/#breadcrumb\",\"itemListElement\":[{\"@type\":\"ListItem\",\"position\":1,\"name\":\"Varer\",\"item\":\"https:\/\/onewood.dk\/shop\/\"},{\"@type\":\"ListItem\",\"position\":2,\"name\":\"Legem\u00f8bler\",\"item\":\"https:\/\/onewood.dk\/vare-kategori\/legemoebler\/\"},{\"@type\":\"ListItem\",\"position\":3,\"name\":\"Scenesortiment\",\"item\":\"https:\/\/onewood.dk\/vare-kategori\/legemoebler\/scenesortiment\/\"},{\"@type\":\"ListItem\",\"position\":4,\"name\":\"8850S &#8211; Rektangel med laminat\"}]},{\"@type\":\"WebSite\",\"@id\":\"https:\/\/onewood.dk\/#website\",\"url\":\"https:\/\/onewood.dk\/\",\"name\":\"One Wood Furniture A\/S\",\"description\":\"\",\"publisher\":{\"@id\":\"https:\/\/onewood.dk\/#organization\"},\"potentialAction\":[{\"@type\":\"SearchAction\",\"target\":{\"@type\":\"EntryPoint\",\"urlTemplate\":\"https:\/\/onewood.dk\/?s={search_term_string}\"},\"query-input\":{\"@type\":\"PropertyValueSpecification\",\"valueRequired\":true,\"valueName\":\"search_term_string\"}}],\"inLanguage\":\"de\"},{\"@type\":\"Organization\",\"@id\":\"https:\/\/onewood.dk\/#organization\",\"name\":\"One Wood Furniture A\/S\",\"url\":\"https:\/\/onewood.dk\/\",\"logo\":{\"@type\":\"ImageObject\",\"inLanguage\":\"de\",\"@id\":\"https:\/\/onewood.dk\/#\/schema\/logo\/image\/\",\"url\":\"https:\/\/onewood.dk\/wp-content\/uploads\/2024\/12\/Logo.png\",\"contentUrl\":\"https:\/\/onewood.dk\/wp-content\/uploads\/2024\/12\/Logo.png\",\"width\":180,\"height\":90,\"caption\":\"One Wood Furniture A\/S\"},\"image\":{\"@id\":\"https:\/\/onewood.dk\/#\/schema\/logo\/image\/\"}}]}<\/script>\n<!-- \/ Yoast SEO plugin. -->","yoast_head_json":{"title":"8850S - Rektangel med laminat | One Wood Furniture A\/S","robots":{"index":"index","follow":"follow","max-snippet":"max-snippet:-1","max-image-preview":"max-image-preview:large","max-video-preview":"max-video-preview:-1"},"canonical":"https:\/\/onewood.dk\/de\/product\/8850s-rechteck-mit-laminat\/","og_locale":"de_DE","og_type":"article","og_title":"8850S - Rektangel med laminat | One Wood Furniture A\/S","og_description":"One Wood scenesortiment giver b\u00f8rnene mulighed for at udfolde sig gennem optr\u00e6dener. Scenesortimentet indbyder samtidig ogs\u00e5 til rolleleg og samv\u00e6r, hvilket udvikler deres sociale f\u00e6rdigheder. Det er derfor vigtigt at skabe de rigtige rammer til dette. &nbsp; Scenekasse i 15mm hvidpigmenteret birkekrydsfiner med slidst\u00e6rk sort laminat p\u00e5 toppen.","og_url":"https:\/\/onewood.dk\/de\/product\/8850s-rechteck-mit-laminat\/","og_site_name":"One Wood Furniture A\/S","article_modified_time":"2025-02-26T10:45:47+00:00","og_image":[{"width":2560,"height":1707,"url":"https:\/\/onewood.dk\/wp-content\/uploads\/2024\/12\/3559-scaled.jpg","type":"image\/jpeg"}],"twitter_card":"summary_large_image","twitter_misc":{"Gesch\u00e4tzte Lesezeit":"1\u00a0Minute"},"schema":{"@context":"https:\/\/schema.org","@graph":[{"@type":"WebPage","@id":"https:\/\/onewood.dk\/vare\/8850s-rektangel-med-laminat\/","url":"https:\/\/onewood.dk\/vare\/8850s-rektangel-med-laminat\/","name":"8850S - Rektangel med laminat | One Wood Furniture A\/S","isPartOf":{"@id":"https:\/\/onewood.dk\/#website"},"primaryImageOfPage":{"@id":"https:\/\/onewood.dk\/vare\/8850s-rektangel-med-laminat\/#primaryimage"},"image":{"@id":"https:\/\/onewood.dk\/vare\/8850s-rektangel-med-laminat\/#primaryimage"},"thumbnailUrl":"https:\/\/onewood.dk\/wp-content\/uploads\/2024\/12\/3559-scaled.jpg","datePublished":"2024-12-03T11:46:25+00:00","dateModified":"2025-02-26T10:45:47+00:00","breadcrumb":{"@id":"https:\/\/onewood.dk\/vare\/8850s-rektangel-med-laminat\/#breadcrumb"},"inLanguage":"de","potentialAction":[{"@type":"ReadAction","target":["https:\/\/onewood.dk\/vare\/8850s-rektangel-med-laminat\/"]}]},{"@type":"ImageObject","inLanguage":"de","@id":"https:\/\/onewood.dk\/vare\/8850s-rektangel-med-laminat\/#primaryimage","url":"https:\/\/onewood.dk\/wp-content\/uploads\/2024\/12\/3559-scaled.jpg","contentUrl":"https:\/\/onewood.dk\/wp-content\/uploads\/2024\/12\/3559-scaled.jpg","width":2560,"height":1707},{"@type":"BreadcrumbList","@id":"https:\/\/onewood.dk\/vare\/8850s-rektangel-med-laminat\/#breadcrumb","itemListElement":[{"@type":"ListItem","position":1,"name":"Varer","item":"https:\/\/onewood.dk\/shop\/"},{"@type":"ListItem","position":2,"name":"Legem\u00f8bler","item":"https:\/\/onewood.dk\/vare-kategori\/legemoebler\/"},{"@type":"ListItem","position":3,"name":"Scenesortiment","item":"https:\/\/onewood.dk\/vare-kategori\/legemoebler\/scenesortiment\/"},{"@type":"ListItem","position":4,"name":"8850S &#8211; Rektangel med laminat"}]},{"@type":"WebSite","@id":"https:\/\/onewood.dk\/#website","url":"https:\/\/onewood.dk\/","name":"One Wood Furniture A\/S","description":"","publisher":{"@id":"https:\/\/onewood.dk\/#organization"},"potentialAction":[{"@type":"SearchAction","target":{"@type":"EntryPoint","urlTemplate":"https:\/\/onewood.dk\/?s={search_term_string}"},"query-input":{"@type":"PropertyValueSpecification","valueRequired":true,"valueName":"search_term_string"}}],"inLanguage":"de"},{"@type":"Organization","@id":"https:\/\/onewood.dk\/#organization","name":"One Wood Furniture A\/S","url":"https:\/\/onewood.dk\/","logo":{"@type":"ImageObject","inLanguage":"de","@id":"https:\/\/onewood.dk\/#\/schema\/logo\/image\/","url":"https:\/\/onewood.dk\/wp-content\/uploads\/2024\/12\/Logo.png","contentUrl":"https:\/\/onewood.dk\/wp-content\/uploads\/2024\/12\/Logo.png","width":180,"height":90,"caption":"One Wood Furniture A\/S"},"image":{"@id":"https:\/\/onewood.dk\/#\/schema\/logo\/image\/"}}]}},"_links":{"self":[{"href":"https:\/\/onewood.dk\/de\/wp-json\/wp\/v2\/product\/1338","targetHints":{"allow":["GET"]}}],"collection":[{"href":"https:\/\/onewood.dk\/de\/wp-json\/wp\/v2\/product"}],"about":[{"href":"https:\/\/onewood.dk\/de\/wp-json\/wp\/v2\/types\/product"}],"wp:featuredmedia":[{"embeddable":true,"href":"https:\/\/onewood.dk\/de\/wp-json\/wp\/v2\/media\/2187"}],"wp:attachment":[{"href":"https:\/\/onewood.dk\/de\/wp-json\/wp\/v2\/media?parent=1338"}],"wp:term":[{"taxonomy":"product_brand","embeddable":true,"href":"https:\/\/onewood.dk\/de\/wp-json\/wp\/v2\/product_brand?post=1338"},{"taxonomy":"product_cat","embeddable":true,"href":"https:\/\/onewood.dk\/de\/wp-json\/wp\/v2\/product_cat?post=1338"},{"taxonomy":"product_tag","embeddable":true,"href":"https:\/\/onewood.dk\/de\/wp-json\/wp\/v2\/product_tag?post=1338"}],"curies":[{"name":"wp","href":"https:\/\/api.w.org\/{rel}","templated":true}]}}