{"id":1347,"date":"2024-12-03T12:46:25","date_gmt":"2024-12-03T11:46:25","guid":{"rendered":"https:\/\/onewood.dkvare\/8724-skuffereol-24-store-skuffer\/"},"modified":"2025-02-10T15:12:30","modified_gmt":"2025-02-10T14:12:30","slug":"8724-skuffereol-24-store-skuffer","status":"publish","type":"product","link":"https:\/\/onewood.dk\/de\/product\/8724-schubladenelement-24-grose-schubladen\/","title":{"rendered":"8724 \u2013 Schubladenelement 24 gro\u00dfe Schubladen"},"content":{"rendered":"<p>Schubladenelement aus 18 mm wei\u00dfpigmentiertem Birkensperrholz mit 24 gro\u00dfen Schubladen.<\/p>\n<p>W\u00e4hlen Sie eine Schubladenfront \u2013 sehen Sie sich weitere Varianten an.<\/p>\n<ul>\n<li>Alle Schubladen mit stabilen Metallausz\u00fcgen mit Stoppfunktion<\/li>\n<li>Schubladeneinheit wird standardm\u00e4\u00dfig mit Sockel geliefert<\/li>\n<li>Kann mit R\u00e4dern mit Bremse geliefert werden.<\/li>\n<li>\u00d8nskes laminattoppplade &#8211; bestil varenr. 8724D<\/li>\n<\/ul>","protected":false},"excerpt":{"rendered":"<p><strong>Ziel<\/strong>: H\u00f6he: 980 mm. Breite: 1494 mm. Tiefe: 372 mm.<\/p>\n<p><strong>Abmessungen Oberplatte: <\/strong>L\u00e4nge: 1520 mm. Breite: 400mm.<\/p>\n<p><strong>Schubladenma\u00dfe innen: <\/strong>H\u00f6he: 100 mm. Breite: 293 mm. Tiefe: 314 mm.<\/p>\n<p>&nbsp;<\/p>","protected":false},"featured_media":2249,"template":"","meta":[],"product_brand":[],"product_cat":[730,557,582],"product_tag":[],"class_list":{"0":"post-1347","1":"product","2":"type-product","3":"status-publish","4":"has-post-thumbnail","6":"product_cat-skuffereoler-skuffereoler","7":"product_cat-reoler","8":"product_cat-skuffereoler","10":"first","11":"instock","12":"product-type-simple"},"yoast_head":"<!-- This site is optimized with the Yoast SEO plugin v24.4 - https:\/\/yoast.com\/wordpress\/plugins\/seo\/ -->\n<title>8724 - Skuffereol 24 store skuffer | One Wood Furniture A\/S<\/title>\n<meta name=\"robots\" content=\"index, follow, max-snippet:-1, max-image-preview:large, max-video-preview:-1\" \/>\n<link rel=\"canonical\" href=\"https:\/\/onewood.dk\/de\/product\/8724-schubladenelement-24-grose-schubladen\/\" \/>\n<meta property=\"og:locale\" content=\"de_DE\" \/>\n<meta property=\"og:type\" content=\"article\" \/>\n<meta property=\"og:title\" content=\"8724 - Skuffereol 24 store skuffer | One Wood Furniture A\/S\" \/>\n<meta property=\"og:description\" content=\"M\u00e5l: H\u00f8jde:980mm. Bredde:1494mm. Dybde:372mm.  M\u00e5l Topplade: L\u00e6ngde:1520mm. Bredde:400mm.  Skuffem\u00e5l indvendig: H\u00f8jde:100mm. Bredde:293mm. Dybde:314mm.  &nbsp;\" \/>\n<meta property=\"og:url\" content=\"https:\/\/onewood.dk\/de\/product\/8724-schubladenelement-24-grose-schubladen\/\" \/>\n<meta property=\"og:site_name\" content=\"One Wood Furniture A\/S\" \/>\n<meta property=\"article:modified_time\" content=\"2025-02-10T14:12:30+00:00\" \/>\n<meta property=\"og:image\" content=\"https:\/\/onewood.dk\/wp-content\/uploads\/2024\/12\/4204.jpg\" \/>\n\t<meta property=\"og:image:width\" content=\"2048\" \/>\n\t<meta property=\"og:image:height\" content=\"1365\" \/>\n\t<meta property=\"og:image:type\" content=\"image\/jpeg\" \/>\n<meta name=\"twitter:card\" content=\"summary_large_image\" \/>\n<meta name=\"twitter:label1\" content=\"Gesch\u00e4tzte Lesezeit\" \/>\n\t<meta name=\"twitter:data1\" content=\"1\u00a0Minute\" \/>\n<script type=\"application\/ld+json\" class=\"yoast-schema-graph\">{\"@context\":\"https:\/\/schema.org\",\"@graph\":[{\"@type\":\"WebPage\",\"@id\":\"https:\/\/onewood.dk\/vare\/8724-skuffereol-24-store-skuffer\/\",\"url\":\"https:\/\/onewood.dk\/vare\/8724-skuffereol-24-store-skuffer\/\",\"name\":\"8724 - Skuffereol 24 store skuffer | One Wood Furniture A\/S\",\"isPartOf\":{\"@id\":\"https:\/\/onewood.dk\/#website\"},\"primaryImageOfPage\":{\"@id\":\"https:\/\/onewood.dk\/vare\/8724-skuffereol-24-store-skuffer\/#primaryimage\"},\"image\":{\"@id\":\"https:\/\/onewood.dk\/vare\/8724-skuffereol-24-store-skuffer\/#primaryimage\"},\"thumbnailUrl\":\"https:\/\/onewood.dk\/wp-content\/uploads\/2024\/12\/4204.jpg\",\"datePublished\":\"2024-12-03T11:46:25+00:00\",\"dateModified\":\"2025-02-10T14:12:30+00:00\",\"breadcrumb\":{\"@id\":\"https:\/\/onewood.dk\/vare\/8724-skuffereol-24-store-skuffer\/#breadcrumb\"},\"inLanguage\":\"de\",\"potentialAction\":[{\"@type\":\"ReadAction\",\"target\":[\"https:\/\/onewood.dk\/vare\/8724-skuffereol-24-store-skuffer\/\"]}]},{\"@type\":\"ImageObject\",\"inLanguage\":\"de\",\"@id\":\"https:\/\/onewood.dk\/vare\/8724-skuffereol-24-store-skuffer\/#primaryimage\",\"url\":\"https:\/\/onewood.dk\/wp-content\/uploads\/2024\/12\/4204.jpg\",\"contentUrl\":\"https:\/\/onewood.dk\/wp-content\/uploads\/2024\/12\/4204.jpg\",\"width\":2048,\"height\":1365},{\"@type\":\"BreadcrumbList\",\"@id\":\"https:\/\/onewood.dk\/vare\/8724-skuffereol-24-store-skuffer\/#breadcrumb\",\"itemListElement\":[{\"@type\":\"ListItem\",\"position\":1,\"name\":\"Varer\",\"item\":\"https:\/\/onewood.dk\/shop\/\"},{\"@type\":\"ListItem\",\"position\":2,\"name\":\"Reoler\",\"item\":\"https:\/\/onewood.dk\/vare-kategori\/reoler\/\"},{\"@type\":\"ListItem\",\"position\":3,\"name\":\"8724 &#8211; Skuffereol 24 store skuffer\"}]},{\"@type\":\"WebSite\",\"@id\":\"https:\/\/onewood.dk\/#website\",\"url\":\"https:\/\/onewood.dk\/\",\"name\":\"One Wood Furniture A\/S\",\"description\":\"\",\"publisher\":{\"@id\":\"https:\/\/onewood.dk\/#organization\"},\"potentialAction\":[{\"@type\":\"SearchAction\",\"target\":{\"@type\":\"EntryPoint\",\"urlTemplate\":\"https:\/\/onewood.dk\/?s={search_term_string}\"},\"query-input\":{\"@type\":\"PropertyValueSpecification\",\"valueRequired\":true,\"valueName\":\"search_term_string\"}}],\"inLanguage\":\"de\"},{\"@type\":\"Organization\",\"@id\":\"https:\/\/onewood.dk\/#organization\",\"name\":\"One Wood Furniture A\/S\",\"url\":\"https:\/\/onewood.dk\/\",\"logo\":{\"@type\":\"ImageObject\",\"inLanguage\":\"de\",\"@id\":\"https:\/\/onewood.dk\/#\/schema\/logo\/image\/\",\"url\":\"https:\/\/onewood.dk\/wp-content\/uploads\/2024\/12\/Logo.png\",\"contentUrl\":\"https:\/\/onewood.dk\/wp-content\/uploads\/2024\/12\/Logo.png\",\"width\":180,\"height\":90,\"caption\":\"One Wood Furniture A\/S\"},\"image\":{\"@id\":\"https:\/\/onewood.dk\/#\/schema\/logo\/image\/\"}}]}<\/script>\n<!-- \/ Yoast SEO plugin. -->","yoast_head_json":{"title":"8724 - Skuffereol 24 store skuffer | One Wood Furniture A\/S","robots":{"index":"index","follow":"follow","max-snippet":"max-snippet:-1","max-image-preview":"max-image-preview:large","max-video-preview":"max-video-preview:-1"},"canonical":"https:\/\/onewood.dk\/de\/product\/8724-schubladenelement-24-grose-schubladen\/","og_locale":"de_DE","og_type":"article","og_title":"8724 - Skuffereol 24 store skuffer | One Wood Furniture A\/S","og_description":"M\u00e5l: H\u00f8jde:980mm. Bredde:1494mm. Dybde:372mm.  M\u00e5l Topplade: L\u00e6ngde:1520mm. Bredde:400mm.  Skuffem\u00e5l indvendig: H\u00f8jde:100mm. Bredde:293mm. Dybde:314mm.  &nbsp;","og_url":"https:\/\/onewood.dk\/de\/product\/8724-schubladenelement-24-grose-schubladen\/","og_site_name":"One Wood Furniture A\/S","article_modified_time":"2025-02-10T14:12:30+00:00","og_image":[{"width":2048,"height":1365,"url":"https:\/\/onewood.dk\/wp-content\/uploads\/2024\/12\/4204.jpg","type":"image\/jpeg"}],"twitter_card":"summary_large_image","twitter_misc":{"Gesch\u00e4tzte Lesezeit":"1\u00a0Minute"},"schema":{"@context":"https:\/\/schema.org","@graph":[{"@type":"WebPage","@id":"https:\/\/onewood.dk\/vare\/8724-skuffereol-24-store-skuffer\/","url":"https:\/\/onewood.dk\/vare\/8724-skuffereol-24-store-skuffer\/","name":"8724 - Skuffereol 24 store skuffer | One Wood Furniture A\/S","isPartOf":{"@id":"https:\/\/onewood.dk\/#website"},"primaryImageOfPage":{"@id":"https:\/\/onewood.dk\/vare\/8724-skuffereol-24-store-skuffer\/#primaryimage"},"image":{"@id":"https:\/\/onewood.dk\/vare\/8724-skuffereol-24-store-skuffer\/#primaryimage"},"thumbnailUrl":"https:\/\/onewood.dk\/wp-content\/uploads\/2024\/12\/4204.jpg","datePublished":"2024-12-03T11:46:25+00:00","dateModified":"2025-02-10T14:12:30+00:00","breadcrumb":{"@id":"https:\/\/onewood.dk\/vare\/8724-skuffereol-24-store-skuffer\/#breadcrumb"},"inLanguage":"de","potentialAction":[{"@type":"ReadAction","target":["https:\/\/onewood.dk\/vare\/8724-skuffereol-24-store-skuffer\/"]}]},{"@type":"ImageObject","inLanguage":"de","@id":"https:\/\/onewood.dk\/vare\/8724-skuffereol-24-store-skuffer\/#primaryimage","url":"https:\/\/onewood.dk\/wp-content\/uploads\/2024\/12\/4204.jpg","contentUrl":"https:\/\/onewood.dk\/wp-content\/uploads\/2024\/12\/4204.jpg","width":2048,"height":1365},{"@type":"BreadcrumbList","@id":"https:\/\/onewood.dk\/vare\/8724-skuffereol-24-store-skuffer\/#breadcrumb","itemListElement":[{"@type":"ListItem","position":1,"name":"Varer","item":"https:\/\/onewood.dk\/shop\/"},{"@type":"ListItem","position":2,"name":"Reoler","item":"https:\/\/onewood.dk\/vare-kategori\/reoler\/"},{"@type":"ListItem","position":3,"name":"8724 &#8211; Skuffereol 24 store skuffer"}]},{"@type":"WebSite","@id":"https:\/\/onewood.dk\/#website","url":"https:\/\/onewood.dk\/","name":"One Wood Furniture A\/S","description":"","publisher":{"@id":"https:\/\/onewood.dk\/#organization"},"potentialAction":[{"@type":"SearchAction","target":{"@type":"EntryPoint","urlTemplate":"https:\/\/onewood.dk\/?s={search_term_string}"},"query-input":{"@type":"PropertyValueSpecification","valueRequired":true,"valueName":"search_term_string"}}],"inLanguage":"de"},{"@type":"Organization","@id":"https:\/\/onewood.dk\/#organization","name":"One Wood Furniture A\/S","url":"https:\/\/onewood.dk\/","logo":{"@type":"ImageObject","inLanguage":"de","@id":"https:\/\/onewood.dk\/#\/schema\/logo\/image\/","url":"https:\/\/onewood.dk\/wp-content\/uploads\/2024\/12\/Logo.png","contentUrl":"https:\/\/onewood.dk\/wp-content\/uploads\/2024\/12\/Logo.png","width":180,"height":90,"caption":"One Wood Furniture A\/S"},"image":{"@id":"https:\/\/onewood.dk\/#\/schema\/logo\/image\/"}}]}},"_links":{"self":[{"href":"https:\/\/onewood.dk\/de\/wp-json\/wp\/v2\/product\/1347","targetHints":{"allow":["GET"]}}],"collection":[{"href":"https:\/\/onewood.dk\/de\/wp-json\/wp\/v2\/product"}],"about":[{"href":"https:\/\/onewood.dk\/de\/wp-json\/wp\/v2\/types\/product"}],"wp:featuredmedia":[{"embeddable":true,"href":"https:\/\/onewood.dk\/de\/wp-json\/wp\/v2\/media\/2249"}],"wp:attachment":[{"href":"https:\/\/onewood.dk\/de\/wp-json\/wp\/v2\/media?parent=1347"}],"wp:term":[{"taxonomy":"product_brand","embeddable":true,"href":"https:\/\/onewood.dk\/de\/wp-json\/wp\/v2\/product_brand?post=1347"},{"taxonomy":"product_cat","embeddable":true,"href":"https:\/\/onewood.dk\/de\/wp-json\/wp\/v2\/product_cat?post=1347"},{"taxonomy":"product_tag","embeddable":true,"href":"https:\/\/onewood.dk\/de\/wp-json\/wp\/v2\/product_tag?post=1347"}],"curies":[{"name":"wp","href":"https:\/\/api.w.org\/{rel}","templated":true}]}}