{"id":1361,"date":"2024-12-03T12:46:29","date_gmt":"2024-12-03T11:46:29","guid":{"rendered":"https:\/\/onewood.dkvare\/8300-unik-reol-stor\/"},"modified":"2025-02-10T14:27:04","modified_gmt":"2025-02-10T13:27:04","slug":"8300-unik-reol-stor","status":"publish","type":"product","link":"https:\/\/onewood.dk\/de\/product\/8300-unikat-regal-gros\/","title":{"rendered":"8300 \u2013 Einzigartiges gro\u00dfes Regal"},"content":{"rendered":"<p>Mit dem multifunktionalen Regal lassen sich kleinere Umgebungen schaffen, die eine gem\u00fctliche und ruhige Atmosph\u00e4re bieten. Dies kann dazu beitragen, den Ger\u00e4uschpegel in einem gro\u00dfen Raum zu senken und dem Kind dabei zu helfen, sich auf seine eigenen Aktivit\u00e4ten zu konzentrieren.<\/p>\n<p>Einzigartige Regale inkl. 3 Stk. Regalb\u00f6den aus 18 mm wei\u00dfpigmentiertem Birkenfurnier lassen sich zu vielen spannenden Designs kombinieren.<\/p>\n<p>Das Regal kann auch mit einer schicken Stoff-Notiztafel auf der R\u00fcckseite geliefert werden.<\/p>\n<p><strong>Zus\u00e4tzliche K\u00e4ufe:<br \/>\n<\/strong><strong>Kann mit allen unseren sch\u00f6nen Laminaten auf der Oberseite und den Regalen geliefert werden. Siehe Zubeh\u00f6r.<\/strong><\/p>","protected":false},"excerpt":{"rendered":"<p>Med den multifunktionelle reol er det muligt at skabe mindre milj\u00f8er, der giver hyggelige og rolige rammer. Dette kan medvirke til lavere st\u00f8jniveau i et stort rum, samt hj\u00e6lpe barnet til at holde fokus p\u00e5 sin egen aktivitet. Unik reolen inkl. 3 stk. hylder i 18 mm hvidpigmenteret birkefiner, kan s\u00e6ttes sammen til mange sp\u00e6ndende [&hellip;]<\/p>","protected":false},"featured_media":2355,"template":"","meta":[],"product_brand":[],"product_cat":[557,579],"product_tag":[],"class_list":{"0":"post-1361","1":"product","2":"type-product","3":"status-publish","4":"has-post-thumbnail","6":"product_cat-reoler","7":"product_cat-unik","9":"first","10":"instock","11":"product-type-simple"},"yoast_head":"<!-- This site is optimized with the Yoast SEO plugin v24.4 - https:\/\/yoast.com\/wordpress\/plugins\/seo\/ -->\n<title>8300 - Unik reol stor | One Wood Furniture A\/S<\/title>\n<meta name=\"robots\" content=\"index, follow, max-snippet:-1, max-image-preview:large, max-video-preview:-1\" \/>\n<link rel=\"canonical\" href=\"https:\/\/onewood.dk\/de\/product\/8300-unikat-regal-gros\/\" \/>\n<meta property=\"og:locale\" content=\"de_DE\" \/>\n<meta property=\"og:type\" content=\"article\" \/>\n<meta property=\"og:title\" content=\"8300 - Unik reol stor | One Wood Furniture A\/S\" \/>\n<meta property=\"og:description\" content=\"Med den multifunktionelle reol er det muligt at skabe mindre milj\u00f8er, der giver hyggelige og rolige rammer. Dette kan medvirke til lavere st\u00f8jniveau i et stort rum, samt hj\u00e6lpe barnet til at holde fokus p\u00e5 sin egen aktivitet. Unik reolen inkl. 3 stk. hylder i 18 mm hvidpigmenteret birkefiner, kan s\u00e6ttes sammen til mange sp\u00e6ndende [&hellip;]\" \/>\n<meta property=\"og:url\" content=\"https:\/\/onewood.dk\/de\/product\/8300-unikat-regal-gros\/\" \/>\n<meta property=\"og:site_name\" content=\"One Wood Furniture A\/S\" \/>\n<meta property=\"article:modified_time\" content=\"2025-02-10T13:27:04+00:00\" \/>\n<meta property=\"og:image\" content=\"https:\/\/onewood.dk\/wp-content\/uploads\/2024\/12\/4105-scaled.jpg\" \/>\n\t<meta property=\"og:image:width\" content=\"2560\" \/>\n\t<meta property=\"og:image:height\" content=\"1707\" \/>\n\t<meta property=\"og:image:type\" content=\"image\/jpeg\" \/>\n<meta name=\"twitter:card\" content=\"summary_large_image\" \/>\n<meta name=\"twitter:label1\" content=\"Gesch\u00e4tzte Lesezeit\" \/>\n\t<meta name=\"twitter:data1\" content=\"1\u00a0Minute\" \/>\n<script type=\"application\/ld+json\" class=\"yoast-schema-graph\">{\"@context\":\"https:\/\/schema.org\",\"@graph\":[{\"@type\":\"WebPage\",\"@id\":\"https:\/\/onewood.dk\/vare\/8300-unik-reol-stor\/\",\"url\":\"https:\/\/onewood.dk\/vare\/8300-unik-reol-stor\/\",\"name\":\"8300 - Unik reol stor | One Wood Furniture A\/S\",\"isPartOf\":{\"@id\":\"https:\/\/onewood.dk\/#website\"},\"primaryImageOfPage\":{\"@id\":\"https:\/\/onewood.dk\/vare\/8300-unik-reol-stor\/#primaryimage\"},\"image\":{\"@id\":\"https:\/\/onewood.dk\/vare\/8300-unik-reol-stor\/#primaryimage\"},\"thumbnailUrl\":\"https:\/\/onewood.dk\/wp-content\/uploads\/2024\/12\/4105-scaled.jpg\",\"datePublished\":\"2024-12-03T11:46:29+00:00\",\"dateModified\":\"2025-02-10T13:27:04+00:00\",\"breadcrumb\":{\"@id\":\"https:\/\/onewood.dk\/vare\/8300-unik-reol-stor\/#breadcrumb\"},\"inLanguage\":\"de\",\"potentialAction\":[{\"@type\":\"ReadAction\",\"target\":[\"https:\/\/onewood.dk\/vare\/8300-unik-reol-stor\/\"]}]},{\"@type\":\"ImageObject\",\"inLanguage\":\"de\",\"@id\":\"https:\/\/onewood.dk\/vare\/8300-unik-reol-stor\/#primaryimage\",\"url\":\"https:\/\/onewood.dk\/wp-content\/uploads\/2024\/12\/4105-scaled.jpg\",\"contentUrl\":\"https:\/\/onewood.dk\/wp-content\/uploads\/2024\/12\/4105-scaled.jpg\",\"width\":2560,\"height\":1707},{\"@type\":\"BreadcrumbList\",\"@id\":\"https:\/\/onewood.dk\/vare\/8300-unik-reol-stor\/#breadcrumb\",\"itemListElement\":[{\"@type\":\"ListItem\",\"position\":1,\"name\":\"Varer\",\"item\":\"https:\/\/onewood.dk\/shop\/\"},{\"@type\":\"ListItem\",\"position\":2,\"name\":\"Reoler\",\"item\":\"https:\/\/onewood.dk\/vare-kategori\/reoler\/\"},{\"@type\":\"ListItem\",\"position\":3,\"name\":\"Unik\",\"item\":\"https:\/\/onewood.dk\/vare-kategori\/reoler\/unik\/\"},{\"@type\":\"ListItem\",\"position\":4,\"name\":\"8300 &#8211; Unik reol stor\"}]},{\"@type\":\"WebSite\",\"@id\":\"https:\/\/onewood.dk\/#website\",\"url\":\"https:\/\/onewood.dk\/\",\"name\":\"One Wood Furniture A\/S\",\"description\":\"\",\"publisher\":{\"@id\":\"https:\/\/onewood.dk\/#organization\"},\"potentialAction\":[{\"@type\":\"SearchAction\",\"target\":{\"@type\":\"EntryPoint\",\"urlTemplate\":\"https:\/\/onewood.dk\/?s={search_term_string}\"},\"query-input\":{\"@type\":\"PropertyValueSpecification\",\"valueRequired\":true,\"valueName\":\"search_term_string\"}}],\"inLanguage\":\"de\"},{\"@type\":\"Organization\",\"@id\":\"https:\/\/onewood.dk\/#organization\",\"name\":\"One Wood Furniture A\/S\",\"url\":\"https:\/\/onewood.dk\/\",\"logo\":{\"@type\":\"ImageObject\",\"inLanguage\":\"de\",\"@id\":\"https:\/\/onewood.dk\/#\/schema\/logo\/image\/\",\"url\":\"https:\/\/onewood.dk\/wp-content\/uploads\/2024\/12\/Logo.png\",\"contentUrl\":\"https:\/\/onewood.dk\/wp-content\/uploads\/2024\/12\/Logo.png\",\"width\":180,\"height\":90,\"caption\":\"One Wood Furniture A\/S\"},\"image\":{\"@id\":\"https:\/\/onewood.dk\/#\/schema\/logo\/image\/\"}}]}<\/script>\n<!-- \/ Yoast SEO plugin. -->","yoast_head_json":{"title":"8300 - Unik reol stor | One Wood Furniture A\/S","robots":{"index":"index","follow":"follow","max-snippet":"max-snippet:-1","max-image-preview":"max-image-preview:large","max-video-preview":"max-video-preview:-1"},"canonical":"https:\/\/onewood.dk\/de\/product\/8300-unikat-regal-gros\/","og_locale":"de_DE","og_type":"article","og_title":"8300 - Unik reol stor | One Wood Furniture A\/S","og_description":"Med den multifunktionelle reol er det muligt at skabe mindre milj\u00f8er, der giver hyggelige og rolige rammer. Dette kan medvirke til lavere st\u00f8jniveau i et stort rum, samt hj\u00e6lpe barnet til at holde fokus p\u00e5 sin egen aktivitet. Unik reolen inkl. 3 stk. hylder i 18 mm hvidpigmenteret birkefiner, kan s\u00e6ttes sammen til mange sp\u00e6ndende [&hellip;]","og_url":"https:\/\/onewood.dk\/de\/product\/8300-unikat-regal-gros\/","og_site_name":"One Wood Furniture A\/S","article_modified_time":"2025-02-10T13:27:04+00:00","og_image":[{"width":2560,"height":1707,"url":"https:\/\/onewood.dk\/wp-content\/uploads\/2024\/12\/4105-scaled.jpg","type":"image\/jpeg"}],"twitter_card":"summary_large_image","twitter_misc":{"Gesch\u00e4tzte Lesezeit":"1\u00a0Minute"},"schema":{"@context":"https:\/\/schema.org","@graph":[{"@type":"WebPage","@id":"https:\/\/onewood.dk\/vare\/8300-unik-reol-stor\/","url":"https:\/\/onewood.dk\/vare\/8300-unik-reol-stor\/","name":"8300 - Unik reol stor | One Wood Furniture A\/S","isPartOf":{"@id":"https:\/\/onewood.dk\/#website"},"primaryImageOfPage":{"@id":"https:\/\/onewood.dk\/vare\/8300-unik-reol-stor\/#primaryimage"},"image":{"@id":"https:\/\/onewood.dk\/vare\/8300-unik-reol-stor\/#primaryimage"},"thumbnailUrl":"https:\/\/onewood.dk\/wp-content\/uploads\/2024\/12\/4105-scaled.jpg","datePublished":"2024-12-03T11:46:29+00:00","dateModified":"2025-02-10T13:27:04+00:00","breadcrumb":{"@id":"https:\/\/onewood.dk\/vare\/8300-unik-reol-stor\/#breadcrumb"},"inLanguage":"de","potentialAction":[{"@type":"ReadAction","target":["https:\/\/onewood.dk\/vare\/8300-unik-reol-stor\/"]}]},{"@type":"ImageObject","inLanguage":"de","@id":"https:\/\/onewood.dk\/vare\/8300-unik-reol-stor\/#primaryimage","url":"https:\/\/onewood.dk\/wp-content\/uploads\/2024\/12\/4105-scaled.jpg","contentUrl":"https:\/\/onewood.dk\/wp-content\/uploads\/2024\/12\/4105-scaled.jpg","width":2560,"height":1707},{"@type":"BreadcrumbList","@id":"https:\/\/onewood.dk\/vare\/8300-unik-reol-stor\/#breadcrumb","itemListElement":[{"@type":"ListItem","position":1,"name":"Varer","item":"https:\/\/onewood.dk\/shop\/"},{"@type":"ListItem","position":2,"name":"Reoler","item":"https:\/\/onewood.dk\/vare-kategori\/reoler\/"},{"@type":"ListItem","position":3,"name":"Unik","item":"https:\/\/onewood.dk\/vare-kategori\/reoler\/unik\/"},{"@type":"ListItem","position":4,"name":"8300 &#8211; Unik reol stor"}]},{"@type":"WebSite","@id":"https:\/\/onewood.dk\/#website","url":"https:\/\/onewood.dk\/","name":"One Wood Furniture A\/S","description":"","publisher":{"@id":"https:\/\/onewood.dk\/#organization"},"potentialAction":[{"@type":"SearchAction","target":{"@type":"EntryPoint","urlTemplate":"https:\/\/onewood.dk\/?s={search_term_string}"},"query-input":{"@type":"PropertyValueSpecification","valueRequired":true,"valueName":"search_term_string"}}],"inLanguage":"de"},{"@type":"Organization","@id":"https:\/\/onewood.dk\/#organization","name":"One Wood Furniture A\/S","url":"https:\/\/onewood.dk\/","logo":{"@type":"ImageObject","inLanguage":"de","@id":"https:\/\/onewood.dk\/#\/schema\/logo\/image\/","url":"https:\/\/onewood.dk\/wp-content\/uploads\/2024\/12\/Logo.png","contentUrl":"https:\/\/onewood.dk\/wp-content\/uploads\/2024\/12\/Logo.png","width":180,"height":90,"caption":"One Wood Furniture A\/S"},"image":{"@id":"https:\/\/onewood.dk\/#\/schema\/logo\/image\/"}}]}},"_links":{"self":[{"href":"https:\/\/onewood.dk\/de\/wp-json\/wp\/v2\/product\/1361","targetHints":{"allow":["GET"]}}],"collection":[{"href":"https:\/\/onewood.dk\/de\/wp-json\/wp\/v2\/product"}],"about":[{"href":"https:\/\/onewood.dk\/de\/wp-json\/wp\/v2\/types\/product"}],"wp:featuredmedia":[{"embeddable":true,"href":"https:\/\/onewood.dk\/de\/wp-json\/wp\/v2\/media\/2355"}],"wp:attachment":[{"href":"https:\/\/onewood.dk\/de\/wp-json\/wp\/v2\/media?parent=1361"}],"wp:term":[{"taxonomy":"product_brand","embeddable":true,"href":"https:\/\/onewood.dk\/de\/wp-json\/wp\/v2\/product_brand?post=1361"},{"taxonomy":"product_cat","embeddable":true,"href":"https:\/\/onewood.dk\/de\/wp-json\/wp\/v2\/product_cat?post=1361"},{"taxonomy":"product_tag","embeddable":true,"href":"https:\/\/onewood.dk\/de\/wp-json\/wp\/v2\/product_tag?post=1361"}],"curies":[{"name":"wp","href":"https:\/\/api.w.org\/{rel}","templated":true}]}}