{"id":1416,"date":"2024-12-03T12:46:40","date_gmt":"2024-12-03T11:46:40","guid":{"rendered":"https:\/\/onewood.dkvare\/8595-h-opbevaringsskab\/"},"modified":"2025-02-04T14:37:35","modified_gmt":"2025-02-04T13:37:35","slug":"8595-h-opbevaringsskab","status":"publish","type":"product","link":"https:\/\/onewood.dk\/de\/product\/8595-h-lagerschrank\/","title":{"rendered":"8595H \u2013 Lagerschrank"},"content":{"rendered":"<p>Lagerschrank inkl. Unterbau aus 18 mm wei\u00dfpigmentiertem Birkensperrholz mit 1 festen Boden und 4 Stk. lose Regale<\/p>\n<p>Die B\u00f6den k\u00f6nnen alle 64 mm verstellt werden<\/p>\n<p>Auch in Klarlack lieferbar \u2013 Lieferung erfolgt standardm\u00e4\u00dfig ohne Schloss.<\/p>\n<p>Die T\u00fcren werden standardm\u00e4\u00dfig mit wei\u00dfem Laminat geliefert, k\u00f6nnen aber in allen Standardfarben von One Wood geliefert werden.<\/p>","protected":false},"excerpt":{"rendered":"<p>Lagerschrank inkl. Sockel aus 18 mm wei\u00df pigmentiertem Birkensperrholz mit 1 festen Boden und 4 losen B\u00f6den. Die B\u00f6den k\u00f6nnen alle 64 mm verstellt werden. Kann auch in Klarlack geliefert werden \u2013 standardm\u00e4\u00dfig ohne Schloss. Standardm\u00e4\u00dfig mit wei\u00dfem Laminat an den T\u00fcren, kann aber in allen One Wood Standardfarben geliefert werden.<\/p>","protected":false},"featured_media":2608,"template":"","meta":[],"product_brand":[],"product_cat":[617,556],"product_tag":[],"class_list":{"0":"post-1416","1":"product","2":"type-product","3":"status-publish","4":"has-post-thumbnail","6":"product_cat-opbevaringsskab","7":"product_cat-skabe","9":"first","10":"instock","11":"product-type-simple"},"yoast_head":"<!-- This site is optimized with the Yoast SEO plugin v24.4 - https:\/\/yoast.com\/wordpress\/plugins\/seo\/ -->\n<title>8595H - Opbevaringsskab | One Wood Furniture A\/S<\/title>\n<meta name=\"robots\" content=\"index, follow, max-snippet:-1, max-image-preview:large, max-video-preview:-1\" \/>\n<link rel=\"canonical\" href=\"https:\/\/onewood.dk\/de\/product\/8595-h-lagerschrank\/\" \/>\n<meta property=\"og:locale\" content=\"de_DE\" \/>\n<meta property=\"og:type\" content=\"article\" \/>\n<meta property=\"og:title\" content=\"8595H - Opbevaringsskab | One Wood Furniture A\/S\" \/>\n<meta property=\"og:description\" content=\"Opbevaringsskab inkl. sokkel\u00a0i 18 mm hvidpigmenteret birkekrydsfiner med 1 fast hylde og 4 stk. l\u00f8se hylder Hylder kan justeres for hver 64mm Kan ogs\u00e5 leveres i klarlak &#8211; leveres som standard uden l\u00e5s. Leveres med hvid laminat p\u00e5 l\u00e5ger som standard, men kan leveres i alle\u00a0One Woods\u00a0standardfarver.\" \/>\n<meta property=\"og:url\" content=\"https:\/\/onewood.dk\/de\/product\/8595-h-lagerschrank\/\" \/>\n<meta property=\"og:site_name\" content=\"One Wood Furniture A\/S\" \/>\n<meta property=\"article:modified_time\" content=\"2025-02-04T13:37:35+00:00\" \/>\n<meta property=\"og:image\" content=\"https:\/\/onewood.dk\/wp-content\/uploads\/2024\/12\/4833-scaled.jpg\" \/>\n\t<meta property=\"og:image:width\" content=\"2560\" \/>\n\t<meta property=\"og:image:height\" content=\"1705\" \/>\n\t<meta property=\"og:image:type\" content=\"image\/jpeg\" \/>\n<meta name=\"twitter:card\" content=\"summary_large_image\" \/>\n<meta name=\"twitter:label1\" content=\"Gesch\u00e4tzte Lesezeit\" \/>\n\t<meta name=\"twitter:data1\" content=\"1\u00a0Minute\" \/>\n<script type=\"application\/ld+json\" class=\"yoast-schema-graph\">{\"@context\":\"https:\/\/schema.org\",\"@graph\":[{\"@type\":\"WebPage\",\"@id\":\"https:\/\/onewood.dk\/vare\/8595-h-opbevaringsskab\/\",\"url\":\"https:\/\/onewood.dk\/vare\/8595-h-opbevaringsskab\/\",\"name\":\"8595H - Opbevaringsskab | One Wood Furniture A\/S\",\"isPartOf\":{\"@id\":\"https:\/\/onewood.dk\/#website\"},\"primaryImageOfPage\":{\"@id\":\"https:\/\/onewood.dk\/vare\/8595-h-opbevaringsskab\/#primaryimage\"},\"image\":{\"@id\":\"https:\/\/onewood.dk\/vare\/8595-h-opbevaringsskab\/#primaryimage\"},\"thumbnailUrl\":\"https:\/\/onewood.dk\/wp-content\/uploads\/2024\/12\/4833-scaled.jpg\",\"datePublished\":\"2024-12-03T11:46:40+00:00\",\"dateModified\":\"2025-02-04T13:37:35+00:00\",\"breadcrumb\":{\"@id\":\"https:\/\/onewood.dk\/vare\/8595-h-opbevaringsskab\/#breadcrumb\"},\"inLanguage\":\"de\",\"potentialAction\":[{\"@type\":\"ReadAction\",\"target\":[\"https:\/\/onewood.dk\/vare\/8595-h-opbevaringsskab\/\"]}]},{\"@type\":\"ImageObject\",\"inLanguage\":\"de\",\"@id\":\"https:\/\/onewood.dk\/vare\/8595-h-opbevaringsskab\/#primaryimage\",\"url\":\"https:\/\/onewood.dk\/wp-content\/uploads\/2024\/12\/4833-scaled.jpg\",\"contentUrl\":\"https:\/\/onewood.dk\/wp-content\/uploads\/2024\/12\/4833-scaled.jpg\",\"width\":2560,\"height\":1705},{\"@type\":\"BreadcrumbList\",\"@id\":\"https:\/\/onewood.dk\/vare\/8595-h-opbevaringsskab\/#breadcrumb\",\"itemListElement\":[{\"@type\":\"ListItem\",\"position\":1,\"name\":\"Varer\",\"item\":\"https:\/\/onewood.dk\/shop\/\"},{\"@type\":\"ListItem\",\"position\":2,\"name\":\"Skabe\",\"item\":\"https:\/\/onewood.dk\/vare-kategori\/skabe\/\"},{\"@type\":\"ListItem\",\"position\":3,\"name\":\"Opbevaringsskab\",\"item\":\"https:\/\/onewood.dk\/vare-kategori\/skabe\/opbevaringsskab\/\"},{\"@type\":\"ListItem\",\"position\":4,\"name\":\"8595H &#8211; Opbevaringsskab\"}]},{\"@type\":\"WebSite\",\"@id\":\"https:\/\/onewood.dk\/#website\",\"url\":\"https:\/\/onewood.dk\/\",\"name\":\"One Wood Furniture A\/S\",\"description\":\"\",\"publisher\":{\"@id\":\"https:\/\/onewood.dk\/#organization\"},\"potentialAction\":[{\"@type\":\"SearchAction\",\"target\":{\"@type\":\"EntryPoint\",\"urlTemplate\":\"https:\/\/onewood.dk\/?s={search_term_string}\"},\"query-input\":{\"@type\":\"PropertyValueSpecification\",\"valueRequired\":true,\"valueName\":\"search_term_string\"}}],\"inLanguage\":\"de\"},{\"@type\":\"Organization\",\"@id\":\"https:\/\/onewood.dk\/#organization\",\"name\":\"One Wood Furniture A\/S\",\"url\":\"https:\/\/onewood.dk\/\",\"logo\":{\"@type\":\"ImageObject\",\"inLanguage\":\"de\",\"@id\":\"https:\/\/onewood.dk\/#\/schema\/logo\/image\/\",\"url\":\"https:\/\/onewood.dk\/wp-content\/uploads\/2024\/12\/Logo.png\",\"contentUrl\":\"https:\/\/onewood.dk\/wp-content\/uploads\/2024\/12\/Logo.png\",\"width\":180,\"height\":90,\"caption\":\"One Wood Furniture A\/S\"},\"image\":{\"@id\":\"https:\/\/onewood.dk\/#\/schema\/logo\/image\/\"}}]}<\/script>\n<!-- \/ Yoast SEO plugin. -->","yoast_head_json":{"title":"8595H - Opbevaringsskab | One Wood Furniture A\/S","robots":{"index":"index","follow":"follow","max-snippet":"max-snippet:-1","max-image-preview":"max-image-preview:large","max-video-preview":"max-video-preview:-1"},"canonical":"https:\/\/onewood.dk\/de\/product\/8595-h-lagerschrank\/","og_locale":"de_DE","og_type":"article","og_title":"8595H - Opbevaringsskab | One Wood Furniture A\/S","og_description":"Opbevaringsskab inkl. sokkel\u00a0i 18 mm hvidpigmenteret birkekrydsfiner med 1 fast hylde og 4 stk. l\u00f8se hylder Hylder kan justeres for hver 64mm Kan ogs\u00e5 leveres i klarlak &#8211; leveres som standard uden l\u00e5s. Leveres med hvid laminat p\u00e5 l\u00e5ger som standard, men kan leveres i alle\u00a0One Woods\u00a0standardfarver.","og_url":"https:\/\/onewood.dk\/de\/product\/8595-h-lagerschrank\/","og_site_name":"One Wood Furniture A\/S","article_modified_time":"2025-02-04T13:37:35+00:00","og_image":[{"width":2560,"height":1705,"url":"https:\/\/onewood.dk\/wp-content\/uploads\/2024\/12\/4833-scaled.jpg","type":"image\/jpeg"}],"twitter_card":"summary_large_image","twitter_misc":{"Gesch\u00e4tzte Lesezeit":"1\u00a0Minute"},"schema":{"@context":"https:\/\/schema.org","@graph":[{"@type":"WebPage","@id":"https:\/\/onewood.dk\/vare\/8595-h-opbevaringsskab\/","url":"https:\/\/onewood.dk\/vare\/8595-h-opbevaringsskab\/","name":"8595H - Opbevaringsskab | One Wood Furniture A\/S","isPartOf":{"@id":"https:\/\/onewood.dk\/#website"},"primaryImageOfPage":{"@id":"https:\/\/onewood.dk\/vare\/8595-h-opbevaringsskab\/#primaryimage"},"image":{"@id":"https:\/\/onewood.dk\/vare\/8595-h-opbevaringsskab\/#primaryimage"},"thumbnailUrl":"https:\/\/onewood.dk\/wp-content\/uploads\/2024\/12\/4833-scaled.jpg","datePublished":"2024-12-03T11:46:40+00:00","dateModified":"2025-02-04T13:37:35+00:00","breadcrumb":{"@id":"https:\/\/onewood.dk\/vare\/8595-h-opbevaringsskab\/#breadcrumb"},"inLanguage":"de","potentialAction":[{"@type":"ReadAction","target":["https:\/\/onewood.dk\/vare\/8595-h-opbevaringsskab\/"]}]},{"@type":"ImageObject","inLanguage":"de","@id":"https:\/\/onewood.dk\/vare\/8595-h-opbevaringsskab\/#primaryimage","url":"https:\/\/onewood.dk\/wp-content\/uploads\/2024\/12\/4833-scaled.jpg","contentUrl":"https:\/\/onewood.dk\/wp-content\/uploads\/2024\/12\/4833-scaled.jpg","width":2560,"height":1705},{"@type":"BreadcrumbList","@id":"https:\/\/onewood.dk\/vare\/8595-h-opbevaringsskab\/#breadcrumb","itemListElement":[{"@type":"ListItem","position":1,"name":"Varer","item":"https:\/\/onewood.dk\/shop\/"},{"@type":"ListItem","position":2,"name":"Skabe","item":"https:\/\/onewood.dk\/vare-kategori\/skabe\/"},{"@type":"ListItem","position":3,"name":"Opbevaringsskab","item":"https:\/\/onewood.dk\/vare-kategori\/skabe\/opbevaringsskab\/"},{"@type":"ListItem","position":4,"name":"8595H &#8211; Opbevaringsskab"}]},{"@type":"WebSite","@id":"https:\/\/onewood.dk\/#website","url":"https:\/\/onewood.dk\/","name":"One Wood Furniture A\/S","description":"","publisher":{"@id":"https:\/\/onewood.dk\/#organization"},"potentialAction":[{"@type":"SearchAction","target":{"@type":"EntryPoint","urlTemplate":"https:\/\/onewood.dk\/?s={search_term_string}"},"query-input":{"@type":"PropertyValueSpecification","valueRequired":true,"valueName":"search_term_string"}}],"inLanguage":"de"},{"@type":"Organization","@id":"https:\/\/onewood.dk\/#organization","name":"One Wood Furniture A\/S","url":"https:\/\/onewood.dk\/","logo":{"@type":"ImageObject","inLanguage":"de","@id":"https:\/\/onewood.dk\/#\/schema\/logo\/image\/","url":"https:\/\/onewood.dk\/wp-content\/uploads\/2024\/12\/Logo.png","contentUrl":"https:\/\/onewood.dk\/wp-content\/uploads\/2024\/12\/Logo.png","width":180,"height":90,"caption":"One Wood Furniture A\/S"},"image":{"@id":"https:\/\/onewood.dk\/#\/schema\/logo\/image\/"}}]}},"_links":{"self":[{"href":"https:\/\/onewood.dk\/de\/wp-json\/wp\/v2\/product\/1416","targetHints":{"allow":["GET"]}}],"collection":[{"href":"https:\/\/onewood.dk\/de\/wp-json\/wp\/v2\/product"}],"about":[{"href":"https:\/\/onewood.dk\/de\/wp-json\/wp\/v2\/types\/product"}],"wp:featuredmedia":[{"embeddable":true,"href":"https:\/\/onewood.dk\/de\/wp-json\/wp\/v2\/media\/2608"}],"wp:attachment":[{"href":"https:\/\/onewood.dk\/de\/wp-json\/wp\/v2\/media?parent=1416"}],"wp:term":[{"taxonomy":"product_brand","embeddable":true,"href":"https:\/\/onewood.dk\/de\/wp-json\/wp\/v2\/product_brand?post=1416"},{"taxonomy":"product_cat","embeddable":true,"href":"https:\/\/onewood.dk\/de\/wp-json\/wp\/v2\/product_cat?post=1416"},{"taxonomy":"product_tag","embeddable":true,"href":"https:\/\/onewood.dk\/de\/wp-json\/wp\/v2\/product_tag?post=1416"}],"curies":[{"name":"wp","href":"https:\/\/api.w.org\/{rel}","templated":true}]}}