{"id":1434,"date":"2024-12-03T12:46:44","date_gmt":"2024-12-03T11:46:44","guid":{"rendered":"https:\/\/onewood.dkvare\/8595b-vaeghaengt-bord-1200-stor\/"},"modified":"2025-02-24T15:08:08","modified_gmt":"2025-02-24T14:08:08","slug":"8595b-vaeghaengt-bord-1200-stor","status":"publish","type":"product","link":"https:\/\/onewood.dk\/de\/product\/8595b-wandtisch-1200-gros\/","title":{"rendered":"8595B \u2013 Wandtisch 1200 gro\u00df"},"content":{"rendered":"<p>Klapptisch zum Aufh\u00e4ngen an der Wand spart Platz, sodass der Raum zum Spielen und Entwickeln genutzt werden kann.<\/p>\n<p>Klapptisch aus 18 mm wei\u00dfpigmentiertem Birkensperrholz mit hellgrauem, strapazierf\u00e4higem Laminat auf der Tischplatte.<\/p>\n<p>Lieferung inkl. Gasfedern erleichtern das Heben und Senken des Tisches.<\/p>","protected":false},"excerpt":{"rendered":"<p><strong>Tisch abgeklappt:<\/strong><\/p>\n<p><strong>Ziel:<\/strong> H\u00f6he: 720mm. L\u00e4nge: 1200 mm. Breite: 700mm.<\/p>\n<p>&nbsp;<\/p>\n<p><strong>Zubeh\u00f6r:<\/strong><\/p>\n<p>8591 Schallabsorbierendes Linoleum auf Tischplatte Standardfarbe<\/p>\n<p>8591S Schallabsorbierendes Linoleum auf Tischplatte Sonderfarbe<\/p>\n<p>&nbsp;<\/p>\n<div class=\"youtube\" style=\"width: 350; height: 300;\"><object data=\"https:\/\/www.youtube.com\/v\/qvNovjbptCU?si=O3_mjYM85zjHWxGK\" type=\"application\/x-shockwave-flash\" width=\"350\" height=\"300\"><param name=\"movie\" value=\"https:\/\/www.youtube.com\/v\/qvNovjbptCU?si=O3_mjYM85zjHWxGK\" \/><param name=\"wmode\" value=\"transparent\" \/><\/object><\/div>","protected":false},"featured_media":2671,"template":"","meta":[],"product_brand":[],"product_cat":[599,626,558],"product_tag":[],"class_list":{"0":"post-1434","1":"product","2":"type-product","3":"status-publish","4":"has-post-thumbnail","6":"product_cat-vaeghaengte-borde-baenke","7":"product_cat-bord","8":"product_cat-borde-baenke-taburetter","10":"first","11":"instock","12":"product-type-simple"},"yoast_head":"<!-- This site is optimized with the Yoast SEO plugin v24.4 - https:\/\/yoast.com\/wordpress\/plugins\/seo\/ -->\n<title>8595B - V\u00e6gh\u00e6ngt bord 1200 stor | One Wood Furniture A\/S<\/title>\n<meta name=\"robots\" content=\"index, follow, max-snippet:-1, max-image-preview:large, max-video-preview:-1\" \/>\n<link rel=\"canonical\" href=\"https:\/\/onewood.dk\/de\/product\/8595b-wandtisch-1200-gros\/\" \/>\n<meta property=\"og:locale\" content=\"de_DE\" \/>\n<meta property=\"og:type\" content=\"article\" \/>\n<meta property=\"og:title\" content=\"8595B - V\u00e6gh\u00e6ngt bord 1200 stor | One Wood Furniture A\/S\" \/>\n<meta property=\"og:description\" content=\"Bord sl\u00e5et ned:  M\u00e5l: H\u00f8jde:720mm. L\u00e6ngde:1200mm. Bredde:700mm.  &nbsp;  Tilbeh\u00f8r:  8591 St\u00f8jd\u00e6mpende linolium p\u00e5 bordplade standardfarve  8591S St\u00f8jd\u00e6mpende linolium p\u00e5 bordplade specialfarve  &nbsp;\" \/>\n<meta property=\"og:url\" content=\"https:\/\/onewood.dk\/de\/product\/8595b-wandtisch-1200-gros\/\" \/>\n<meta property=\"og:site_name\" content=\"One Wood Furniture A\/S\" \/>\n<meta property=\"article:modified_time\" content=\"2025-02-24T14:08:08+00:00\" \/>\n<meta property=\"og:image\" content=\"https:\/\/onewood.dk\/wp-content\/uploads\/2024\/12\/6466-scaled.jpg\" \/>\n\t<meta property=\"og:image:width\" content=\"2560\" \/>\n\t<meta property=\"og:image:height\" content=\"1707\" \/>\n\t<meta property=\"og:image:type\" content=\"image\/jpeg\" \/>\n<meta name=\"twitter:card\" content=\"summary_large_image\" \/>\n<meta name=\"twitter:label1\" content=\"Gesch\u00e4tzte Lesezeit\" \/>\n\t<meta name=\"twitter:data1\" content=\"1\u00a0Minute\" \/>\n<script type=\"application\/ld+json\" class=\"yoast-schema-graph\">{\"@context\":\"https:\/\/schema.org\",\"@graph\":[{\"@type\":\"WebPage\",\"@id\":\"https:\/\/onewood.dk\/vare\/8595b-vaeghaengt-bord-1200-stor\/\",\"url\":\"https:\/\/onewood.dk\/vare\/8595b-vaeghaengt-bord-1200-stor\/\",\"name\":\"8595B - V\u00e6gh\u00e6ngt bord 1200 stor | One Wood Furniture A\/S\",\"isPartOf\":{\"@id\":\"https:\/\/onewood.dk\/#website\"},\"primaryImageOfPage\":{\"@id\":\"https:\/\/onewood.dk\/vare\/8595b-vaeghaengt-bord-1200-stor\/#primaryimage\"},\"image\":{\"@id\":\"https:\/\/onewood.dk\/vare\/8595b-vaeghaengt-bord-1200-stor\/#primaryimage\"},\"thumbnailUrl\":\"https:\/\/onewood.dk\/wp-content\/uploads\/2024\/12\/6466-scaled.jpg\",\"datePublished\":\"2024-12-03T11:46:44+00:00\",\"dateModified\":\"2025-02-24T14:08:08+00:00\",\"breadcrumb\":{\"@id\":\"https:\/\/onewood.dk\/vare\/8595b-vaeghaengt-bord-1200-stor\/#breadcrumb\"},\"inLanguage\":\"de\",\"potentialAction\":[{\"@type\":\"ReadAction\",\"target\":[\"https:\/\/onewood.dk\/vare\/8595b-vaeghaengt-bord-1200-stor\/\"]}]},{\"@type\":\"ImageObject\",\"inLanguage\":\"de\",\"@id\":\"https:\/\/onewood.dk\/vare\/8595b-vaeghaengt-bord-1200-stor\/#primaryimage\",\"url\":\"https:\/\/onewood.dk\/wp-content\/uploads\/2024\/12\/6466-scaled.jpg\",\"contentUrl\":\"https:\/\/onewood.dk\/wp-content\/uploads\/2024\/12\/6466-scaled.jpg\",\"width\":2560,\"height\":1707},{\"@type\":\"BreadcrumbList\",\"@id\":\"https:\/\/onewood.dk\/vare\/8595b-vaeghaengt-bord-1200-stor\/#breadcrumb\",\"itemListElement\":[{\"@type\":\"ListItem\",\"position\":1,\"name\":\"Varer\",\"item\":\"https:\/\/onewood.dk\/shop\/\"},{\"@type\":\"ListItem\",\"position\":2,\"name\":\"Borde, b\u00e6nke &amp; taburetter\",\"item\":\"https:\/\/onewood.dk\/vare-kategori\/borde-baenke-taburetter\/\"},{\"@type\":\"ListItem\",\"position\":3,\"name\":\"V\u00e6gh\u00e6ngte borde &amp; b\u00e6nke\",\"item\":\"https:\/\/onewood.dk\/vare-kategori\/borde-baenke-taburetter\/vaeghaengte-borde-baenke\/\"},{\"@type\":\"ListItem\",\"position\":4,\"name\":\"Bord\",\"item\":\"https:\/\/onewood.dk\/vare-kategori\/borde-baenke-taburetter\/vaeghaengte-borde-baenke\/bord\/\"},{\"@type\":\"ListItem\",\"position\":5,\"name\":\"8595B &#8211; V\u00e6gh\u00e6ngt bord 1200 stor\"}]},{\"@type\":\"WebSite\",\"@id\":\"https:\/\/onewood.dk\/#website\",\"url\":\"https:\/\/onewood.dk\/\",\"name\":\"One Wood Furniture A\/S\",\"description\":\"\",\"publisher\":{\"@id\":\"https:\/\/onewood.dk\/#organization\"},\"potentialAction\":[{\"@type\":\"SearchAction\",\"target\":{\"@type\":\"EntryPoint\",\"urlTemplate\":\"https:\/\/onewood.dk\/?s={search_term_string}\"},\"query-input\":{\"@type\":\"PropertyValueSpecification\",\"valueRequired\":true,\"valueName\":\"search_term_string\"}}],\"inLanguage\":\"de\"},{\"@type\":\"Organization\",\"@id\":\"https:\/\/onewood.dk\/#organization\",\"name\":\"One Wood Furniture A\/S\",\"url\":\"https:\/\/onewood.dk\/\",\"logo\":{\"@type\":\"ImageObject\",\"inLanguage\":\"de\",\"@id\":\"https:\/\/onewood.dk\/#\/schema\/logo\/image\/\",\"url\":\"https:\/\/onewood.dk\/wp-content\/uploads\/2024\/12\/Logo.png\",\"contentUrl\":\"https:\/\/onewood.dk\/wp-content\/uploads\/2024\/12\/Logo.png\",\"width\":180,\"height\":90,\"caption\":\"One Wood Furniture A\/S\"},\"image\":{\"@id\":\"https:\/\/onewood.dk\/#\/schema\/logo\/image\/\"}}]}<\/script>\n<!-- \/ Yoast SEO plugin. -->","yoast_head_json":{"title":"8595B - V\u00e6gh\u00e6ngt bord 1200 stor | One Wood Furniture A\/S","robots":{"index":"index","follow":"follow","max-snippet":"max-snippet:-1","max-image-preview":"max-image-preview:large","max-video-preview":"max-video-preview:-1"},"canonical":"https:\/\/onewood.dk\/de\/product\/8595b-wandtisch-1200-gros\/","og_locale":"de_DE","og_type":"article","og_title":"8595B - V\u00e6gh\u00e6ngt bord 1200 stor | One Wood Furniture A\/S","og_description":"Bord sl\u00e5et ned:  M\u00e5l: H\u00f8jde:720mm. L\u00e6ngde:1200mm. Bredde:700mm.  &nbsp;  Tilbeh\u00f8r:  8591 St\u00f8jd\u00e6mpende linolium p\u00e5 bordplade standardfarve  8591S St\u00f8jd\u00e6mpende linolium p\u00e5 bordplade specialfarve  &nbsp;","og_url":"https:\/\/onewood.dk\/de\/product\/8595b-wandtisch-1200-gros\/","og_site_name":"One Wood Furniture A\/S","article_modified_time":"2025-02-24T14:08:08+00:00","og_image":[{"width":2560,"height":1707,"url":"https:\/\/onewood.dk\/wp-content\/uploads\/2024\/12\/6466-scaled.jpg","type":"image\/jpeg"}],"twitter_card":"summary_large_image","twitter_misc":{"Gesch\u00e4tzte Lesezeit":"1\u00a0Minute"},"schema":{"@context":"https:\/\/schema.org","@graph":[{"@type":"WebPage","@id":"https:\/\/onewood.dk\/vare\/8595b-vaeghaengt-bord-1200-stor\/","url":"https:\/\/onewood.dk\/vare\/8595b-vaeghaengt-bord-1200-stor\/","name":"8595B - V\u00e6gh\u00e6ngt bord 1200 stor | One Wood Furniture A\/S","isPartOf":{"@id":"https:\/\/onewood.dk\/#website"},"primaryImageOfPage":{"@id":"https:\/\/onewood.dk\/vare\/8595b-vaeghaengt-bord-1200-stor\/#primaryimage"},"image":{"@id":"https:\/\/onewood.dk\/vare\/8595b-vaeghaengt-bord-1200-stor\/#primaryimage"},"thumbnailUrl":"https:\/\/onewood.dk\/wp-content\/uploads\/2024\/12\/6466-scaled.jpg","datePublished":"2024-12-03T11:46:44+00:00","dateModified":"2025-02-24T14:08:08+00:00","breadcrumb":{"@id":"https:\/\/onewood.dk\/vare\/8595b-vaeghaengt-bord-1200-stor\/#breadcrumb"},"inLanguage":"de","potentialAction":[{"@type":"ReadAction","target":["https:\/\/onewood.dk\/vare\/8595b-vaeghaengt-bord-1200-stor\/"]}]},{"@type":"ImageObject","inLanguage":"de","@id":"https:\/\/onewood.dk\/vare\/8595b-vaeghaengt-bord-1200-stor\/#primaryimage","url":"https:\/\/onewood.dk\/wp-content\/uploads\/2024\/12\/6466-scaled.jpg","contentUrl":"https:\/\/onewood.dk\/wp-content\/uploads\/2024\/12\/6466-scaled.jpg","width":2560,"height":1707},{"@type":"BreadcrumbList","@id":"https:\/\/onewood.dk\/vare\/8595b-vaeghaengt-bord-1200-stor\/#breadcrumb","itemListElement":[{"@type":"ListItem","position":1,"name":"Varer","item":"https:\/\/onewood.dk\/shop\/"},{"@type":"ListItem","position":2,"name":"Borde, b\u00e6nke &amp; taburetter","item":"https:\/\/onewood.dk\/vare-kategori\/borde-baenke-taburetter\/"},{"@type":"ListItem","position":3,"name":"V\u00e6gh\u00e6ngte borde &amp; b\u00e6nke","item":"https:\/\/onewood.dk\/vare-kategori\/borde-baenke-taburetter\/vaeghaengte-borde-baenke\/"},{"@type":"ListItem","position":4,"name":"Bord","item":"https:\/\/onewood.dk\/vare-kategori\/borde-baenke-taburetter\/vaeghaengte-borde-baenke\/bord\/"},{"@type":"ListItem","position":5,"name":"8595B &#8211; V\u00e6gh\u00e6ngt bord 1200 stor"}]},{"@type":"WebSite","@id":"https:\/\/onewood.dk\/#website","url":"https:\/\/onewood.dk\/","name":"One Wood Furniture A\/S","description":"","publisher":{"@id":"https:\/\/onewood.dk\/#organization"},"potentialAction":[{"@type":"SearchAction","target":{"@type":"EntryPoint","urlTemplate":"https:\/\/onewood.dk\/?s={search_term_string}"},"query-input":{"@type":"PropertyValueSpecification","valueRequired":true,"valueName":"search_term_string"}}],"inLanguage":"de"},{"@type":"Organization","@id":"https:\/\/onewood.dk\/#organization","name":"One Wood Furniture A\/S","url":"https:\/\/onewood.dk\/","logo":{"@type":"ImageObject","inLanguage":"de","@id":"https:\/\/onewood.dk\/#\/schema\/logo\/image\/","url":"https:\/\/onewood.dk\/wp-content\/uploads\/2024\/12\/Logo.png","contentUrl":"https:\/\/onewood.dk\/wp-content\/uploads\/2024\/12\/Logo.png","width":180,"height":90,"caption":"One Wood Furniture A\/S"},"image":{"@id":"https:\/\/onewood.dk\/#\/schema\/logo\/image\/"}}]}},"_links":{"self":[{"href":"https:\/\/onewood.dk\/de\/wp-json\/wp\/v2\/product\/1434","targetHints":{"allow":["GET"]}}],"collection":[{"href":"https:\/\/onewood.dk\/de\/wp-json\/wp\/v2\/product"}],"about":[{"href":"https:\/\/onewood.dk\/de\/wp-json\/wp\/v2\/types\/product"}],"wp:featuredmedia":[{"embeddable":true,"href":"https:\/\/onewood.dk\/de\/wp-json\/wp\/v2\/media\/2671"}],"wp:attachment":[{"href":"https:\/\/onewood.dk\/de\/wp-json\/wp\/v2\/media?parent=1434"}],"wp:term":[{"taxonomy":"product_brand","embeddable":true,"href":"https:\/\/onewood.dk\/de\/wp-json\/wp\/v2\/product_brand?post=1434"},{"taxonomy":"product_cat","embeddable":true,"href":"https:\/\/onewood.dk\/de\/wp-json\/wp\/v2\/product_cat?post=1434"},{"taxonomy":"product_tag","embeddable":true,"href":"https:\/\/onewood.dk\/de\/wp-json\/wp\/v2\/product_tag?post=1434"}],"curies":[{"name":"wp","href":"https:\/\/api.w.org\/{rel}","templated":true}]}}