{"id":1512,"date":"2024-12-03T12:46:58","date_gmt":"2024-12-03T11:46:58","guid":{"rendered":"https:\/\/onewood.dkvare\/7852-skolegarderobe-m-baenk-2-sekt\/"},"modified":"2025-02-05T12:46:03","modified_gmt":"2025-02-05T11:46:03","slug":"7852-skolegarderobe-m-baenk-2-sekt","status":"publish","type":"product","link":"https:\/\/onewood.dk\/de\/product\/7852-schulspind-mit-bank-2-abteile\/","title":{"rendered":"7852 \u2013 Schulspind mit Bank, 2 Abschnitte."},"content":{"rendered":"<p>Schulgarderobe 2 Abt. in 18 mm. wei\u00df pigmentiertes Birkensperrholz mit Laminatbank.<\/p>\n<p>Der Kleiderschrank enth\u00e4lt standardm\u00e4\u00dfig pro Abschnitt:<\/p>\n<ul>\n<li>1 Fu\u00dfst\u00fctze<\/li>\n<li>1 Wirbelhaken mit 3 Haken<\/li>\n<li>1 extra tiefes Fach oben<\/li>\n<li>Bank aus Birke mit Laminat<\/li>\n<\/ul>\n<p>Standardm\u00e4\u00dfig mit hellgrauem Laminat auf der Bank (kann in allen One Wood-Standardfarben geliefert werden).<\/p>\n<p>&nbsp;<\/p>","protected":false},"excerpt":{"rendered":"<p>Interne Variable. Abmessungen in jedem Zimmer: 250\/300 mm.<\/p>","protected":false},"featured_media":2964,"template":"","meta":[],"product_brand":[],"product_cat":[555,594,572],"product_tag":[],"class_list":{"0":"post-1512","1":"product","2":"type-product","3":"status-publish","4":"has-post-thumbnail","6":"product_cat-garderober-tilbehoer","7":"product_cat-med-baenk-skolegarderobe","8":"product_cat-skolegarderobe","10":"first","11":"instock","12":"product-type-simple"},"yoast_head":"<!-- This site is optimized with the Yoast SEO plugin v24.4 - https:\/\/yoast.com\/wordpress\/plugins\/seo\/ -->\n<title>7852 - Skolegarderobe m\/b\u00e6nk 2 sekt. | One Wood Furniture A\/S<\/title>\n<meta name=\"robots\" content=\"index, follow, max-snippet:-1, max-image-preview:large, max-video-preview:-1\" \/>\n<link rel=\"canonical\" href=\"https:\/\/onewood.dk\/de\/product\/7852-schulspind-mit-bank-2-abteile\/\" \/>\n<meta property=\"og:locale\" content=\"de_DE\" \/>\n<meta property=\"og:type\" content=\"article\" \/>\n<meta property=\"og:title\" content=\"7852 - Skolegarderobe m\/b\u00e6nk 2 sekt. | One Wood Furniture A\/S\" \/>\n<meta property=\"og:description\" content=\"Variabel indv. m\u00e5l i hvert rum: 250\/300mm.\" \/>\n<meta property=\"og:url\" content=\"https:\/\/onewood.dk\/de\/product\/7852-schulspind-mit-bank-2-abteile\/\" \/>\n<meta property=\"og:site_name\" content=\"One Wood Furniture A\/S\" \/>\n<meta property=\"article:modified_time\" content=\"2025-02-05T11:46:03+00:00\" \/>\n<meta property=\"og:image\" content=\"https:\/\/onewood.dk\/wp-content\/uploads\/2024\/12\/3386-scaled.jpg\" \/>\n\t<meta property=\"og:image:width\" content=\"2560\" \/>\n\t<meta property=\"og:image:height\" content=\"1707\" \/>\n\t<meta property=\"og:image:type\" content=\"image\/jpeg\" \/>\n<meta name=\"twitter:card\" content=\"summary_large_image\" \/>\n<meta name=\"twitter:label1\" content=\"Gesch\u00e4tzte Lesezeit\" \/>\n\t<meta name=\"twitter:data1\" content=\"1\u00a0Minute\" \/>\n<script type=\"application\/ld+json\" class=\"yoast-schema-graph\">{\"@context\":\"https:\/\/schema.org\",\"@graph\":[{\"@type\":\"WebPage\",\"@id\":\"https:\/\/onewood.dk\/vare\/7852-skolegarderobe-m-baenk-2-sekt\/\",\"url\":\"https:\/\/onewood.dk\/vare\/7852-skolegarderobe-m-baenk-2-sekt\/\",\"name\":\"7852 - Skolegarderobe m\/b\u00e6nk 2 sekt. | One Wood Furniture A\/S\",\"isPartOf\":{\"@id\":\"https:\/\/onewood.dk\/#website\"},\"primaryImageOfPage\":{\"@id\":\"https:\/\/onewood.dk\/vare\/7852-skolegarderobe-m-baenk-2-sekt\/#primaryimage\"},\"image\":{\"@id\":\"https:\/\/onewood.dk\/vare\/7852-skolegarderobe-m-baenk-2-sekt\/#primaryimage\"},\"thumbnailUrl\":\"https:\/\/onewood.dk\/wp-content\/uploads\/2024\/12\/3386-scaled.jpg\",\"datePublished\":\"2024-12-03T11:46:58+00:00\",\"dateModified\":\"2025-02-05T11:46:03+00:00\",\"breadcrumb\":{\"@id\":\"https:\/\/onewood.dk\/vare\/7852-skolegarderobe-m-baenk-2-sekt\/#breadcrumb\"},\"inLanguage\":\"de\",\"potentialAction\":[{\"@type\":\"ReadAction\",\"target\":[\"https:\/\/onewood.dk\/vare\/7852-skolegarderobe-m-baenk-2-sekt\/\"]}]},{\"@type\":\"ImageObject\",\"inLanguage\":\"de\",\"@id\":\"https:\/\/onewood.dk\/vare\/7852-skolegarderobe-m-baenk-2-sekt\/#primaryimage\",\"url\":\"https:\/\/onewood.dk\/wp-content\/uploads\/2024\/12\/3386-scaled.jpg\",\"contentUrl\":\"https:\/\/onewood.dk\/wp-content\/uploads\/2024\/12\/3386-scaled.jpg\",\"width\":2560,\"height\":1707},{\"@type\":\"BreadcrumbList\",\"@id\":\"https:\/\/onewood.dk\/vare\/7852-skolegarderobe-m-baenk-2-sekt\/#breadcrumb\",\"itemListElement\":[{\"@type\":\"ListItem\",\"position\":1,\"name\":\"Varer\",\"item\":\"https:\/\/onewood.dk\/shop\/\"},{\"@type\":\"ListItem\",\"position\":2,\"name\":\"Garderober &amp; tilbeh\u00f8r\",\"item\":\"https:\/\/onewood.dk\/vare-kategori\/garderober-tilbehoer\/\"},{\"@type\":\"ListItem\",\"position\":3,\"name\":\"Skolegarderobe\",\"item\":\"https:\/\/onewood.dk\/vare-kategori\/garderober-tilbehoer\/skolegarderobe\/\"},{\"@type\":\"ListItem\",\"position\":4,\"name\":\"Med b\u00e6nk\",\"item\":\"https:\/\/onewood.dk\/vare-kategori\/garderober-tilbehoer\/skolegarderobe\/med-baenk-skolegarderobe\/\"},{\"@type\":\"ListItem\",\"position\":5,\"name\":\"7852 &#8211; Skolegarderobe m\/b\u00e6nk 2 sekt.\"}]},{\"@type\":\"WebSite\",\"@id\":\"https:\/\/onewood.dk\/#website\",\"url\":\"https:\/\/onewood.dk\/\",\"name\":\"One Wood Furniture A\/S\",\"description\":\"\",\"publisher\":{\"@id\":\"https:\/\/onewood.dk\/#organization\"},\"potentialAction\":[{\"@type\":\"SearchAction\",\"target\":{\"@type\":\"EntryPoint\",\"urlTemplate\":\"https:\/\/onewood.dk\/?s={search_term_string}\"},\"query-input\":{\"@type\":\"PropertyValueSpecification\",\"valueRequired\":true,\"valueName\":\"search_term_string\"}}],\"inLanguage\":\"de\"},{\"@type\":\"Organization\",\"@id\":\"https:\/\/onewood.dk\/#organization\",\"name\":\"One Wood Furniture A\/S\",\"url\":\"https:\/\/onewood.dk\/\",\"logo\":{\"@type\":\"ImageObject\",\"inLanguage\":\"de\",\"@id\":\"https:\/\/onewood.dk\/#\/schema\/logo\/image\/\",\"url\":\"https:\/\/onewood.dk\/wp-content\/uploads\/2024\/12\/Logo.png\",\"contentUrl\":\"https:\/\/onewood.dk\/wp-content\/uploads\/2024\/12\/Logo.png\",\"width\":180,\"height\":90,\"caption\":\"One Wood Furniture A\/S\"},\"image\":{\"@id\":\"https:\/\/onewood.dk\/#\/schema\/logo\/image\/\"}}]}<\/script>\n<!-- \/ Yoast SEO plugin. -->","yoast_head_json":{"title":"7852 - Skolegarderobe m\/b\u00e6nk 2 sekt. | One Wood Furniture A\/S","robots":{"index":"index","follow":"follow","max-snippet":"max-snippet:-1","max-image-preview":"max-image-preview:large","max-video-preview":"max-video-preview:-1"},"canonical":"https:\/\/onewood.dk\/de\/product\/7852-schulspind-mit-bank-2-abteile\/","og_locale":"de_DE","og_type":"article","og_title":"7852 - Skolegarderobe m\/b\u00e6nk 2 sekt. | One Wood Furniture A\/S","og_description":"Variabel indv. m\u00e5l i hvert rum: 250\/300mm.","og_url":"https:\/\/onewood.dk\/de\/product\/7852-schulspind-mit-bank-2-abteile\/","og_site_name":"One Wood Furniture A\/S","article_modified_time":"2025-02-05T11:46:03+00:00","og_image":[{"width":2560,"height":1707,"url":"https:\/\/onewood.dk\/wp-content\/uploads\/2024\/12\/3386-scaled.jpg","type":"image\/jpeg"}],"twitter_card":"summary_large_image","twitter_misc":{"Gesch\u00e4tzte Lesezeit":"1\u00a0Minute"},"schema":{"@context":"https:\/\/schema.org","@graph":[{"@type":"WebPage","@id":"https:\/\/onewood.dk\/vare\/7852-skolegarderobe-m-baenk-2-sekt\/","url":"https:\/\/onewood.dk\/vare\/7852-skolegarderobe-m-baenk-2-sekt\/","name":"7852 - Skolegarderobe m\/b\u00e6nk 2 sekt. | One Wood Furniture A\/S","isPartOf":{"@id":"https:\/\/onewood.dk\/#website"},"primaryImageOfPage":{"@id":"https:\/\/onewood.dk\/vare\/7852-skolegarderobe-m-baenk-2-sekt\/#primaryimage"},"image":{"@id":"https:\/\/onewood.dk\/vare\/7852-skolegarderobe-m-baenk-2-sekt\/#primaryimage"},"thumbnailUrl":"https:\/\/onewood.dk\/wp-content\/uploads\/2024\/12\/3386-scaled.jpg","datePublished":"2024-12-03T11:46:58+00:00","dateModified":"2025-02-05T11:46:03+00:00","breadcrumb":{"@id":"https:\/\/onewood.dk\/vare\/7852-skolegarderobe-m-baenk-2-sekt\/#breadcrumb"},"inLanguage":"de","potentialAction":[{"@type":"ReadAction","target":["https:\/\/onewood.dk\/vare\/7852-skolegarderobe-m-baenk-2-sekt\/"]}]},{"@type":"ImageObject","inLanguage":"de","@id":"https:\/\/onewood.dk\/vare\/7852-skolegarderobe-m-baenk-2-sekt\/#primaryimage","url":"https:\/\/onewood.dk\/wp-content\/uploads\/2024\/12\/3386-scaled.jpg","contentUrl":"https:\/\/onewood.dk\/wp-content\/uploads\/2024\/12\/3386-scaled.jpg","width":2560,"height":1707},{"@type":"BreadcrumbList","@id":"https:\/\/onewood.dk\/vare\/7852-skolegarderobe-m-baenk-2-sekt\/#breadcrumb","itemListElement":[{"@type":"ListItem","position":1,"name":"Varer","item":"https:\/\/onewood.dk\/shop\/"},{"@type":"ListItem","position":2,"name":"Garderober &amp; tilbeh\u00f8r","item":"https:\/\/onewood.dk\/vare-kategori\/garderober-tilbehoer\/"},{"@type":"ListItem","position":3,"name":"Skolegarderobe","item":"https:\/\/onewood.dk\/vare-kategori\/garderober-tilbehoer\/skolegarderobe\/"},{"@type":"ListItem","position":4,"name":"Med b\u00e6nk","item":"https:\/\/onewood.dk\/vare-kategori\/garderober-tilbehoer\/skolegarderobe\/med-baenk-skolegarderobe\/"},{"@type":"ListItem","position":5,"name":"7852 &#8211; Skolegarderobe m\/b\u00e6nk 2 sekt."}]},{"@type":"WebSite","@id":"https:\/\/onewood.dk\/#website","url":"https:\/\/onewood.dk\/","name":"One Wood Furniture A\/S","description":"","publisher":{"@id":"https:\/\/onewood.dk\/#organization"},"potentialAction":[{"@type":"SearchAction","target":{"@type":"EntryPoint","urlTemplate":"https:\/\/onewood.dk\/?s={search_term_string}"},"query-input":{"@type":"PropertyValueSpecification","valueRequired":true,"valueName":"search_term_string"}}],"inLanguage":"de"},{"@type":"Organization","@id":"https:\/\/onewood.dk\/#organization","name":"One Wood Furniture A\/S","url":"https:\/\/onewood.dk\/","logo":{"@type":"ImageObject","inLanguage":"de","@id":"https:\/\/onewood.dk\/#\/schema\/logo\/image\/","url":"https:\/\/onewood.dk\/wp-content\/uploads\/2024\/12\/Logo.png","contentUrl":"https:\/\/onewood.dk\/wp-content\/uploads\/2024\/12\/Logo.png","width":180,"height":90,"caption":"One Wood Furniture A\/S"},"image":{"@id":"https:\/\/onewood.dk\/#\/schema\/logo\/image\/"}}]}},"_links":{"self":[{"href":"https:\/\/onewood.dk\/de\/wp-json\/wp\/v2\/product\/1512","targetHints":{"allow":["GET"]}}],"collection":[{"href":"https:\/\/onewood.dk\/de\/wp-json\/wp\/v2\/product"}],"about":[{"href":"https:\/\/onewood.dk\/de\/wp-json\/wp\/v2\/types\/product"}],"wp:featuredmedia":[{"embeddable":true,"href":"https:\/\/onewood.dk\/de\/wp-json\/wp\/v2\/media\/2964"}],"wp:attachment":[{"href":"https:\/\/onewood.dk\/de\/wp-json\/wp\/v2\/media?parent=1512"}],"wp:term":[{"taxonomy":"product_brand","embeddable":true,"href":"https:\/\/onewood.dk\/de\/wp-json\/wp\/v2\/product_brand?post=1512"},{"taxonomy":"product_cat","embeddable":true,"href":"https:\/\/onewood.dk\/de\/wp-json\/wp\/v2\/product_cat?post=1512"},{"taxonomy":"product_tag","embeddable":true,"href":"https:\/\/onewood.dk\/de\/wp-json\/wp\/v2\/product_tag?post=1512"}],"curies":[{"name":"wp","href":"https:\/\/api.w.org\/{rel}","templated":true}]}}