{"id":1535,"date":"2024-12-03T12:47:01","date_gmt":"2024-12-03T11:47:01","guid":{"rendered":"https:\/\/onewood.dkvare\/8103m-mobil-kubus-baenk-med-3-kasser-og-madras\/"},"modified":"2025-02-10T14:05:32","modified_gmt":"2025-02-10T13:05:32","slug":"8103m-mobil-kubus-baenk-med-3-kasser-og-madras","status":"publish","type":"product","link":"https:\/\/onewood.dk\/de\/product\/8103m-mobile-wurfelbank-mit-3-boxen-und-matratze\/","title":{"rendered":"8103M \u2013 Mobile W\u00fcrfelbank mit 3 Boxen und Matratze"},"content":{"rendered":"<p>Mobile W\u00fcrfelbank aus 18 mm wei\u00dfpigmentiertem Birkensperrholz inkl. Matratze auf Oberplatte und 3 Boxen. Die Frontplatte der Boxen ist aus Glas, sodass der Inhalt leicht zu erkennen ist und die Spielsachen geordnet aufbewahrt werden k\u00f6nnen.<\/p>\n<p>Um eine kombinierte mobile Sitzgelegenheit mit Ablagem\u00f6glichkeit zu schaffen, ist die Kubus Bank eine gute Alternative.<\/p>\n<ul>\n<li>Kommt mit feststellbaren R\u00e4dern, grauer Matratze und Kartons<\/li>\n<\/ul>","protected":false},"excerpt":{"rendered":"<p>Mobile W\u00fcrfelbank aus 18 mm starkem, wei\u00df pigmentiertem Birkensperrholz inklusive Matratze auf der Deckplatte und 3 Boxen. Die Boxen haben eine Glasfront, sodass der Inhalt gut sichtbar ist und das Spielzeug ordentlich aufbewahrt werden kann. Die W\u00fcrfelbank ist eine gute Alternative f\u00fcr eine kombinierte mobile Sitzecke mit Stauraum. Mit feststellbaren R\u00e4dern, [\u2026]<\/p>","protected":false},"featured_media":3047,"template":"","meta":[],"product_brand":[],"product_cat":[606,557,623],"product_tag":[],"class_list":{"0":"post-1535","1":"product","2":"type-product","3":"status-publish","4":"has-post-thumbnail","6":"product_cat-kubus","7":"product_cat-reoler","8":"product_cat-kubus-baenk","10":"first","11":"instock","12":"product-type-simple"},"yoast_head":"<!-- This site is optimized with the Yoast SEO plugin v24.4 - https:\/\/yoast.com\/wordpress\/plugins\/seo\/ -->\n<title>8103M - Mobil kubus b\u00e6nk med 3 kasser og madras | One Wood Furniture A\/S<\/title>\n<meta name=\"robots\" content=\"index, follow, max-snippet:-1, max-image-preview:large, max-video-preview:-1\" \/>\n<link rel=\"canonical\" href=\"https:\/\/onewood.dk\/de\/product\/8103m-mobile-wurfelbank-mit-3-boxen-und-matratze\/\" \/>\n<meta property=\"og:locale\" content=\"de_DE\" \/>\n<meta property=\"og:type\" content=\"article\" \/>\n<meta property=\"og:title\" content=\"8103M - Mobil kubus b\u00e6nk med 3 kasser og madras | One Wood Furniture A\/S\" \/>\n<meta property=\"og:description\" content=\"Mobil kubus b\u00e6nk i 18 mm hvidpigmenteret birkekrydsfiner inkl. madras p\u00e5 topplade, samt 3 kasser. Kasserne er tilf\u00f8rt glas i frontpladen, som g\u00f8r det let at se hvad der er i kasserne og holde orden i legesagerne. Kubus b\u00e6nken er et godt alternativ til at skabe kombineret mobil siddeplads med opbevaringsmulighed. Leveres med l\u00e5sbare hjul, [&hellip;]\" \/>\n<meta property=\"og:url\" content=\"https:\/\/onewood.dk\/de\/product\/8103m-mobile-wurfelbank-mit-3-boxen-und-matratze\/\" \/>\n<meta property=\"og:site_name\" content=\"One Wood Furniture A\/S\" \/>\n<meta property=\"article:modified_time\" content=\"2025-02-10T13:05:32+00:00\" \/>\n<meta property=\"og:image\" content=\"https:\/\/onewood.dk\/wp-content\/uploads\/2024\/12\/5842-scaled.jpg\" \/>\n\t<meta property=\"og:image:width\" content=\"2560\" \/>\n\t<meta property=\"og:image:height\" content=\"1706\" \/>\n\t<meta property=\"og:image:type\" content=\"image\/jpeg\" \/>\n<meta name=\"twitter:card\" content=\"summary_large_image\" \/>\n<meta name=\"twitter:label1\" content=\"Gesch\u00e4tzte Lesezeit\" \/>\n\t<meta name=\"twitter:data1\" content=\"1\u00a0Minute\" \/>\n<script type=\"application\/ld+json\" class=\"yoast-schema-graph\">{\"@context\":\"https:\/\/schema.org\",\"@graph\":[{\"@type\":\"WebPage\",\"@id\":\"https:\/\/onewood.dk\/vare\/8103m-mobil-kubus-baenk-med-3-kasser-og-madras\/\",\"url\":\"https:\/\/onewood.dk\/vare\/8103m-mobil-kubus-baenk-med-3-kasser-og-madras\/\",\"name\":\"8103M - Mobil kubus b\u00e6nk med 3 kasser og madras | One Wood Furniture A\/S\",\"isPartOf\":{\"@id\":\"https:\/\/onewood.dk\/#website\"},\"primaryImageOfPage\":{\"@id\":\"https:\/\/onewood.dk\/vare\/8103m-mobil-kubus-baenk-med-3-kasser-og-madras\/#primaryimage\"},\"image\":{\"@id\":\"https:\/\/onewood.dk\/vare\/8103m-mobil-kubus-baenk-med-3-kasser-og-madras\/#primaryimage\"},\"thumbnailUrl\":\"https:\/\/onewood.dk\/wp-content\/uploads\/2024\/12\/5842-scaled.jpg\",\"datePublished\":\"2024-12-03T11:47:01+00:00\",\"dateModified\":\"2025-02-10T13:05:32+00:00\",\"breadcrumb\":{\"@id\":\"https:\/\/onewood.dk\/vare\/8103m-mobil-kubus-baenk-med-3-kasser-og-madras\/#breadcrumb\"},\"inLanguage\":\"de\",\"potentialAction\":[{\"@type\":\"ReadAction\",\"target\":[\"https:\/\/onewood.dk\/vare\/8103m-mobil-kubus-baenk-med-3-kasser-og-madras\/\"]}]},{\"@type\":\"ImageObject\",\"inLanguage\":\"de\",\"@id\":\"https:\/\/onewood.dk\/vare\/8103m-mobil-kubus-baenk-med-3-kasser-og-madras\/#primaryimage\",\"url\":\"https:\/\/onewood.dk\/wp-content\/uploads\/2024\/12\/5842-scaled.jpg\",\"contentUrl\":\"https:\/\/onewood.dk\/wp-content\/uploads\/2024\/12\/5842-scaled.jpg\",\"width\":2560,\"height\":1706},{\"@type\":\"BreadcrumbList\",\"@id\":\"https:\/\/onewood.dk\/vare\/8103m-mobil-kubus-baenk-med-3-kasser-og-madras\/#breadcrumb\",\"itemListElement\":[{\"@type\":\"ListItem\",\"position\":1,\"name\":\"Varer\",\"item\":\"https:\/\/onewood.dk\/shop\/\"},{\"@type\":\"ListItem\",\"position\":2,\"name\":\"Reoler\",\"item\":\"https:\/\/onewood.dk\/vare-kategori\/reoler\/\"},{\"@type\":\"ListItem\",\"position\":3,\"name\":\"Kubus\",\"item\":\"https:\/\/onewood.dk\/vare-kategori\/reoler\/kubus\/\"},{\"@type\":\"ListItem\",\"position\":4,\"name\":\"Kubus b\u00e6nk\",\"item\":\"https:\/\/onewood.dk\/vare-kategori\/reoler\/kubus\/kubus-baenk\/\"},{\"@type\":\"ListItem\",\"position\":5,\"name\":\"8103M &#8211; Mobil kubus b\u00e6nk med 3 kasser og madras\"}]},{\"@type\":\"WebSite\",\"@id\":\"https:\/\/onewood.dk\/#website\",\"url\":\"https:\/\/onewood.dk\/\",\"name\":\"One Wood Furniture A\/S\",\"description\":\"\",\"publisher\":{\"@id\":\"https:\/\/onewood.dk\/#organization\"},\"potentialAction\":[{\"@type\":\"SearchAction\",\"target\":{\"@type\":\"EntryPoint\",\"urlTemplate\":\"https:\/\/onewood.dk\/?s={search_term_string}\"},\"query-input\":{\"@type\":\"PropertyValueSpecification\",\"valueRequired\":true,\"valueName\":\"search_term_string\"}}],\"inLanguage\":\"de\"},{\"@type\":\"Organization\",\"@id\":\"https:\/\/onewood.dk\/#organization\",\"name\":\"One Wood Furniture A\/S\",\"url\":\"https:\/\/onewood.dk\/\",\"logo\":{\"@type\":\"ImageObject\",\"inLanguage\":\"de\",\"@id\":\"https:\/\/onewood.dk\/#\/schema\/logo\/image\/\",\"url\":\"https:\/\/onewood.dk\/wp-content\/uploads\/2024\/12\/Logo.png\",\"contentUrl\":\"https:\/\/onewood.dk\/wp-content\/uploads\/2024\/12\/Logo.png\",\"width\":180,\"height\":90,\"caption\":\"One Wood Furniture A\/S\"},\"image\":{\"@id\":\"https:\/\/onewood.dk\/#\/schema\/logo\/image\/\"}}]}<\/script>\n<!-- \/ Yoast SEO plugin. -->","yoast_head_json":{"title":"8103M - Mobil kubus b\u00e6nk med 3 kasser og madras | One Wood Furniture A\/S","robots":{"index":"index","follow":"follow","max-snippet":"max-snippet:-1","max-image-preview":"max-image-preview:large","max-video-preview":"max-video-preview:-1"},"canonical":"https:\/\/onewood.dk\/de\/product\/8103m-mobile-wurfelbank-mit-3-boxen-und-matratze\/","og_locale":"de_DE","og_type":"article","og_title":"8103M - Mobil kubus b\u00e6nk med 3 kasser og madras | One Wood Furniture A\/S","og_description":"Mobil kubus b\u00e6nk i 18 mm hvidpigmenteret birkekrydsfiner inkl. madras p\u00e5 topplade, samt 3 kasser. Kasserne er tilf\u00f8rt glas i frontpladen, som g\u00f8r det let at se hvad der er i kasserne og holde orden i legesagerne. Kubus b\u00e6nken er et godt alternativ til at skabe kombineret mobil siddeplads med opbevaringsmulighed. Leveres med l\u00e5sbare hjul, [&hellip;]","og_url":"https:\/\/onewood.dk\/de\/product\/8103m-mobile-wurfelbank-mit-3-boxen-und-matratze\/","og_site_name":"One Wood Furniture A\/S","article_modified_time":"2025-02-10T13:05:32+00:00","og_image":[{"width":2560,"height":1706,"url":"https:\/\/onewood.dk\/wp-content\/uploads\/2024\/12\/5842-scaled.jpg","type":"image\/jpeg"}],"twitter_card":"summary_large_image","twitter_misc":{"Gesch\u00e4tzte Lesezeit":"1\u00a0Minute"},"schema":{"@context":"https:\/\/schema.org","@graph":[{"@type":"WebPage","@id":"https:\/\/onewood.dk\/vare\/8103m-mobil-kubus-baenk-med-3-kasser-og-madras\/","url":"https:\/\/onewood.dk\/vare\/8103m-mobil-kubus-baenk-med-3-kasser-og-madras\/","name":"8103M - Mobil kubus b\u00e6nk med 3 kasser og madras | One Wood Furniture A\/S","isPartOf":{"@id":"https:\/\/onewood.dk\/#website"},"primaryImageOfPage":{"@id":"https:\/\/onewood.dk\/vare\/8103m-mobil-kubus-baenk-med-3-kasser-og-madras\/#primaryimage"},"image":{"@id":"https:\/\/onewood.dk\/vare\/8103m-mobil-kubus-baenk-med-3-kasser-og-madras\/#primaryimage"},"thumbnailUrl":"https:\/\/onewood.dk\/wp-content\/uploads\/2024\/12\/5842-scaled.jpg","datePublished":"2024-12-03T11:47:01+00:00","dateModified":"2025-02-10T13:05:32+00:00","breadcrumb":{"@id":"https:\/\/onewood.dk\/vare\/8103m-mobil-kubus-baenk-med-3-kasser-og-madras\/#breadcrumb"},"inLanguage":"de","potentialAction":[{"@type":"ReadAction","target":["https:\/\/onewood.dk\/vare\/8103m-mobil-kubus-baenk-med-3-kasser-og-madras\/"]}]},{"@type":"ImageObject","inLanguage":"de","@id":"https:\/\/onewood.dk\/vare\/8103m-mobil-kubus-baenk-med-3-kasser-og-madras\/#primaryimage","url":"https:\/\/onewood.dk\/wp-content\/uploads\/2024\/12\/5842-scaled.jpg","contentUrl":"https:\/\/onewood.dk\/wp-content\/uploads\/2024\/12\/5842-scaled.jpg","width":2560,"height":1706},{"@type":"BreadcrumbList","@id":"https:\/\/onewood.dk\/vare\/8103m-mobil-kubus-baenk-med-3-kasser-og-madras\/#breadcrumb","itemListElement":[{"@type":"ListItem","position":1,"name":"Varer","item":"https:\/\/onewood.dk\/shop\/"},{"@type":"ListItem","position":2,"name":"Reoler","item":"https:\/\/onewood.dk\/vare-kategori\/reoler\/"},{"@type":"ListItem","position":3,"name":"Kubus","item":"https:\/\/onewood.dk\/vare-kategori\/reoler\/kubus\/"},{"@type":"ListItem","position":4,"name":"Kubus b\u00e6nk","item":"https:\/\/onewood.dk\/vare-kategori\/reoler\/kubus\/kubus-baenk\/"},{"@type":"ListItem","position":5,"name":"8103M &#8211; Mobil kubus b\u00e6nk med 3 kasser og madras"}]},{"@type":"WebSite","@id":"https:\/\/onewood.dk\/#website","url":"https:\/\/onewood.dk\/","name":"One Wood Furniture A\/S","description":"","publisher":{"@id":"https:\/\/onewood.dk\/#organization"},"potentialAction":[{"@type":"SearchAction","target":{"@type":"EntryPoint","urlTemplate":"https:\/\/onewood.dk\/?s={search_term_string}"},"query-input":{"@type":"PropertyValueSpecification","valueRequired":true,"valueName":"search_term_string"}}],"inLanguage":"de"},{"@type":"Organization","@id":"https:\/\/onewood.dk\/#organization","name":"One Wood Furniture A\/S","url":"https:\/\/onewood.dk\/","logo":{"@type":"ImageObject","inLanguage":"de","@id":"https:\/\/onewood.dk\/#\/schema\/logo\/image\/","url":"https:\/\/onewood.dk\/wp-content\/uploads\/2024\/12\/Logo.png","contentUrl":"https:\/\/onewood.dk\/wp-content\/uploads\/2024\/12\/Logo.png","width":180,"height":90,"caption":"One Wood Furniture A\/S"},"image":{"@id":"https:\/\/onewood.dk\/#\/schema\/logo\/image\/"}}]}},"_links":{"self":[{"href":"https:\/\/onewood.dk\/de\/wp-json\/wp\/v2\/product\/1535","targetHints":{"allow":["GET"]}}],"collection":[{"href":"https:\/\/onewood.dk\/de\/wp-json\/wp\/v2\/product"}],"about":[{"href":"https:\/\/onewood.dk\/de\/wp-json\/wp\/v2\/types\/product"}],"wp:featuredmedia":[{"embeddable":true,"href":"https:\/\/onewood.dk\/de\/wp-json\/wp\/v2\/media\/3047"}],"wp:attachment":[{"href":"https:\/\/onewood.dk\/de\/wp-json\/wp\/v2\/media?parent=1535"}],"wp:term":[{"taxonomy":"product_brand","embeddable":true,"href":"https:\/\/onewood.dk\/de\/wp-json\/wp\/v2\/product_brand?post=1535"},{"taxonomy":"product_cat","embeddable":true,"href":"https:\/\/onewood.dk\/de\/wp-json\/wp\/v2\/product_cat?post=1535"},{"taxonomy":"product_tag","embeddable":true,"href":"https:\/\/onewood.dk\/de\/wp-json\/wp\/v2\/product_tag?post=1535"}],"curies":[{"name":"wp","href":"https:\/\/api.w.org\/{rel}","templated":true}]}}