{"id":1620,"date":"2024-12-03T12:47:15","date_gmt":"2024-12-03T11:47:15","guid":{"rendered":"https:\/\/onewood.dkvare\/foraar-til-garderobelaage\/"},"modified":"2025-02-10T11:04:03","modified_gmt":"2025-02-10T10:04:03","slug":"foraar-til-garderobelaage","status":"publish","type":"product","link":"https:\/\/onewood.dk\/de\/product\/feder-fur-schrankturen\/","title":{"rendered":"Feder f\u00fcr Schrankt\u00fcr"},"content":{"rendered":"<p>UV-Druck f\u00fcr die Garderobe mit Fr\u00fchlingsmotiven.<\/p>\n<p>Sie k\u00f6nnen zwischen den 12 Motiven, die mit Nr. gekennzeichnet sind, frei w\u00e4hlen.<\/p>","protected":false},"excerpt":{"rendered":"<p>Durch die Auswahl an Drucken f\u00fcr M\u00f6bel entstehen einzigartige L\u00f6sungen und es kommt Leben ins Spielzimmer. Die Illustrationen haben einen p\u00e4dagogischen Ansatz, bei dem Lernen und Entdecken im Vordergrund stehen.<br \/>\nDurch die hohe Detailliertheit der Abbildungen ist es f\u00fcr Kinder spannend, die Produkte zu erkunden und Eigenheiten und Besonderheiten der einzelnen Motive herauszufinden.<br \/>\nEs regt die Fantasie an und regt zum Erfinden eigener Spiele mit den Motiven und Produkten an.<\/p>\n<p>&nbsp;<\/p>\n<p>Die Motive orientieren sich an der nordischen Natur und bekannten Elementen daraus. Die Kinder haben die M\u00f6glichkeit zu erforschen, welche Tiere und Pflanzen jeweils zu Wasser, Land und Luft geh\u00f6ren und wie die Natur in den verschiedenen Jahreszeiten aussieht. Es macht den Kindern Spa\u00df, die einzelnen Merkmale, Farben und Formen zu erforschen und zu untersuchen und die M\u00f6glichkeit zu haben, in der Natur dieselben Tiere und Umgebungen zu treffen und wiederzuerkennen.<\/p>\n<p>In das M\u00f6bel integriert ist es f\u00fcr Kinder gut erreichbar. Es wird zu einem selbstverst\u00e4ndlichen Teil des Alltags und durch die Konfrontation mit den Motiven entsteht ein nat\u00fcrliches Verlangen, sich n\u00e4her mit den Dingen auseinanderzusetzen.<\/p>\n<p>&nbsp;<\/p>\n<p>Der Druck ist absolut einzigartig und wurde von einem lokalen K\u00fcnstler aus \u00c6r\u00f8 angefertigt. Der K\u00fcnstler hat es speziell f\u00fcr die M\u00f6bel von One Wood entworfen.<\/p>","protected":false},"featured_media":3346,"template":"","meta":[],"product_brand":[],"product_cat":[555,633],"product_tag":[],"class_list":{"0":"post-1620","1":"product","2":"type-product","3":"status-publish","4":"has-post-thumbnail","6":"product_cat-garderober-tilbehoer","7":"product_cat-print-til-garderobelaage","9":"first","10":"instock","11":"product-type-simple"},"yoast_head":"<!-- This site is optimized with the Yoast SEO plugin v24.4 - https:\/\/yoast.com\/wordpress\/plugins\/seo\/ -->\n<title>For\u00e5r til garderobel\u00e5ge | One Wood Furniture A\/S<\/title>\n<meta name=\"robots\" content=\"index, follow, max-snippet:-1, max-image-preview:large, max-video-preview:-1\" \/>\n<link rel=\"canonical\" href=\"https:\/\/onewood.dk\/de\/product\/feder-fur-schrankturen\/\" \/>\n<meta property=\"og:locale\" content=\"de_DE\" \/>\n<meta property=\"og:type\" content=\"article\" \/>\n<meta property=\"og:title\" content=\"For\u00e5r til garderobel\u00e5ge | One Wood Furniture A\/S\" \/>\n<meta property=\"og:description\" content=\"Med udvalget af print til m\u00f8bler skabes der unikke l\u00f8sninger, og giver liv i legerummet. Illustrationerne har en p\u00e6dagogisk indgangsvinkel, hvor l\u00e6ring og eksploration er i h\u00f8js\u00e6de. Den h\u00f8je detaljegrad ved illustrationerne, g\u00f8r det sp\u00e6ndende for b\u00f8rnene at udforske produkterne og finde s\u00e6rheder og kendetegn ved de enkelte motiver. Det er med til at stimulere deres fantasi til at skabe egne lege der involverer motiverne og produkterne.  &nbsp;  Motiverne tager udgangspunkt i den nordiske\u00a0 natur og kendte elementer herfra. B\u00f8rnene har mulighed for at udforske hvilke dyr og planter der h\u00f8rer til henholdsvis vand, land og luft og hvordan naturen tager sig ud ved de forskellige \u00e5rstider. Det er sjovt for b\u00f8rnene at udforske og unders\u00f8ge de enkelte kendetegn, farver og former og have muligheden for at m\u00f8de og genkende de samme dyr og omgivelser ude i naturen.  Det er nemt tilg\u00e6ngeligt for b\u00f8rnene, n\u00e5r det er integreret i m\u00f8blerne. Det bliver en naturlig del af deres hverdag og der opst\u00e5r en naturlig lyst til at unders\u00f8ge tingene n\u00e6rmere, n\u00e5r de p\u00e5 den m\u00e5de bliver sat over for motiverne.  &nbsp;  Printet er helt unikt og lavet af en lokal kunstner fra \u00c6r\u00f8. Kunstneren har tegnet det specielt til One Woods m\u00f8bler.\" \/>\n<meta property=\"og:url\" content=\"https:\/\/onewood.dk\/de\/product\/feder-fur-schrankturen\/\" \/>\n<meta property=\"og:site_name\" content=\"One Wood Furniture A\/S\" \/>\n<meta property=\"article:modified_time\" content=\"2025-02-10T10:04:03+00:00\" \/>\n<meta property=\"og:image\" content=\"https:\/\/onewood.dk\/wp-content\/uploads\/2024\/12\/2913.jpg\" \/>\n\t<meta property=\"og:image:width\" content=\"1600\" \/>\n\t<meta property=\"og:image:height\" content=\"1065\" \/>\n\t<meta property=\"og:image:type\" content=\"image\/jpeg\" \/>\n<meta name=\"twitter:card\" content=\"summary_large_image\" \/>\n<meta name=\"twitter:label1\" content=\"Gesch\u00e4tzte Lesezeit\" \/>\n\t<meta name=\"twitter:data1\" content=\"1\u00a0Minute\" \/>\n<script type=\"application\/ld+json\" class=\"yoast-schema-graph\">{\"@context\":\"https:\/\/schema.org\",\"@graph\":[{\"@type\":\"WebPage\",\"@id\":\"https:\/\/onewood.dk\/vare\/foraar-til-garderobelaage\/\",\"url\":\"https:\/\/onewood.dk\/vare\/foraar-til-garderobelaage\/\",\"name\":\"For\u00e5r til garderobel\u00e5ge | One Wood Furniture A\/S\",\"isPartOf\":{\"@id\":\"https:\/\/onewood.dk\/#website\"},\"primaryImageOfPage\":{\"@id\":\"https:\/\/onewood.dk\/vare\/foraar-til-garderobelaage\/#primaryimage\"},\"image\":{\"@id\":\"https:\/\/onewood.dk\/vare\/foraar-til-garderobelaage\/#primaryimage\"},\"thumbnailUrl\":\"https:\/\/onewood.dk\/wp-content\/uploads\/2024\/12\/2913.jpg\",\"datePublished\":\"2024-12-03T11:47:15+00:00\",\"dateModified\":\"2025-02-10T10:04:03+00:00\",\"breadcrumb\":{\"@id\":\"https:\/\/onewood.dk\/vare\/foraar-til-garderobelaage\/#breadcrumb\"},\"inLanguage\":\"de\",\"potentialAction\":[{\"@type\":\"ReadAction\",\"target\":[\"https:\/\/onewood.dk\/vare\/foraar-til-garderobelaage\/\"]}]},{\"@type\":\"ImageObject\",\"inLanguage\":\"de\",\"@id\":\"https:\/\/onewood.dk\/vare\/foraar-til-garderobelaage\/#primaryimage\",\"url\":\"https:\/\/onewood.dk\/wp-content\/uploads\/2024\/12\/2913.jpg\",\"contentUrl\":\"https:\/\/onewood.dk\/wp-content\/uploads\/2024\/12\/2913.jpg\",\"width\":1600,\"height\":1065},{\"@type\":\"BreadcrumbList\",\"@id\":\"https:\/\/onewood.dk\/vare\/foraar-til-garderobelaage\/#breadcrumb\",\"itemListElement\":[{\"@type\":\"ListItem\",\"position\":1,\"name\":\"Varer\",\"item\":\"https:\/\/onewood.dk\/shop\/\"},{\"@type\":\"ListItem\",\"position\":2,\"name\":\"Garderober &amp; tilbeh\u00f8r\",\"item\":\"https:\/\/onewood.dk\/vare-kategori\/garderober-tilbehoer\/\"},{\"@type\":\"ListItem\",\"position\":3,\"name\":\"Print til garderobel\u00e5ge\",\"item\":\"https:\/\/onewood.dk\/vare-kategori\/garderober-tilbehoer\/print-til-garderobelaage\/\"},{\"@type\":\"ListItem\",\"position\":4,\"name\":\"For\u00e5r til garderobel\u00e5ge\"}]},{\"@type\":\"WebSite\",\"@id\":\"https:\/\/onewood.dk\/#website\",\"url\":\"https:\/\/onewood.dk\/\",\"name\":\"One Wood Furniture A\/S\",\"description\":\"\",\"publisher\":{\"@id\":\"https:\/\/onewood.dk\/#organization\"},\"potentialAction\":[{\"@type\":\"SearchAction\",\"target\":{\"@type\":\"EntryPoint\",\"urlTemplate\":\"https:\/\/onewood.dk\/?s={search_term_string}\"},\"query-input\":{\"@type\":\"PropertyValueSpecification\",\"valueRequired\":true,\"valueName\":\"search_term_string\"}}],\"inLanguage\":\"de\"},{\"@type\":\"Organization\",\"@id\":\"https:\/\/onewood.dk\/#organization\",\"name\":\"One Wood Furniture A\/S\",\"url\":\"https:\/\/onewood.dk\/\",\"logo\":{\"@type\":\"ImageObject\",\"inLanguage\":\"de\",\"@id\":\"https:\/\/onewood.dk\/#\/schema\/logo\/image\/\",\"url\":\"https:\/\/onewood.dk\/wp-content\/uploads\/2024\/12\/Logo.png\",\"contentUrl\":\"https:\/\/onewood.dk\/wp-content\/uploads\/2024\/12\/Logo.png\",\"width\":180,\"height\":90,\"caption\":\"One Wood Furniture A\/S\"},\"image\":{\"@id\":\"https:\/\/onewood.dk\/#\/schema\/logo\/image\/\"}}]}<\/script>\n<!-- \/ Yoast SEO plugin. -->","yoast_head_json":{"title":"For\u00e5r til garderobel\u00e5ge | One Wood Furniture A\/S","robots":{"index":"index","follow":"follow","max-snippet":"max-snippet:-1","max-image-preview":"max-image-preview:large","max-video-preview":"max-video-preview:-1"},"canonical":"https:\/\/onewood.dk\/de\/product\/feder-fur-schrankturen\/","og_locale":"de_DE","og_type":"article","og_title":"For\u00e5r til garderobel\u00e5ge | One Wood Furniture A\/S","og_description":"Med udvalget af print til m\u00f8bler skabes der unikke l\u00f8sninger, og giver liv i legerummet. Illustrationerne har en p\u00e6dagogisk indgangsvinkel, hvor l\u00e6ring og eksploration er i h\u00f8js\u00e6de. Den h\u00f8je detaljegrad ved illustrationerne, g\u00f8r det sp\u00e6ndende for b\u00f8rnene at udforske produkterne og finde s\u00e6rheder og kendetegn ved de enkelte motiver. Det er med til at stimulere deres fantasi til at skabe egne lege der involverer motiverne og produkterne.  &nbsp;  Motiverne tager udgangspunkt i den nordiske\u00a0 natur og kendte elementer herfra. B\u00f8rnene har mulighed for at udforske hvilke dyr og planter der h\u00f8rer til henholdsvis vand, land og luft og hvordan naturen tager sig ud ved de forskellige \u00e5rstider. Det er sjovt for b\u00f8rnene at udforske og unders\u00f8ge de enkelte kendetegn, farver og former og have muligheden for at m\u00f8de og genkende de samme dyr og omgivelser ude i naturen.  Det er nemt tilg\u00e6ngeligt for b\u00f8rnene, n\u00e5r det er integreret i m\u00f8blerne. Det bliver en naturlig del af deres hverdag og der opst\u00e5r en naturlig lyst til at unders\u00f8ge tingene n\u00e6rmere, n\u00e5r de p\u00e5 den m\u00e5de bliver sat over for motiverne.  &nbsp;  Printet er helt unikt og lavet af en lokal kunstner fra \u00c6r\u00f8. Kunstneren har tegnet det specielt til One Woods m\u00f8bler.","og_url":"https:\/\/onewood.dk\/de\/product\/feder-fur-schrankturen\/","og_site_name":"One Wood Furniture A\/S","article_modified_time":"2025-02-10T10:04:03+00:00","og_image":[{"width":1600,"height":1065,"url":"https:\/\/onewood.dk\/wp-content\/uploads\/2024\/12\/2913.jpg","type":"image\/jpeg"}],"twitter_card":"summary_large_image","twitter_misc":{"Gesch\u00e4tzte Lesezeit":"1\u00a0Minute"},"schema":{"@context":"https:\/\/schema.org","@graph":[{"@type":"WebPage","@id":"https:\/\/onewood.dk\/vare\/foraar-til-garderobelaage\/","url":"https:\/\/onewood.dk\/vare\/foraar-til-garderobelaage\/","name":"For\u00e5r til garderobel\u00e5ge | One Wood Furniture A\/S","isPartOf":{"@id":"https:\/\/onewood.dk\/#website"},"primaryImageOfPage":{"@id":"https:\/\/onewood.dk\/vare\/foraar-til-garderobelaage\/#primaryimage"},"image":{"@id":"https:\/\/onewood.dk\/vare\/foraar-til-garderobelaage\/#primaryimage"},"thumbnailUrl":"https:\/\/onewood.dk\/wp-content\/uploads\/2024\/12\/2913.jpg","datePublished":"2024-12-03T11:47:15+00:00","dateModified":"2025-02-10T10:04:03+00:00","breadcrumb":{"@id":"https:\/\/onewood.dk\/vare\/foraar-til-garderobelaage\/#breadcrumb"},"inLanguage":"de","potentialAction":[{"@type":"ReadAction","target":["https:\/\/onewood.dk\/vare\/foraar-til-garderobelaage\/"]}]},{"@type":"ImageObject","inLanguage":"de","@id":"https:\/\/onewood.dk\/vare\/foraar-til-garderobelaage\/#primaryimage","url":"https:\/\/onewood.dk\/wp-content\/uploads\/2024\/12\/2913.jpg","contentUrl":"https:\/\/onewood.dk\/wp-content\/uploads\/2024\/12\/2913.jpg","width":1600,"height":1065},{"@type":"BreadcrumbList","@id":"https:\/\/onewood.dk\/vare\/foraar-til-garderobelaage\/#breadcrumb","itemListElement":[{"@type":"ListItem","position":1,"name":"Varer","item":"https:\/\/onewood.dk\/shop\/"},{"@type":"ListItem","position":2,"name":"Garderober &amp; tilbeh\u00f8r","item":"https:\/\/onewood.dk\/vare-kategori\/garderober-tilbehoer\/"},{"@type":"ListItem","position":3,"name":"Print til garderobel\u00e5ge","item":"https:\/\/onewood.dk\/vare-kategori\/garderober-tilbehoer\/print-til-garderobelaage\/"},{"@type":"ListItem","position":4,"name":"For\u00e5r til garderobel\u00e5ge"}]},{"@type":"WebSite","@id":"https:\/\/onewood.dk\/#website","url":"https:\/\/onewood.dk\/","name":"One Wood Furniture A\/S","description":"","publisher":{"@id":"https:\/\/onewood.dk\/#organization"},"potentialAction":[{"@type":"SearchAction","target":{"@type":"EntryPoint","urlTemplate":"https:\/\/onewood.dk\/?s={search_term_string}"},"query-input":{"@type":"PropertyValueSpecification","valueRequired":true,"valueName":"search_term_string"}}],"inLanguage":"de"},{"@type":"Organization","@id":"https:\/\/onewood.dk\/#organization","name":"One Wood Furniture A\/S","url":"https:\/\/onewood.dk\/","logo":{"@type":"ImageObject","inLanguage":"de","@id":"https:\/\/onewood.dk\/#\/schema\/logo\/image\/","url":"https:\/\/onewood.dk\/wp-content\/uploads\/2024\/12\/Logo.png","contentUrl":"https:\/\/onewood.dk\/wp-content\/uploads\/2024\/12\/Logo.png","width":180,"height":90,"caption":"One Wood Furniture A\/S"},"image":{"@id":"https:\/\/onewood.dk\/#\/schema\/logo\/image\/"}}]}},"_links":{"self":[{"href":"https:\/\/onewood.dk\/de\/wp-json\/wp\/v2\/product\/1620","targetHints":{"allow":["GET"]}}],"collection":[{"href":"https:\/\/onewood.dk\/de\/wp-json\/wp\/v2\/product"}],"about":[{"href":"https:\/\/onewood.dk\/de\/wp-json\/wp\/v2\/types\/product"}],"wp:featuredmedia":[{"embeddable":true,"href":"https:\/\/onewood.dk\/de\/wp-json\/wp\/v2\/media\/3346"}],"wp:attachment":[{"href":"https:\/\/onewood.dk\/de\/wp-json\/wp\/v2\/media?parent=1620"}],"wp:term":[{"taxonomy":"product_brand","embeddable":true,"href":"https:\/\/onewood.dk\/de\/wp-json\/wp\/v2\/product_brand?post=1620"},{"taxonomy":"product_cat","embeddable":true,"href":"https:\/\/onewood.dk\/de\/wp-json\/wp\/v2\/product_cat?post=1620"},{"taxonomy":"product_tag","embeddable":true,"href":"https:\/\/onewood.dk\/de\/wp-json\/wp\/v2\/product_tag?post=1620"}],"curies":[{"name":"wp","href":"https:\/\/api.w.org\/{rel}","templated":true}]}}