{"id":1625,"date":"2024-12-03T12:47:15","date_gmt":"2024-12-03T11:47:15","guid":{"rendered":"https:\/\/onewood.dkvare\/efteraar-til-garderobelaage-2\/"},"modified":"2024-12-03T13:39:01","modified_gmt":"2024-12-03T12:39:01","slug":"efteraar-til-garderobelaage-2","status":"publish","type":"product","link":"https:\/\/onewood.dk\/de\/product\/herbst-fur-schranktur-2\/","title":{"rendered":"Herbst f\u00fcr Kleiderschrankt\u00fcren"},"content":{"rendered":"<p>UV-Druck f\u00fcr die Garderobe mit Herbstmotiven.<\/p>\n<p>Sie k\u00f6nnen zwischen den 12 Motiven, die mit Nr. gekennzeichnet sind, frei w\u00e4hlen.<\/p>","protected":false},"excerpt":{"rendered":"<p>Durch die Auswahl an Drucken f\u00fcr M\u00f6bel entstehen einzigartige L\u00f6sungen und es kommt Leben ins Spielzimmer. Die Illustrationen haben einen p\u00e4dagogischen Ansatz, bei dem Lernen und Entdecken im Vordergrund stehen. <br \/>Durch die hohe Detailliertheit der Abbildungen ist es f\u00fcr Kinder spannend, die Produkte zu erkunden und Eigenheiten und Besonderheiten der einzelnen Motive herauszufinden. <br \/>Es regt die Fantasie an und regt zum Erfinden eigener Spiele mit den Motiven und Produkten an.<\/p>\n<p>&nbsp;<\/p>\n<p>Die Motive orientieren sich an der nordischen Natur und bekannten Elementen daraus. Die Kinder haben die M\u00f6glichkeit zu erforschen, welche Tiere und Pflanzen jeweils zu Wasser, Land und Luft geh\u00f6ren und wie die Natur in den verschiedenen Jahreszeiten aussieht. Es macht den Kindern Spa\u00df, die einzelnen Merkmale, Farben und Formen zu erforschen und zu untersuchen und die M\u00f6glichkeit zu haben, in der Natur dieselben Tiere und Umgebungen zu treffen und wiederzuerkennen.<\/p>\n<p>In das M\u00f6bel integriert ist es f\u00fcr Kinder gut erreichbar. Es wird zu einem selbstverst\u00e4ndlichen Teil des Alltags und durch die Konfrontation mit den Motiven entsteht ein nat\u00fcrliches Verlangen, sich n\u00e4her mit den Dingen auseinanderzusetzen.<\/p>\n<p>&nbsp;<\/p>\n<p>Der Druck ist absolut einzigartig und wurde von einem lokalen K\u00fcnstler aus \u00c6r\u00f8 angefertigt. Der K\u00fcnstler hat es speziell f\u00fcr die M\u00f6bel von One Wood entworfen.<\/p>","protected":false},"featured_media":3371,"template":"","meta":[],"product_brand":[],"product_cat":[635,634,559],"product_tag":[],"class_list":{"0":"post-1625","1":"product","2":"type-product","3":"status-publish","4":"has-post-thumbnail","6":"product_cat-garderober","7":"product_cat-print","8":"product_cat-oevrigt","10":"first","11":"instock","12":"product-type-simple"},"yoast_head":"<!-- This site is optimized with the Yoast SEO plugin v24.4 - https:\/\/yoast.com\/wordpress\/plugins\/seo\/ -->\n<title>Efter\u00e5r til garderobel\u00e5ge | One Wood Furniture A\/S<\/title>\n<meta name=\"robots\" content=\"index, follow, max-snippet:-1, max-image-preview:large, max-video-preview:-1\" \/>\n<link rel=\"canonical\" href=\"https:\/\/onewood.dk\/de\/product\/herbst-fur-schranktur-2\/\" \/>\n<meta property=\"og:locale\" content=\"de_DE\" \/>\n<meta property=\"og:type\" content=\"article\" \/>\n<meta property=\"og:title\" content=\"Efter\u00e5r til garderobel\u00e5ge | One Wood Furniture A\/S\" \/>\n<meta property=\"og:description\" content=\"Med udvalget af print til m&oslash;bler skabes der unikke l&oslash;sninger, og giver liv i legerummet. Illustrationerne har en p&aelig;dagogisk indgangsvinkel, hvor l&aelig;ring og eksploration er i h&oslash;js&aelig;de. Den h&oslash;je detaljegrad ved illustrationerne, g&oslash;r det sp&aelig;ndende for b&oslash;rnene at udforske produkterne og finde s&aelig;rheder og kendetegn ved de enkelte motiver. Det er med til at stimulere deres fantasi til at skabe egne lege der involverer motiverne og produkterne. &nbsp; Motiverne tager udgangspunkt i den nordiske&nbsp; natur og kendte elementer herfra. B&oslash;rnene har mulighed for at udforske hvilke dyr og planter der h&oslash;rer til henholdsvis vand, land og luft og hvordan naturen tager sig ud ved de forskellige &aring;rstider. Det er sjovt for b&oslash;rnene at udforske og unders&oslash;ge de enkelte kendetegn, farver og former og have muligheden for at m&oslash;de og genkende de samme dyr og omgivelser ude i naturen.Det er nemt tilg&aelig;ngeligt for b&oslash;rnene, n&aring;r det er integreret i m&oslash;blerne. Det bliver en naturlig del af deres hverdag og der opst&aring;r en naturlig lyst til at unders&oslash;ge tingene n&aelig;rmere, n&aring;r de p&aring; den m&aring;de bliver sat over for motiverne. &nbsp; Printet er helt unikt og lavet af en lokal kunstner fra &AElig;r&oslash;. Kunstneren har tegnet det specielt til One Woods m&oslash;bler.\" \/>\n<meta property=\"og:url\" content=\"https:\/\/onewood.dk\/de\/product\/herbst-fur-schranktur-2\/\" \/>\n<meta property=\"og:site_name\" content=\"One Wood Furniture A\/S\" \/>\n<meta property=\"article:modified_time\" content=\"2024-12-03T12:39:01+00:00\" \/>\n<meta property=\"og:image\" content=\"https:\/\/onewood.dk\/wp-content\/uploads\/2024\/12\/2949.jpg\" \/>\n\t<meta property=\"og:image:width\" content=\"1600\" \/>\n\t<meta property=\"og:image:height\" content=\"1065\" \/>\n\t<meta property=\"og:image:type\" content=\"image\/jpeg\" \/>\n<meta name=\"twitter:card\" content=\"summary_large_image\" \/>\n<script type=\"application\/ld+json\" class=\"yoast-schema-graph\">{\"@context\":\"https:\/\/schema.org\",\"@graph\":[{\"@type\":\"WebPage\",\"@id\":\"https:\/\/onewood.dk\/vare\/efteraar-til-garderobelaage-2\/\",\"url\":\"https:\/\/onewood.dk\/vare\/efteraar-til-garderobelaage-2\/\",\"name\":\"Efter\u00e5r til garderobel\u00e5ge | One Wood Furniture A\/S\",\"isPartOf\":{\"@id\":\"https:\/\/onewood.dk\/#website\"},\"primaryImageOfPage\":{\"@id\":\"https:\/\/onewood.dk\/vare\/efteraar-til-garderobelaage-2\/#primaryimage\"},\"image\":{\"@id\":\"https:\/\/onewood.dk\/vare\/efteraar-til-garderobelaage-2\/#primaryimage\"},\"thumbnailUrl\":\"https:\/\/onewood.dk\/wp-content\/uploads\/2024\/12\/2949.jpg\",\"datePublished\":\"2024-12-03T11:47:15+00:00\",\"dateModified\":\"2024-12-03T12:39:01+00:00\",\"breadcrumb\":{\"@id\":\"https:\/\/onewood.dk\/vare\/efteraar-til-garderobelaage-2\/#breadcrumb\"},\"inLanguage\":\"de\",\"potentialAction\":[{\"@type\":\"ReadAction\",\"target\":[\"https:\/\/onewood.dk\/vare\/efteraar-til-garderobelaage-2\/\"]}]},{\"@type\":\"ImageObject\",\"inLanguage\":\"de\",\"@id\":\"https:\/\/onewood.dk\/vare\/efteraar-til-garderobelaage-2\/#primaryimage\",\"url\":\"https:\/\/onewood.dk\/wp-content\/uploads\/2024\/12\/2949.jpg\",\"contentUrl\":\"https:\/\/onewood.dk\/wp-content\/uploads\/2024\/12\/2949.jpg\",\"width\":1600,\"height\":1065},{\"@type\":\"BreadcrumbList\",\"@id\":\"https:\/\/onewood.dk\/vare\/efteraar-til-garderobelaage-2\/#breadcrumb\",\"itemListElement\":[{\"@type\":\"ListItem\",\"position\":1,\"name\":\"Varer\",\"item\":\"https:\/\/onewood.dk\/shop\/\"},{\"@type\":\"ListItem\",\"position\":2,\"name\":\"\u00d8vrigt\",\"item\":\"https:\/\/onewood.dk\/vare-kategori\/oevrigt\/\"},{\"@type\":\"ListItem\",\"position\":3,\"name\":\"Print\",\"item\":\"https:\/\/onewood.dk\/vare-kategori\/oevrigt\/print\/\"},{\"@type\":\"ListItem\",\"position\":4,\"name\":\"Garderober\",\"item\":\"https:\/\/onewood.dk\/vare-kategori\/oevrigt\/print\/garderober\/\"},{\"@type\":\"ListItem\",\"position\":5,\"name\":\"Efter\u00e5r til garderobel\u00e5ge\"}]},{\"@type\":\"WebSite\",\"@id\":\"https:\/\/onewood.dk\/#website\",\"url\":\"https:\/\/onewood.dk\/\",\"name\":\"One Wood Furniture A\/S\",\"description\":\"\",\"publisher\":{\"@id\":\"https:\/\/onewood.dk\/#organization\"},\"potentialAction\":[{\"@type\":\"SearchAction\",\"target\":{\"@type\":\"EntryPoint\",\"urlTemplate\":\"https:\/\/onewood.dk\/?s={search_term_string}\"},\"query-input\":{\"@type\":\"PropertyValueSpecification\",\"valueRequired\":true,\"valueName\":\"search_term_string\"}}],\"inLanguage\":\"de\"},{\"@type\":\"Organization\",\"@id\":\"https:\/\/onewood.dk\/#organization\",\"name\":\"One Wood Furniture A\/S\",\"url\":\"https:\/\/onewood.dk\/\",\"logo\":{\"@type\":\"ImageObject\",\"inLanguage\":\"de\",\"@id\":\"https:\/\/onewood.dk\/#\/schema\/logo\/image\/\",\"url\":\"https:\/\/onewood.dk\/wp-content\/uploads\/2024\/12\/Logo.png\",\"contentUrl\":\"https:\/\/onewood.dk\/wp-content\/uploads\/2024\/12\/Logo.png\",\"width\":180,\"height\":90,\"caption\":\"One Wood Furniture A\/S\"},\"image\":{\"@id\":\"https:\/\/onewood.dk\/#\/schema\/logo\/image\/\"}}]}<\/script>\n<!-- \/ Yoast SEO plugin. -->","yoast_head_json":{"title":"Efter\u00e5r til garderobel\u00e5ge | One Wood Furniture A\/S","robots":{"index":"index","follow":"follow","max-snippet":"max-snippet:-1","max-image-preview":"max-image-preview:large","max-video-preview":"max-video-preview:-1"},"canonical":"https:\/\/onewood.dk\/de\/product\/herbst-fur-schranktur-2\/","og_locale":"de_DE","og_type":"article","og_title":"Efter\u00e5r til garderobel\u00e5ge | One Wood Furniture A\/S","og_description":"Med udvalget af print til m&oslash;bler skabes der unikke l&oslash;sninger, og giver liv i legerummet. Illustrationerne har en p&aelig;dagogisk indgangsvinkel, hvor l&aelig;ring og eksploration er i h&oslash;js&aelig;de. Den h&oslash;je detaljegrad ved illustrationerne, g&oslash;r det sp&aelig;ndende for b&oslash;rnene at udforske produkterne og finde s&aelig;rheder og kendetegn ved de enkelte motiver. Det er med til at stimulere deres fantasi til at skabe egne lege der involverer motiverne og produkterne. &nbsp; Motiverne tager udgangspunkt i den nordiske&nbsp; natur og kendte elementer herfra. B&oslash;rnene har mulighed for at udforske hvilke dyr og planter der h&oslash;rer til henholdsvis vand, land og luft og hvordan naturen tager sig ud ved de forskellige &aring;rstider. Det er sjovt for b&oslash;rnene at udforske og unders&oslash;ge de enkelte kendetegn, farver og former og have muligheden for at m&oslash;de og genkende de samme dyr og omgivelser ude i naturen.Det er nemt tilg&aelig;ngeligt for b&oslash;rnene, n&aring;r det er integreret i m&oslash;blerne. Det bliver en naturlig del af deres hverdag og der opst&aring;r en naturlig lyst til at unders&oslash;ge tingene n&aelig;rmere, n&aring;r de p&aring; den m&aring;de bliver sat over for motiverne. &nbsp; Printet er helt unikt og lavet af en lokal kunstner fra &AElig;r&oslash;. Kunstneren har tegnet det specielt til One Woods m&oslash;bler.","og_url":"https:\/\/onewood.dk\/de\/product\/herbst-fur-schranktur-2\/","og_site_name":"One Wood Furniture A\/S","article_modified_time":"2024-12-03T12:39:01+00:00","og_image":[{"width":1600,"height":1065,"url":"https:\/\/onewood.dk\/wp-content\/uploads\/2024\/12\/2949.jpg","type":"image\/jpeg"}],"twitter_card":"summary_large_image","schema":{"@context":"https:\/\/schema.org","@graph":[{"@type":"WebPage","@id":"https:\/\/onewood.dk\/vare\/efteraar-til-garderobelaage-2\/","url":"https:\/\/onewood.dk\/vare\/efteraar-til-garderobelaage-2\/","name":"Efter\u00e5r til garderobel\u00e5ge | One Wood Furniture A\/S","isPartOf":{"@id":"https:\/\/onewood.dk\/#website"},"primaryImageOfPage":{"@id":"https:\/\/onewood.dk\/vare\/efteraar-til-garderobelaage-2\/#primaryimage"},"image":{"@id":"https:\/\/onewood.dk\/vare\/efteraar-til-garderobelaage-2\/#primaryimage"},"thumbnailUrl":"https:\/\/onewood.dk\/wp-content\/uploads\/2024\/12\/2949.jpg","datePublished":"2024-12-03T11:47:15+00:00","dateModified":"2024-12-03T12:39:01+00:00","breadcrumb":{"@id":"https:\/\/onewood.dk\/vare\/efteraar-til-garderobelaage-2\/#breadcrumb"},"inLanguage":"de","potentialAction":[{"@type":"ReadAction","target":["https:\/\/onewood.dk\/vare\/efteraar-til-garderobelaage-2\/"]}]},{"@type":"ImageObject","inLanguage":"de","@id":"https:\/\/onewood.dk\/vare\/efteraar-til-garderobelaage-2\/#primaryimage","url":"https:\/\/onewood.dk\/wp-content\/uploads\/2024\/12\/2949.jpg","contentUrl":"https:\/\/onewood.dk\/wp-content\/uploads\/2024\/12\/2949.jpg","width":1600,"height":1065},{"@type":"BreadcrumbList","@id":"https:\/\/onewood.dk\/vare\/efteraar-til-garderobelaage-2\/#breadcrumb","itemListElement":[{"@type":"ListItem","position":1,"name":"Varer","item":"https:\/\/onewood.dk\/shop\/"},{"@type":"ListItem","position":2,"name":"\u00d8vrigt","item":"https:\/\/onewood.dk\/vare-kategori\/oevrigt\/"},{"@type":"ListItem","position":3,"name":"Print","item":"https:\/\/onewood.dk\/vare-kategori\/oevrigt\/print\/"},{"@type":"ListItem","position":4,"name":"Garderober","item":"https:\/\/onewood.dk\/vare-kategori\/oevrigt\/print\/garderober\/"},{"@type":"ListItem","position":5,"name":"Efter\u00e5r til garderobel\u00e5ge"}]},{"@type":"WebSite","@id":"https:\/\/onewood.dk\/#website","url":"https:\/\/onewood.dk\/","name":"One Wood Furniture A\/S","description":"","publisher":{"@id":"https:\/\/onewood.dk\/#organization"},"potentialAction":[{"@type":"SearchAction","target":{"@type":"EntryPoint","urlTemplate":"https:\/\/onewood.dk\/?s={search_term_string}"},"query-input":{"@type":"PropertyValueSpecification","valueRequired":true,"valueName":"search_term_string"}}],"inLanguage":"de"},{"@type":"Organization","@id":"https:\/\/onewood.dk\/#organization","name":"One Wood Furniture A\/S","url":"https:\/\/onewood.dk\/","logo":{"@type":"ImageObject","inLanguage":"de","@id":"https:\/\/onewood.dk\/#\/schema\/logo\/image\/","url":"https:\/\/onewood.dk\/wp-content\/uploads\/2024\/12\/Logo.png","contentUrl":"https:\/\/onewood.dk\/wp-content\/uploads\/2024\/12\/Logo.png","width":180,"height":90,"caption":"One Wood Furniture A\/S"},"image":{"@id":"https:\/\/onewood.dk\/#\/schema\/logo\/image\/"}}]}},"_links":{"self":[{"href":"https:\/\/onewood.dk\/de\/wp-json\/wp\/v2\/product\/1625","targetHints":{"allow":["GET"]}}],"collection":[{"href":"https:\/\/onewood.dk\/de\/wp-json\/wp\/v2\/product"}],"about":[{"href":"https:\/\/onewood.dk\/de\/wp-json\/wp\/v2\/types\/product"}],"wp:featuredmedia":[{"embeddable":true,"href":"https:\/\/onewood.dk\/de\/wp-json\/wp\/v2\/media\/3371"}],"wp:attachment":[{"href":"https:\/\/onewood.dk\/de\/wp-json\/wp\/v2\/media?parent=1625"}],"wp:term":[{"taxonomy":"product_brand","embeddable":true,"href":"https:\/\/onewood.dk\/de\/wp-json\/wp\/v2\/product_brand?post=1625"},{"taxonomy":"product_cat","embeddable":true,"href":"https:\/\/onewood.dk\/de\/wp-json\/wp\/v2\/product_cat?post=1625"},{"taxonomy":"product_tag","embeddable":true,"href":"https:\/\/onewood.dk\/de\/wp-json\/wp\/v2\/product_tag?post=1625"}],"curies":[{"name":"wp","href":"https:\/\/api.w.org\/{rel}","templated":true}]}}