{"id":1632,"date":"2024-12-03T12:47:18","date_gmt":"2024-12-03T11:47:18","guid":{"rendered":"https:\/\/onewood.dkvare\/8841-hexa-cozy\/"},"modified":"2025-07-01T10:56:36","modified_gmt":"2025-07-01T08:56:36","slug":"8841-hexa-cozy","status":"publish","type":"product","link":"https:\/\/onewood.dk\/de\/product\/8841-hexa-gemutlich\/","title":{"rendered":"8841 \u2013 Hexa Gem\u00fctlich"},"content":{"rendered":"<p>Hexa Cozy ist ein offenes Schr\u00e4gmodul mit dazugeh\u00f6riger Matratze, das zum Entspannen und Erholen einl\u00e4dt. Es kann allein stehen, l\u00e4sst sich aber auch mit mehreren Modulen kombinieren, um gem\u00fctliche Umgebungen auf mehreren Ebenen zu schaffen.<\/p>\n<p>Modul aus 15 mm Birkensperrholz.<\/p>\n<p>Laminat: 7912 Anthrazit auf Korpus und t\u00fcrkise Matratze<\/p>\n<p>Kissen sind nicht im Lieferumfang enthalten.<\/p>","protected":false},"excerpt":{"rendered":"<p>Hexa Module ist eine f\u00fcr Kinder und Institutionen entwickelte Serie. Es orientiert sich an den unterschiedlichen Bed\u00fcrfnissen, die im Zusammenhang mit Spiel und Interaktion zwischen Kindern und Erwachsenen entstehen.<br \/>\nDie Serie besteht aus 3 Modulen, die jeweils eine eigene Funktion erf\u00fcllen und in Kombination mehrere spannende Setups und Anwendungsm\u00f6glichkeiten erm\u00f6glichen.<\/p>","protected":false},"featured_media":3412,"template":"","meta":[],"product_brand":[],"product_cat":[638,560],"product_tag":[],"class_list":{"0":"post-1632","1":"product","2":"type-product","3":"status-publish","4":"has-post-thumbnail","6":"product_cat-hexa-module","7":"product_cat-legemoebler","9":"first","10":"instock","11":"product-type-simple"},"yoast_head":"<!-- This site is optimized with the Yoast SEO plugin v24.4 - https:\/\/yoast.com\/wordpress\/plugins\/seo\/ -->\n<title>8841 - Hexa Cozy | One Wood Furniture A\/S<\/title>\n<meta name=\"robots\" content=\"index, follow, max-snippet:-1, max-image-preview:large, max-video-preview:-1\" \/>\n<link rel=\"canonical\" href=\"https:\/\/onewood.dk\/de\/product\/8841-hexa-gemutlich\/\" \/>\n<meta property=\"og:locale\" content=\"de_DE\" \/>\n<meta property=\"og:type\" content=\"article\" \/>\n<meta property=\"og:title\" content=\"8841 - Hexa Cozy | One Wood Furniture A\/S\" \/>\n<meta property=\"og:description\" content=\"Hexa Module er en serie udviklet til b\u00f8rn og institutioner. Den tager udgangspunkt i de forskellige behov der opst\u00e5r i forbindelse med leg og samv\u00e6r mellem b\u00f8rn og voksne. Serien er opbygget af 3 moduler, som opfylder hver sin funktion, og som i kombination kan opn\u00e5 adskillige sp\u00e6ndende ops\u00e6tninger og anvendelsesmuligheder.\" \/>\n<meta property=\"og:url\" content=\"https:\/\/onewood.dk\/de\/product\/8841-hexa-gemutlich\/\" \/>\n<meta property=\"og:site_name\" content=\"One Wood Furniture A\/S\" \/>\n<meta property=\"article:modified_time\" content=\"2025-07-01T08:56:36+00:00\" \/>\n<meta property=\"og:image\" content=\"https:\/\/onewood.dk\/wp-content\/uploads\/2024\/12\/3504-scaled.jpg\" \/>\n\t<meta property=\"og:image:width\" content=\"2560\" \/>\n\t<meta property=\"og:image:height\" content=\"1707\" \/>\n\t<meta property=\"og:image:type\" content=\"image\/jpeg\" \/>\n<meta name=\"twitter:card\" content=\"summary_large_image\" \/>\n<meta name=\"twitter:label1\" content=\"Gesch\u00e4tzte Lesezeit\" \/>\n\t<meta name=\"twitter:data1\" content=\"1\u00a0Minute\" \/>\n<script type=\"application\/ld+json\" class=\"yoast-schema-graph\">{\"@context\":\"https:\/\/schema.org\",\"@graph\":[{\"@type\":\"WebPage\",\"@id\":\"https:\/\/onewood.dk\/vare\/8841-hexa-cozy\/\",\"url\":\"https:\/\/onewood.dk\/vare\/8841-hexa-cozy\/\",\"name\":\"8841 - Hexa Cozy | One Wood Furniture A\/S\",\"isPartOf\":{\"@id\":\"https:\/\/onewood.dk\/#website\"},\"primaryImageOfPage\":{\"@id\":\"https:\/\/onewood.dk\/vare\/8841-hexa-cozy\/#primaryimage\"},\"image\":{\"@id\":\"https:\/\/onewood.dk\/vare\/8841-hexa-cozy\/#primaryimage\"},\"thumbnailUrl\":\"https:\/\/onewood.dk\/wp-content\/uploads\/2024\/12\/3504-scaled.jpg\",\"datePublished\":\"2024-12-03T11:47:18+00:00\",\"dateModified\":\"2025-07-01T08:56:36+00:00\",\"breadcrumb\":{\"@id\":\"https:\/\/onewood.dk\/vare\/8841-hexa-cozy\/#breadcrumb\"},\"inLanguage\":\"de\",\"potentialAction\":[{\"@type\":\"ReadAction\",\"target\":[\"https:\/\/onewood.dk\/vare\/8841-hexa-cozy\/\"]}]},{\"@type\":\"ImageObject\",\"inLanguage\":\"de\",\"@id\":\"https:\/\/onewood.dk\/vare\/8841-hexa-cozy\/#primaryimage\",\"url\":\"https:\/\/onewood.dk\/wp-content\/uploads\/2024\/12\/3504-scaled.jpg\",\"contentUrl\":\"https:\/\/onewood.dk\/wp-content\/uploads\/2024\/12\/3504-scaled.jpg\",\"width\":2560,\"height\":1707},{\"@type\":\"BreadcrumbList\",\"@id\":\"https:\/\/onewood.dk\/vare\/8841-hexa-cozy\/#breadcrumb\",\"itemListElement\":[{\"@type\":\"ListItem\",\"position\":1,\"name\":\"Varer\",\"item\":\"https:\/\/onewood.dk\/shop\/\"},{\"@type\":\"ListItem\",\"position\":2,\"name\":\"Legem\u00f8bler\",\"item\":\"https:\/\/onewood.dk\/vare-kategori\/legemoebler\/\"},{\"@type\":\"ListItem\",\"position\":3,\"name\":\"Hexa Module\",\"item\":\"https:\/\/onewood.dk\/vare-kategori\/legemoebler\/hexa-module\/\"},{\"@type\":\"ListItem\",\"position\":4,\"name\":\"8841 &#8211; Hexa Cozy\"}]},{\"@type\":\"WebSite\",\"@id\":\"https:\/\/onewood.dk\/#website\",\"url\":\"https:\/\/onewood.dk\/\",\"name\":\"One Wood Furniture A\/S\",\"description\":\"\",\"publisher\":{\"@id\":\"https:\/\/onewood.dk\/#organization\"},\"potentialAction\":[{\"@type\":\"SearchAction\",\"target\":{\"@type\":\"EntryPoint\",\"urlTemplate\":\"https:\/\/onewood.dk\/?s={search_term_string}\"},\"query-input\":{\"@type\":\"PropertyValueSpecification\",\"valueRequired\":true,\"valueName\":\"search_term_string\"}}],\"inLanguage\":\"de\"},{\"@type\":\"Organization\",\"@id\":\"https:\/\/onewood.dk\/#organization\",\"name\":\"One Wood Furniture A\/S\",\"url\":\"https:\/\/onewood.dk\/\",\"logo\":{\"@type\":\"ImageObject\",\"inLanguage\":\"de\",\"@id\":\"https:\/\/onewood.dk\/#\/schema\/logo\/image\/\",\"url\":\"https:\/\/onewood.dk\/wp-content\/uploads\/2024\/12\/Logo.png\",\"contentUrl\":\"https:\/\/onewood.dk\/wp-content\/uploads\/2024\/12\/Logo.png\",\"width\":180,\"height\":90,\"caption\":\"One Wood Furniture A\/S\"},\"image\":{\"@id\":\"https:\/\/onewood.dk\/#\/schema\/logo\/image\/\"}}]}<\/script>\n<!-- \/ Yoast SEO plugin. -->","yoast_head_json":{"title":"8841 - Hexa Cozy | One Wood Furniture A\/S","robots":{"index":"index","follow":"follow","max-snippet":"max-snippet:-1","max-image-preview":"max-image-preview:large","max-video-preview":"max-video-preview:-1"},"canonical":"https:\/\/onewood.dk\/de\/product\/8841-hexa-gemutlich\/","og_locale":"de_DE","og_type":"article","og_title":"8841 - Hexa Cozy | One Wood Furniture A\/S","og_description":"Hexa Module er en serie udviklet til b\u00f8rn og institutioner. Den tager udgangspunkt i de forskellige behov der opst\u00e5r i forbindelse med leg og samv\u00e6r mellem b\u00f8rn og voksne. Serien er opbygget af 3 moduler, som opfylder hver sin funktion, og som i kombination kan opn\u00e5 adskillige sp\u00e6ndende ops\u00e6tninger og anvendelsesmuligheder.","og_url":"https:\/\/onewood.dk\/de\/product\/8841-hexa-gemutlich\/","og_site_name":"One Wood Furniture A\/S","article_modified_time":"2025-07-01T08:56:36+00:00","og_image":[{"width":2560,"height":1707,"url":"https:\/\/onewood.dk\/wp-content\/uploads\/2024\/12\/3504-scaled.jpg","type":"image\/jpeg"}],"twitter_card":"summary_large_image","twitter_misc":{"Gesch\u00e4tzte Lesezeit":"1\u00a0Minute"},"schema":{"@context":"https:\/\/schema.org","@graph":[{"@type":"WebPage","@id":"https:\/\/onewood.dk\/vare\/8841-hexa-cozy\/","url":"https:\/\/onewood.dk\/vare\/8841-hexa-cozy\/","name":"8841 - Hexa Cozy | One Wood Furniture A\/S","isPartOf":{"@id":"https:\/\/onewood.dk\/#website"},"primaryImageOfPage":{"@id":"https:\/\/onewood.dk\/vare\/8841-hexa-cozy\/#primaryimage"},"image":{"@id":"https:\/\/onewood.dk\/vare\/8841-hexa-cozy\/#primaryimage"},"thumbnailUrl":"https:\/\/onewood.dk\/wp-content\/uploads\/2024\/12\/3504-scaled.jpg","datePublished":"2024-12-03T11:47:18+00:00","dateModified":"2025-07-01T08:56:36+00:00","breadcrumb":{"@id":"https:\/\/onewood.dk\/vare\/8841-hexa-cozy\/#breadcrumb"},"inLanguage":"de","potentialAction":[{"@type":"ReadAction","target":["https:\/\/onewood.dk\/vare\/8841-hexa-cozy\/"]}]},{"@type":"ImageObject","inLanguage":"de","@id":"https:\/\/onewood.dk\/vare\/8841-hexa-cozy\/#primaryimage","url":"https:\/\/onewood.dk\/wp-content\/uploads\/2024\/12\/3504-scaled.jpg","contentUrl":"https:\/\/onewood.dk\/wp-content\/uploads\/2024\/12\/3504-scaled.jpg","width":2560,"height":1707},{"@type":"BreadcrumbList","@id":"https:\/\/onewood.dk\/vare\/8841-hexa-cozy\/#breadcrumb","itemListElement":[{"@type":"ListItem","position":1,"name":"Varer","item":"https:\/\/onewood.dk\/shop\/"},{"@type":"ListItem","position":2,"name":"Legem\u00f8bler","item":"https:\/\/onewood.dk\/vare-kategori\/legemoebler\/"},{"@type":"ListItem","position":3,"name":"Hexa Module","item":"https:\/\/onewood.dk\/vare-kategori\/legemoebler\/hexa-module\/"},{"@type":"ListItem","position":4,"name":"8841 &#8211; Hexa Cozy"}]},{"@type":"WebSite","@id":"https:\/\/onewood.dk\/#website","url":"https:\/\/onewood.dk\/","name":"One Wood Furniture A\/S","description":"","publisher":{"@id":"https:\/\/onewood.dk\/#organization"},"potentialAction":[{"@type":"SearchAction","target":{"@type":"EntryPoint","urlTemplate":"https:\/\/onewood.dk\/?s={search_term_string}"},"query-input":{"@type":"PropertyValueSpecification","valueRequired":true,"valueName":"search_term_string"}}],"inLanguage":"de"},{"@type":"Organization","@id":"https:\/\/onewood.dk\/#organization","name":"One Wood Furniture A\/S","url":"https:\/\/onewood.dk\/","logo":{"@type":"ImageObject","inLanguage":"de","@id":"https:\/\/onewood.dk\/#\/schema\/logo\/image\/","url":"https:\/\/onewood.dk\/wp-content\/uploads\/2024\/12\/Logo.png","contentUrl":"https:\/\/onewood.dk\/wp-content\/uploads\/2024\/12\/Logo.png","width":180,"height":90,"caption":"One Wood Furniture A\/S"},"image":{"@id":"https:\/\/onewood.dk\/#\/schema\/logo\/image\/"}}]}},"_links":{"self":[{"href":"https:\/\/onewood.dk\/de\/wp-json\/wp\/v2\/product\/1632","targetHints":{"allow":["GET"]}}],"collection":[{"href":"https:\/\/onewood.dk\/de\/wp-json\/wp\/v2\/product"}],"about":[{"href":"https:\/\/onewood.dk\/de\/wp-json\/wp\/v2\/types\/product"}],"wp:featuredmedia":[{"embeddable":true,"href":"https:\/\/onewood.dk\/de\/wp-json\/wp\/v2\/media\/3412"}],"wp:attachment":[{"href":"https:\/\/onewood.dk\/de\/wp-json\/wp\/v2\/media?parent=1632"}],"wp:term":[{"taxonomy":"product_brand","embeddable":true,"href":"https:\/\/onewood.dk\/de\/wp-json\/wp\/v2\/product_brand?post=1632"},{"taxonomy":"product_cat","embeddable":true,"href":"https:\/\/onewood.dk\/de\/wp-json\/wp\/v2\/product_cat?post=1632"},{"taxonomy":"product_tag","embeddable":true,"href":"https:\/\/onewood.dk\/de\/wp-json\/wp\/v2\/product_tag?post=1632"}],"curies":[{"name":"wp","href":"https:\/\/api.w.org\/{rel}","templated":true}]}}