{"id":1684,"date":"2024-12-03T12:47:25","date_gmt":"2024-12-03T11:47:25","guid":{"rendered":"https:\/\/onewood.dkvare\/mobiltelefon-skab\/"},"modified":"2025-02-24T14:41:59","modified_gmt":"2025-02-24T13:41:59","slug":"mobiltelefon-skab","status":"publish","type":"product","link":"https:\/\/onewood.dk\/de\/product\/handy-schliesfach\/","title":{"rendered":"Handyschrank"},"content":{"rendered":"<p>Handyschrank zum Verschlie\u00dfen von Handys, damit w\u00e4hrend des Unterrichts Ruhe herrscht.<\/p>\n<p>Der Schrank besteht aus 15 mm starkem, wei\u00df pigmentiertem Birkensperrholz. Die T\u00fcr ist mit Sicherheitsglas ausgestattet. F\u00fcr eine Vollt\u00fcr bestellen Sie bitte die Artikelnummer 8085.<\/p>\n<p>4 Ablagefl\u00e4chen mit eingefr\u00e4ster Nut zum Aufstellen von Mobiles, Platz f\u00fcr ca. 25 Mobiltelefone.<\/p>\n<p>Wird mit Hekna-Schloss mit 2 Schl\u00fcsseln geliefert.<\/p>","protected":false},"excerpt":{"rendered":"<p>Handyschrank zum sicheren Verwahren von Mobiltelefonen f\u00fcr ungest\u00f6rten Unterricht. Der Schrank ist aus 15 mm starkem, wei\u00df pigmentiertem Birkensperrholz gefertigt. Die T\u00fcr ist mit Sicherheitsglas versehen \u2013 f\u00fcr eine durchgehende T\u00fcr bestellen Sie bitte Artikelnummer 8085. Vier Regalb\u00f6den mit gefr\u00e4ster Nut zur aufrechten Aufbewahrung von Mobiltelefonen bieten Platz f\u00fcr ca. 25 Ger\u00e4te. Inklusive [\u2026]<\/p>","protected":false},"featured_media":3622,"template":"","meta":[],"product_brand":[],"product_cat":[556],"product_tag":[],"class_list":{"0":"post-1684","1":"product","2":"type-product","3":"status-publish","4":"has-post-thumbnail","6":"product_cat-skabe","8":"first","9":"instock","10":"product-type-simple"},"yoast_head":"<!-- This site is optimized with the Yoast SEO plugin v24.4 - https:\/\/yoast.com\/wordpress\/plugins\/seo\/ -->\n<title>Mobiltelefon skab | One Wood Furniture A\/S<\/title>\n<meta name=\"robots\" content=\"index, follow, max-snippet:-1, max-image-preview:large, max-video-preview:-1\" \/>\n<link rel=\"canonical\" href=\"https:\/\/onewood.dk\/de\/product\/handy-schliesfach\/\" \/>\n<meta property=\"og:locale\" content=\"de_DE\" \/>\n<meta property=\"og:type\" content=\"article\" \/>\n<meta property=\"og:title\" content=\"Mobiltelefon skab | One Wood Furniture A\/S\" \/>\n<meta property=\"og:description\" content=\"Mobiltelefon skab til at l\u00e5se mobiltelefonerne inde, s\u00e5 der er ro i timerne. Skabet er lavet i 15mm hvidpigmenteret birkekrydsfiner. Der er sikkerhedsglas i l\u00e5gen &#8211; \u00f8nskes det med fuld l\u00e5ge bestil da varenr. 8085. 4 hylder med udfr\u00e6set rille til at mobilerne kan st\u00e5 op, der er plads til ca. 25 mobiltelefoner. Leveres med [&hellip;]\" \/>\n<meta property=\"og:url\" content=\"https:\/\/onewood.dk\/de\/product\/handy-schliesfach\/\" \/>\n<meta property=\"og:site_name\" content=\"One Wood Furniture A\/S\" \/>\n<meta property=\"article:modified_time\" content=\"2025-02-24T13:41:59+00:00\" \/>\n<meta property=\"og:image\" content=\"https:\/\/onewood.dk\/wp-content\/uploads\/2024\/12\/6159-scaled.jpg\" \/>\n\t<meta property=\"og:image:width\" content=\"2560\" \/>\n\t<meta property=\"og:image:height\" content=\"1707\" \/>\n\t<meta property=\"og:image:type\" content=\"image\/jpeg\" \/>\n<meta name=\"twitter:card\" content=\"summary_large_image\" \/>\n<meta name=\"twitter:label1\" content=\"Gesch\u00e4tzte Lesezeit\" \/>\n\t<meta name=\"twitter:data1\" content=\"1\u00a0Minute\" \/>\n<script type=\"application\/ld+json\" class=\"yoast-schema-graph\">{\"@context\":\"https:\/\/schema.org\",\"@graph\":[{\"@type\":\"WebPage\",\"@id\":\"https:\/\/onewood.dk\/vare\/mobiltelefon-skab\/\",\"url\":\"https:\/\/onewood.dk\/vare\/mobiltelefon-skab\/\",\"name\":\"Mobiltelefon skab | One Wood Furniture A\/S\",\"isPartOf\":{\"@id\":\"https:\/\/onewood.dk\/#website\"},\"primaryImageOfPage\":{\"@id\":\"https:\/\/onewood.dk\/vare\/mobiltelefon-skab\/#primaryimage\"},\"image\":{\"@id\":\"https:\/\/onewood.dk\/vare\/mobiltelefon-skab\/#primaryimage\"},\"thumbnailUrl\":\"https:\/\/onewood.dk\/wp-content\/uploads\/2024\/12\/6159-scaled.jpg\",\"datePublished\":\"2024-12-03T11:47:25+00:00\",\"dateModified\":\"2025-02-24T13:41:59+00:00\",\"breadcrumb\":{\"@id\":\"https:\/\/onewood.dk\/vare\/mobiltelefon-skab\/#breadcrumb\"},\"inLanguage\":\"de\",\"potentialAction\":[{\"@type\":\"ReadAction\",\"target\":[\"https:\/\/onewood.dk\/vare\/mobiltelefon-skab\/\"]}]},{\"@type\":\"ImageObject\",\"inLanguage\":\"de\",\"@id\":\"https:\/\/onewood.dk\/vare\/mobiltelefon-skab\/#primaryimage\",\"url\":\"https:\/\/onewood.dk\/wp-content\/uploads\/2024\/12\/6159-scaled.jpg\",\"contentUrl\":\"https:\/\/onewood.dk\/wp-content\/uploads\/2024\/12\/6159-scaled.jpg\",\"width\":2560,\"height\":1707},{\"@type\":\"BreadcrumbList\",\"@id\":\"https:\/\/onewood.dk\/vare\/mobiltelefon-skab\/#breadcrumb\",\"itemListElement\":[{\"@type\":\"ListItem\",\"position\":1,\"name\":\"Varer\",\"item\":\"https:\/\/onewood.dk\/shop\/\"},{\"@type\":\"ListItem\",\"position\":2,\"name\":\"Skabe\",\"item\":\"https:\/\/onewood.dk\/vare-kategori\/skabe\/\"},{\"@type\":\"ListItem\",\"position\":3,\"name\":\"Mobiltelefon skab\"}]},{\"@type\":\"WebSite\",\"@id\":\"https:\/\/onewood.dk\/#website\",\"url\":\"https:\/\/onewood.dk\/\",\"name\":\"One Wood Furniture A\/S\",\"description\":\"\",\"publisher\":{\"@id\":\"https:\/\/onewood.dk\/#organization\"},\"potentialAction\":[{\"@type\":\"SearchAction\",\"target\":{\"@type\":\"EntryPoint\",\"urlTemplate\":\"https:\/\/onewood.dk\/?s={search_term_string}\"},\"query-input\":{\"@type\":\"PropertyValueSpecification\",\"valueRequired\":true,\"valueName\":\"search_term_string\"}}],\"inLanguage\":\"de\"},{\"@type\":\"Organization\",\"@id\":\"https:\/\/onewood.dk\/#organization\",\"name\":\"One Wood Furniture A\/S\",\"url\":\"https:\/\/onewood.dk\/\",\"logo\":{\"@type\":\"ImageObject\",\"inLanguage\":\"de\",\"@id\":\"https:\/\/onewood.dk\/#\/schema\/logo\/image\/\",\"url\":\"https:\/\/onewood.dk\/wp-content\/uploads\/2024\/12\/Logo.png\",\"contentUrl\":\"https:\/\/onewood.dk\/wp-content\/uploads\/2024\/12\/Logo.png\",\"width\":180,\"height\":90,\"caption\":\"One Wood Furniture A\/S\"},\"image\":{\"@id\":\"https:\/\/onewood.dk\/#\/schema\/logo\/image\/\"}}]}<\/script>\n<!-- \/ Yoast SEO plugin. -->","yoast_head_json":{"title":"Mobiltelefon skab | One Wood Furniture A\/S","robots":{"index":"index","follow":"follow","max-snippet":"max-snippet:-1","max-image-preview":"max-image-preview:large","max-video-preview":"max-video-preview:-1"},"canonical":"https:\/\/onewood.dk\/de\/product\/handy-schliesfach\/","og_locale":"de_DE","og_type":"article","og_title":"Mobiltelefon skab | One Wood Furniture A\/S","og_description":"Mobiltelefon skab til at l\u00e5se mobiltelefonerne inde, s\u00e5 der er ro i timerne. Skabet er lavet i 15mm hvidpigmenteret birkekrydsfiner. Der er sikkerhedsglas i l\u00e5gen &#8211; \u00f8nskes det med fuld l\u00e5ge bestil da varenr. 8085. 4 hylder med udfr\u00e6set rille til at mobilerne kan st\u00e5 op, der er plads til ca. 25 mobiltelefoner. Leveres med [&hellip;]","og_url":"https:\/\/onewood.dk\/de\/product\/handy-schliesfach\/","og_site_name":"One Wood Furniture A\/S","article_modified_time":"2025-02-24T13:41:59+00:00","og_image":[{"width":2560,"height":1707,"url":"https:\/\/onewood.dk\/wp-content\/uploads\/2024\/12\/6159-scaled.jpg","type":"image\/jpeg"}],"twitter_card":"summary_large_image","twitter_misc":{"Gesch\u00e4tzte Lesezeit":"1\u00a0Minute"},"schema":{"@context":"https:\/\/schema.org","@graph":[{"@type":"WebPage","@id":"https:\/\/onewood.dk\/vare\/mobiltelefon-skab\/","url":"https:\/\/onewood.dk\/vare\/mobiltelefon-skab\/","name":"Mobiltelefon skab | One Wood Furniture A\/S","isPartOf":{"@id":"https:\/\/onewood.dk\/#website"},"primaryImageOfPage":{"@id":"https:\/\/onewood.dk\/vare\/mobiltelefon-skab\/#primaryimage"},"image":{"@id":"https:\/\/onewood.dk\/vare\/mobiltelefon-skab\/#primaryimage"},"thumbnailUrl":"https:\/\/onewood.dk\/wp-content\/uploads\/2024\/12\/6159-scaled.jpg","datePublished":"2024-12-03T11:47:25+00:00","dateModified":"2025-02-24T13:41:59+00:00","breadcrumb":{"@id":"https:\/\/onewood.dk\/vare\/mobiltelefon-skab\/#breadcrumb"},"inLanguage":"de","potentialAction":[{"@type":"ReadAction","target":["https:\/\/onewood.dk\/vare\/mobiltelefon-skab\/"]}]},{"@type":"ImageObject","inLanguage":"de","@id":"https:\/\/onewood.dk\/vare\/mobiltelefon-skab\/#primaryimage","url":"https:\/\/onewood.dk\/wp-content\/uploads\/2024\/12\/6159-scaled.jpg","contentUrl":"https:\/\/onewood.dk\/wp-content\/uploads\/2024\/12\/6159-scaled.jpg","width":2560,"height":1707},{"@type":"BreadcrumbList","@id":"https:\/\/onewood.dk\/vare\/mobiltelefon-skab\/#breadcrumb","itemListElement":[{"@type":"ListItem","position":1,"name":"Varer","item":"https:\/\/onewood.dk\/shop\/"},{"@type":"ListItem","position":2,"name":"Skabe","item":"https:\/\/onewood.dk\/vare-kategori\/skabe\/"},{"@type":"ListItem","position":3,"name":"Mobiltelefon skab"}]},{"@type":"WebSite","@id":"https:\/\/onewood.dk\/#website","url":"https:\/\/onewood.dk\/","name":"One Wood Furniture A\/S","description":"","publisher":{"@id":"https:\/\/onewood.dk\/#organization"},"potentialAction":[{"@type":"SearchAction","target":{"@type":"EntryPoint","urlTemplate":"https:\/\/onewood.dk\/?s={search_term_string}"},"query-input":{"@type":"PropertyValueSpecification","valueRequired":true,"valueName":"search_term_string"}}],"inLanguage":"de"},{"@type":"Organization","@id":"https:\/\/onewood.dk\/#organization","name":"One Wood Furniture A\/S","url":"https:\/\/onewood.dk\/","logo":{"@type":"ImageObject","inLanguage":"de","@id":"https:\/\/onewood.dk\/#\/schema\/logo\/image\/","url":"https:\/\/onewood.dk\/wp-content\/uploads\/2024\/12\/Logo.png","contentUrl":"https:\/\/onewood.dk\/wp-content\/uploads\/2024\/12\/Logo.png","width":180,"height":90,"caption":"One Wood Furniture A\/S"},"image":{"@id":"https:\/\/onewood.dk\/#\/schema\/logo\/image\/"}}]}},"_links":{"self":[{"href":"https:\/\/onewood.dk\/de\/wp-json\/wp\/v2\/product\/1684","targetHints":{"allow":["GET"]}}],"collection":[{"href":"https:\/\/onewood.dk\/de\/wp-json\/wp\/v2\/product"}],"about":[{"href":"https:\/\/onewood.dk\/de\/wp-json\/wp\/v2\/types\/product"}],"wp:featuredmedia":[{"embeddable":true,"href":"https:\/\/onewood.dk\/de\/wp-json\/wp\/v2\/media\/3622"}],"wp:attachment":[{"href":"https:\/\/onewood.dk\/de\/wp-json\/wp\/v2\/media?parent=1684"}],"wp:term":[{"taxonomy":"product_brand","embeddable":true,"href":"https:\/\/onewood.dk\/de\/wp-json\/wp\/v2\/product_brand?post=1684"},{"taxonomy":"product_cat","embeddable":true,"href":"https:\/\/onewood.dk\/de\/wp-json\/wp\/v2\/product_cat?post=1684"},{"taxonomy":"product_tag","embeddable":true,"href":"https:\/\/onewood.dk\/de\/wp-json\/wp\/v2\/product_tag?post=1684"}],"curies":[{"name":"wp","href":"https:\/\/api.w.org\/{rel}","templated":true}]}}