{"id":1686,"date":"2024-12-03T12:47:25","date_gmt":"2024-12-03T11:47:25","guid":{"rendered":"https:\/\/onewood.dkvare\/1301-1-rums-modul\/"},"modified":"2025-02-11T09:02:48","modified_gmt":"2025-02-11T08:02:48","slug":"1301-1-rums-modul","status":"publish","type":"product","link":"https:\/\/onewood.dk\/de\/product\/1301-1-raummodul\/","title":{"rendered":"1301 \u2013 1 Raummodul"},"content":{"rendered":"<p>Mobiles Regal, 1 Fach, aus 18mm wei\u00dfpigmentiertem Birkensperrholz.<\/p>\n<p>Sollten Sie das Regal in Klarlack w\u00fcnschen, muss dies bei der Bestellung unbedingt angegeben werden.<\/p>\n<p>Sehr beliebte Regale, da es sich um eine intelligente und einfache Regalserie handelt, die den Anforderungen der meisten Menschen an flexible und funktionale Aufbewahrung gerecht wird. Die vielen Modelle und Individualisierungsm\u00f6glichkeiten machen es leicht, es ganz nach Ihren W\u00fcnschen zusammenzustellen.<\/p>\n<ul>\n<li>Mit robusten, feststellbaren Rollen und 4 mm starker R\u00fcckwand.<\/li>\n<li>Wenn Sie das Regal an die Wand montieren m\u00f6chten, wird es ohne Rollen und mit Aufh\u00e4ngeschiene geliefert.<\/li>\n<li>Wenn Sie eine Dekoration f\u00fcr bestimmte Zimmer w\u00fcnschen, geben Sie bitte die Zimmernummer an.<\/li>\n<li>Wer eine h\u00f6here Langlebigkeit des Regals w\u00fcnscht, kann die Deckplatte mit Laminat versehen und so die Lebensdauer des Regals erh\u00f6hen \u2013 Art.-Nr. 1324.<\/li>\n<li>Wenn Sie Laminat auf allen sichtbaren Fl\u00e4chen w\u00fcnschen, wenden Sie sich bitte an One Wood.<\/li>\n<\/ul>","protected":false},"excerpt":{"rendered":"<p>Mobil reol 1 rum i 18mm hvidpigmenteret birkekrydsfiner. \u00d8nskes reolen i klarlak, skal dette oplyses ved ordre. Meget popul\u00e6re reol, da det er en smart og enkel reolserie, der opfylder de flestes behov for fleksibel og funktionel opbevaring. De mange modeller og tilpasningsmuligheder, g\u00f8r det let at sammens\u00e6tte efter eget \u00f8nske. Leveres med kraftige l\u00e5sbare [&hellip;]<\/p>","protected":false},"featured_media":3630,"template":"","meta":[],"product_brand":[],"product_cat":[652,557,651],"product_tag":[],"class_list":{"0":"post-1686","1":"product","2":"type-product","3":"status-publish","4":"has-post-thumbnail","6":"product_cat-freja-18mm-birkekrydsfiner","7":"product_cat-reoler","8":"product_cat-freja","10":"first","11":"instock","12":"product-type-simple"},"yoast_head":"<!-- This site is optimized with the Yoast SEO plugin v24.4 - https:\/\/yoast.com\/wordpress\/plugins\/seo\/ -->\n<title>1301 - 1 rums modul | One Wood Furniture A\/S<\/title>\n<meta name=\"robots\" content=\"index, follow, max-snippet:-1, max-image-preview:large, max-video-preview:-1\" \/>\n<link rel=\"canonical\" href=\"https:\/\/onewood.dk\/de\/product\/1301-1-raummodul\/\" \/>\n<meta property=\"og:locale\" content=\"de_DE\" \/>\n<meta property=\"og:type\" content=\"article\" \/>\n<meta property=\"og:title\" content=\"1301 - 1 rums modul | One Wood Furniture A\/S\" \/>\n<meta property=\"og:description\" content=\"Mobil reol 1 rum i 18mm hvidpigmenteret birkekrydsfiner. \u00d8nskes reolen i klarlak, skal dette oplyses ved ordre. Meget popul\u00e6re reol, da det er en smart og enkel reolserie, der opfylder de flestes behov for fleksibel og funktionel opbevaring. De mange modeller og tilpasningsmuligheder, g\u00f8r det let at sammens\u00e6tte efter eget \u00f8nske. Leveres med kraftige l\u00e5sbare [&hellip;]\" \/>\n<meta property=\"og:url\" content=\"https:\/\/onewood.dk\/de\/product\/1301-1-raummodul\/\" \/>\n<meta property=\"og:site_name\" content=\"One Wood Furniture A\/S\" \/>\n<meta property=\"article:modified_time\" content=\"2025-02-11T08:02:48+00:00\" \/>\n<meta property=\"og:image\" content=\"https:\/\/onewood.dk\/wp-content\/uploads\/2024\/12\/4649-scaled.jpg\" \/>\n\t<meta property=\"og:image:width\" content=\"2560\" \/>\n\t<meta property=\"og:image:height\" content=\"1707\" \/>\n\t<meta property=\"og:image:type\" content=\"image\/jpeg\" \/>\n<meta name=\"twitter:card\" content=\"summary_large_image\" \/>\n<meta name=\"twitter:label1\" content=\"Gesch\u00e4tzte Lesezeit\" \/>\n\t<meta name=\"twitter:data1\" content=\"1\u00a0Minute\" \/>\n<script type=\"application\/ld+json\" class=\"yoast-schema-graph\">{\"@context\":\"https:\/\/schema.org\",\"@graph\":[{\"@type\":\"WebPage\",\"@id\":\"https:\/\/onewood.dk\/vare\/1301-1-rums-modul\/\",\"url\":\"https:\/\/onewood.dk\/vare\/1301-1-rums-modul\/\",\"name\":\"1301 - 1 rums modul | One Wood Furniture A\/S\",\"isPartOf\":{\"@id\":\"https:\/\/onewood.dk\/#website\"},\"primaryImageOfPage\":{\"@id\":\"https:\/\/onewood.dk\/vare\/1301-1-rums-modul\/#primaryimage\"},\"image\":{\"@id\":\"https:\/\/onewood.dk\/vare\/1301-1-rums-modul\/#primaryimage\"},\"thumbnailUrl\":\"https:\/\/onewood.dk\/wp-content\/uploads\/2024\/12\/4649-scaled.jpg\",\"datePublished\":\"2024-12-03T11:47:25+00:00\",\"dateModified\":\"2025-02-11T08:02:48+00:00\",\"breadcrumb\":{\"@id\":\"https:\/\/onewood.dk\/vare\/1301-1-rums-modul\/#breadcrumb\"},\"inLanguage\":\"de\",\"potentialAction\":[{\"@type\":\"ReadAction\",\"target\":[\"https:\/\/onewood.dk\/vare\/1301-1-rums-modul\/\"]}]},{\"@type\":\"ImageObject\",\"inLanguage\":\"de\",\"@id\":\"https:\/\/onewood.dk\/vare\/1301-1-rums-modul\/#primaryimage\",\"url\":\"https:\/\/onewood.dk\/wp-content\/uploads\/2024\/12\/4649-scaled.jpg\",\"contentUrl\":\"https:\/\/onewood.dk\/wp-content\/uploads\/2024\/12\/4649-scaled.jpg\",\"width\":2560,\"height\":1707},{\"@type\":\"BreadcrumbList\",\"@id\":\"https:\/\/onewood.dk\/vare\/1301-1-rums-modul\/#breadcrumb\",\"itemListElement\":[{\"@type\":\"ListItem\",\"position\":1,\"name\":\"Varer\",\"item\":\"https:\/\/onewood.dk\/shop\/\"},{\"@type\":\"ListItem\",\"position\":2,\"name\":\"Reoler\",\"item\":\"https:\/\/onewood.dk\/vare-kategori\/reoler\/\"},{\"@type\":\"ListItem\",\"position\":3,\"name\":\"Freja\",\"item\":\"https:\/\/onewood.dk\/vare-kategori\/reoler\/freja\/\"},{\"@type\":\"ListItem\",\"position\":4,\"name\":\"Freja 18mm birkekrydsfiner\",\"item\":\"https:\/\/onewood.dk\/vare-kategori\/reoler\/freja\/freja-18mm-birkekrydsfiner\/\"},{\"@type\":\"ListItem\",\"position\":5,\"name\":\"1301 &#8211; 1 rums modul\"}]},{\"@type\":\"WebSite\",\"@id\":\"https:\/\/onewood.dk\/#website\",\"url\":\"https:\/\/onewood.dk\/\",\"name\":\"One Wood Furniture A\/S\",\"description\":\"\",\"publisher\":{\"@id\":\"https:\/\/onewood.dk\/#organization\"},\"potentialAction\":[{\"@type\":\"SearchAction\",\"target\":{\"@type\":\"EntryPoint\",\"urlTemplate\":\"https:\/\/onewood.dk\/?s={search_term_string}\"},\"query-input\":{\"@type\":\"PropertyValueSpecification\",\"valueRequired\":true,\"valueName\":\"search_term_string\"}}],\"inLanguage\":\"de\"},{\"@type\":\"Organization\",\"@id\":\"https:\/\/onewood.dk\/#organization\",\"name\":\"One Wood Furniture A\/S\",\"url\":\"https:\/\/onewood.dk\/\",\"logo\":{\"@type\":\"ImageObject\",\"inLanguage\":\"de\",\"@id\":\"https:\/\/onewood.dk\/#\/schema\/logo\/image\/\",\"url\":\"https:\/\/onewood.dk\/wp-content\/uploads\/2024\/12\/Logo.png\",\"contentUrl\":\"https:\/\/onewood.dk\/wp-content\/uploads\/2024\/12\/Logo.png\",\"width\":180,\"height\":90,\"caption\":\"One Wood Furniture A\/S\"},\"image\":{\"@id\":\"https:\/\/onewood.dk\/#\/schema\/logo\/image\/\"}}]}<\/script>\n<!-- \/ Yoast SEO plugin. -->","yoast_head_json":{"title":"1301 - 1 rums modul | One Wood Furniture A\/S","robots":{"index":"index","follow":"follow","max-snippet":"max-snippet:-1","max-image-preview":"max-image-preview:large","max-video-preview":"max-video-preview:-1"},"canonical":"https:\/\/onewood.dk\/de\/product\/1301-1-raummodul\/","og_locale":"de_DE","og_type":"article","og_title":"1301 - 1 rums modul | One Wood Furniture A\/S","og_description":"Mobil reol 1 rum i 18mm hvidpigmenteret birkekrydsfiner. \u00d8nskes reolen i klarlak, skal dette oplyses ved ordre. Meget popul\u00e6re reol, da det er en smart og enkel reolserie, der opfylder de flestes behov for fleksibel og funktionel opbevaring. De mange modeller og tilpasningsmuligheder, g\u00f8r det let at sammens\u00e6tte efter eget \u00f8nske. Leveres med kraftige l\u00e5sbare [&hellip;]","og_url":"https:\/\/onewood.dk\/de\/product\/1301-1-raummodul\/","og_site_name":"One Wood Furniture A\/S","article_modified_time":"2025-02-11T08:02:48+00:00","og_image":[{"width":2560,"height":1707,"url":"https:\/\/onewood.dk\/wp-content\/uploads\/2024\/12\/4649-scaled.jpg","type":"image\/jpeg"}],"twitter_card":"summary_large_image","twitter_misc":{"Gesch\u00e4tzte Lesezeit":"1\u00a0Minute"},"schema":{"@context":"https:\/\/schema.org","@graph":[{"@type":"WebPage","@id":"https:\/\/onewood.dk\/vare\/1301-1-rums-modul\/","url":"https:\/\/onewood.dk\/vare\/1301-1-rums-modul\/","name":"1301 - 1 rums modul | One Wood Furniture A\/S","isPartOf":{"@id":"https:\/\/onewood.dk\/#website"},"primaryImageOfPage":{"@id":"https:\/\/onewood.dk\/vare\/1301-1-rums-modul\/#primaryimage"},"image":{"@id":"https:\/\/onewood.dk\/vare\/1301-1-rums-modul\/#primaryimage"},"thumbnailUrl":"https:\/\/onewood.dk\/wp-content\/uploads\/2024\/12\/4649-scaled.jpg","datePublished":"2024-12-03T11:47:25+00:00","dateModified":"2025-02-11T08:02:48+00:00","breadcrumb":{"@id":"https:\/\/onewood.dk\/vare\/1301-1-rums-modul\/#breadcrumb"},"inLanguage":"de","potentialAction":[{"@type":"ReadAction","target":["https:\/\/onewood.dk\/vare\/1301-1-rums-modul\/"]}]},{"@type":"ImageObject","inLanguage":"de","@id":"https:\/\/onewood.dk\/vare\/1301-1-rums-modul\/#primaryimage","url":"https:\/\/onewood.dk\/wp-content\/uploads\/2024\/12\/4649-scaled.jpg","contentUrl":"https:\/\/onewood.dk\/wp-content\/uploads\/2024\/12\/4649-scaled.jpg","width":2560,"height":1707},{"@type":"BreadcrumbList","@id":"https:\/\/onewood.dk\/vare\/1301-1-rums-modul\/#breadcrumb","itemListElement":[{"@type":"ListItem","position":1,"name":"Varer","item":"https:\/\/onewood.dk\/shop\/"},{"@type":"ListItem","position":2,"name":"Reoler","item":"https:\/\/onewood.dk\/vare-kategori\/reoler\/"},{"@type":"ListItem","position":3,"name":"Freja","item":"https:\/\/onewood.dk\/vare-kategori\/reoler\/freja\/"},{"@type":"ListItem","position":4,"name":"Freja 18mm birkekrydsfiner","item":"https:\/\/onewood.dk\/vare-kategori\/reoler\/freja\/freja-18mm-birkekrydsfiner\/"},{"@type":"ListItem","position":5,"name":"1301 &#8211; 1 rums modul"}]},{"@type":"WebSite","@id":"https:\/\/onewood.dk\/#website","url":"https:\/\/onewood.dk\/","name":"One Wood Furniture A\/S","description":"","publisher":{"@id":"https:\/\/onewood.dk\/#organization"},"potentialAction":[{"@type":"SearchAction","target":{"@type":"EntryPoint","urlTemplate":"https:\/\/onewood.dk\/?s={search_term_string}"},"query-input":{"@type":"PropertyValueSpecification","valueRequired":true,"valueName":"search_term_string"}}],"inLanguage":"de"},{"@type":"Organization","@id":"https:\/\/onewood.dk\/#organization","name":"One Wood Furniture A\/S","url":"https:\/\/onewood.dk\/","logo":{"@type":"ImageObject","inLanguage":"de","@id":"https:\/\/onewood.dk\/#\/schema\/logo\/image\/","url":"https:\/\/onewood.dk\/wp-content\/uploads\/2024\/12\/Logo.png","contentUrl":"https:\/\/onewood.dk\/wp-content\/uploads\/2024\/12\/Logo.png","width":180,"height":90,"caption":"One Wood Furniture A\/S"},"image":{"@id":"https:\/\/onewood.dk\/#\/schema\/logo\/image\/"}}]}},"_links":{"self":[{"href":"https:\/\/onewood.dk\/de\/wp-json\/wp\/v2\/product\/1686","targetHints":{"allow":["GET"]}}],"collection":[{"href":"https:\/\/onewood.dk\/de\/wp-json\/wp\/v2\/product"}],"about":[{"href":"https:\/\/onewood.dk\/de\/wp-json\/wp\/v2\/types\/product"}],"wp:featuredmedia":[{"embeddable":true,"href":"https:\/\/onewood.dk\/de\/wp-json\/wp\/v2\/media\/3630"}],"wp:attachment":[{"href":"https:\/\/onewood.dk\/de\/wp-json\/wp\/v2\/media?parent=1686"}],"wp:term":[{"taxonomy":"product_brand","embeddable":true,"href":"https:\/\/onewood.dk\/de\/wp-json\/wp\/v2\/product_brand?post=1686"},{"taxonomy":"product_cat","embeddable":true,"href":"https:\/\/onewood.dk\/de\/wp-json\/wp\/v2\/product_cat?post=1686"},{"taxonomy":"product_tag","embeddable":true,"href":"https:\/\/onewood.dk\/de\/wp-json\/wp\/v2\/product_tag?post=1686"}],"curies":[{"name":"wp","href":"https:\/\/api.w.org\/{rel}","templated":true}]}}