{"id":1691,"date":"2024-12-03T12:47:28","date_gmt":"2024-12-03T11:47:28","guid":{"rendered":"https:\/\/onewood.dkvare\/1306h-6-rums-modul-hoej\/"},"modified":"2025-02-11T09:11:18","modified_gmt":"2025-02-11T08:11:18","slug":"1306h-6-rums-modul-hoej","status":"publish","type":"product","link":"https:\/\/onewood.dk\/de\/product\/1306h-6-fach-modul-hoch\/","title":{"rendered":"1306H \u2013 6-Fach-Modul \u2013 hoch"},"content":{"rendered":"<p>Mobiles Regal mit 6 F\u00e4chern aus 18 mm wei\u00df pigmentiertem Birkensperrholz.<\/p>\n<p>Sollten Sie das Regal in Klarlack w\u00fcnschen, muss dies bei der Bestellung unbedingt angegeben werden.<\/p>\n<p>Sehr beliebte Regale, da es sich um eine intelligente und einfache Regalserie handelt, die den Anforderungen der meisten Menschen an flexible und funktionale Aufbewahrung gerecht wird. Die vielen Modelle und Individualisierungsm\u00f6glichkeiten machen es leicht, es ganz nach Ihren W\u00fcnschen zusammenzustellen.<\/p>\n<ul>\n<li>Mit robusten, feststellbaren Rollen und 4 mm starker R\u00fcckwand.<\/li>\n<li>Wenn Sie das Regal an die Wand montieren m\u00f6chten, wird es ohne Rollen und mit Aufh\u00e4ngeschiene geliefert.<\/li>\n<li>Wenn Sie eine Dekoration f\u00fcr bestimmte Zimmer w\u00fcnschen, geben Sie bitte die Zimmernummer an.<\/li>\n<li>\u00d8nskes reolen mere slidst\u00e6rk, kan der tilf\u00f8res laminat p\u00e5 toppladen og dermed \u00f8ge levetiden p\u00e5 reolen &#8211; varenr. xxxx.<\/li>\n<li>Wenn Sie Laminat auf allen sichtbaren Fl\u00e4chen w\u00fcnschen, wenden Sie sich bitte an One Wood.<\/li>\n<\/ul>","protected":false},"excerpt":{"rendered":"<p>Mobiles Regal mit 6 F\u00e4chern aus 18 mm starkem, wei\u00df pigmentiertem Birkensperrholz. Wird das Regal in Klarlack gew\u00fcnscht, bitte bei der Bestellung angeben. Sehr beliebtes Regal, da es sich um eine elegante und schlichte Regalserie handelt, die den Bed\u00fcrfnissen der meisten Menschen nach flexibler und funktionaler Aufbewahrung gerecht wird. Die vielen Modelle und Anpassungsm\u00f6glichkeiten erm\u00f6glichen eine einfache Zusammenstellung nach Ihren W\u00fcnschen. Lieferung mit stabilem, abschlie\u00dfbarem [\u2026]<\/p>","protected":false},"featured_media":3645,"template":"","meta":[],"product_brand":[],"product_cat":[652,557,651],"product_tag":[],"class_list":{"0":"post-1691","1":"product","2":"type-product","3":"status-publish","4":"has-post-thumbnail","6":"product_cat-freja-18mm-birkekrydsfiner","7":"product_cat-reoler","8":"product_cat-freja","10":"first","11":"instock","12":"product-type-simple"},"yoast_head":"<!-- This site is optimized with the Yoast SEO plugin v24.4 - https:\/\/yoast.com\/wordpress\/plugins\/seo\/ -->\n<title>1306H - 6 rums modul - h\u00f8j | One Wood Furniture A\/S<\/title>\n<meta name=\"robots\" content=\"index, follow, max-snippet:-1, max-image-preview:large, max-video-preview:-1\" \/>\n<link rel=\"canonical\" href=\"https:\/\/onewood.dk\/de\/product\/1306h-6-fach-modul-hoch\/\" \/>\n<meta property=\"og:locale\" content=\"de_DE\" \/>\n<meta property=\"og:type\" content=\"article\" \/>\n<meta property=\"og:title\" content=\"1306H - 6 rums modul - h\u00f8j | One Wood Furniture A\/S\" \/>\n<meta property=\"og:description\" content=\"Mobil reol 6 rum i 18mm hvidpigmenteret birkekrydsfiner. \u00d8nskes reolen i klarlak, skal dette oplyses ved ordre. Meget popul\u00e6re reol, da det er en smart og enkel reolserie, der opfylder de flestes behov for fleksibel og funktionel opbevaring. De mange modeller og tilpasningsmuligheder, g\u00f8r det let at sammens\u00e6tte efter eget \u00f8nske. Leveres med kraftige l\u00e5sbare [&hellip;]\" \/>\n<meta property=\"og:url\" content=\"https:\/\/onewood.dk\/de\/product\/1306h-6-fach-modul-hoch\/\" \/>\n<meta property=\"og:site_name\" content=\"One Wood Furniture A\/S\" \/>\n<meta property=\"article:modified_time\" content=\"2025-02-11T08:11:18+00:00\" \/>\n<meta property=\"og:image\" content=\"https:\/\/onewood.dk\/wp-content\/uploads\/2024\/12\/4659-scaled.jpg\" \/>\n\t<meta property=\"og:image:width\" content=\"2560\" \/>\n\t<meta property=\"og:image:height\" content=\"1707\" \/>\n\t<meta property=\"og:image:type\" content=\"image\/jpeg\" \/>\n<meta name=\"twitter:card\" content=\"summary_large_image\" \/>\n<meta name=\"twitter:label1\" content=\"Gesch\u00e4tzte Lesezeit\" \/>\n\t<meta name=\"twitter:data1\" content=\"1\u00a0Minute\" \/>\n<script type=\"application\/ld+json\" class=\"yoast-schema-graph\">{\"@context\":\"https:\/\/schema.org\",\"@graph\":[{\"@type\":\"WebPage\",\"@id\":\"https:\/\/onewood.dk\/vare\/1306h-6-rums-modul-hoej\/\",\"url\":\"https:\/\/onewood.dk\/vare\/1306h-6-rums-modul-hoej\/\",\"name\":\"1306H - 6 rums modul - h\u00f8j | One Wood Furniture A\/S\",\"isPartOf\":{\"@id\":\"https:\/\/onewood.dk\/#website\"},\"primaryImageOfPage\":{\"@id\":\"https:\/\/onewood.dk\/vare\/1306h-6-rums-modul-hoej\/#primaryimage\"},\"image\":{\"@id\":\"https:\/\/onewood.dk\/vare\/1306h-6-rums-modul-hoej\/#primaryimage\"},\"thumbnailUrl\":\"https:\/\/onewood.dk\/wp-content\/uploads\/2024\/12\/4659-scaled.jpg\",\"datePublished\":\"2024-12-03T11:47:28+00:00\",\"dateModified\":\"2025-02-11T08:11:18+00:00\",\"breadcrumb\":{\"@id\":\"https:\/\/onewood.dk\/vare\/1306h-6-rums-modul-hoej\/#breadcrumb\"},\"inLanguage\":\"de\",\"potentialAction\":[{\"@type\":\"ReadAction\",\"target\":[\"https:\/\/onewood.dk\/vare\/1306h-6-rums-modul-hoej\/\"]}]},{\"@type\":\"ImageObject\",\"inLanguage\":\"de\",\"@id\":\"https:\/\/onewood.dk\/vare\/1306h-6-rums-modul-hoej\/#primaryimage\",\"url\":\"https:\/\/onewood.dk\/wp-content\/uploads\/2024\/12\/4659-scaled.jpg\",\"contentUrl\":\"https:\/\/onewood.dk\/wp-content\/uploads\/2024\/12\/4659-scaled.jpg\",\"width\":2560,\"height\":1707},{\"@type\":\"BreadcrumbList\",\"@id\":\"https:\/\/onewood.dk\/vare\/1306h-6-rums-modul-hoej\/#breadcrumb\",\"itemListElement\":[{\"@type\":\"ListItem\",\"position\":1,\"name\":\"Varer\",\"item\":\"https:\/\/onewood.dk\/shop\/\"},{\"@type\":\"ListItem\",\"position\":2,\"name\":\"Reoler\",\"item\":\"https:\/\/onewood.dk\/vare-kategori\/reoler\/\"},{\"@type\":\"ListItem\",\"position\":3,\"name\":\"Freja\",\"item\":\"https:\/\/onewood.dk\/vare-kategori\/reoler\/freja\/\"},{\"@type\":\"ListItem\",\"position\":4,\"name\":\"Freja 18mm birkekrydsfiner\",\"item\":\"https:\/\/onewood.dk\/vare-kategori\/reoler\/freja\/freja-18mm-birkekrydsfiner\/\"},{\"@type\":\"ListItem\",\"position\":5,\"name\":\"1306H &#8211; 6 rums modul &#8211; h\u00f8j\"}]},{\"@type\":\"WebSite\",\"@id\":\"https:\/\/onewood.dk\/#website\",\"url\":\"https:\/\/onewood.dk\/\",\"name\":\"One Wood Furniture A\/S\",\"description\":\"\",\"publisher\":{\"@id\":\"https:\/\/onewood.dk\/#organization\"},\"potentialAction\":[{\"@type\":\"SearchAction\",\"target\":{\"@type\":\"EntryPoint\",\"urlTemplate\":\"https:\/\/onewood.dk\/?s={search_term_string}\"},\"query-input\":{\"@type\":\"PropertyValueSpecification\",\"valueRequired\":true,\"valueName\":\"search_term_string\"}}],\"inLanguage\":\"de\"},{\"@type\":\"Organization\",\"@id\":\"https:\/\/onewood.dk\/#organization\",\"name\":\"One Wood Furniture A\/S\",\"url\":\"https:\/\/onewood.dk\/\",\"logo\":{\"@type\":\"ImageObject\",\"inLanguage\":\"de\",\"@id\":\"https:\/\/onewood.dk\/#\/schema\/logo\/image\/\",\"url\":\"https:\/\/onewood.dk\/wp-content\/uploads\/2024\/12\/Logo.png\",\"contentUrl\":\"https:\/\/onewood.dk\/wp-content\/uploads\/2024\/12\/Logo.png\",\"width\":180,\"height\":90,\"caption\":\"One Wood Furniture A\/S\"},\"image\":{\"@id\":\"https:\/\/onewood.dk\/#\/schema\/logo\/image\/\"}}]}<\/script>\n<!-- \/ Yoast SEO plugin. -->","yoast_head_json":{"title":"1306H - 6 rums modul - h\u00f8j | One Wood Furniture A\/S","robots":{"index":"index","follow":"follow","max-snippet":"max-snippet:-1","max-image-preview":"max-image-preview:large","max-video-preview":"max-video-preview:-1"},"canonical":"https:\/\/onewood.dk\/de\/product\/1306h-6-fach-modul-hoch\/","og_locale":"de_DE","og_type":"article","og_title":"1306H - 6 rums modul - h\u00f8j | One Wood Furniture A\/S","og_description":"Mobil reol 6 rum i 18mm hvidpigmenteret birkekrydsfiner. \u00d8nskes reolen i klarlak, skal dette oplyses ved ordre. Meget popul\u00e6re reol, da det er en smart og enkel reolserie, der opfylder de flestes behov for fleksibel og funktionel opbevaring. De mange modeller og tilpasningsmuligheder, g\u00f8r det let at sammens\u00e6tte efter eget \u00f8nske. Leveres med kraftige l\u00e5sbare [&hellip;]","og_url":"https:\/\/onewood.dk\/de\/product\/1306h-6-fach-modul-hoch\/","og_site_name":"One Wood Furniture A\/S","article_modified_time":"2025-02-11T08:11:18+00:00","og_image":[{"width":2560,"height":1707,"url":"https:\/\/onewood.dk\/wp-content\/uploads\/2024\/12\/4659-scaled.jpg","type":"image\/jpeg"}],"twitter_card":"summary_large_image","twitter_misc":{"Gesch\u00e4tzte Lesezeit":"1\u00a0Minute"},"schema":{"@context":"https:\/\/schema.org","@graph":[{"@type":"WebPage","@id":"https:\/\/onewood.dk\/vare\/1306h-6-rums-modul-hoej\/","url":"https:\/\/onewood.dk\/vare\/1306h-6-rums-modul-hoej\/","name":"1306H - 6 rums modul - h\u00f8j | One Wood Furniture A\/S","isPartOf":{"@id":"https:\/\/onewood.dk\/#website"},"primaryImageOfPage":{"@id":"https:\/\/onewood.dk\/vare\/1306h-6-rums-modul-hoej\/#primaryimage"},"image":{"@id":"https:\/\/onewood.dk\/vare\/1306h-6-rums-modul-hoej\/#primaryimage"},"thumbnailUrl":"https:\/\/onewood.dk\/wp-content\/uploads\/2024\/12\/4659-scaled.jpg","datePublished":"2024-12-03T11:47:28+00:00","dateModified":"2025-02-11T08:11:18+00:00","breadcrumb":{"@id":"https:\/\/onewood.dk\/vare\/1306h-6-rums-modul-hoej\/#breadcrumb"},"inLanguage":"de","potentialAction":[{"@type":"ReadAction","target":["https:\/\/onewood.dk\/vare\/1306h-6-rums-modul-hoej\/"]}]},{"@type":"ImageObject","inLanguage":"de","@id":"https:\/\/onewood.dk\/vare\/1306h-6-rums-modul-hoej\/#primaryimage","url":"https:\/\/onewood.dk\/wp-content\/uploads\/2024\/12\/4659-scaled.jpg","contentUrl":"https:\/\/onewood.dk\/wp-content\/uploads\/2024\/12\/4659-scaled.jpg","width":2560,"height":1707},{"@type":"BreadcrumbList","@id":"https:\/\/onewood.dk\/vare\/1306h-6-rums-modul-hoej\/#breadcrumb","itemListElement":[{"@type":"ListItem","position":1,"name":"Varer","item":"https:\/\/onewood.dk\/shop\/"},{"@type":"ListItem","position":2,"name":"Reoler","item":"https:\/\/onewood.dk\/vare-kategori\/reoler\/"},{"@type":"ListItem","position":3,"name":"Freja","item":"https:\/\/onewood.dk\/vare-kategori\/reoler\/freja\/"},{"@type":"ListItem","position":4,"name":"Freja 18mm birkekrydsfiner","item":"https:\/\/onewood.dk\/vare-kategori\/reoler\/freja\/freja-18mm-birkekrydsfiner\/"},{"@type":"ListItem","position":5,"name":"1306H &#8211; 6 rums modul &#8211; h\u00f8j"}]},{"@type":"WebSite","@id":"https:\/\/onewood.dk\/#website","url":"https:\/\/onewood.dk\/","name":"One Wood Furniture A\/S","description":"","publisher":{"@id":"https:\/\/onewood.dk\/#organization"},"potentialAction":[{"@type":"SearchAction","target":{"@type":"EntryPoint","urlTemplate":"https:\/\/onewood.dk\/?s={search_term_string}"},"query-input":{"@type":"PropertyValueSpecification","valueRequired":true,"valueName":"search_term_string"}}],"inLanguage":"de"},{"@type":"Organization","@id":"https:\/\/onewood.dk\/#organization","name":"One Wood Furniture A\/S","url":"https:\/\/onewood.dk\/","logo":{"@type":"ImageObject","inLanguage":"de","@id":"https:\/\/onewood.dk\/#\/schema\/logo\/image\/","url":"https:\/\/onewood.dk\/wp-content\/uploads\/2024\/12\/Logo.png","contentUrl":"https:\/\/onewood.dk\/wp-content\/uploads\/2024\/12\/Logo.png","width":180,"height":90,"caption":"One Wood Furniture A\/S"},"image":{"@id":"https:\/\/onewood.dk\/#\/schema\/logo\/image\/"}}]}},"_links":{"self":[{"href":"https:\/\/onewood.dk\/de\/wp-json\/wp\/v2\/product\/1691","targetHints":{"allow":["GET"]}}],"collection":[{"href":"https:\/\/onewood.dk\/de\/wp-json\/wp\/v2\/product"}],"about":[{"href":"https:\/\/onewood.dk\/de\/wp-json\/wp\/v2\/types\/product"}],"wp:featuredmedia":[{"embeddable":true,"href":"https:\/\/onewood.dk\/de\/wp-json\/wp\/v2\/media\/3645"}],"wp:attachment":[{"href":"https:\/\/onewood.dk\/de\/wp-json\/wp\/v2\/media?parent=1691"}],"wp:term":[{"taxonomy":"product_brand","embeddable":true,"href":"https:\/\/onewood.dk\/de\/wp-json\/wp\/v2\/product_brand?post=1691"},{"taxonomy":"product_cat","embeddable":true,"href":"https:\/\/onewood.dk\/de\/wp-json\/wp\/v2\/product_cat?post=1691"},{"taxonomy":"product_tag","embeddable":true,"href":"https:\/\/onewood.dk\/de\/wp-json\/wp\/v2\/product_tag?post=1691"}],"curies":[{"name":"wp","href":"https:\/\/api.w.org\/{rel}","templated":true}]}}