{"id":1723,"date":"2024-12-03T12:47:32","date_gmt":"2024-12-03T11:47:32","guid":{"rendered":"https:\/\/onewood.dkvare\/8130p-plexiglas-bagplade\/"},"modified":"2024-12-03T13:21:45","modified_gmt":"2024-12-03T12:21:45","slug":"8130p-plexiglas-bagplade","status":"publish","type":"product","link":"https:\/\/onewood.dk\/de\/product\/8130p-plexiglas-ruckplatte\/","title":{"rendered":"8130P \u2013 Plexiglas-R\u00fcckplatte"},"content":{"rendered":"<p>3mm farbiges Plexiglas zur Verwendung als R\u00fcckwand in unseren Kubus-Regalen<\/p>\n<p>Verf\u00fcgbar in 4 Farben<\/p>\n<p>Gestalten Sie Ihr eigenes Innendesign mit wundersch\u00f6nen Regalen von One Wood.<\/p>\n<p>3mm Plexiglas auf der R\u00fcckseite sorgt f\u00fcr ein tolles Design, sch\u00f6nes und abwechslungsreiches Licht im Raum.<\/p>\n<p>Die Farben k\u00f6nnen beliebig platziert werden. Lieferbar in allen One Wood W\u00fcrfelregalen.<\/p>\n<p>Bestell-Artikel-Nr. 8130 pro. Zimmer<\/p>","protected":false},"excerpt":{"rendered":"<p>3 mm starkes, farbiges Plexiglas zur Verwendung als R\u00fcckwand in unseren Kubus-Regalen. Erh\u00e4ltlich in 4 Farben. Gestalten Sie Ihr eigenes Interieur mit wundersch\u00f6nen Regalen von One Wood. 3 mm starkes Plexiglas an der R\u00fcckwand sorgt f\u00fcr ein fantastisches Design und sch\u00f6nes und abwechslungsreiches Licht im Raum. Die Farben k\u00f6nnen nach Belieben platziert werden. Lieferbar in allen One Wood W\u00fcrfelregalen. Bestell-Artikelnr. [\u2026]<\/p>","protected":false},"featured_media":3747,"template":"","meta":[],"product_brand":[],"product_cat":[606,557,607],"product_tag":[],"class_list":{"0":"post-1723","1":"product","2":"type-product","3":"status-publish","4":"has-post-thumbnail","6":"product_cat-kubus","7":"product_cat-reoler","8":"product_cat-tilbehoer-kubus","10":"first","11":"instock","12":"product-type-simple"},"yoast_head":"<!-- This site is optimized with the Yoast SEO plugin v24.4 - https:\/\/yoast.com\/wordpress\/plugins\/seo\/ -->\n<title>8130P - Plexiglas bagplade | One Wood Furniture A\/S<\/title>\n<meta name=\"robots\" content=\"index, follow, max-snippet:-1, max-image-preview:large, max-video-preview:-1\" \/>\n<link rel=\"canonical\" href=\"https:\/\/onewood.dk\/de\/product\/8130p-plexiglas-ruckplatte\/\" \/>\n<meta property=\"og:locale\" content=\"de_DE\" \/>\n<meta property=\"og:type\" content=\"article\" \/>\n<meta property=\"og:title\" content=\"8130P - Plexiglas bagplade | One Wood Furniture A\/S\" \/>\n<meta property=\"og:description\" content=\"3mm farvet plexiglas til brug som bagplade i vores Kubus reoler Findes i 4 farver Skab din egen indretning med flotte reoler fra One Wood. 3mm plexiglas i ryggen giver et fantastisk design, smukt og varieret lys i rummet. Farverne kan placeres efter eget &oslash;nske. Kan leveres i alle One Wood kubus reoler. Bestil varenr. [&hellip;]\" \/>\n<meta property=\"og:url\" content=\"https:\/\/onewood.dk\/de\/product\/8130p-plexiglas-ruckplatte\/\" \/>\n<meta property=\"og:site_name\" content=\"One Wood Furniture A\/S\" \/>\n<meta property=\"article:modified_time\" content=\"2024-12-03T12:21:45+00:00\" \/>\n<meta property=\"og:image\" content=\"https:\/\/onewood.dk\/wp-content\/uploads\/2024\/12\/4695-scaled.jpg\" \/>\n\t<meta property=\"og:image:width\" content=\"2560\" \/>\n\t<meta property=\"og:image:height\" content=\"1920\" \/>\n\t<meta property=\"og:image:type\" content=\"image\/jpeg\" \/>\n<meta name=\"twitter:card\" content=\"summary_large_image\" \/>\n<script type=\"application\/ld+json\" class=\"yoast-schema-graph\">{\"@context\":\"https:\/\/schema.org\",\"@graph\":[{\"@type\":\"WebPage\",\"@id\":\"https:\/\/onewood.dk\/vare\/8130p-plexiglas-bagplade\/\",\"url\":\"https:\/\/onewood.dk\/vare\/8130p-plexiglas-bagplade\/\",\"name\":\"8130P - Plexiglas bagplade | One Wood Furniture A\/S\",\"isPartOf\":{\"@id\":\"https:\/\/onewood.dk\/#website\"},\"primaryImageOfPage\":{\"@id\":\"https:\/\/onewood.dk\/vare\/8130p-plexiglas-bagplade\/#primaryimage\"},\"image\":{\"@id\":\"https:\/\/onewood.dk\/vare\/8130p-plexiglas-bagplade\/#primaryimage\"},\"thumbnailUrl\":\"https:\/\/onewood.dk\/wp-content\/uploads\/2024\/12\/4695-scaled.jpg\",\"datePublished\":\"2024-12-03T11:47:32+00:00\",\"dateModified\":\"2024-12-03T12:21:45+00:00\",\"breadcrumb\":{\"@id\":\"https:\/\/onewood.dk\/vare\/8130p-plexiglas-bagplade\/#breadcrumb\"},\"inLanguage\":\"de\",\"potentialAction\":[{\"@type\":\"ReadAction\",\"target\":[\"https:\/\/onewood.dk\/vare\/8130p-plexiglas-bagplade\/\"]}]},{\"@type\":\"ImageObject\",\"inLanguage\":\"de\",\"@id\":\"https:\/\/onewood.dk\/vare\/8130p-plexiglas-bagplade\/#primaryimage\",\"url\":\"https:\/\/onewood.dk\/wp-content\/uploads\/2024\/12\/4695-scaled.jpg\",\"contentUrl\":\"https:\/\/onewood.dk\/wp-content\/uploads\/2024\/12\/4695-scaled.jpg\",\"width\":2560,\"height\":1920},{\"@type\":\"BreadcrumbList\",\"@id\":\"https:\/\/onewood.dk\/vare\/8130p-plexiglas-bagplade\/#breadcrumb\",\"itemListElement\":[{\"@type\":\"ListItem\",\"position\":1,\"name\":\"Varer\",\"item\":\"https:\/\/onewood.dk\/shop\/\"},{\"@type\":\"ListItem\",\"position\":2,\"name\":\"Reoler\",\"item\":\"https:\/\/onewood.dk\/vare-kategori\/reoler\/\"},{\"@type\":\"ListItem\",\"position\":3,\"name\":\"Kubus\",\"item\":\"https:\/\/onewood.dk\/vare-kategori\/reoler\/kubus\/\"},{\"@type\":\"ListItem\",\"position\":4,\"name\":\"Tilbeh\u00f8r Kubus\",\"item\":\"https:\/\/onewood.dk\/vare-kategori\/reoler\/kubus\/tilbehoer-kubus\/\"},{\"@type\":\"ListItem\",\"position\":5,\"name\":\"8130P &#8211; Plexiglas bagplade\"}]},{\"@type\":\"WebSite\",\"@id\":\"https:\/\/onewood.dk\/#website\",\"url\":\"https:\/\/onewood.dk\/\",\"name\":\"One Wood Furniture A\/S\",\"description\":\"\",\"publisher\":{\"@id\":\"https:\/\/onewood.dk\/#organization\"},\"potentialAction\":[{\"@type\":\"SearchAction\",\"target\":{\"@type\":\"EntryPoint\",\"urlTemplate\":\"https:\/\/onewood.dk\/?s={search_term_string}\"},\"query-input\":{\"@type\":\"PropertyValueSpecification\",\"valueRequired\":true,\"valueName\":\"search_term_string\"}}],\"inLanguage\":\"de\"},{\"@type\":\"Organization\",\"@id\":\"https:\/\/onewood.dk\/#organization\",\"name\":\"One Wood Furniture A\/S\",\"url\":\"https:\/\/onewood.dk\/\",\"logo\":{\"@type\":\"ImageObject\",\"inLanguage\":\"de\",\"@id\":\"https:\/\/onewood.dk\/#\/schema\/logo\/image\/\",\"url\":\"https:\/\/onewood.dk\/wp-content\/uploads\/2024\/12\/Logo.png\",\"contentUrl\":\"https:\/\/onewood.dk\/wp-content\/uploads\/2024\/12\/Logo.png\",\"width\":180,\"height\":90,\"caption\":\"One Wood Furniture A\/S\"},\"image\":{\"@id\":\"https:\/\/onewood.dk\/#\/schema\/logo\/image\/\"}}]}<\/script>\n<!-- \/ Yoast SEO plugin. -->","yoast_head_json":{"title":"8130P - Plexiglas bagplade | One Wood Furniture A\/S","robots":{"index":"index","follow":"follow","max-snippet":"max-snippet:-1","max-image-preview":"max-image-preview:large","max-video-preview":"max-video-preview:-1"},"canonical":"https:\/\/onewood.dk\/de\/product\/8130p-plexiglas-ruckplatte\/","og_locale":"de_DE","og_type":"article","og_title":"8130P - Plexiglas bagplade | One Wood Furniture A\/S","og_description":"3mm farvet plexiglas til brug som bagplade i vores Kubus reoler Findes i 4 farver Skab din egen indretning med flotte reoler fra One Wood. 3mm plexiglas i ryggen giver et fantastisk design, smukt og varieret lys i rummet. Farverne kan placeres efter eget &oslash;nske. Kan leveres i alle One Wood kubus reoler. Bestil varenr. [&hellip;]","og_url":"https:\/\/onewood.dk\/de\/product\/8130p-plexiglas-ruckplatte\/","og_site_name":"One Wood Furniture A\/S","article_modified_time":"2024-12-03T12:21:45+00:00","og_image":[{"width":2560,"height":1920,"url":"https:\/\/onewood.dk\/wp-content\/uploads\/2024\/12\/4695-scaled.jpg","type":"image\/jpeg"}],"twitter_card":"summary_large_image","schema":{"@context":"https:\/\/schema.org","@graph":[{"@type":"WebPage","@id":"https:\/\/onewood.dk\/vare\/8130p-plexiglas-bagplade\/","url":"https:\/\/onewood.dk\/vare\/8130p-plexiglas-bagplade\/","name":"8130P - Plexiglas bagplade | One Wood Furniture A\/S","isPartOf":{"@id":"https:\/\/onewood.dk\/#website"},"primaryImageOfPage":{"@id":"https:\/\/onewood.dk\/vare\/8130p-plexiglas-bagplade\/#primaryimage"},"image":{"@id":"https:\/\/onewood.dk\/vare\/8130p-plexiglas-bagplade\/#primaryimage"},"thumbnailUrl":"https:\/\/onewood.dk\/wp-content\/uploads\/2024\/12\/4695-scaled.jpg","datePublished":"2024-12-03T11:47:32+00:00","dateModified":"2024-12-03T12:21:45+00:00","breadcrumb":{"@id":"https:\/\/onewood.dk\/vare\/8130p-plexiglas-bagplade\/#breadcrumb"},"inLanguage":"de","potentialAction":[{"@type":"ReadAction","target":["https:\/\/onewood.dk\/vare\/8130p-plexiglas-bagplade\/"]}]},{"@type":"ImageObject","inLanguage":"de","@id":"https:\/\/onewood.dk\/vare\/8130p-plexiglas-bagplade\/#primaryimage","url":"https:\/\/onewood.dk\/wp-content\/uploads\/2024\/12\/4695-scaled.jpg","contentUrl":"https:\/\/onewood.dk\/wp-content\/uploads\/2024\/12\/4695-scaled.jpg","width":2560,"height":1920},{"@type":"BreadcrumbList","@id":"https:\/\/onewood.dk\/vare\/8130p-plexiglas-bagplade\/#breadcrumb","itemListElement":[{"@type":"ListItem","position":1,"name":"Varer","item":"https:\/\/onewood.dk\/shop\/"},{"@type":"ListItem","position":2,"name":"Reoler","item":"https:\/\/onewood.dk\/vare-kategori\/reoler\/"},{"@type":"ListItem","position":3,"name":"Kubus","item":"https:\/\/onewood.dk\/vare-kategori\/reoler\/kubus\/"},{"@type":"ListItem","position":4,"name":"Tilbeh\u00f8r Kubus","item":"https:\/\/onewood.dk\/vare-kategori\/reoler\/kubus\/tilbehoer-kubus\/"},{"@type":"ListItem","position":5,"name":"8130P &#8211; Plexiglas bagplade"}]},{"@type":"WebSite","@id":"https:\/\/onewood.dk\/#website","url":"https:\/\/onewood.dk\/","name":"One Wood Furniture A\/S","description":"","publisher":{"@id":"https:\/\/onewood.dk\/#organization"},"potentialAction":[{"@type":"SearchAction","target":{"@type":"EntryPoint","urlTemplate":"https:\/\/onewood.dk\/?s={search_term_string}"},"query-input":{"@type":"PropertyValueSpecification","valueRequired":true,"valueName":"search_term_string"}}],"inLanguage":"de"},{"@type":"Organization","@id":"https:\/\/onewood.dk\/#organization","name":"One Wood Furniture A\/S","url":"https:\/\/onewood.dk\/","logo":{"@type":"ImageObject","inLanguage":"de","@id":"https:\/\/onewood.dk\/#\/schema\/logo\/image\/","url":"https:\/\/onewood.dk\/wp-content\/uploads\/2024\/12\/Logo.png","contentUrl":"https:\/\/onewood.dk\/wp-content\/uploads\/2024\/12\/Logo.png","width":180,"height":90,"caption":"One Wood Furniture A\/S"},"image":{"@id":"https:\/\/onewood.dk\/#\/schema\/logo\/image\/"}}]}},"_links":{"self":[{"href":"https:\/\/onewood.dk\/de\/wp-json\/wp\/v2\/product\/1723","targetHints":{"allow":["GET"]}}],"collection":[{"href":"https:\/\/onewood.dk\/de\/wp-json\/wp\/v2\/product"}],"about":[{"href":"https:\/\/onewood.dk\/de\/wp-json\/wp\/v2\/types\/product"}],"wp:featuredmedia":[{"embeddable":true,"href":"https:\/\/onewood.dk\/de\/wp-json\/wp\/v2\/media\/3747"}],"wp:attachment":[{"href":"https:\/\/onewood.dk\/de\/wp-json\/wp\/v2\/media?parent=1723"}],"wp:term":[{"taxonomy":"product_brand","embeddable":true,"href":"https:\/\/onewood.dk\/de\/wp-json\/wp\/v2\/product_brand?post=1723"},{"taxonomy":"product_cat","embeddable":true,"href":"https:\/\/onewood.dk\/de\/wp-json\/wp\/v2\/product_cat?post=1723"},{"taxonomy":"product_tag","embeddable":true,"href":"https:\/\/onewood.dk\/de\/wp-json\/wp\/v2\/product_tag?post=1723"}],"curies":[{"name":"wp","href":"https:\/\/api.w.org\/{rel}","templated":true}]}}