{"id":1742,"date":"2024-12-03T12:47:35","date_gmt":"2024-12-03T11:47:35","guid":{"rendered":"https:\/\/onewood.dkvare\/9014m-oe1200mm\/"},"modified":"2025-02-25T10:45:11","modified_gmt":"2025-02-25T09:45:11","slug":"9014m-oe1200mm","status":"publish","type":"product","link":"https:\/\/onewood.dk\/de\/product\/9014-m-oe1200-mm\/","title":{"rendered":"9014M \u2013 \u00d81200 mm."},"content":{"rendered":"<p>Tisch aus 18 mm starkem, wei\u00df pigmentiertem Birkensperrholz mit strapazierf\u00e4higer Laminatplatte.<\/p>\n<p>Die Tische lassen sich in den verschiedenen Standardfarben von One Wood kombinieren und schaffen so spannende und farbenfrohe Ess- und Spielumgebungen.<\/p>\n<p>Alle Tische von One Woods k\u00f6nnen in verschiedenen H\u00f6hen ab 720 mm und darunter geliefert werden. Der Metallsockel ist standardm\u00e4\u00dfig in Schwarz oder Hellgrau erh\u00e4ltlich, kann aber auch in anderen Farben geliefert werden.<\/p>\n<p>Wenn Sie eine andere Gr\u00f6\u00dfe w\u00fcnschen, wenden Sie sich bitte an One Wood Furniture A\/S.<\/p>","protected":false},"excerpt":{"rendered":"<p>Bord i 18mm i hvidpigmenteret birkekrydsfiner med slidst\u00e6rkt laminat p\u00e5 toppen. Bordene kan kombineres i One Woods forskellige standardfarver og dermed skabe sp\u00e6ndende og farverige spise- og legemilj\u00f8er. Alle One Woods borde kan leveres i forskellige h\u00f8jder fra 720mm og nedefter. Metal understel leveres som standard i sort eller lys gr\u00e5, kan leveres i andre [&hellip;]<\/p>","protected":false},"featured_media":3811,"template":"","meta":[],"product_brand":[],"product_cat":[649,558,620],"product_tag":[],"class_list":{"0":"post-1742","1":"product","2":"type-product","3":"status-publish","4":"has-post-thumbnail","6":"product_cat-borde-med-laminat","7":"product_cat-borde-baenke-taburetter","8":"product_cat-borde","10":"first","11":"instock","12":"product-type-simple"},"yoast_head":"<!-- This site is optimized with the Yoast SEO plugin v24.4 - https:\/\/yoast.com\/wordpress\/plugins\/seo\/ -->\n<title>9014M - \u00d81200mm. | One Wood Furniture A\/S<\/title>\n<meta name=\"robots\" content=\"index, follow, max-snippet:-1, max-image-preview:large, max-video-preview:-1\" \/>\n<link rel=\"canonical\" href=\"https:\/\/onewood.dk\/de\/product\/9014-m-oe1200-mm\/\" \/>\n<meta property=\"og:locale\" content=\"de_DE\" \/>\n<meta property=\"og:type\" content=\"article\" \/>\n<meta property=\"og:title\" content=\"9014M - \u00d81200mm. | One Wood Furniture A\/S\" \/>\n<meta property=\"og:description\" content=\"Bord i 18mm i hvidpigmenteret birkekrydsfiner med slidst\u00e6rkt laminat p\u00e5 toppen. Bordene kan kombineres i One Woods forskellige standardfarver og dermed skabe sp\u00e6ndende og farverige spise- og legemilj\u00f8er. Alle One Woods borde kan leveres i forskellige h\u00f8jder fra 720mm og nedefter. Metal understel leveres som standard i sort eller lys gr\u00e5, kan leveres i andre [&hellip;]\" \/>\n<meta property=\"og:url\" content=\"https:\/\/onewood.dk\/de\/product\/9014-m-oe1200-mm\/\" \/>\n<meta property=\"og:site_name\" content=\"One Wood Furniture A\/S\" \/>\n<meta property=\"article:modified_time\" content=\"2025-02-25T09:45:11+00:00\" \/>\n<meta property=\"og:image\" content=\"https:\/\/onewood.dk\/wp-content\/uploads\/2024\/12\/4851-scaled.jpg\" \/>\n\t<meta property=\"og:image:width\" content=\"2560\" \/>\n\t<meta property=\"og:image:height\" content=\"1707\" \/>\n\t<meta property=\"og:image:type\" content=\"image\/jpeg\" \/>\n<meta name=\"twitter:card\" content=\"summary_large_image\" \/>\n<meta name=\"twitter:label1\" content=\"Gesch\u00e4tzte Lesezeit\" \/>\n\t<meta name=\"twitter:data1\" content=\"1\u00a0Minute\" \/>\n<script type=\"application\/ld+json\" class=\"yoast-schema-graph\">{\"@context\":\"https:\/\/schema.org\",\"@graph\":[{\"@type\":\"WebPage\",\"@id\":\"https:\/\/onewood.dk\/vare\/9014m-oe1200mm\/\",\"url\":\"https:\/\/onewood.dk\/vare\/9014m-oe1200mm\/\",\"name\":\"9014M - \u00d81200mm. | One Wood Furniture A\/S\",\"isPartOf\":{\"@id\":\"https:\/\/onewood.dk\/#website\"},\"primaryImageOfPage\":{\"@id\":\"https:\/\/onewood.dk\/vare\/9014m-oe1200mm\/#primaryimage\"},\"image\":{\"@id\":\"https:\/\/onewood.dk\/vare\/9014m-oe1200mm\/#primaryimage\"},\"thumbnailUrl\":\"https:\/\/onewood.dk\/wp-content\/uploads\/2024\/12\/4851-scaled.jpg\",\"datePublished\":\"2024-12-03T11:47:35+00:00\",\"dateModified\":\"2025-02-25T09:45:11+00:00\",\"breadcrumb\":{\"@id\":\"https:\/\/onewood.dk\/vare\/9014m-oe1200mm\/#breadcrumb\"},\"inLanguage\":\"de\",\"potentialAction\":[{\"@type\":\"ReadAction\",\"target\":[\"https:\/\/onewood.dk\/vare\/9014m-oe1200mm\/\"]}]},{\"@type\":\"ImageObject\",\"inLanguage\":\"de\",\"@id\":\"https:\/\/onewood.dk\/vare\/9014m-oe1200mm\/#primaryimage\",\"url\":\"https:\/\/onewood.dk\/wp-content\/uploads\/2024\/12\/4851-scaled.jpg\",\"contentUrl\":\"https:\/\/onewood.dk\/wp-content\/uploads\/2024\/12\/4851-scaled.jpg\",\"width\":2560,\"height\":1707},{\"@type\":\"BreadcrumbList\",\"@id\":\"https:\/\/onewood.dk\/vare\/9014m-oe1200mm\/#breadcrumb\",\"itemListElement\":[{\"@type\":\"ListItem\",\"position\":1,\"name\":\"Varer\",\"item\":\"https:\/\/onewood.dk\/shop\/\"},{\"@type\":\"ListItem\",\"position\":2,\"name\":\"Borde, b\u00e6nke &amp; taburetter\",\"item\":\"https:\/\/onewood.dk\/vare-kategori\/borde-baenke-taburetter\/\"},{\"@type\":\"ListItem\",\"position\":3,\"name\":\"Borde\",\"item\":\"https:\/\/onewood.dk\/vare-kategori\/borde-baenke-taburetter\/borde\/\"},{\"@type\":\"ListItem\",\"position\":4,\"name\":\"Borde med laminat\",\"item\":\"https:\/\/onewood.dk\/vare-kategori\/borde-baenke-taburetter\/borde\/borde-med-laminat\/\"},{\"@type\":\"ListItem\",\"position\":5,\"name\":\"9014M &#8211; \u00d81200mm.\"}]},{\"@type\":\"WebSite\",\"@id\":\"https:\/\/onewood.dk\/#website\",\"url\":\"https:\/\/onewood.dk\/\",\"name\":\"One Wood Furniture A\/S\",\"description\":\"\",\"publisher\":{\"@id\":\"https:\/\/onewood.dk\/#organization\"},\"potentialAction\":[{\"@type\":\"SearchAction\",\"target\":{\"@type\":\"EntryPoint\",\"urlTemplate\":\"https:\/\/onewood.dk\/?s={search_term_string}\"},\"query-input\":{\"@type\":\"PropertyValueSpecification\",\"valueRequired\":true,\"valueName\":\"search_term_string\"}}],\"inLanguage\":\"de\"},{\"@type\":\"Organization\",\"@id\":\"https:\/\/onewood.dk\/#organization\",\"name\":\"One Wood Furniture A\/S\",\"url\":\"https:\/\/onewood.dk\/\",\"logo\":{\"@type\":\"ImageObject\",\"inLanguage\":\"de\",\"@id\":\"https:\/\/onewood.dk\/#\/schema\/logo\/image\/\",\"url\":\"https:\/\/onewood.dk\/wp-content\/uploads\/2024\/12\/Logo.png\",\"contentUrl\":\"https:\/\/onewood.dk\/wp-content\/uploads\/2024\/12\/Logo.png\",\"width\":180,\"height\":90,\"caption\":\"One Wood Furniture A\/S\"},\"image\":{\"@id\":\"https:\/\/onewood.dk\/#\/schema\/logo\/image\/\"}}]}<\/script>\n<!-- \/ Yoast SEO plugin. -->","yoast_head_json":{"title":"9014M - \u00d81200mm. | One Wood Furniture A\/S","robots":{"index":"index","follow":"follow","max-snippet":"max-snippet:-1","max-image-preview":"max-image-preview:large","max-video-preview":"max-video-preview:-1"},"canonical":"https:\/\/onewood.dk\/de\/product\/9014-m-oe1200-mm\/","og_locale":"de_DE","og_type":"article","og_title":"9014M - \u00d81200mm. | One Wood Furniture A\/S","og_description":"Bord i 18mm i hvidpigmenteret birkekrydsfiner med slidst\u00e6rkt laminat p\u00e5 toppen. Bordene kan kombineres i One Woods forskellige standardfarver og dermed skabe sp\u00e6ndende og farverige spise- og legemilj\u00f8er. Alle One Woods borde kan leveres i forskellige h\u00f8jder fra 720mm og nedefter. Metal understel leveres som standard i sort eller lys gr\u00e5, kan leveres i andre [&hellip;]","og_url":"https:\/\/onewood.dk\/de\/product\/9014-m-oe1200-mm\/","og_site_name":"One Wood Furniture A\/S","article_modified_time":"2025-02-25T09:45:11+00:00","og_image":[{"width":2560,"height":1707,"url":"https:\/\/onewood.dk\/wp-content\/uploads\/2024\/12\/4851-scaled.jpg","type":"image\/jpeg"}],"twitter_card":"summary_large_image","twitter_misc":{"Gesch\u00e4tzte Lesezeit":"1\u00a0Minute"},"schema":{"@context":"https:\/\/schema.org","@graph":[{"@type":"WebPage","@id":"https:\/\/onewood.dk\/vare\/9014m-oe1200mm\/","url":"https:\/\/onewood.dk\/vare\/9014m-oe1200mm\/","name":"9014M - \u00d81200mm. | One Wood Furniture A\/S","isPartOf":{"@id":"https:\/\/onewood.dk\/#website"},"primaryImageOfPage":{"@id":"https:\/\/onewood.dk\/vare\/9014m-oe1200mm\/#primaryimage"},"image":{"@id":"https:\/\/onewood.dk\/vare\/9014m-oe1200mm\/#primaryimage"},"thumbnailUrl":"https:\/\/onewood.dk\/wp-content\/uploads\/2024\/12\/4851-scaled.jpg","datePublished":"2024-12-03T11:47:35+00:00","dateModified":"2025-02-25T09:45:11+00:00","breadcrumb":{"@id":"https:\/\/onewood.dk\/vare\/9014m-oe1200mm\/#breadcrumb"},"inLanguage":"de","potentialAction":[{"@type":"ReadAction","target":["https:\/\/onewood.dk\/vare\/9014m-oe1200mm\/"]}]},{"@type":"ImageObject","inLanguage":"de","@id":"https:\/\/onewood.dk\/vare\/9014m-oe1200mm\/#primaryimage","url":"https:\/\/onewood.dk\/wp-content\/uploads\/2024\/12\/4851-scaled.jpg","contentUrl":"https:\/\/onewood.dk\/wp-content\/uploads\/2024\/12\/4851-scaled.jpg","width":2560,"height":1707},{"@type":"BreadcrumbList","@id":"https:\/\/onewood.dk\/vare\/9014m-oe1200mm\/#breadcrumb","itemListElement":[{"@type":"ListItem","position":1,"name":"Varer","item":"https:\/\/onewood.dk\/shop\/"},{"@type":"ListItem","position":2,"name":"Borde, b\u00e6nke &amp; taburetter","item":"https:\/\/onewood.dk\/vare-kategori\/borde-baenke-taburetter\/"},{"@type":"ListItem","position":3,"name":"Borde","item":"https:\/\/onewood.dk\/vare-kategori\/borde-baenke-taburetter\/borde\/"},{"@type":"ListItem","position":4,"name":"Borde med laminat","item":"https:\/\/onewood.dk\/vare-kategori\/borde-baenke-taburetter\/borde\/borde-med-laminat\/"},{"@type":"ListItem","position":5,"name":"9014M &#8211; \u00d81200mm."}]},{"@type":"WebSite","@id":"https:\/\/onewood.dk\/#website","url":"https:\/\/onewood.dk\/","name":"One Wood Furniture A\/S","description":"","publisher":{"@id":"https:\/\/onewood.dk\/#organization"},"potentialAction":[{"@type":"SearchAction","target":{"@type":"EntryPoint","urlTemplate":"https:\/\/onewood.dk\/?s={search_term_string}"},"query-input":{"@type":"PropertyValueSpecification","valueRequired":true,"valueName":"search_term_string"}}],"inLanguage":"de"},{"@type":"Organization","@id":"https:\/\/onewood.dk\/#organization","name":"One Wood Furniture A\/S","url":"https:\/\/onewood.dk\/","logo":{"@type":"ImageObject","inLanguage":"de","@id":"https:\/\/onewood.dk\/#\/schema\/logo\/image\/","url":"https:\/\/onewood.dk\/wp-content\/uploads\/2024\/12\/Logo.png","contentUrl":"https:\/\/onewood.dk\/wp-content\/uploads\/2024\/12\/Logo.png","width":180,"height":90,"caption":"One Wood Furniture A\/S"},"image":{"@id":"https:\/\/onewood.dk\/#\/schema\/logo\/image\/"}}]}},"_links":{"self":[{"href":"https:\/\/onewood.dk\/de\/wp-json\/wp\/v2\/product\/1742","targetHints":{"allow":["GET"]}}],"collection":[{"href":"https:\/\/onewood.dk\/de\/wp-json\/wp\/v2\/product"}],"about":[{"href":"https:\/\/onewood.dk\/de\/wp-json\/wp\/v2\/types\/product"}],"wp:featuredmedia":[{"embeddable":true,"href":"https:\/\/onewood.dk\/de\/wp-json\/wp\/v2\/media\/3811"}],"wp:attachment":[{"href":"https:\/\/onewood.dk\/de\/wp-json\/wp\/v2\/media?parent=1742"}],"wp:term":[{"taxonomy":"product_brand","embeddable":true,"href":"https:\/\/onewood.dk\/de\/wp-json\/wp\/v2\/product_brand?post=1742"},{"taxonomy":"product_cat","embeddable":true,"href":"https:\/\/onewood.dk\/de\/wp-json\/wp\/v2\/product_cat?post=1742"},{"taxonomy":"product_tag","embeddable":true,"href":"https:\/\/onewood.dk\/de\/wp-json\/wp\/v2\/product_tag?post=1742"}],"curies":[{"name":"wp","href":"https:\/\/api.w.org\/{rel}","templated":true}]}}