{"id":1877,"date":"2024-12-03T12:47:55","date_gmt":"2024-12-03T11:47:55","guid":{"rendered":"https:\/\/onewood.dkvare\/8830-undervisningsstation-lille\/"},"modified":"2025-02-26T14:55:24","modified_gmt":"2025-02-26T13:55:24","slug":"8830-undervisningsstation-lille","status":"publish","type":"product","link":"https:\/\/onewood.dk\/de\/product\/8830-lehrstation-klein\/","title":{"rendered":"8830 \u2013 Lehrstation \u2013 Lille"},"content":{"rendered":"<p>Unterrichtsstation mit eingefr\u00e4stem Schallschutzmaterial an den Seiten und der Oberseite.<\/p>\n<p>Hier haben Sie die M\u00f6glichkeit, in einer kleinen Gruppe von Studierenden zielgerichtet und ungest\u00f6rt zu arbeiten.<\/p>\n<p>Hier findet man Ruhe und Raum zur Besinnung, ohne gest\u00f6rt zu werden, das schalld\u00e4mmende Material l\u00e4sst es ruhig und ged\u00e4mpft wirken, wenn man am Tisch sitzt.<\/p>\n<p>Die Unterrichtsstation besteht aus 30 mm starkem Birkensperrholz mit Hochdrucklaminat auf allen Oberfl\u00e4chen und Klarlack an den Kanten.<\/p>\n<p>Die Fu\u00dfst\u00fctze besteht aus 50 mm x 50 mm Edelstahl-Vierkantrohr.<\/p>","protected":false},"excerpt":{"rendered":"<p>Unterrichtstisch mit gefr\u00e4stem Schallschutzmaterial an den Seiten und der Oberseite. Hier haben Sie die M\u00f6glichkeit, mit einer kleineren Gruppe von Sch\u00fclern zielgerichtet und ungest\u00f6rt zu arbeiten. Hier gibt es Ruhe und Raum f\u00fcr Kontemplation, ungest\u00f6rt, das Schallschutzmaterial l\u00e4sst es ruhig und ged\u00e4mpft wirken, wenn Sie am Tisch sitzen. Der Unterrichtstisch besteht aus 30 mm dickem [\u2026]<\/p>","protected":false},"featured_media":4264,"template":"","meta":[],"product_brand":[],"product_cat":[566],"product_tag":[],"class_list":{"0":"post-1877","1":"product","2":"type-product","3":"status-publish","4":"has-post-thumbnail","6":"product_cat-huse-fordybelse","8":"first","9":"instock","10":"product-type-simple"},"yoast_head":"<!-- This site is optimized with the Yoast SEO plugin v24.4 - https:\/\/yoast.com\/wordpress\/plugins\/seo\/ -->\n<title>8830 - Undervisningsstation - Lille | One Wood Furniture A\/S<\/title>\n<meta name=\"robots\" content=\"index, follow, max-snippet:-1, max-image-preview:large, max-video-preview:-1\" \/>\n<link rel=\"canonical\" href=\"https:\/\/onewood.dk\/de\/product\/8830-lehrstation-klein\/\" \/>\n<meta property=\"og:locale\" content=\"de_DE\" \/>\n<meta property=\"og:type\" content=\"article\" \/>\n<meta property=\"og:title\" content=\"8830 - Undervisningsstation - Lille | One Wood Furniture A\/S\" \/>\n<meta property=\"og:description\" content=\"Undervisningsstation med indfr\u00e6set lydisolerende materiale i sider og top. Her har du mulighed for at arbejde m\u00e5lrettet og uforstyrret med en mindre gruppe elever. Her er der ro og plads til fordybelse, uden man bliver forstyrret, det lydisolerende materiale g\u00f8r der virker roligt og afd\u00e6mpet n\u00e5r man sidder ved bordet. Undervisningsstationen er udf\u00f8rt i 30mm [&hellip;]\" \/>\n<meta property=\"og:url\" content=\"https:\/\/onewood.dk\/de\/product\/8830-lehrstation-klein\/\" \/>\n<meta property=\"og:site_name\" content=\"One Wood Furniture A\/S\" \/>\n<meta property=\"article:modified_time\" content=\"2025-02-26T13:55:24+00:00\" \/>\n<meta property=\"og:image\" content=\"https:\/\/onewood.dk\/wp-content\/uploads\/2024\/12\/6128-scaled.jpg\" \/>\n\t<meta property=\"og:image:width\" content=\"2560\" \/>\n\t<meta property=\"og:image:height\" content=\"1707\" \/>\n\t<meta property=\"og:image:type\" content=\"image\/jpeg\" \/>\n<meta name=\"twitter:card\" content=\"summary_large_image\" \/>\n<meta name=\"twitter:label1\" content=\"Gesch\u00e4tzte Lesezeit\" \/>\n\t<meta name=\"twitter:data1\" content=\"1\u00a0Minute\" \/>\n<script type=\"application\/ld+json\" class=\"yoast-schema-graph\">{\"@context\":\"https:\/\/schema.org\",\"@graph\":[{\"@type\":\"WebPage\",\"@id\":\"https:\/\/onewood.dk\/vare\/8830-undervisningsstation-lille\/\",\"url\":\"https:\/\/onewood.dk\/vare\/8830-undervisningsstation-lille\/\",\"name\":\"8830 - Undervisningsstation - Lille | One Wood Furniture A\/S\",\"isPartOf\":{\"@id\":\"https:\/\/onewood.dk\/#website\"},\"primaryImageOfPage\":{\"@id\":\"https:\/\/onewood.dk\/vare\/8830-undervisningsstation-lille\/#primaryimage\"},\"image\":{\"@id\":\"https:\/\/onewood.dk\/vare\/8830-undervisningsstation-lille\/#primaryimage\"},\"thumbnailUrl\":\"https:\/\/onewood.dk\/wp-content\/uploads\/2024\/12\/6128-scaled.jpg\",\"datePublished\":\"2024-12-03T11:47:55+00:00\",\"dateModified\":\"2025-02-26T13:55:24+00:00\",\"breadcrumb\":{\"@id\":\"https:\/\/onewood.dk\/vare\/8830-undervisningsstation-lille\/#breadcrumb\"},\"inLanguage\":\"de\",\"potentialAction\":[{\"@type\":\"ReadAction\",\"target\":[\"https:\/\/onewood.dk\/vare\/8830-undervisningsstation-lille\/\"]}]},{\"@type\":\"ImageObject\",\"inLanguage\":\"de\",\"@id\":\"https:\/\/onewood.dk\/vare\/8830-undervisningsstation-lille\/#primaryimage\",\"url\":\"https:\/\/onewood.dk\/wp-content\/uploads\/2024\/12\/6128-scaled.jpg\",\"contentUrl\":\"https:\/\/onewood.dk\/wp-content\/uploads\/2024\/12\/6128-scaled.jpg\",\"width\":2560,\"height\":1707},{\"@type\":\"BreadcrumbList\",\"@id\":\"https:\/\/onewood.dk\/vare\/8830-undervisningsstation-lille\/#breadcrumb\",\"itemListElement\":[{\"@type\":\"ListItem\",\"position\":1,\"name\":\"Varer\",\"item\":\"https:\/\/onewood.dk\/shop\/\"},{\"@type\":\"ListItem\",\"position\":2,\"name\":\"Huse \/ Fordybelse\",\"item\":\"https:\/\/onewood.dk\/vare-kategori\/huse-fordybelse\/\"},{\"@type\":\"ListItem\",\"position\":3,\"name\":\"8830 &#8211; Undervisningsstation &#8211; Lille\"}]},{\"@type\":\"WebSite\",\"@id\":\"https:\/\/onewood.dk\/#website\",\"url\":\"https:\/\/onewood.dk\/\",\"name\":\"One Wood Furniture A\/S\",\"description\":\"\",\"publisher\":{\"@id\":\"https:\/\/onewood.dk\/#organization\"},\"potentialAction\":[{\"@type\":\"SearchAction\",\"target\":{\"@type\":\"EntryPoint\",\"urlTemplate\":\"https:\/\/onewood.dk\/?s={search_term_string}\"},\"query-input\":{\"@type\":\"PropertyValueSpecification\",\"valueRequired\":true,\"valueName\":\"search_term_string\"}}],\"inLanguage\":\"de\"},{\"@type\":\"Organization\",\"@id\":\"https:\/\/onewood.dk\/#organization\",\"name\":\"One Wood Furniture A\/S\",\"url\":\"https:\/\/onewood.dk\/\",\"logo\":{\"@type\":\"ImageObject\",\"inLanguage\":\"de\",\"@id\":\"https:\/\/onewood.dk\/#\/schema\/logo\/image\/\",\"url\":\"https:\/\/onewood.dk\/wp-content\/uploads\/2024\/12\/Logo.png\",\"contentUrl\":\"https:\/\/onewood.dk\/wp-content\/uploads\/2024\/12\/Logo.png\",\"width\":180,\"height\":90,\"caption\":\"One Wood Furniture A\/S\"},\"image\":{\"@id\":\"https:\/\/onewood.dk\/#\/schema\/logo\/image\/\"}}]}<\/script>\n<!-- \/ Yoast SEO plugin. -->","yoast_head_json":{"title":"8830 - Undervisningsstation - Lille | One Wood Furniture A\/S","robots":{"index":"index","follow":"follow","max-snippet":"max-snippet:-1","max-image-preview":"max-image-preview:large","max-video-preview":"max-video-preview:-1"},"canonical":"https:\/\/onewood.dk\/de\/product\/8830-lehrstation-klein\/","og_locale":"de_DE","og_type":"article","og_title":"8830 - Undervisningsstation - Lille | One Wood Furniture A\/S","og_description":"Undervisningsstation med indfr\u00e6set lydisolerende materiale i sider og top. Her har du mulighed for at arbejde m\u00e5lrettet og uforstyrret med en mindre gruppe elever. Her er der ro og plads til fordybelse, uden man bliver forstyrret, det lydisolerende materiale g\u00f8r der virker roligt og afd\u00e6mpet n\u00e5r man sidder ved bordet. Undervisningsstationen er udf\u00f8rt i 30mm [&hellip;]","og_url":"https:\/\/onewood.dk\/de\/product\/8830-lehrstation-klein\/","og_site_name":"One Wood Furniture A\/S","article_modified_time":"2025-02-26T13:55:24+00:00","og_image":[{"width":2560,"height":1707,"url":"https:\/\/onewood.dk\/wp-content\/uploads\/2024\/12\/6128-scaled.jpg","type":"image\/jpeg"}],"twitter_card":"summary_large_image","twitter_misc":{"Gesch\u00e4tzte Lesezeit":"1\u00a0Minute"},"schema":{"@context":"https:\/\/schema.org","@graph":[{"@type":"WebPage","@id":"https:\/\/onewood.dk\/vare\/8830-undervisningsstation-lille\/","url":"https:\/\/onewood.dk\/vare\/8830-undervisningsstation-lille\/","name":"8830 - Undervisningsstation - Lille | One Wood Furniture A\/S","isPartOf":{"@id":"https:\/\/onewood.dk\/#website"},"primaryImageOfPage":{"@id":"https:\/\/onewood.dk\/vare\/8830-undervisningsstation-lille\/#primaryimage"},"image":{"@id":"https:\/\/onewood.dk\/vare\/8830-undervisningsstation-lille\/#primaryimage"},"thumbnailUrl":"https:\/\/onewood.dk\/wp-content\/uploads\/2024\/12\/6128-scaled.jpg","datePublished":"2024-12-03T11:47:55+00:00","dateModified":"2025-02-26T13:55:24+00:00","breadcrumb":{"@id":"https:\/\/onewood.dk\/vare\/8830-undervisningsstation-lille\/#breadcrumb"},"inLanguage":"de","potentialAction":[{"@type":"ReadAction","target":["https:\/\/onewood.dk\/vare\/8830-undervisningsstation-lille\/"]}]},{"@type":"ImageObject","inLanguage":"de","@id":"https:\/\/onewood.dk\/vare\/8830-undervisningsstation-lille\/#primaryimage","url":"https:\/\/onewood.dk\/wp-content\/uploads\/2024\/12\/6128-scaled.jpg","contentUrl":"https:\/\/onewood.dk\/wp-content\/uploads\/2024\/12\/6128-scaled.jpg","width":2560,"height":1707},{"@type":"BreadcrumbList","@id":"https:\/\/onewood.dk\/vare\/8830-undervisningsstation-lille\/#breadcrumb","itemListElement":[{"@type":"ListItem","position":1,"name":"Varer","item":"https:\/\/onewood.dk\/shop\/"},{"@type":"ListItem","position":2,"name":"Huse \/ Fordybelse","item":"https:\/\/onewood.dk\/vare-kategori\/huse-fordybelse\/"},{"@type":"ListItem","position":3,"name":"8830 &#8211; Undervisningsstation &#8211; Lille"}]},{"@type":"WebSite","@id":"https:\/\/onewood.dk\/#website","url":"https:\/\/onewood.dk\/","name":"One Wood Furniture A\/S","description":"","publisher":{"@id":"https:\/\/onewood.dk\/#organization"},"potentialAction":[{"@type":"SearchAction","target":{"@type":"EntryPoint","urlTemplate":"https:\/\/onewood.dk\/?s={search_term_string}"},"query-input":{"@type":"PropertyValueSpecification","valueRequired":true,"valueName":"search_term_string"}}],"inLanguage":"de"},{"@type":"Organization","@id":"https:\/\/onewood.dk\/#organization","name":"One Wood Furniture A\/S","url":"https:\/\/onewood.dk\/","logo":{"@type":"ImageObject","inLanguage":"de","@id":"https:\/\/onewood.dk\/#\/schema\/logo\/image\/","url":"https:\/\/onewood.dk\/wp-content\/uploads\/2024\/12\/Logo.png","contentUrl":"https:\/\/onewood.dk\/wp-content\/uploads\/2024\/12\/Logo.png","width":180,"height":90,"caption":"One Wood Furniture A\/S"},"image":{"@id":"https:\/\/onewood.dk\/#\/schema\/logo\/image\/"}}]}},"_links":{"self":[{"href":"https:\/\/onewood.dk\/de\/wp-json\/wp\/v2\/product\/1877","targetHints":{"allow":["GET"]}}],"collection":[{"href":"https:\/\/onewood.dk\/de\/wp-json\/wp\/v2\/product"}],"about":[{"href":"https:\/\/onewood.dk\/de\/wp-json\/wp\/v2\/types\/product"}],"wp:featuredmedia":[{"embeddable":true,"href":"https:\/\/onewood.dk\/de\/wp-json\/wp\/v2\/media\/4264"}],"wp:attachment":[{"href":"https:\/\/onewood.dk\/de\/wp-json\/wp\/v2\/media?parent=1877"}],"wp:term":[{"taxonomy":"product_brand","embeddable":true,"href":"https:\/\/onewood.dk\/de\/wp-json\/wp\/v2\/product_brand?post=1877"},{"taxonomy":"product_cat","embeddable":true,"href":"https:\/\/onewood.dk\/de\/wp-json\/wp\/v2\/product_cat?post=1877"},{"taxonomy":"product_tag","embeddable":true,"href":"https:\/\/onewood.dk\/de\/wp-json\/wp\/v2\/product_tag?post=1877"}],"curies":[{"name":"wp","href":"https:\/\/api.w.org\/{rel}","templated":true}]}}