{"id":1951,"date":"2024-12-03T12:48:07","date_gmt":"2024-12-03T11:48:07","guid":{"rendered":"https:\/\/onewood.dkvare\/8112thsi-kubus-med-siddeniche-husformet-laage\/"},"modified":"2025-06-26T14:56:17","modified_gmt":"2025-06-26T12:56:17","slug":"8112thsi-kubus-med-siddeniche-husformet-laage","status":"publish","type":"product","link":"https:\/\/onewood.dk\/de\/product\/8112thsi-wurfel-mit-sitznische-haustur\/","title":{"rendered":"8112THSI \u2013 Kubus mit Sitznische, T\u00fcr in Hausform"},"content":{"rendered":"<p>15 mm wei\u00df pigmentiertes Birkensperrholz<br \/>\nWird mit hellgrauem Laminat F7927 auf Sitz und T\u00fcren geliefert, das frei aus den Standard-Laminatfarben von One Wood ausgew\u00e4hlt werden kann.<\/p>\n<p>Mit dieser praktischen Sitznische sind Ihren kreativen Ideen keine Grenzen gesetzt. Der Sitzbereich ist gro\u00df genug, damit auch ein Erwachsener darin sitzen kann, wenn er es bequem haben m\u00f6chte oder etwas vorlesen m\u00f6chte.<br \/>\nHier besteht auch die M\u00f6glichkeit, gute Kameradschaft und Freundschaft zu entwickeln.<br \/>\nDieses M\u00f6belst\u00fcck wird schnell zum Lieblingsplatz der Einrichtung.<br \/>\n\u00dcber der Nische befindet sich ein Einbauregal mit der M\u00f6glichkeit zur Ablage von B\u00fcchern und Spielen.<br \/>\nDurch die seitliche Nische besteht zudem die M\u00f6glichkeit, im Zimmer Raum f\u00fcr kontemplative Einkehr zu schaffen.<br \/>\nDie Seitenbank ist mit einer Matratze in vielen verschiedenen Farben lieferbar.<br \/>\nDie Seitennische wird montiert geliefert, es ist kein Zusammenbau erforderlich.<br \/>\nDie Seitenbank kann mit schallabsorbierendem AQSORB auf der R\u00fcckseite geliefert werden, was zus\u00e4tzliche Ruhe zum Nachdenken oder kreativen Denken bietet.<\/p>\n<p>2 Stk. 8114GL \u2013 Kubusbox mit Plexiglas<br \/>\n1 St\u00fcck. T\u00fcr mit Plexiglas<\/p>\n<p>Kann in Klarlack geliefert werden, bitte bei Bestellung angeben<\/p>\n<p><strong>KAUFEN:<br \/>\n<\/strong>8114M2 \u2013 Matratze<\/p>","protected":false},"excerpt":{"rendered":"<p>15 mm starkes, wei\u00df pigmentiertes Birkensperrholz. Sitzfl\u00e4che und T\u00fcren sind mit hellgrauem Laminat F7927 bezogen, dessen Farbe Sie aus den Standard-Laminatfarben von One Wood frei w\u00e4hlen k\u00f6nnen. Mit dieser praktischen Sitznische sind Ihrer Kreativit\u00e4t keine Grenzen gesetzt. Die Sitznische bietet ausreichend Platz f\u00fcr einen Erwachsenen, falls n\u00f6tig. [\u2026]<\/p>","protected":false},"featured_media":4523,"template":"","meta":[],"product_brand":[],"product_cat":[566],"product_tag":[],"class_list":{"0":"post-1951","1":"product","2":"type-product","3":"status-publish","4":"has-post-thumbnail","6":"product_cat-huse-fordybelse","8":"first","9":"instock","10":"product-type-simple"},"yoast_head":"<!-- This site is optimized with the Yoast SEO plugin v24.4 - https:\/\/yoast.com\/wordpress\/plugins\/seo\/ -->\n<title>8112THSI - Kubus med siddeniche husformet l\u00e5ge | One Wood Furniture A\/S<\/title>\n<meta name=\"robots\" content=\"index, follow, max-snippet:-1, max-image-preview:large, max-video-preview:-1\" \/>\n<link rel=\"canonical\" href=\"https:\/\/onewood.dk\/de\/product\/8112thsi-wurfel-mit-sitznische-haustur\/\" \/>\n<meta property=\"og:locale\" content=\"de_DE\" \/>\n<meta property=\"og:type\" content=\"article\" \/>\n<meta property=\"og:title\" content=\"8112THSI - Kubus med siddeniche husformet l\u00e5ge | One Wood Furniture A\/S\" \/>\n<meta property=\"og:description\" content=\"15mm hvidpigmenteret birkekrydsfiner Leveres med lys gr\u00e5 laminat F7927 p\u00e5 s\u00e6de og l\u00e5ger, der kan frit v\u00e6lges mellem One Woods standard laminatfarver. Med denne praktiske siddeniche, er der ingen gr\u00e6nser for hvad du kan udfolde af kreative id\u00e9er. Siddenichen er stor nok til at der ogs\u00e5 kan sidde en voksen, hvis der er brug for [&hellip;]\" \/>\n<meta property=\"og:url\" content=\"https:\/\/onewood.dk\/de\/product\/8112thsi-wurfel-mit-sitznische-haustur\/\" \/>\n<meta property=\"og:site_name\" content=\"One Wood Furniture A\/S\" \/>\n<meta property=\"article:modified_time\" content=\"2025-06-26T12:56:17+00:00\" \/>\n<meta property=\"og:image\" content=\"https:\/\/onewood.dk\/wp-content\/uploads\/2024\/12\/6617-scaled.jpg\" \/>\n\t<meta property=\"og:image:width\" content=\"2560\" \/>\n\t<meta property=\"og:image:height\" content=\"1707\" \/>\n\t<meta property=\"og:image:type\" content=\"image\/jpeg\" \/>\n<meta name=\"twitter:card\" content=\"summary_large_image\" \/>\n<meta name=\"twitter:label1\" content=\"Gesch\u00e4tzte Lesezeit\" \/>\n\t<meta name=\"twitter:data1\" content=\"2\u00a0Minuten\" \/>\n<script type=\"application\/ld+json\" class=\"yoast-schema-graph\">{\"@context\":\"https:\/\/schema.org\",\"@graph\":[{\"@type\":\"WebPage\",\"@id\":\"https:\/\/onewood.dk\/vare\/8112thsi-kubus-med-siddeniche-husformet-laage\/\",\"url\":\"https:\/\/onewood.dk\/vare\/8112thsi-kubus-med-siddeniche-husformet-laage\/\",\"name\":\"8112THSI - Kubus med siddeniche husformet l\u00e5ge | One Wood Furniture A\/S\",\"isPartOf\":{\"@id\":\"https:\/\/onewood.dk\/#website\"},\"primaryImageOfPage\":{\"@id\":\"https:\/\/onewood.dk\/vare\/8112thsi-kubus-med-siddeniche-husformet-laage\/#primaryimage\"},\"image\":{\"@id\":\"https:\/\/onewood.dk\/vare\/8112thsi-kubus-med-siddeniche-husformet-laage\/#primaryimage\"},\"thumbnailUrl\":\"https:\/\/onewood.dk\/wp-content\/uploads\/2024\/12\/6617-scaled.jpg\",\"datePublished\":\"2024-12-03T11:48:07+00:00\",\"dateModified\":\"2025-06-26T12:56:17+00:00\",\"breadcrumb\":{\"@id\":\"https:\/\/onewood.dk\/vare\/8112thsi-kubus-med-siddeniche-husformet-laage\/#breadcrumb\"},\"inLanguage\":\"de\",\"potentialAction\":[{\"@type\":\"ReadAction\",\"target\":[\"https:\/\/onewood.dk\/vare\/8112thsi-kubus-med-siddeniche-husformet-laage\/\"]}]},{\"@type\":\"ImageObject\",\"inLanguage\":\"de\",\"@id\":\"https:\/\/onewood.dk\/vare\/8112thsi-kubus-med-siddeniche-husformet-laage\/#primaryimage\",\"url\":\"https:\/\/onewood.dk\/wp-content\/uploads\/2024\/12\/6617-scaled.jpg\",\"contentUrl\":\"https:\/\/onewood.dk\/wp-content\/uploads\/2024\/12\/6617-scaled.jpg\",\"width\":2560,\"height\":1707},{\"@type\":\"BreadcrumbList\",\"@id\":\"https:\/\/onewood.dk\/vare\/8112thsi-kubus-med-siddeniche-husformet-laage\/#breadcrumb\",\"itemListElement\":[{\"@type\":\"ListItem\",\"position\":1,\"name\":\"Varer\",\"item\":\"https:\/\/onewood.dk\/shop\/\"},{\"@type\":\"ListItem\",\"position\":2,\"name\":\"Huse \/ Fordybelse\",\"item\":\"https:\/\/onewood.dk\/vare-kategori\/huse-fordybelse\/\"},{\"@type\":\"ListItem\",\"position\":3,\"name\":\"8112THSI &#8211; Kubus med siddeniche husformet l\u00e5ge\"}]},{\"@type\":\"WebSite\",\"@id\":\"https:\/\/onewood.dk\/#website\",\"url\":\"https:\/\/onewood.dk\/\",\"name\":\"One Wood Furniture A\/S\",\"description\":\"\",\"publisher\":{\"@id\":\"https:\/\/onewood.dk\/#organization\"},\"potentialAction\":[{\"@type\":\"SearchAction\",\"target\":{\"@type\":\"EntryPoint\",\"urlTemplate\":\"https:\/\/onewood.dk\/?s={search_term_string}\"},\"query-input\":{\"@type\":\"PropertyValueSpecification\",\"valueRequired\":true,\"valueName\":\"search_term_string\"}}],\"inLanguage\":\"de\"},{\"@type\":\"Organization\",\"@id\":\"https:\/\/onewood.dk\/#organization\",\"name\":\"One Wood Furniture A\/S\",\"url\":\"https:\/\/onewood.dk\/\",\"logo\":{\"@type\":\"ImageObject\",\"inLanguage\":\"de\",\"@id\":\"https:\/\/onewood.dk\/#\/schema\/logo\/image\/\",\"url\":\"https:\/\/onewood.dk\/wp-content\/uploads\/2024\/12\/Logo.png\",\"contentUrl\":\"https:\/\/onewood.dk\/wp-content\/uploads\/2024\/12\/Logo.png\",\"width\":180,\"height\":90,\"caption\":\"One Wood Furniture A\/S\"},\"image\":{\"@id\":\"https:\/\/onewood.dk\/#\/schema\/logo\/image\/\"}}]}<\/script>\n<!-- \/ Yoast SEO plugin. -->","yoast_head_json":{"title":"8112THSI - Kubus med siddeniche husformet l\u00e5ge | One Wood Furniture A\/S","robots":{"index":"index","follow":"follow","max-snippet":"max-snippet:-1","max-image-preview":"max-image-preview:large","max-video-preview":"max-video-preview:-1"},"canonical":"https:\/\/onewood.dk\/de\/product\/8112thsi-wurfel-mit-sitznische-haustur\/","og_locale":"de_DE","og_type":"article","og_title":"8112THSI - Kubus med siddeniche husformet l\u00e5ge | One Wood Furniture A\/S","og_description":"15mm hvidpigmenteret birkekrydsfiner Leveres med lys gr\u00e5 laminat F7927 p\u00e5 s\u00e6de og l\u00e5ger, der kan frit v\u00e6lges mellem One Woods standard laminatfarver. Med denne praktiske siddeniche, er der ingen gr\u00e6nser for hvad du kan udfolde af kreative id\u00e9er. Siddenichen er stor nok til at der ogs\u00e5 kan sidde en voksen, hvis der er brug for [&hellip;]","og_url":"https:\/\/onewood.dk\/de\/product\/8112thsi-wurfel-mit-sitznische-haustur\/","og_site_name":"One Wood Furniture A\/S","article_modified_time":"2025-06-26T12:56:17+00:00","og_image":[{"width":2560,"height":1707,"url":"https:\/\/onewood.dk\/wp-content\/uploads\/2024\/12\/6617-scaled.jpg","type":"image\/jpeg"}],"twitter_card":"summary_large_image","twitter_misc":{"Gesch\u00e4tzte Lesezeit":"2\u00a0Minuten"},"schema":{"@context":"https:\/\/schema.org","@graph":[{"@type":"WebPage","@id":"https:\/\/onewood.dk\/vare\/8112thsi-kubus-med-siddeniche-husformet-laage\/","url":"https:\/\/onewood.dk\/vare\/8112thsi-kubus-med-siddeniche-husformet-laage\/","name":"8112THSI - Kubus med siddeniche husformet l\u00e5ge | One Wood Furniture A\/S","isPartOf":{"@id":"https:\/\/onewood.dk\/#website"},"primaryImageOfPage":{"@id":"https:\/\/onewood.dk\/vare\/8112thsi-kubus-med-siddeniche-husformet-laage\/#primaryimage"},"image":{"@id":"https:\/\/onewood.dk\/vare\/8112thsi-kubus-med-siddeniche-husformet-laage\/#primaryimage"},"thumbnailUrl":"https:\/\/onewood.dk\/wp-content\/uploads\/2024\/12\/6617-scaled.jpg","datePublished":"2024-12-03T11:48:07+00:00","dateModified":"2025-06-26T12:56:17+00:00","breadcrumb":{"@id":"https:\/\/onewood.dk\/vare\/8112thsi-kubus-med-siddeniche-husformet-laage\/#breadcrumb"},"inLanguage":"de","potentialAction":[{"@type":"ReadAction","target":["https:\/\/onewood.dk\/vare\/8112thsi-kubus-med-siddeniche-husformet-laage\/"]}]},{"@type":"ImageObject","inLanguage":"de","@id":"https:\/\/onewood.dk\/vare\/8112thsi-kubus-med-siddeniche-husformet-laage\/#primaryimage","url":"https:\/\/onewood.dk\/wp-content\/uploads\/2024\/12\/6617-scaled.jpg","contentUrl":"https:\/\/onewood.dk\/wp-content\/uploads\/2024\/12\/6617-scaled.jpg","width":2560,"height":1707},{"@type":"BreadcrumbList","@id":"https:\/\/onewood.dk\/vare\/8112thsi-kubus-med-siddeniche-husformet-laage\/#breadcrumb","itemListElement":[{"@type":"ListItem","position":1,"name":"Varer","item":"https:\/\/onewood.dk\/shop\/"},{"@type":"ListItem","position":2,"name":"Huse \/ Fordybelse","item":"https:\/\/onewood.dk\/vare-kategori\/huse-fordybelse\/"},{"@type":"ListItem","position":3,"name":"8112THSI &#8211; Kubus med siddeniche husformet l\u00e5ge"}]},{"@type":"WebSite","@id":"https:\/\/onewood.dk\/#website","url":"https:\/\/onewood.dk\/","name":"One Wood Furniture A\/S","description":"","publisher":{"@id":"https:\/\/onewood.dk\/#organization"},"potentialAction":[{"@type":"SearchAction","target":{"@type":"EntryPoint","urlTemplate":"https:\/\/onewood.dk\/?s={search_term_string}"},"query-input":{"@type":"PropertyValueSpecification","valueRequired":true,"valueName":"search_term_string"}}],"inLanguage":"de"},{"@type":"Organization","@id":"https:\/\/onewood.dk\/#organization","name":"One Wood Furniture A\/S","url":"https:\/\/onewood.dk\/","logo":{"@type":"ImageObject","inLanguage":"de","@id":"https:\/\/onewood.dk\/#\/schema\/logo\/image\/","url":"https:\/\/onewood.dk\/wp-content\/uploads\/2024\/12\/Logo.png","contentUrl":"https:\/\/onewood.dk\/wp-content\/uploads\/2024\/12\/Logo.png","width":180,"height":90,"caption":"One Wood Furniture A\/S"},"image":{"@id":"https:\/\/onewood.dk\/#\/schema\/logo\/image\/"}}]}},"_links":{"self":[{"href":"https:\/\/onewood.dk\/de\/wp-json\/wp\/v2\/product\/1951","targetHints":{"allow":["GET"]}}],"collection":[{"href":"https:\/\/onewood.dk\/de\/wp-json\/wp\/v2\/product"}],"about":[{"href":"https:\/\/onewood.dk\/de\/wp-json\/wp\/v2\/types\/product"}],"wp:featuredmedia":[{"embeddable":true,"href":"https:\/\/onewood.dk\/de\/wp-json\/wp\/v2\/media\/4523"}],"wp:attachment":[{"href":"https:\/\/onewood.dk\/de\/wp-json\/wp\/v2\/media?parent=1951"}],"wp:term":[{"taxonomy":"product_brand","embeddable":true,"href":"https:\/\/onewood.dk\/de\/wp-json\/wp\/v2\/product_brand?post=1951"},{"taxonomy":"product_cat","embeddable":true,"href":"https:\/\/onewood.dk\/de\/wp-json\/wp\/v2\/product_cat?post=1951"},{"taxonomy":"product_tag","embeddable":true,"href":"https:\/\/onewood.dk\/de\/wp-json\/wp\/v2\/product_tag?post=1951"}],"curies":[{"name":"wp","href":"https:\/\/api.w.org\/{rel}","templated":true}]}}