{"id":1954,"date":"2024-12-03T12:48:07","date_gmt":"2024-12-03T11:48:07","guid":{"rendered":"https:\/\/onewood.dkvare\/8874-klatrevaeg\/"},"modified":"2025-03-26T10:36:45","modified_gmt":"2025-03-26T09:36:45","slug":"8874-klatrevaeg","status":"publish","type":"product","link":"https:\/\/onewood.dk\/de\/product\/8874-kletterwand\/","title":{"rendered":"8874 \u2013 Kletterwand"},"content":{"rendered":"<p>18 mm wei\u00df pigmentiertes Birkensperrholz<\/p>\n<p>Laminat auf der Vorderseite, w\u00e4hlen Sie aus den Standard-Laminatfarben von One Wood<\/p>\n<p><strong> \u00a0AUFMERKSAMKEIT! Klettergriffe nicht im Lieferumfang enthalten<\/strong><\/p>\n<p>Kann in Klarlack geliefert werden, bitte bei Bestellung angeben.<\/p>\n<p>Die in der Zeichnung angegebenen Ma\u00dfe sind Richtwerte und k\u00f6nnen innerhalb dieser Ma\u00dfe an die Kundenanforderungen angepasst werden.<\/p>","protected":false},"excerpt":{"rendered":"<p>18 mm starkes, wei\u00df pigmentiertes Birkensperrholz mit Laminat auf der Vorderseite. W\u00e4hlen Sie aus den Standard-Laminatfarben von One Wood. HINWEIS: Klettergriff nicht im Lieferumfang enthalten. Lieferung auch in Klarlack m\u00f6glich, bitte bei der Bestellung angeben. Die Ma\u00dfe in der Zeichnung sind Richtwerte und k\u00f6nnen innerhalb dieser Grenzen an die Kundenw\u00fcnsche angepasst werden.<\/p>","protected":false},"featured_media":4538,"template":"","meta":[],"product_brand":[],"product_cat":[560],"product_tag":[],"class_list":{"0":"post-1954","1":"product","2":"type-product","3":"status-publish","4":"has-post-thumbnail","6":"product_cat-legemoebler","8":"first","9":"instock","10":"product-type-simple"},"yoast_head":"<!-- This site is optimized with the Yoast SEO plugin v24.4 - https:\/\/yoast.com\/wordpress\/plugins\/seo\/ -->\n<title>8874 - Klatrev\u00e6g | One Wood Furniture A\/S<\/title>\n<meta name=\"robots\" content=\"index, follow, max-snippet:-1, max-image-preview:large, max-video-preview:-1\" \/>\n<link rel=\"canonical\" href=\"https:\/\/onewood.dk\/de\/product\/8874-kletterwand\/\" \/>\n<meta property=\"og:locale\" content=\"de_DE\" \/>\n<meta property=\"og:type\" content=\"article\" \/>\n<meta property=\"og:title\" content=\"8874 - Klatrev\u00e6g | One Wood Furniture A\/S\" \/>\n<meta property=\"og:description\" content=\"18mm hvidpigmenteret birkekrydsfiner Laminat p\u00e5 front, v\u00e6lg mellem One Woods standard laminatfarver \u00a0OBS! Klatregreb medf\u00f8lger ikke Kan leveres i klarlak, oplyses ved ordre. M\u00e5l p\u00e5 tegning er vejledende &#8211; kan tilpasse inden for disse m\u00e5l efter kunde\u00f8nske.\" \/>\n<meta property=\"og:url\" content=\"https:\/\/onewood.dk\/de\/product\/8874-kletterwand\/\" \/>\n<meta property=\"og:site_name\" content=\"One Wood Furniture A\/S\" \/>\n<meta property=\"article:modified_time\" content=\"2025-03-26T09:36:45+00:00\" \/>\n<meta property=\"og:image\" content=\"https:\/\/onewood.dk\/wp-content\/uploads\/2024\/12\/6632.jpg\" \/>\n\t<meta property=\"og:image:width\" content=\"720\" \/>\n\t<meta property=\"og:image:height\" content=\"477\" \/>\n\t<meta property=\"og:image:type\" content=\"image\/jpeg\" \/>\n<meta name=\"twitter:card\" content=\"summary_large_image\" \/>\n<meta name=\"twitter:label1\" content=\"Gesch\u00e4tzte Lesezeit\" \/>\n\t<meta name=\"twitter:data1\" content=\"1\u00a0Minute\" \/>\n<script type=\"application\/ld+json\" class=\"yoast-schema-graph\">{\"@context\":\"https:\/\/schema.org\",\"@graph\":[{\"@type\":\"WebPage\",\"@id\":\"https:\/\/onewood.dk\/vare\/8874-klatrevaeg\/\",\"url\":\"https:\/\/onewood.dk\/vare\/8874-klatrevaeg\/\",\"name\":\"8874 - Klatrev\u00e6g | One Wood Furniture A\/S\",\"isPartOf\":{\"@id\":\"https:\/\/onewood.dk\/#website\"},\"primaryImageOfPage\":{\"@id\":\"https:\/\/onewood.dk\/vare\/8874-klatrevaeg\/#primaryimage\"},\"image\":{\"@id\":\"https:\/\/onewood.dk\/vare\/8874-klatrevaeg\/#primaryimage\"},\"thumbnailUrl\":\"https:\/\/onewood.dk\/wp-content\/uploads\/2024\/12\/6632.jpg\",\"datePublished\":\"2024-12-03T11:48:07+00:00\",\"dateModified\":\"2025-03-26T09:36:45+00:00\",\"breadcrumb\":{\"@id\":\"https:\/\/onewood.dk\/vare\/8874-klatrevaeg\/#breadcrumb\"},\"inLanguage\":\"de\",\"potentialAction\":[{\"@type\":\"ReadAction\",\"target\":[\"https:\/\/onewood.dk\/vare\/8874-klatrevaeg\/\"]}]},{\"@type\":\"ImageObject\",\"inLanguage\":\"de\",\"@id\":\"https:\/\/onewood.dk\/vare\/8874-klatrevaeg\/#primaryimage\",\"url\":\"https:\/\/onewood.dk\/wp-content\/uploads\/2024\/12\/6632.jpg\",\"contentUrl\":\"https:\/\/onewood.dk\/wp-content\/uploads\/2024\/12\/6632.jpg\",\"width\":720,\"height\":477},{\"@type\":\"BreadcrumbList\",\"@id\":\"https:\/\/onewood.dk\/vare\/8874-klatrevaeg\/#breadcrumb\",\"itemListElement\":[{\"@type\":\"ListItem\",\"position\":1,\"name\":\"Varer\",\"item\":\"https:\/\/onewood.dk\/shop\/\"},{\"@type\":\"ListItem\",\"position\":2,\"name\":\"Legem\u00f8bler\",\"item\":\"https:\/\/onewood.dk\/vare-kategori\/legemoebler\/\"},{\"@type\":\"ListItem\",\"position\":3,\"name\":\"8874 &#8211; Klatrev\u00e6g\"}]},{\"@type\":\"WebSite\",\"@id\":\"https:\/\/onewood.dk\/#website\",\"url\":\"https:\/\/onewood.dk\/\",\"name\":\"One Wood Furniture A\/S\",\"description\":\"\",\"publisher\":{\"@id\":\"https:\/\/onewood.dk\/#organization\"},\"potentialAction\":[{\"@type\":\"SearchAction\",\"target\":{\"@type\":\"EntryPoint\",\"urlTemplate\":\"https:\/\/onewood.dk\/?s={search_term_string}\"},\"query-input\":{\"@type\":\"PropertyValueSpecification\",\"valueRequired\":true,\"valueName\":\"search_term_string\"}}],\"inLanguage\":\"de\"},{\"@type\":\"Organization\",\"@id\":\"https:\/\/onewood.dk\/#organization\",\"name\":\"One Wood Furniture A\/S\",\"url\":\"https:\/\/onewood.dk\/\",\"logo\":{\"@type\":\"ImageObject\",\"inLanguage\":\"de\",\"@id\":\"https:\/\/onewood.dk\/#\/schema\/logo\/image\/\",\"url\":\"https:\/\/onewood.dk\/wp-content\/uploads\/2024\/12\/Logo.png\",\"contentUrl\":\"https:\/\/onewood.dk\/wp-content\/uploads\/2024\/12\/Logo.png\",\"width\":180,\"height\":90,\"caption\":\"One Wood Furniture A\/S\"},\"image\":{\"@id\":\"https:\/\/onewood.dk\/#\/schema\/logo\/image\/\"}}]}<\/script>\n<!-- \/ Yoast SEO plugin. -->","yoast_head_json":{"title":"8874 - Klatrev\u00e6g | One Wood Furniture A\/S","robots":{"index":"index","follow":"follow","max-snippet":"max-snippet:-1","max-image-preview":"max-image-preview:large","max-video-preview":"max-video-preview:-1"},"canonical":"https:\/\/onewood.dk\/de\/product\/8874-kletterwand\/","og_locale":"de_DE","og_type":"article","og_title":"8874 - Klatrev\u00e6g | One Wood Furniture A\/S","og_description":"18mm hvidpigmenteret birkekrydsfiner Laminat p\u00e5 front, v\u00e6lg mellem One Woods standard laminatfarver \u00a0OBS! Klatregreb medf\u00f8lger ikke Kan leveres i klarlak, oplyses ved ordre. M\u00e5l p\u00e5 tegning er vejledende &#8211; kan tilpasse inden for disse m\u00e5l efter kunde\u00f8nske.","og_url":"https:\/\/onewood.dk\/de\/product\/8874-kletterwand\/","og_site_name":"One Wood Furniture A\/S","article_modified_time":"2025-03-26T09:36:45+00:00","og_image":[{"width":720,"height":477,"url":"https:\/\/onewood.dk\/wp-content\/uploads\/2024\/12\/6632.jpg","type":"image\/jpeg"}],"twitter_card":"summary_large_image","twitter_misc":{"Gesch\u00e4tzte Lesezeit":"1\u00a0Minute"},"schema":{"@context":"https:\/\/schema.org","@graph":[{"@type":"WebPage","@id":"https:\/\/onewood.dk\/vare\/8874-klatrevaeg\/","url":"https:\/\/onewood.dk\/vare\/8874-klatrevaeg\/","name":"8874 - Klatrev\u00e6g | One Wood Furniture A\/S","isPartOf":{"@id":"https:\/\/onewood.dk\/#website"},"primaryImageOfPage":{"@id":"https:\/\/onewood.dk\/vare\/8874-klatrevaeg\/#primaryimage"},"image":{"@id":"https:\/\/onewood.dk\/vare\/8874-klatrevaeg\/#primaryimage"},"thumbnailUrl":"https:\/\/onewood.dk\/wp-content\/uploads\/2024\/12\/6632.jpg","datePublished":"2024-12-03T11:48:07+00:00","dateModified":"2025-03-26T09:36:45+00:00","breadcrumb":{"@id":"https:\/\/onewood.dk\/vare\/8874-klatrevaeg\/#breadcrumb"},"inLanguage":"de","potentialAction":[{"@type":"ReadAction","target":["https:\/\/onewood.dk\/vare\/8874-klatrevaeg\/"]}]},{"@type":"ImageObject","inLanguage":"de","@id":"https:\/\/onewood.dk\/vare\/8874-klatrevaeg\/#primaryimage","url":"https:\/\/onewood.dk\/wp-content\/uploads\/2024\/12\/6632.jpg","contentUrl":"https:\/\/onewood.dk\/wp-content\/uploads\/2024\/12\/6632.jpg","width":720,"height":477},{"@type":"BreadcrumbList","@id":"https:\/\/onewood.dk\/vare\/8874-klatrevaeg\/#breadcrumb","itemListElement":[{"@type":"ListItem","position":1,"name":"Varer","item":"https:\/\/onewood.dk\/shop\/"},{"@type":"ListItem","position":2,"name":"Legem\u00f8bler","item":"https:\/\/onewood.dk\/vare-kategori\/legemoebler\/"},{"@type":"ListItem","position":3,"name":"8874 &#8211; Klatrev\u00e6g"}]},{"@type":"WebSite","@id":"https:\/\/onewood.dk\/#website","url":"https:\/\/onewood.dk\/","name":"One Wood Furniture A\/S","description":"","publisher":{"@id":"https:\/\/onewood.dk\/#organization"},"potentialAction":[{"@type":"SearchAction","target":{"@type":"EntryPoint","urlTemplate":"https:\/\/onewood.dk\/?s={search_term_string}"},"query-input":{"@type":"PropertyValueSpecification","valueRequired":true,"valueName":"search_term_string"}}],"inLanguage":"de"},{"@type":"Organization","@id":"https:\/\/onewood.dk\/#organization","name":"One Wood Furniture A\/S","url":"https:\/\/onewood.dk\/","logo":{"@type":"ImageObject","inLanguage":"de","@id":"https:\/\/onewood.dk\/#\/schema\/logo\/image\/","url":"https:\/\/onewood.dk\/wp-content\/uploads\/2024\/12\/Logo.png","contentUrl":"https:\/\/onewood.dk\/wp-content\/uploads\/2024\/12\/Logo.png","width":180,"height":90,"caption":"One Wood Furniture A\/S"},"image":{"@id":"https:\/\/onewood.dk\/#\/schema\/logo\/image\/"}}]}},"_links":{"self":[{"href":"https:\/\/onewood.dk\/de\/wp-json\/wp\/v2\/product\/1954","targetHints":{"allow":["GET"]}}],"collection":[{"href":"https:\/\/onewood.dk\/de\/wp-json\/wp\/v2\/product"}],"about":[{"href":"https:\/\/onewood.dk\/de\/wp-json\/wp\/v2\/types\/product"}],"wp:featuredmedia":[{"embeddable":true,"href":"https:\/\/onewood.dk\/de\/wp-json\/wp\/v2\/media\/4538"}],"wp:attachment":[{"href":"https:\/\/onewood.dk\/de\/wp-json\/wp\/v2\/media?parent=1954"}],"wp:term":[{"taxonomy":"product_brand","embeddable":true,"href":"https:\/\/onewood.dk\/de\/wp-json\/wp\/v2\/product_brand?post=1954"},{"taxonomy":"product_cat","embeddable":true,"href":"https:\/\/onewood.dk\/de\/wp-json\/wp\/v2\/product_cat?post=1954"},{"taxonomy":"product_tag","embeddable":true,"href":"https:\/\/onewood.dk\/de\/wp-json\/wp\/v2\/product_tag?post=1954"}],"curies":[{"name":"wp","href":"https:\/\/api.w.org\/{rel}","templated":true}]}}