{"id":1965,"date":"2024-12-03T12:48:07","date_gmt":"2024-12-03T11:48:07","guid":{"rendered":"https:\/\/onewood.dkvare\/8108tv-kubus-v-4-rum-15mm-birkekrydsfiner\/"},"modified":"2025-02-10T14:01:44","modified_gmt":"2025-02-10T13:01:44","slug":"8108tv-kubus-v-4-rum-15mm-birkekrydsfiner","status":"publish","type":"product","link":"https:\/\/onewood.dk\/de\/product\/8108tv-wurfel-v-4-facher-15mm-birkensperrholz\/","title":{"rendered":"8108TV \u2013 Kubus V 4 F\u00e4cher \u2013 15mm Birkensperrholz"},"content":{"rendered":"<p>Mobiles Kubus Regal V mit 1 Fach (gleiche Gr\u00f6\u00dfe wie 8-Fach 8108T) aus 15 mm wei\u00dfpigmentiertem Birkensperrholz.<\/p>\n<p>Unser beliebtestes Regal, da es eine intelligente und einfache Regalserie ist, die den Bedarf der meisten Menschen an flexibler und funktionaler Aufbewahrung erf\u00fcllt. Die vielen Modelle und Individualisierungsm\u00f6glichkeiten machen es leicht, es ganz nach Ihren W\u00fcnschen zusammenzustellen.<\/p>\n<p>Das breite Kubus-Regal erm\u00f6glicht im Vergleich zum normalen Kubus andere Aufbewahrungsm\u00f6glichkeiten.<\/p>\n<ul>\n<li>Mit robusten, feststellbaren R\u00e4dern und 15 mm starker R\u00fcckwand.<\/li>\n<li>Wenn Sie das Regal an der Wand befestigen m\u00f6chten, wird es ohne Rollen geliefert.<\/li>\n<\/ul>","protected":false},"excerpt":{"rendered":"<p>Das mobile Kubus-Regal V mit 1 Fach (gleiche Gr\u00f6\u00dfe wie das 8-F\u00e4cher-Modell 8108T) ist aus 15 mm starkem, wei\u00df pigmentiertem Birken-Sperrholz gefertigt. Unser beliebtestes Regal, denn es ist eine clevere und einfache Regalserie, die den Bed\u00fcrfnissen der meisten Menschen nach flexibler und funktionaler Aufbewahrung gerecht wird. Dank der vielen Modelle und Individualisierungsm\u00f6glichkeiten l\u00e4sst es sich ganz einfach nach Ihren W\u00fcnschen zusammenstellen. Kubus-Regal breit [\u2026]<\/p>","protected":false},"featured_media":4575,"template":"","meta":[],"product_brand":[],"product_cat":[606,557,622],"product_tag":[],"class_list":{"0":"post-1965","1":"product","2":"type-product","3":"status-publish","4":"has-post-thumbnail","6":"product_cat-kubus","7":"product_cat-reoler","8":"product_cat-kubus-v-reol","10":"first","11":"instock","12":"product-type-simple"},"yoast_head":"<!-- This site is optimized with the Yoast SEO plugin v24.4 - https:\/\/yoast.com\/wordpress\/plugins\/seo\/ -->\n<title>8108TV - Kubus V 4 rum - 15mm birkekrydsfiner | One Wood Furniture A\/S<\/title>\n<meta name=\"robots\" content=\"index, follow, max-snippet:-1, max-image-preview:large, max-video-preview:-1\" \/>\n<link rel=\"canonical\" href=\"https:\/\/onewood.dk\/de\/product\/8108tv-wurfel-v-4-facher-15mm-birkensperrholz\/\" \/>\n<meta property=\"og:locale\" content=\"de_DE\" \/>\n<meta property=\"og:type\" content=\"article\" \/>\n<meta property=\"og:title\" content=\"8108TV - Kubus V 4 rum - 15mm birkekrydsfiner | One Wood Furniture A\/S\" \/>\n<meta property=\"og:description\" content=\"Mobil Kubus reol\u00a0V med 1 rum (samme str. som 8 rum 8108T) i 15 mm hvidpigmenteret birkekrydsfiner. Vores mest popul\u00e6re reol, da det er en smart og enkel reolserie, der opfylder de flestes behov for fleksibel og funktionel opbevaring. De mange modeller og tilpasningsmuligheder, g\u00f8r det let at sammens\u00e6tte efter eget \u00f8nske. Kubus reol bred [&hellip;]\" \/>\n<meta property=\"og:url\" content=\"https:\/\/onewood.dk\/de\/product\/8108tv-wurfel-v-4-facher-15mm-birkensperrholz\/\" \/>\n<meta property=\"og:site_name\" content=\"One Wood Furniture A\/S\" \/>\n<meta property=\"article:modified_time\" content=\"2025-02-10T13:01:44+00:00\" \/>\n<meta property=\"og:image\" content=\"https:\/\/onewood.dk\/wp-content\/uploads\/2024\/12\/6714-scaled.jpg\" \/>\n\t<meta property=\"og:image:width\" content=\"2560\" \/>\n\t<meta property=\"og:image:height\" content=\"1707\" \/>\n\t<meta property=\"og:image:type\" content=\"image\/jpeg\" \/>\n<meta name=\"twitter:card\" content=\"summary_large_image\" \/>\n<meta name=\"twitter:label1\" content=\"Gesch\u00e4tzte Lesezeit\" \/>\n\t<meta name=\"twitter:data1\" content=\"1\u00a0Minute\" \/>\n<script type=\"application\/ld+json\" class=\"yoast-schema-graph\">{\"@context\":\"https:\/\/schema.org\",\"@graph\":[{\"@type\":\"WebPage\",\"@id\":\"https:\/\/onewood.dk\/vare\/8108tv-kubus-v-4-rum-15mm-birkekrydsfiner\/\",\"url\":\"https:\/\/onewood.dk\/vare\/8108tv-kubus-v-4-rum-15mm-birkekrydsfiner\/\",\"name\":\"8108TV - Kubus V 4 rum - 15mm birkekrydsfiner | One Wood Furniture A\/S\",\"isPartOf\":{\"@id\":\"https:\/\/onewood.dk\/#website\"},\"primaryImageOfPage\":{\"@id\":\"https:\/\/onewood.dk\/vare\/8108tv-kubus-v-4-rum-15mm-birkekrydsfiner\/#primaryimage\"},\"image\":{\"@id\":\"https:\/\/onewood.dk\/vare\/8108tv-kubus-v-4-rum-15mm-birkekrydsfiner\/#primaryimage\"},\"thumbnailUrl\":\"https:\/\/onewood.dk\/wp-content\/uploads\/2024\/12\/6714-scaled.jpg\",\"datePublished\":\"2024-12-03T11:48:07+00:00\",\"dateModified\":\"2025-02-10T13:01:44+00:00\",\"breadcrumb\":{\"@id\":\"https:\/\/onewood.dk\/vare\/8108tv-kubus-v-4-rum-15mm-birkekrydsfiner\/#breadcrumb\"},\"inLanguage\":\"de\",\"potentialAction\":[{\"@type\":\"ReadAction\",\"target\":[\"https:\/\/onewood.dk\/vare\/8108tv-kubus-v-4-rum-15mm-birkekrydsfiner\/\"]}]},{\"@type\":\"ImageObject\",\"inLanguage\":\"de\",\"@id\":\"https:\/\/onewood.dk\/vare\/8108tv-kubus-v-4-rum-15mm-birkekrydsfiner\/#primaryimage\",\"url\":\"https:\/\/onewood.dk\/wp-content\/uploads\/2024\/12\/6714-scaled.jpg\",\"contentUrl\":\"https:\/\/onewood.dk\/wp-content\/uploads\/2024\/12\/6714-scaled.jpg\",\"width\":2560,\"height\":1707},{\"@type\":\"BreadcrumbList\",\"@id\":\"https:\/\/onewood.dk\/vare\/8108tv-kubus-v-4-rum-15mm-birkekrydsfiner\/#breadcrumb\",\"itemListElement\":[{\"@type\":\"ListItem\",\"position\":1,\"name\":\"Varer\",\"item\":\"https:\/\/onewood.dk\/shop\/\"},{\"@type\":\"ListItem\",\"position\":2,\"name\":\"Reoler\",\"item\":\"https:\/\/onewood.dk\/vare-kategori\/reoler\/\"},{\"@type\":\"ListItem\",\"position\":3,\"name\":\"Kubus\",\"item\":\"https:\/\/onewood.dk\/vare-kategori\/reoler\/kubus\/\"},{\"@type\":\"ListItem\",\"position\":4,\"name\":\"Kubus V-reol\",\"item\":\"https:\/\/onewood.dk\/vare-kategori\/reoler\/kubus\/kubus-v-reol\/\"},{\"@type\":\"ListItem\",\"position\":5,\"name\":\"8108TV &#8211; Kubus V 4 rum &#8211; 15mm birkekrydsfiner\"}]},{\"@type\":\"WebSite\",\"@id\":\"https:\/\/onewood.dk\/#website\",\"url\":\"https:\/\/onewood.dk\/\",\"name\":\"One Wood Furniture A\/S\",\"description\":\"\",\"publisher\":{\"@id\":\"https:\/\/onewood.dk\/#organization\"},\"potentialAction\":[{\"@type\":\"SearchAction\",\"target\":{\"@type\":\"EntryPoint\",\"urlTemplate\":\"https:\/\/onewood.dk\/?s={search_term_string}\"},\"query-input\":{\"@type\":\"PropertyValueSpecification\",\"valueRequired\":true,\"valueName\":\"search_term_string\"}}],\"inLanguage\":\"de\"},{\"@type\":\"Organization\",\"@id\":\"https:\/\/onewood.dk\/#organization\",\"name\":\"One Wood Furniture A\/S\",\"url\":\"https:\/\/onewood.dk\/\",\"logo\":{\"@type\":\"ImageObject\",\"inLanguage\":\"de\",\"@id\":\"https:\/\/onewood.dk\/#\/schema\/logo\/image\/\",\"url\":\"https:\/\/onewood.dk\/wp-content\/uploads\/2024\/12\/Logo.png\",\"contentUrl\":\"https:\/\/onewood.dk\/wp-content\/uploads\/2024\/12\/Logo.png\",\"width\":180,\"height\":90,\"caption\":\"One Wood Furniture A\/S\"},\"image\":{\"@id\":\"https:\/\/onewood.dk\/#\/schema\/logo\/image\/\"}}]}<\/script>\n<!-- \/ Yoast SEO plugin. -->","yoast_head_json":{"title":"8108TV - Kubus V 4 rum - 15mm birkekrydsfiner | One Wood Furniture A\/S","robots":{"index":"index","follow":"follow","max-snippet":"max-snippet:-1","max-image-preview":"max-image-preview:large","max-video-preview":"max-video-preview:-1"},"canonical":"https:\/\/onewood.dk\/de\/product\/8108tv-wurfel-v-4-facher-15mm-birkensperrholz\/","og_locale":"de_DE","og_type":"article","og_title":"8108TV - Kubus V 4 rum - 15mm birkekrydsfiner | One Wood Furniture A\/S","og_description":"Mobil Kubus reol\u00a0V med 1 rum (samme str. som 8 rum 8108T) i 15 mm hvidpigmenteret birkekrydsfiner. Vores mest popul\u00e6re reol, da det er en smart og enkel reolserie, der opfylder de flestes behov for fleksibel og funktionel opbevaring. De mange modeller og tilpasningsmuligheder, g\u00f8r det let at sammens\u00e6tte efter eget \u00f8nske. Kubus reol bred [&hellip;]","og_url":"https:\/\/onewood.dk\/de\/product\/8108tv-wurfel-v-4-facher-15mm-birkensperrholz\/","og_site_name":"One Wood Furniture A\/S","article_modified_time":"2025-02-10T13:01:44+00:00","og_image":[{"width":2560,"height":1707,"url":"https:\/\/onewood.dk\/wp-content\/uploads\/2024\/12\/6714-scaled.jpg","type":"image\/jpeg"}],"twitter_card":"summary_large_image","twitter_misc":{"Gesch\u00e4tzte Lesezeit":"1\u00a0Minute"},"schema":{"@context":"https:\/\/schema.org","@graph":[{"@type":"WebPage","@id":"https:\/\/onewood.dk\/vare\/8108tv-kubus-v-4-rum-15mm-birkekrydsfiner\/","url":"https:\/\/onewood.dk\/vare\/8108tv-kubus-v-4-rum-15mm-birkekrydsfiner\/","name":"8108TV - Kubus V 4 rum - 15mm birkekrydsfiner | One Wood Furniture A\/S","isPartOf":{"@id":"https:\/\/onewood.dk\/#website"},"primaryImageOfPage":{"@id":"https:\/\/onewood.dk\/vare\/8108tv-kubus-v-4-rum-15mm-birkekrydsfiner\/#primaryimage"},"image":{"@id":"https:\/\/onewood.dk\/vare\/8108tv-kubus-v-4-rum-15mm-birkekrydsfiner\/#primaryimage"},"thumbnailUrl":"https:\/\/onewood.dk\/wp-content\/uploads\/2024\/12\/6714-scaled.jpg","datePublished":"2024-12-03T11:48:07+00:00","dateModified":"2025-02-10T13:01:44+00:00","breadcrumb":{"@id":"https:\/\/onewood.dk\/vare\/8108tv-kubus-v-4-rum-15mm-birkekrydsfiner\/#breadcrumb"},"inLanguage":"de","potentialAction":[{"@type":"ReadAction","target":["https:\/\/onewood.dk\/vare\/8108tv-kubus-v-4-rum-15mm-birkekrydsfiner\/"]}]},{"@type":"ImageObject","inLanguage":"de","@id":"https:\/\/onewood.dk\/vare\/8108tv-kubus-v-4-rum-15mm-birkekrydsfiner\/#primaryimage","url":"https:\/\/onewood.dk\/wp-content\/uploads\/2024\/12\/6714-scaled.jpg","contentUrl":"https:\/\/onewood.dk\/wp-content\/uploads\/2024\/12\/6714-scaled.jpg","width":2560,"height":1707},{"@type":"BreadcrumbList","@id":"https:\/\/onewood.dk\/vare\/8108tv-kubus-v-4-rum-15mm-birkekrydsfiner\/#breadcrumb","itemListElement":[{"@type":"ListItem","position":1,"name":"Varer","item":"https:\/\/onewood.dk\/shop\/"},{"@type":"ListItem","position":2,"name":"Reoler","item":"https:\/\/onewood.dk\/vare-kategori\/reoler\/"},{"@type":"ListItem","position":3,"name":"Kubus","item":"https:\/\/onewood.dk\/vare-kategori\/reoler\/kubus\/"},{"@type":"ListItem","position":4,"name":"Kubus V-reol","item":"https:\/\/onewood.dk\/vare-kategori\/reoler\/kubus\/kubus-v-reol\/"},{"@type":"ListItem","position":5,"name":"8108TV &#8211; Kubus V 4 rum &#8211; 15mm birkekrydsfiner"}]},{"@type":"WebSite","@id":"https:\/\/onewood.dk\/#website","url":"https:\/\/onewood.dk\/","name":"One Wood Furniture A\/S","description":"","publisher":{"@id":"https:\/\/onewood.dk\/#organization"},"potentialAction":[{"@type":"SearchAction","target":{"@type":"EntryPoint","urlTemplate":"https:\/\/onewood.dk\/?s={search_term_string}"},"query-input":{"@type":"PropertyValueSpecification","valueRequired":true,"valueName":"search_term_string"}}],"inLanguage":"de"},{"@type":"Organization","@id":"https:\/\/onewood.dk\/#organization","name":"One Wood Furniture A\/S","url":"https:\/\/onewood.dk\/","logo":{"@type":"ImageObject","inLanguage":"de","@id":"https:\/\/onewood.dk\/#\/schema\/logo\/image\/","url":"https:\/\/onewood.dk\/wp-content\/uploads\/2024\/12\/Logo.png","contentUrl":"https:\/\/onewood.dk\/wp-content\/uploads\/2024\/12\/Logo.png","width":180,"height":90,"caption":"One Wood Furniture A\/S"},"image":{"@id":"https:\/\/onewood.dk\/#\/schema\/logo\/image\/"}}]}},"_links":{"self":[{"href":"https:\/\/onewood.dk\/de\/wp-json\/wp\/v2\/product\/1965","targetHints":{"allow":["GET"]}}],"collection":[{"href":"https:\/\/onewood.dk\/de\/wp-json\/wp\/v2\/product"}],"about":[{"href":"https:\/\/onewood.dk\/de\/wp-json\/wp\/v2\/types\/product"}],"wp:featuredmedia":[{"embeddable":true,"href":"https:\/\/onewood.dk\/de\/wp-json\/wp\/v2\/media\/4575"}],"wp:attachment":[{"href":"https:\/\/onewood.dk\/de\/wp-json\/wp\/v2\/media?parent=1965"}],"wp:term":[{"taxonomy":"product_brand","embeddable":true,"href":"https:\/\/onewood.dk\/de\/wp-json\/wp\/v2\/product_brand?post=1965"},{"taxonomy":"product_cat","embeddable":true,"href":"https:\/\/onewood.dk\/de\/wp-json\/wp\/v2\/product_cat?post=1965"},{"taxonomy":"product_tag","embeddable":true,"href":"https:\/\/onewood.dk\/de\/wp-json\/wp\/v2\/product_tag?post=1965"}],"curies":[{"name":"wp","href":"https:\/\/api.w.org\/{rel}","templated":true}]}}