{"id":1972,"date":"2024-12-03T12:48:10","date_gmt":"2024-12-03T11:48:10","guid":{"rendered":"https:\/\/onewood.dkvare\/8106tt-kubus-6-rum\/"},"modified":"2025-02-10T13:31:36","modified_gmt":"2025-02-10T12:31:36","slug":"8106tt-kubus-6-rum","status":"publish","type":"product","link":"https:\/\/onewood.dk\/de\/product\/8106tt-wurfel-6-facher\/","title":{"rendered":"8106TT \u2013 W\u00fcrfel 6 R\u00e4ume"},"content":{"rendered":"<p>Mobiles Kubus Regal 6 F\u00e4cher aus 15mm wei\u00df pigmentiertem Birkensperrholz.<\/p>\n<p>Unser beliebtestes Regal, da es eine intelligente und einfache Regalserie ist, die den Bedarf der meisten Menschen an flexibler und funktionaler Aufbewahrung erf\u00fcllt. Die vielen Modelle und Individualisierungsm\u00f6glichkeiten machen es leicht, es ganz nach Ihren W\u00fcnschen zusammenzustellen.<\/p>\n<p>Mit robusten, feststellbaren R\u00e4dern und 15 mm starker R\u00fcckwand.<br \/>\nWenn Sie das Regal an der Wand befestigen m\u00f6chten, wird es ohne Rollen geliefert.<br \/>\nWenn Sie in einigen Zimmern Schubladen oder T\u00fcren w\u00fcnschen, geben Sie bitte die Zimmernummer an.<\/p>","protected":false},"excerpt":{"rendered":"<p>Das mobile Kubus-Regal mit 6 F\u00e4chern aus 15 mm starkem, wei\u00df pigmentiertem Birkensperrholz ist unser beliebtestes Regal, da es sich um eine clevere und einfache Regalserie handelt, die den Bed\u00fcrfnissen der meisten Menschen nach flexibler und funktionaler Aufbewahrung gerecht wird. Dank der vielen Modelle und Individualisierungsm\u00f6glichkeiten l\u00e4sst es sich ganz einfach nach Ihren W\u00fcnschen zusammenstellen. Ausgestattet mit robusten, feststellbaren Rollen und einer 15 mm starken R\u00fcckwand. Wenn Sie das Regal [\u2026]<\/p>","protected":false},"featured_media":4596,"template":"","meta":[],"product_brand":[],"product_cat":[606,557,685],"product_tag":[],"class_list":{"0":"post-1972","1":"product","2":"type-product","3":"status-publish","4":"has-post-thumbnail","6":"product_cat-kubus","7":"product_cat-reoler","8":"product_cat-kubus-15mm-d-375mm","10":"first","11":"instock","12":"product-type-simple"},"yoast_head":"<!-- This site is optimized with the Yoast SEO plugin v24.4 - https:\/\/yoast.com\/wordpress\/plugins\/seo\/ -->\n<title>8106TT - Kubus 6 rum | One Wood Furniture A\/S<\/title>\n<meta name=\"robots\" content=\"index, follow, max-snippet:-1, max-image-preview:large, max-video-preview:-1\" \/>\n<link rel=\"canonical\" href=\"https:\/\/onewood.dk\/de\/product\/8106tt-wurfel-6-facher\/\" \/>\n<meta property=\"og:locale\" content=\"de_DE\" \/>\n<meta property=\"og:type\" content=\"article\" \/>\n<meta property=\"og:title\" content=\"8106TT - Kubus 6 rum | One Wood Furniture A\/S\" \/>\n<meta property=\"og:description\" content=\"Mobil Kubus reol 6 rum i 15mm hvidpigmenteret birkekrydsfiner. Vores mest popul\u00e6re reol, da det er en smart og enkel reolserie, der opfylder de flestes behov for fleksibel og funktionel opbevaring. De mange modeller og tilpasningsmuligeder, g\u00f8r det let at sammens\u00e6tte efter eget \u00f8nske. Leveres med kraftige l\u00e5sbare hjul og med 15mm bagbekl\u00e6dning. \u00d8nskes reolen [&hellip;]\" \/>\n<meta property=\"og:url\" content=\"https:\/\/onewood.dk\/de\/product\/8106tt-wurfel-6-facher\/\" \/>\n<meta property=\"og:site_name\" content=\"One Wood Furniture A\/S\" \/>\n<meta property=\"article:modified_time\" content=\"2025-02-10T12:31:36+00:00\" \/>\n<meta property=\"og:image\" content=\"https:\/\/onewood.dk\/wp-content\/uploads\/2024\/12\/6738-scaled.jpg\" \/>\n\t<meta property=\"og:image:width\" content=\"2560\" \/>\n\t<meta property=\"og:image:height\" content=\"1707\" \/>\n\t<meta property=\"og:image:type\" content=\"image\/jpeg\" \/>\n<meta name=\"twitter:card\" content=\"summary_large_image\" \/>\n<meta name=\"twitter:label1\" content=\"Gesch\u00e4tzte Lesezeit\" \/>\n\t<meta name=\"twitter:data1\" content=\"1\u00a0Minute\" \/>\n<script type=\"application\/ld+json\" class=\"yoast-schema-graph\">{\"@context\":\"https:\/\/schema.org\",\"@graph\":[{\"@type\":\"WebPage\",\"@id\":\"https:\/\/onewood.dk\/vare\/8106tt-kubus-6-rum\/\",\"url\":\"https:\/\/onewood.dk\/vare\/8106tt-kubus-6-rum\/\",\"name\":\"8106TT - Kubus 6 rum | One Wood Furniture A\/S\",\"isPartOf\":{\"@id\":\"https:\/\/onewood.dk\/#website\"},\"primaryImageOfPage\":{\"@id\":\"https:\/\/onewood.dk\/vare\/8106tt-kubus-6-rum\/#primaryimage\"},\"image\":{\"@id\":\"https:\/\/onewood.dk\/vare\/8106tt-kubus-6-rum\/#primaryimage\"},\"thumbnailUrl\":\"https:\/\/onewood.dk\/wp-content\/uploads\/2024\/12\/6738-scaled.jpg\",\"datePublished\":\"2024-12-03T11:48:10+00:00\",\"dateModified\":\"2025-02-10T12:31:36+00:00\",\"breadcrumb\":{\"@id\":\"https:\/\/onewood.dk\/vare\/8106tt-kubus-6-rum\/#breadcrumb\"},\"inLanguage\":\"de\",\"potentialAction\":[{\"@type\":\"ReadAction\",\"target\":[\"https:\/\/onewood.dk\/vare\/8106tt-kubus-6-rum\/\"]}]},{\"@type\":\"ImageObject\",\"inLanguage\":\"de\",\"@id\":\"https:\/\/onewood.dk\/vare\/8106tt-kubus-6-rum\/#primaryimage\",\"url\":\"https:\/\/onewood.dk\/wp-content\/uploads\/2024\/12\/6738-scaled.jpg\",\"contentUrl\":\"https:\/\/onewood.dk\/wp-content\/uploads\/2024\/12\/6738-scaled.jpg\",\"width\":2560,\"height\":1707},{\"@type\":\"BreadcrumbList\",\"@id\":\"https:\/\/onewood.dk\/vare\/8106tt-kubus-6-rum\/#breadcrumb\",\"itemListElement\":[{\"@type\":\"ListItem\",\"position\":1,\"name\":\"Varer\",\"item\":\"https:\/\/onewood.dk\/shop\/\"},{\"@type\":\"ListItem\",\"position\":2,\"name\":\"Reoler\",\"item\":\"https:\/\/onewood.dk\/vare-kategori\/reoler\/\"},{\"@type\":\"ListItem\",\"position\":3,\"name\":\"Kubus\",\"item\":\"https:\/\/onewood.dk\/vare-kategori\/reoler\/kubus\/\"},{\"@type\":\"ListItem\",\"position\":4,\"name\":\"Kubus 15mm - D: 375mm\",\"item\":\"https:\/\/onewood.dk\/vare-kategori\/reoler\/kubus\/kubus-15mm-d-375mm\/\"},{\"@type\":\"ListItem\",\"position\":5,\"name\":\"8106TT &#8211; Kubus 6 rum\"}]},{\"@type\":\"WebSite\",\"@id\":\"https:\/\/onewood.dk\/#website\",\"url\":\"https:\/\/onewood.dk\/\",\"name\":\"One Wood Furniture A\/S\",\"description\":\"\",\"publisher\":{\"@id\":\"https:\/\/onewood.dk\/#organization\"},\"potentialAction\":[{\"@type\":\"SearchAction\",\"target\":{\"@type\":\"EntryPoint\",\"urlTemplate\":\"https:\/\/onewood.dk\/?s={search_term_string}\"},\"query-input\":{\"@type\":\"PropertyValueSpecification\",\"valueRequired\":true,\"valueName\":\"search_term_string\"}}],\"inLanguage\":\"de\"},{\"@type\":\"Organization\",\"@id\":\"https:\/\/onewood.dk\/#organization\",\"name\":\"One Wood Furniture A\/S\",\"url\":\"https:\/\/onewood.dk\/\",\"logo\":{\"@type\":\"ImageObject\",\"inLanguage\":\"de\",\"@id\":\"https:\/\/onewood.dk\/#\/schema\/logo\/image\/\",\"url\":\"https:\/\/onewood.dk\/wp-content\/uploads\/2024\/12\/Logo.png\",\"contentUrl\":\"https:\/\/onewood.dk\/wp-content\/uploads\/2024\/12\/Logo.png\",\"width\":180,\"height\":90,\"caption\":\"One Wood Furniture A\/S\"},\"image\":{\"@id\":\"https:\/\/onewood.dk\/#\/schema\/logo\/image\/\"}}]}<\/script>\n<!-- \/ Yoast SEO plugin. -->","yoast_head_json":{"title":"8106TT - Kubus 6 rum | One Wood Furniture A\/S","robots":{"index":"index","follow":"follow","max-snippet":"max-snippet:-1","max-image-preview":"max-image-preview:large","max-video-preview":"max-video-preview:-1"},"canonical":"https:\/\/onewood.dk\/de\/product\/8106tt-wurfel-6-facher\/","og_locale":"de_DE","og_type":"article","og_title":"8106TT - Kubus 6 rum | One Wood Furniture A\/S","og_description":"Mobil Kubus reol 6 rum i 15mm hvidpigmenteret birkekrydsfiner. Vores mest popul\u00e6re reol, da det er en smart og enkel reolserie, der opfylder de flestes behov for fleksibel og funktionel opbevaring. De mange modeller og tilpasningsmuligeder, g\u00f8r det let at sammens\u00e6tte efter eget \u00f8nske. Leveres med kraftige l\u00e5sbare hjul og med 15mm bagbekl\u00e6dning. \u00d8nskes reolen [&hellip;]","og_url":"https:\/\/onewood.dk\/de\/product\/8106tt-wurfel-6-facher\/","og_site_name":"One Wood Furniture A\/S","article_modified_time":"2025-02-10T12:31:36+00:00","og_image":[{"width":2560,"height":1707,"url":"https:\/\/onewood.dk\/wp-content\/uploads\/2024\/12\/6738-scaled.jpg","type":"image\/jpeg"}],"twitter_card":"summary_large_image","twitter_misc":{"Gesch\u00e4tzte Lesezeit":"1\u00a0Minute"},"schema":{"@context":"https:\/\/schema.org","@graph":[{"@type":"WebPage","@id":"https:\/\/onewood.dk\/vare\/8106tt-kubus-6-rum\/","url":"https:\/\/onewood.dk\/vare\/8106tt-kubus-6-rum\/","name":"8106TT - Kubus 6 rum | One Wood Furniture A\/S","isPartOf":{"@id":"https:\/\/onewood.dk\/#website"},"primaryImageOfPage":{"@id":"https:\/\/onewood.dk\/vare\/8106tt-kubus-6-rum\/#primaryimage"},"image":{"@id":"https:\/\/onewood.dk\/vare\/8106tt-kubus-6-rum\/#primaryimage"},"thumbnailUrl":"https:\/\/onewood.dk\/wp-content\/uploads\/2024\/12\/6738-scaled.jpg","datePublished":"2024-12-03T11:48:10+00:00","dateModified":"2025-02-10T12:31:36+00:00","breadcrumb":{"@id":"https:\/\/onewood.dk\/vare\/8106tt-kubus-6-rum\/#breadcrumb"},"inLanguage":"de","potentialAction":[{"@type":"ReadAction","target":["https:\/\/onewood.dk\/vare\/8106tt-kubus-6-rum\/"]}]},{"@type":"ImageObject","inLanguage":"de","@id":"https:\/\/onewood.dk\/vare\/8106tt-kubus-6-rum\/#primaryimage","url":"https:\/\/onewood.dk\/wp-content\/uploads\/2024\/12\/6738-scaled.jpg","contentUrl":"https:\/\/onewood.dk\/wp-content\/uploads\/2024\/12\/6738-scaled.jpg","width":2560,"height":1707},{"@type":"BreadcrumbList","@id":"https:\/\/onewood.dk\/vare\/8106tt-kubus-6-rum\/#breadcrumb","itemListElement":[{"@type":"ListItem","position":1,"name":"Varer","item":"https:\/\/onewood.dk\/shop\/"},{"@type":"ListItem","position":2,"name":"Reoler","item":"https:\/\/onewood.dk\/vare-kategori\/reoler\/"},{"@type":"ListItem","position":3,"name":"Kubus","item":"https:\/\/onewood.dk\/vare-kategori\/reoler\/kubus\/"},{"@type":"ListItem","position":4,"name":"Kubus 15mm - D: 375mm","item":"https:\/\/onewood.dk\/vare-kategori\/reoler\/kubus\/kubus-15mm-d-375mm\/"},{"@type":"ListItem","position":5,"name":"8106TT &#8211; Kubus 6 rum"}]},{"@type":"WebSite","@id":"https:\/\/onewood.dk\/#website","url":"https:\/\/onewood.dk\/","name":"One Wood Furniture A\/S","description":"","publisher":{"@id":"https:\/\/onewood.dk\/#organization"},"potentialAction":[{"@type":"SearchAction","target":{"@type":"EntryPoint","urlTemplate":"https:\/\/onewood.dk\/?s={search_term_string}"},"query-input":{"@type":"PropertyValueSpecification","valueRequired":true,"valueName":"search_term_string"}}],"inLanguage":"de"},{"@type":"Organization","@id":"https:\/\/onewood.dk\/#organization","name":"One Wood Furniture A\/S","url":"https:\/\/onewood.dk\/","logo":{"@type":"ImageObject","inLanguage":"de","@id":"https:\/\/onewood.dk\/#\/schema\/logo\/image\/","url":"https:\/\/onewood.dk\/wp-content\/uploads\/2024\/12\/Logo.png","contentUrl":"https:\/\/onewood.dk\/wp-content\/uploads\/2024\/12\/Logo.png","width":180,"height":90,"caption":"One Wood Furniture A\/S"},"image":{"@id":"https:\/\/onewood.dk\/#\/schema\/logo\/image\/"}}]}},"_links":{"self":[{"href":"https:\/\/onewood.dk\/de\/wp-json\/wp\/v2\/product\/1972","targetHints":{"allow":["GET"]}}],"collection":[{"href":"https:\/\/onewood.dk\/de\/wp-json\/wp\/v2\/product"}],"about":[{"href":"https:\/\/onewood.dk\/de\/wp-json\/wp\/v2\/types\/product"}],"wp:featuredmedia":[{"embeddable":true,"href":"https:\/\/onewood.dk\/de\/wp-json\/wp\/v2\/media\/4596"}],"wp:attachment":[{"href":"https:\/\/onewood.dk\/de\/wp-json\/wp\/v2\/media?parent=1972"}],"wp:term":[{"taxonomy":"product_brand","embeddable":true,"href":"https:\/\/onewood.dk\/de\/wp-json\/wp\/v2\/product_brand?post=1972"},{"taxonomy":"product_cat","embeddable":true,"href":"https:\/\/onewood.dk\/de\/wp-json\/wp\/v2\/product_cat?post=1972"},{"taxonomy":"product_tag","embeddable":true,"href":"https:\/\/onewood.dk\/de\/wp-json\/wp\/v2\/product_tag?post=1972"}],"curies":[{"name":"wp","href":"https:\/\/api.w.org\/{rel}","templated":true}]}}