{"id":1979,"date":"2024-12-03T12:48:10","date_gmt":"2024-12-03T11:48:10","guid":{"rendered":"https:\/\/onewood.dkvare\/owp2pl-ow-personaleskab-2-rum\/"},"modified":"2025-02-07T11:39:47","modified_gmt":"2025-02-07T10:39:47","slug":"owp2pl-ow-personaleskab-2-rum","status":"publish","type":"product","link":"https:\/\/onewood.dk\/de\/product\/owp2pl-ow-personalspind-2-zimmer\/","title":{"rendered":"OWP2PL \u2013 OW Personalspind 2 R\u00e4ume"},"content":{"rendered":"<p>18 mm wei\u00df pigmentiertes Birkensperrholz.<br \/>\nT\u00fcren aus 16 mm MDF mit hellgrauem Laminat als Standard, w\u00e4hlen Sie aus allen Standardlaminatfarben von One Wood.<\/p>\n<p>Im Standard enthalten:<br \/>\n\u2013 Ablage oben<br \/>\n\u2013 Kleiderb\u00fcgel<br \/>\n\u2013 U-Griff, CC96<br \/>\n\u2013 Hekna-Schloss<br \/>\n\u2013 Fr\u00e4sen f\u00fcr Fu\u00dfleisten<\/p>\n<p>Innenma\u00dfe: B:300mm x T:400mm x H:1800mm<\/p>","protected":false},"excerpt":{"rendered":"<p>18 mm wei\u00df pigmentiertes Birkensperrholz. T\u00fcren aus 16 mm MDF mit hellgrauem Laminat als Standard, w\u00e4hlen Sie aus allen Standardlaminatfarben von One Wood. Standardm\u00e4\u00dfig enthalten: \u2013 Ablage oben \u2013 Kleiderstange \u2013 Kleidergriff CC96 \u2013 Hekna-Schloss \u2013 Fr\u00e4sung f\u00fcr Fu\u00dfleiste Innenma\u00dfe: B:300mm x T:400mm x H:1800mm<\/p>","protected":false},"featured_media":4620,"template":"","meta":[],"product_brand":[],"product_cat":[555,686,611],"product_tag":[],"class_list":{"0":"post-1979","1":"product","2":"type-product","3":"status-publish","4":"has-post-thumbnail","6":"product_cat-garderober-tilbehoer","7":"product_cat-ow-personaleskab","8":"product_cat-personaleskabe","10":"first","11":"instock","12":"product-type-simple"},"yoast_head":"<!-- This site is optimized with the Yoast SEO plugin v24.4 - https:\/\/yoast.com\/wordpress\/plugins\/seo\/ -->\n<title>OWP2PL - OW Personaleskab 2 rum | One Wood Furniture A\/S<\/title>\n<meta name=\"robots\" content=\"index, follow, max-snippet:-1, max-image-preview:large, max-video-preview:-1\" \/>\n<link rel=\"canonical\" href=\"https:\/\/onewood.dk\/de\/product\/owp2pl-ow-personalspind-2-zimmer\/\" \/>\n<meta property=\"og:locale\" content=\"de_DE\" \/>\n<meta property=\"og:type\" content=\"article\" \/>\n<meta property=\"og:title\" content=\"OWP2PL - OW Personaleskab 2 rum | One Wood Furniture A\/S\" \/>\n<meta property=\"og:description\" content=\"18mm hvidpigmenteret birkekrydsfiner. L\u00e5ger i 16mm MDF med Laminat lys gr\u00e5 som standard, v\u00e6lg mellem alle One Wood&#8217;s standard laminatfarver. Indeholder som standard: &#8211; Hylde i toppen &#8211; B\u00f8jlestang &#8211; B\u00f8jlegreb, CC96 &#8211; Hekna l\u00e5s &#8211; Udfr\u00e6sning til fodpanel Indvendige rum m\u00e5l: B:300mm x D:400mm x H:1800mm\" \/>\n<meta property=\"og:url\" content=\"https:\/\/onewood.dk\/de\/product\/owp2pl-ow-personalspind-2-zimmer\/\" \/>\n<meta property=\"og:site_name\" content=\"One Wood Furniture A\/S\" \/>\n<meta property=\"article:modified_time\" content=\"2025-02-07T10:39:47+00:00\" \/>\n<meta property=\"og:image\" content=\"https:\/\/onewood.dk\/wp-content\/uploads\/2024\/12\/6776-scaled.jpg\" \/>\n\t<meta property=\"og:image:width\" content=\"2560\" \/>\n\t<meta property=\"og:image:height\" content=\"1707\" \/>\n\t<meta property=\"og:image:type\" content=\"image\/jpeg\" \/>\n<meta name=\"twitter:card\" content=\"summary_large_image\" \/>\n<meta name=\"twitter:label1\" content=\"Gesch\u00e4tzte Lesezeit\" \/>\n\t<meta name=\"twitter:data1\" content=\"1\u00a0Minute\" \/>\n<script type=\"application\/ld+json\" class=\"yoast-schema-graph\">{\"@context\":\"https:\/\/schema.org\",\"@graph\":[{\"@type\":\"WebPage\",\"@id\":\"https:\/\/onewood.dk\/vare\/owp2pl-ow-personaleskab-2-rum\/\",\"url\":\"https:\/\/onewood.dk\/vare\/owp2pl-ow-personaleskab-2-rum\/\",\"name\":\"OWP2PL - OW Personaleskab 2 rum | One Wood Furniture A\/S\",\"isPartOf\":{\"@id\":\"https:\/\/onewood.dk\/#website\"},\"primaryImageOfPage\":{\"@id\":\"https:\/\/onewood.dk\/vare\/owp2pl-ow-personaleskab-2-rum\/#primaryimage\"},\"image\":{\"@id\":\"https:\/\/onewood.dk\/vare\/owp2pl-ow-personaleskab-2-rum\/#primaryimage\"},\"thumbnailUrl\":\"https:\/\/onewood.dk\/wp-content\/uploads\/2024\/12\/6776-scaled.jpg\",\"datePublished\":\"2024-12-03T11:48:10+00:00\",\"dateModified\":\"2025-02-07T10:39:47+00:00\",\"breadcrumb\":{\"@id\":\"https:\/\/onewood.dk\/vare\/owp2pl-ow-personaleskab-2-rum\/#breadcrumb\"},\"inLanguage\":\"de\",\"potentialAction\":[{\"@type\":\"ReadAction\",\"target\":[\"https:\/\/onewood.dk\/vare\/owp2pl-ow-personaleskab-2-rum\/\"]}]},{\"@type\":\"ImageObject\",\"inLanguage\":\"de\",\"@id\":\"https:\/\/onewood.dk\/vare\/owp2pl-ow-personaleskab-2-rum\/#primaryimage\",\"url\":\"https:\/\/onewood.dk\/wp-content\/uploads\/2024\/12\/6776-scaled.jpg\",\"contentUrl\":\"https:\/\/onewood.dk\/wp-content\/uploads\/2024\/12\/6776-scaled.jpg\",\"width\":2560,\"height\":1707},{\"@type\":\"BreadcrumbList\",\"@id\":\"https:\/\/onewood.dk\/vare\/owp2pl-ow-personaleskab-2-rum\/#breadcrumb\",\"itemListElement\":[{\"@type\":\"ListItem\",\"position\":1,\"name\":\"Varer\",\"item\":\"https:\/\/onewood.dk\/shop\/\"},{\"@type\":\"ListItem\",\"position\":2,\"name\":\"Garderober &amp; tilbeh\u00f8r\",\"item\":\"https:\/\/onewood.dk\/vare-kategori\/garderober-tilbehoer\/\"},{\"@type\":\"ListItem\",\"position\":3,\"name\":\"Personaleskabe\",\"item\":\"https:\/\/onewood.dk\/vare-kategori\/garderober-tilbehoer\/personaleskabe\/\"},{\"@type\":\"ListItem\",\"position\":4,\"name\":\"OW Personaleskab\",\"item\":\"https:\/\/onewood.dk\/vare-kategori\/garderober-tilbehoer\/personaleskabe\/ow-personaleskab\/\"},{\"@type\":\"ListItem\",\"position\":5,\"name\":\"OWP2PL &#8211; OW Personaleskab 2 rum\"}]},{\"@type\":\"WebSite\",\"@id\":\"https:\/\/onewood.dk\/#website\",\"url\":\"https:\/\/onewood.dk\/\",\"name\":\"One Wood Furniture A\/S\",\"description\":\"\",\"publisher\":{\"@id\":\"https:\/\/onewood.dk\/#organization\"},\"potentialAction\":[{\"@type\":\"SearchAction\",\"target\":{\"@type\":\"EntryPoint\",\"urlTemplate\":\"https:\/\/onewood.dk\/?s={search_term_string}\"},\"query-input\":{\"@type\":\"PropertyValueSpecification\",\"valueRequired\":true,\"valueName\":\"search_term_string\"}}],\"inLanguage\":\"de\"},{\"@type\":\"Organization\",\"@id\":\"https:\/\/onewood.dk\/#organization\",\"name\":\"One Wood Furniture A\/S\",\"url\":\"https:\/\/onewood.dk\/\",\"logo\":{\"@type\":\"ImageObject\",\"inLanguage\":\"de\",\"@id\":\"https:\/\/onewood.dk\/#\/schema\/logo\/image\/\",\"url\":\"https:\/\/onewood.dk\/wp-content\/uploads\/2024\/12\/Logo.png\",\"contentUrl\":\"https:\/\/onewood.dk\/wp-content\/uploads\/2024\/12\/Logo.png\",\"width\":180,\"height\":90,\"caption\":\"One Wood Furniture A\/S\"},\"image\":{\"@id\":\"https:\/\/onewood.dk\/#\/schema\/logo\/image\/\"}}]}<\/script>\n<!-- \/ Yoast SEO plugin. -->","yoast_head_json":{"title":"OWP2PL - OW Personaleskab 2 rum | One Wood Furniture A\/S","robots":{"index":"index","follow":"follow","max-snippet":"max-snippet:-1","max-image-preview":"max-image-preview:large","max-video-preview":"max-video-preview:-1"},"canonical":"https:\/\/onewood.dk\/de\/product\/owp2pl-ow-personalspind-2-zimmer\/","og_locale":"de_DE","og_type":"article","og_title":"OWP2PL - OW Personaleskab 2 rum | One Wood Furniture A\/S","og_description":"18mm hvidpigmenteret birkekrydsfiner. L\u00e5ger i 16mm MDF med Laminat lys gr\u00e5 som standard, v\u00e6lg mellem alle One Wood&#8217;s standard laminatfarver. Indeholder som standard: &#8211; Hylde i toppen &#8211; B\u00f8jlestang &#8211; B\u00f8jlegreb, CC96 &#8211; Hekna l\u00e5s &#8211; Udfr\u00e6sning til fodpanel Indvendige rum m\u00e5l: B:300mm x D:400mm x H:1800mm","og_url":"https:\/\/onewood.dk\/de\/product\/owp2pl-ow-personalspind-2-zimmer\/","og_site_name":"One Wood Furniture A\/S","article_modified_time":"2025-02-07T10:39:47+00:00","og_image":[{"width":2560,"height":1707,"url":"https:\/\/onewood.dk\/wp-content\/uploads\/2024\/12\/6776-scaled.jpg","type":"image\/jpeg"}],"twitter_card":"summary_large_image","twitter_misc":{"Gesch\u00e4tzte Lesezeit":"1\u00a0Minute"},"schema":{"@context":"https:\/\/schema.org","@graph":[{"@type":"WebPage","@id":"https:\/\/onewood.dk\/vare\/owp2pl-ow-personaleskab-2-rum\/","url":"https:\/\/onewood.dk\/vare\/owp2pl-ow-personaleskab-2-rum\/","name":"OWP2PL - OW Personaleskab 2 rum | One Wood Furniture A\/S","isPartOf":{"@id":"https:\/\/onewood.dk\/#website"},"primaryImageOfPage":{"@id":"https:\/\/onewood.dk\/vare\/owp2pl-ow-personaleskab-2-rum\/#primaryimage"},"image":{"@id":"https:\/\/onewood.dk\/vare\/owp2pl-ow-personaleskab-2-rum\/#primaryimage"},"thumbnailUrl":"https:\/\/onewood.dk\/wp-content\/uploads\/2024\/12\/6776-scaled.jpg","datePublished":"2024-12-03T11:48:10+00:00","dateModified":"2025-02-07T10:39:47+00:00","breadcrumb":{"@id":"https:\/\/onewood.dk\/vare\/owp2pl-ow-personaleskab-2-rum\/#breadcrumb"},"inLanguage":"de","potentialAction":[{"@type":"ReadAction","target":["https:\/\/onewood.dk\/vare\/owp2pl-ow-personaleskab-2-rum\/"]}]},{"@type":"ImageObject","inLanguage":"de","@id":"https:\/\/onewood.dk\/vare\/owp2pl-ow-personaleskab-2-rum\/#primaryimage","url":"https:\/\/onewood.dk\/wp-content\/uploads\/2024\/12\/6776-scaled.jpg","contentUrl":"https:\/\/onewood.dk\/wp-content\/uploads\/2024\/12\/6776-scaled.jpg","width":2560,"height":1707},{"@type":"BreadcrumbList","@id":"https:\/\/onewood.dk\/vare\/owp2pl-ow-personaleskab-2-rum\/#breadcrumb","itemListElement":[{"@type":"ListItem","position":1,"name":"Varer","item":"https:\/\/onewood.dk\/shop\/"},{"@type":"ListItem","position":2,"name":"Garderober &amp; tilbeh\u00f8r","item":"https:\/\/onewood.dk\/vare-kategori\/garderober-tilbehoer\/"},{"@type":"ListItem","position":3,"name":"Personaleskabe","item":"https:\/\/onewood.dk\/vare-kategori\/garderober-tilbehoer\/personaleskabe\/"},{"@type":"ListItem","position":4,"name":"OW Personaleskab","item":"https:\/\/onewood.dk\/vare-kategori\/garderober-tilbehoer\/personaleskabe\/ow-personaleskab\/"},{"@type":"ListItem","position":5,"name":"OWP2PL &#8211; OW Personaleskab 2 rum"}]},{"@type":"WebSite","@id":"https:\/\/onewood.dk\/#website","url":"https:\/\/onewood.dk\/","name":"One Wood Furniture A\/S","description":"","publisher":{"@id":"https:\/\/onewood.dk\/#organization"},"potentialAction":[{"@type":"SearchAction","target":{"@type":"EntryPoint","urlTemplate":"https:\/\/onewood.dk\/?s={search_term_string}"},"query-input":{"@type":"PropertyValueSpecification","valueRequired":true,"valueName":"search_term_string"}}],"inLanguage":"de"},{"@type":"Organization","@id":"https:\/\/onewood.dk\/#organization","name":"One Wood Furniture A\/S","url":"https:\/\/onewood.dk\/","logo":{"@type":"ImageObject","inLanguage":"de","@id":"https:\/\/onewood.dk\/#\/schema\/logo\/image\/","url":"https:\/\/onewood.dk\/wp-content\/uploads\/2024\/12\/Logo.png","contentUrl":"https:\/\/onewood.dk\/wp-content\/uploads\/2024\/12\/Logo.png","width":180,"height":90,"caption":"One Wood Furniture A\/S"},"image":{"@id":"https:\/\/onewood.dk\/#\/schema\/logo\/image\/"}}]}},"_links":{"self":[{"href":"https:\/\/onewood.dk\/de\/wp-json\/wp\/v2\/product\/1979","targetHints":{"allow":["GET"]}}],"collection":[{"href":"https:\/\/onewood.dk\/de\/wp-json\/wp\/v2\/product"}],"about":[{"href":"https:\/\/onewood.dk\/de\/wp-json\/wp\/v2\/types\/product"}],"wp:featuredmedia":[{"embeddable":true,"href":"https:\/\/onewood.dk\/de\/wp-json\/wp\/v2\/media\/4620"}],"wp:attachment":[{"href":"https:\/\/onewood.dk\/de\/wp-json\/wp\/v2\/media?parent=1979"}],"wp:term":[{"taxonomy":"product_brand","embeddable":true,"href":"https:\/\/onewood.dk\/de\/wp-json\/wp\/v2\/product_brand?post=1979"},{"taxonomy":"product_cat","embeddable":true,"href":"https:\/\/onewood.dk\/de\/wp-json\/wp\/v2\/product_cat?post=1979"},{"taxonomy":"product_tag","embeddable":true,"href":"https:\/\/onewood.dk\/de\/wp-json\/wp\/v2\/product_tag?post=1979"}],"curies":[{"name":"wp","href":"https:\/\/api.w.org\/{rel}","templated":true}]}}