{"id":1333,"date":"2024-12-03T12:46:25","date_gmt":"2024-12-03T11:46:25","guid":{"rendered":"https:\/\/onewood.dkvare\/7360-udklaedningsvogn\/"},"modified":"2025-02-26T13:06:15","modified_gmt":"2025-02-26T12:06:15","slug":"7360-udklaedningsvogn","status":"publish","type":"product","link":"https:\/\/onewood.dk\/en\/product\/7360-dressing-trolley\/","title":{"rendered":"7360 \u2013 Dress-up trolley"},"content":{"rendered":"<p>Children enjoy role-playing because it gives them the opportunity to invent different roles, and play and experiment with themes they know from other people and animals. Role-playing occurs especially because it invites togetherness and expands social skills. It is therefore important to create the right framework for this.<\/p>\n<p>Dressing trolley in 18 mm white-pigmented birch plywood.<\/p>\n<p>Contains mirror, shelf, shoe compartment and clothes hanger.<\/p>","protected":false},"excerpt":{"rendered":"<p>B\u00f8rn nyder rolleleg, da det giver dem mulighed for at opfinde forskellige roller, og lege og eksperimentere med temaer som de kender fra andre mennesker og dyr. Rolleleg opst\u00e5r is\u00e6r, fordi det indbyder til samv\u00e6r og udvider de sociale f\u00e6rdigheder. Det er derfor vigtigt at skabe de rigtige rammer til dette. Udkl\u00e6dningsvogn i 18 mm [&hellip;]<\/p>","protected":false},"featured_media":2165,"template":"","meta":[],"product_brand":[],"product_cat":[560],"product_tag":[],"class_list":{"0":"post-1333","1":"product","2":"type-product","3":"status-publish","4":"has-post-thumbnail","6":"product_cat-legemoebler","8":"first","9":"instock","10":"product-type-simple"},"yoast_head":"<!-- This site is optimized with the Yoast SEO plugin v24.4 - https:\/\/yoast.com\/wordpress\/plugins\/seo\/ -->\n<title>7360 - Udkl\u00e6dningsvogn | One Wood Furniture A\/S<\/title>\n<meta name=\"robots\" content=\"index, follow, max-snippet:-1, max-image-preview:large, max-video-preview:-1\" \/>\n<link rel=\"canonical\" href=\"https:\/\/onewood.dk\/en\/product\/7360-dressing-trolley\/\" \/>\n<meta property=\"og:locale\" content=\"en_GB\" \/>\n<meta property=\"og:type\" content=\"article\" \/>\n<meta property=\"og:title\" content=\"7360 - Udkl\u00e6dningsvogn | One Wood Furniture A\/S\" \/>\n<meta property=\"og:description\" content=\"B\u00f8rn nyder rolleleg, da det giver dem mulighed for at opfinde forskellige roller, og lege og eksperimentere med temaer som de kender fra andre mennesker og dyr. Rolleleg opst\u00e5r is\u00e6r, fordi det indbyder til samv\u00e6r og udvider de sociale f\u00e6rdigheder. Det er derfor vigtigt at skabe de rigtige rammer til dette. Udkl\u00e6dningsvogn i 18 mm [&hellip;]\" \/>\n<meta property=\"og:url\" content=\"https:\/\/onewood.dk\/en\/product\/7360-dressing-trolley\/\" \/>\n<meta property=\"og:site_name\" content=\"One Wood Furniture A\/S\" \/>\n<meta property=\"article:modified_time\" content=\"2025-02-26T12:06:15+00:00\" \/>\n<meta property=\"og:image\" content=\"https:\/\/onewood.dk\/wp-content\/uploads\/2024\/12\/3551-scaled.jpg\" \/>\n\t<meta property=\"og:image:width\" content=\"2560\" \/>\n\t<meta property=\"og:image:height\" content=\"1707\" \/>\n\t<meta property=\"og:image:type\" content=\"image\/jpeg\" \/>\n<meta name=\"twitter:card\" content=\"summary_large_image\" \/>\n<meta name=\"twitter:label1\" content=\"Estimated reading time\" \/>\n\t<meta name=\"twitter:data1\" content=\"1 minute\" \/>\n<script type=\"application\/ld+json\" class=\"yoast-schema-graph\">{\"@context\":\"https:\/\/schema.org\",\"@graph\":[{\"@type\":\"WebPage\",\"@id\":\"https:\/\/onewood.dk\/vare\/7360-udklaedningsvogn\/\",\"url\":\"https:\/\/onewood.dk\/vare\/7360-udklaedningsvogn\/\",\"name\":\"7360 - Udkl\u00e6dningsvogn | One Wood Furniture A\/S\",\"isPartOf\":{\"@id\":\"https:\/\/onewood.dk\/#website\"},\"primaryImageOfPage\":{\"@id\":\"https:\/\/onewood.dk\/vare\/7360-udklaedningsvogn\/#primaryimage\"},\"image\":{\"@id\":\"https:\/\/onewood.dk\/vare\/7360-udklaedningsvogn\/#primaryimage\"},\"thumbnailUrl\":\"https:\/\/onewood.dk\/wp-content\/uploads\/2024\/12\/3551-scaled.jpg\",\"datePublished\":\"2024-12-03T11:46:25+00:00\",\"dateModified\":\"2025-02-26T12:06:15+00:00\",\"breadcrumb\":{\"@id\":\"https:\/\/onewood.dk\/vare\/7360-udklaedningsvogn\/#breadcrumb\"},\"inLanguage\":\"en-GB\",\"potentialAction\":[{\"@type\":\"ReadAction\",\"target\":[\"https:\/\/onewood.dk\/vare\/7360-udklaedningsvogn\/\"]}]},{\"@type\":\"ImageObject\",\"inLanguage\":\"en-GB\",\"@id\":\"https:\/\/onewood.dk\/vare\/7360-udklaedningsvogn\/#primaryimage\",\"url\":\"https:\/\/onewood.dk\/wp-content\/uploads\/2024\/12\/3551-scaled.jpg\",\"contentUrl\":\"https:\/\/onewood.dk\/wp-content\/uploads\/2024\/12\/3551-scaled.jpg\",\"width\":2560,\"height\":1707},{\"@type\":\"BreadcrumbList\",\"@id\":\"https:\/\/onewood.dk\/vare\/7360-udklaedningsvogn\/#breadcrumb\",\"itemListElement\":[{\"@type\":\"ListItem\",\"position\":1,\"name\":\"Varer\",\"item\":\"https:\/\/onewood.dk\/shop\/\"},{\"@type\":\"ListItem\",\"position\":2,\"name\":\"Legem\u00f8bler\",\"item\":\"https:\/\/onewood.dk\/vare-kategori\/legemoebler\/\"},{\"@type\":\"ListItem\",\"position\":3,\"name\":\"7360 &#8211; Udkl\u00e6dningsvogn\"}]},{\"@type\":\"WebSite\",\"@id\":\"https:\/\/onewood.dk\/#website\",\"url\":\"https:\/\/onewood.dk\/\",\"name\":\"One Wood Furniture A\/S\",\"description\":\"\",\"publisher\":{\"@id\":\"https:\/\/onewood.dk\/#organization\"},\"potentialAction\":[{\"@type\":\"SearchAction\",\"target\":{\"@type\":\"EntryPoint\",\"urlTemplate\":\"https:\/\/onewood.dk\/?s={search_term_string}\"},\"query-input\":{\"@type\":\"PropertyValueSpecification\",\"valueRequired\":true,\"valueName\":\"search_term_string\"}}],\"inLanguage\":\"en-GB\"},{\"@type\":\"Organization\",\"@id\":\"https:\/\/onewood.dk\/#organization\",\"name\":\"One Wood Furniture A\/S\",\"url\":\"https:\/\/onewood.dk\/\",\"logo\":{\"@type\":\"ImageObject\",\"inLanguage\":\"en-GB\",\"@id\":\"https:\/\/onewood.dk\/#\/schema\/logo\/image\/\",\"url\":\"https:\/\/onewood.dk\/wp-content\/uploads\/2024\/12\/Logo.png\",\"contentUrl\":\"https:\/\/onewood.dk\/wp-content\/uploads\/2024\/12\/Logo.png\",\"width\":180,\"height\":90,\"caption\":\"One Wood Furniture A\/S\"},\"image\":{\"@id\":\"https:\/\/onewood.dk\/#\/schema\/logo\/image\/\"}}]}<\/script>\n<!-- \/ Yoast SEO plugin. -->","yoast_head_json":{"title":"7360 - Udkl\u00e6dningsvogn | One Wood Furniture A\/S","robots":{"index":"index","follow":"follow","max-snippet":"max-snippet:-1","max-image-preview":"max-image-preview:large","max-video-preview":"max-video-preview:-1"},"canonical":"https:\/\/onewood.dk\/en\/product\/7360-dressing-trolley\/","og_locale":"en_GB","og_type":"article","og_title":"7360 - Udkl\u00e6dningsvogn | One Wood Furniture A\/S","og_description":"B\u00f8rn nyder rolleleg, da det giver dem mulighed for at opfinde forskellige roller, og lege og eksperimentere med temaer som de kender fra andre mennesker og dyr. Rolleleg opst\u00e5r is\u00e6r, fordi det indbyder til samv\u00e6r og udvider de sociale f\u00e6rdigheder. Det er derfor vigtigt at skabe de rigtige rammer til dette. Udkl\u00e6dningsvogn i 18 mm [&hellip;]","og_url":"https:\/\/onewood.dk\/en\/product\/7360-dressing-trolley\/","og_site_name":"One Wood Furniture A\/S","article_modified_time":"2025-02-26T12:06:15+00:00","og_image":[{"width":2560,"height":1707,"url":"https:\/\/onewood.dk\/wp-content\/uploads\/2024\/12\/3551-scaled.jpg","type":"image\/jpeg"}],"twitter_card":"summary_large_image","twitter_misc":{"Estimated reading time":"1 minute"},"schema":{"@context":"https:\/\/schema.org","@graph":[{"@type":"WebPage","@id":"https:\/\/onewood.dk\/vare\/7360-udklaedningsvogn\/","url":"https:\/\/onewood.dk\/vare\/7360-udklaedningsvogn\/","name":"7360 - Udkl\u00e6dningsvogn | One Wood Furniture A\/S","isPartOf":{"@id":"https:\/\/onewood.dk\/#website"},"primaryImageOfPage":{"@id":"https:\/\/onewood.dk\/vare\/7360-udklaedningsvogn\/#primaryimage"},"image":{"@id":"https:\/\/onewood.dk\/vare\/7360-udklaedningsvogn\/#primaryimage"},"thumbnailUrl":"https:\/\/onewood.dk\/wp-content\/uploads\/2024\/12\/3551-scaled.jpg","datePublished":"2024-12-03T11:46:25+00:00","dateModified":"2025-02-26T12:06:15+00:00","breadcrumb":{"@id":"https:\/\/onewood.dk\/vare\/7360-udklaedningsvogn\/#breadcrumb"},"inLanguage":"en-GB","potentialAction":[{"@type":"ReadAction","target":["https:\/\/onewood.dk\/vare\/7360-udklaedningsvogn\/"]}]},{"@type":"ImageObject","inLanguage":"en-GB","@id":"https:\/\/onewood.dk\/vare\/7360-udklaedningsvogn\/#primaryimage","url":"https:\/\/onewood.dk\/wp-content\/uploads\/2024\/12\/3551-scaled.jpg","contentUrl":"https:\/\/onewood.dk\/wp-content\/uploads\/2024\/12\/3551-scaled.jpg","width":2560,"height":1707},{"@type":"BreadcrumbList","@id":"https:\/\/onewood.dk\/vare\/7360-udklaedningsvogn\/#breadcrumb","itemListElement":[{"@type":"ListItem","position":1,"name":"Varer","item":"https:\/\/onewood.dk\/shop\/"},{"@type":"ListItem","position":2,"name":"Legem\u00f8bler","item":"https:\/\/onewood.dk\/vare-kategori\/legemoebler\/"},{"@type":"ListItem","position":3,"name":"7360 &#8211; Udkl\u00e6dningsvogn"}]},{"@type":"WebSite","@id":"https:\/\/onewood.dk\/#website","url":"https:\/\/onewood.dk\/","name":"One Wood Furniture A\/S","description":"","publisher":{"@id":"https:\/\/onewood.dk\/#organization"},"potentialAction":[{"@type":"SearchAction","target":{"@type":"EntryPoint","urlTemplate":"https:\/\/onewood.dk\/?s={search_term_string}"},"query-input":{"@type":"PropertyValueSpecification","valueRequired":true,"valueName":"search_term_string"}}],"inLanguage":"en-GB"},{"@type":"Organization","@id":"https:\/\/onewood.dk\/#organization","name":"One Wood Furniture A\/S","url":"https:\/\/onewood.dk\/","logo":{"@type":"ImageObject","inLanguage":"en-GB","@id":"https:\/\/onewood.dk\/#\/schema\/logo\/image\/","url":"https:\/\/onewood.dk\/wp-content\/uploads\/2024\/12\/Logo.png","contentUrl":"https:\/\/onewood.dk\/wp-content\/uploads\/2024\/12\/Logo.png","width":180,"height":90,"caption":"One Wood Furniture A\/S"},"image":{"@id":"https:\/\/onewood.dk\/#\/schema\/logo\/image\/"}}]}},"_links":{"self":[{"href":"https:\/\/onewood.dk\/en\/wp-json\/wp\/v2\/product\/1333","targetHints":{"allow":["GET"]}}],"collection":[{"href":"https:\/\/onewood.dk\/en\/wp-json\/wp\/v2\/product"}],"about":[{"href":"https:\/\/onewood.dk\/en\/wp-json\/wp\/v2\/types\/product"}],"wp:featuredmedia":[{"embeddable":true,"href":"https:\/\/onewood.dk\/en\/wp-json\/wp\/v2\/media\/2165"}],"wp:attachment":[{"href":"https:\/\/onewood.dk\/en\/wp-json\/wp\/v2\/media?parent=1333"}],"wp:term":[{"taxonomy":"product_brand","embeddable":true,"href":"https:\/\/onewood.dk\/en\/wp-json\/wp\/v2\/product_brand?post=1333"},{"taxonomy":"product_cat","embeddable":true,"href":"https:\/\/onewood.dk\/en\/wp-json\/wp\/v2\/product_cat?post=1333"},{"taxonomy":"product_tag","embeddable":true,"href":"https:\/\/onewood.dk\/en\/wp-json\/wp\/v2\/product_tag?post=1333"}],"curies":[{"name":"wp","href":"https:\/\/api.w.org\/{rel}","templated":true}]}}