{"id":1442,"date":"2024-12-03T12:46:44","date_gmt":"2024-12-03T11:46:44","guid":{"rendered":"https:\/\/onewood.dkvare\/8310-unik-reol-mellem\/"},"modified":"2025-02-10T14:33:29","modified_gmt":"2025-02-10T13:33:29","slug":"8310-unik-reol-mellem","status":"publish","type":"product","link":"https:\/\/onewood.dk\/en\/product\/8310-unique-shelf-between\/","title":{"rendered":"8310 \u2013 Unique shelf between"},"content":{"rendered":"<p>With the multifunctional shelf, it is possible to create smaller environments that provide a cozy and calm setting. This can contribute to lower noise levels in a large room, and help the child stay focused on their own activity.<\/p>\n<p>Unique shelving unit including 2 shelves in 18 mm white pigmented birch veneer, can be combined to create many exciting designs.<\/p>\n<p>The shelf can also be supplied with a smart fabric notice board on the back.<\/p>\n<p><strong>Additional purchases:<br \/>\n<\/strong><strong>Can be delivered with all our beautiful laminates on the top and shelves. See accessories.<\/strong><\/p>","protected":false},"excerpt":{"rendered":"<p>With the multifunctional bookcase it is possible to create smaller environments that provide a cozy and calm setting. This can contribute to lower noise levels in a large room, and help the child to stay focused on their own activity. The unique bookcase incl. 2 shelves in 18 mm white pigmented birch veneer, can be put together to create many exciting [\u2026]<\/p>","protected":false},"featured_media":2695,"template":"","meta":[],"product_brand":[],"product_cat":[557,579],"product_tag":[],"class_list":{"0":"post-1442","1":"product","2":"type-product","3":"status-publish","4":"has-post-thumbnail","6":"product_cat-reoler","7":"product_cat-unik","9":"first","10":"instock","11":"product-type-simple"},"yoast_head":"<!-- This site is optimized with the Yoast SEO plugin v24.4 - https:\/\/yoast.com\/wordpress\/plugins\/seo\/ -->\n<title>8310 - Unik reol mellem | One Wood Furniture A\/S<\/title>\n<meta name=\"robots\" content=\"index, follow, max-snippet:-1, max-image-preview:large, max-video-preview:-1\" \/>\n<link rel=\"canonical\" href=\"https:\/\/onewood.dk\/en\/product\/8310-unique-shelf-between\/\" \/>\n<meta property=\"og:locale\" content=\"en_GB\" \/>\n<meta property=\"og:type\" content=\"article\" \/>\n<meta property=\"og:title\" content=\"8310 - Unik reol mellem | One Wood Furniture A\/S\" \/>\n<meta property=\"og:description\" content=\"Med den multifunktionelle reol er det muligt at skabe mindre milj\u00f8er, der giver hyggelige og rolige rammer. Dette kan medvirke til lavere st\u00f8jniveau i et stort rum, samt hj\u00e6lpe barnet til at holde fokus p\u00e5 sin egen aktivitet. Unik reolen inkl. 2 stk hylder i 18 mm hvidpigmenteret birkefiner, kan s\u00e6ttes sammen til mange sp\u00e6ndende [&hellip;]\" \/>\n<meta property=\"og:url\" content=\"https:\/\/onewood.dk\/en\/product\/8310-unique-shelf-between\/\" \/>\n<meta property=\"og:site_name\" content=\"One Wood Furniture A\/S\" \/>\n<meta property=\"article:modified_time\" content=\"2025-02-10T13:33:29+00:00\" \/>\n<meta property=\"og:image\" content=\"https:\/\/onewood.dk\/wp-content\/uploads\/2024\/12\/4109.jpg\" \/>\n\t<meta property=\"og:image:width\" content=\"1600\" \/>\n\t<meta property=\"og:image:height\" content=\"1065\" \/>\n\t<meta property=\"og:image:type\" content=\"image\/jpeg\" \/>\n<meta name=\"twitter:card\" content=\"summary_large_image\" \/>\n<meta name=\"twitter:label1\" content=\"Estimated reading time\" \/>\n\t<meta name=\"twitter:data1\" content=\"1 minute\" \/>\n<script type=\"application\/ld+json\" class=\"yoast-schema-graph\">{\"@context\":\"https:\/\/schema.org\",\"@graph\":[{\"@type\":\"WebPage\",\"@id\":\"https:\/\/onewood.dk\/vare\/8310-unik-reol-mellem\/\",\"url\":\"https:\/\/onewood.dk\/vare\/8310-unik-reol-mellem\/\",\"name\":\"8310 - Unik reol mellem | One Wood Furniture A\/S\",\"isPartOf\":{\"@id\":\"https:\/\/onewood.dk\/#website\"},\"primaryImageOfPage\":{\"@id\":\"https:\/\/onewood.dk\/vare\/8310-unik-reol-mellem\/#primaryimage\"},\"image\":{\"@id\":\"https:\/\/onewood.dk\/vare\/8310-unik-reol-mellem\/#primaryimage\"},\"thumbnailUrl\":\"https:\/\/onewood.dk\/wp-content\/uploads\/2024\/12\/4109.jpg\",\"datePublished\":\"2024-12-03T11:46:44+00:00\",\"dateModified\":\"2025-02-10T13:33:29+00:00\",\"breadcrumb\":{\"@id\":\"https:\/\/onewood.dk\/vare\/8310-unik-reol-mellem\/#breadcrumb\"},\"inLanguage\":\"en-GB\",\"potentialAction\":[{\"@type\":\"ReadAction\",\"target\":[\"https:\/\/onewood.dk\/vare\/8310-unik-reol-mellem\/\"]}]},{\"@type\":\"ImageObject\",\"inLanguage\":\"en-GB\",\"@id\":\"https:\/\/onewood.dk\/vare\/8310-unik-reol-mellem\/#primaryimage\",\"url\":\"https:\/\/onewood.dk\/wp-content\/uploads\/2024\/12\/4109.jpg\",\"contentUrl\":\"https:\/\/onewood.dk\/wp-content\/uploads\/2024\/12\/4109.jpg\",\"width\":1600,\"height\":1065},{\"@type\":\"BreadcrumbList\",\"@id\":\"https:\/\/onewood.dk\/vare\/8310-unik-reol-mellem\/#breadcrumb\",\"itemListElement\":[{\"@type\":\"ListItem\",\"position\":1,\"name\":\"Varer\",\"item\":\"https:\/\/onewood.dk\/shop\/\"},{\"@type\":\"ListItem\",\"position\":2,\"name\":\"Reoler\",\"item\":\"https:\/\/onewood.dk\/vare-kategori\/reoler\/\"},{\"@type\":\"ListItem\",\"position\":3,\"name\":\"Unik\",\"item\":\"https:\/\/onewood.dk\/vare-kategori\/reoler\/unik\/\"},{\"@type\":\"ListItem\",\"position\":4,\"name\":\"8310 &#8211; Unik reol mellem\"}]},{\"@type\":\"WebSite\",\"@id\":\"https:\/\/onewood.dk\/#website\",\"url\":\"https:\/\/onewood.dk\/\",\"name\":\"One Wood Furniture A\/S\",\"description\":\"\",\"publisher\":{\"@id\":\"https:\/\/onewood.dk\/#organization\"},\"potentialAction\":[{\"@type\":\"SearchAction\",\"target\":{\"@type\":\"EntryPoint\",\"urlTemplate\":\"https:\/\/onewood.dk\/?s={search_term_string}\"},\"query-input\":{\"@type\":\"PropertyValueSpecification\",\"valueRequired\":true,\"valueName\":\"search_term_string\"}}],\"inLanguage\":\"en-GB\"},{\"@type\":\"Organization\",\"@id\":\"https:\/\/onewood.dk\/#organization\",\"name\":\"One Wood Furniture A\/S\",\"url\":\"https:\/\/onewood.dk\/\",\"logo\":{\"@type\":\"ImageObject\",\"inLanguage\":\"en-GB\",\"@id\":\"https:\/\/onewood.dk\/#\/schema\/logo\/image\/\",\"url\":\"https:\/\/onewood.dk\/wp-content\/uploads\/2024\/12\/Logo.png\",\"contentUrl\":\"https:\/\/onewood.dk\/wp-content\/uploads\/2024\/12\/Logo.png\",\"width\":180,\"height\":90,\"caption\":\"One Wood Furniture A\/S\"},\"image\":{\"@id\":\"https:\/\/onewood.dk\/#\/schema\/logo\/image\/\"}}]}<\/script>\n<!-- \/ Yoast SEO plugin. -->","yoast_head_json":{"title":"8310 - Unik reol mellem | One Wood Furniture A\/S","robots":{"index":"index","follow":"follow","max-snippet":"max-snippet:-1","max-image-preview":"max-image-preview:large","max-video-preview":"max-video-preview:-1"},"canonical":"https:\/\/onewood.dk\/en\/product\/8310-unique-shelf-between\/","og_locale":"en_GB","og_type":"article","og_title":"8310 - Unik reol mellem | One Wood Furniture A\/S","og_description":"Med den multifunktionelle reol er det muligt at skabe mindre milj\u00f8er, der giver hyggelige og rolige rammer. Dette kan medvirke til lavere st\u00f8jniveau i et stort rum, samt hj\u00e6lpe barnet til at holde fokus p\u00e5 sin egen aktivitet. Unik reolen inkl. 2 stk hylder i 18 mm hvidpigmenteret birkefiner, kan s\u00e6ttes sammen til mange sp\u00e6ndende [&hellip;]","og_url":"https:\/\/onewood.dk\/en\/product\/8310-unique-shelf-between\/","og_site_name":"One Wood Furniture A\/S","article_modified_time":"2025-02-10T13:33:29+00:00","og_image":[{"width":1600,"height":1065,"url":"https:\/\/onewood.dk\/wp-content\/uploads\/2024\/12\/4109.jpg","type":"image\/jpeg"}],"twitter_card":"summary_large_image","twitter_misc":{"Estimated reading time":"1 minute"},"schema":{"@context":"https:\/\/schema.org","@graph":[{"@type":"WebPage","@id":"https:\/\/onewood.dk\/vare\/8310-unik-reol-mellem\/","url":"https:\/\/onewood.dk\/vare\/8310-unik-reol-mellem\/","name":"8310 - Unik reol mellem | One Wood Furniture A\/S","isPartOf":{"@id":"https:\/\/onewood.dk\/#website"},"primaryImageOfPage":{"@id":"https:\/\/onewood.dk\/vare\/8310-unik-reol-mellem\/#primaryimage"},"image":{"@id":"https:\/\/onewood.dk\/vare\/8310-unik-reol-mellem\/#primaryimage"},"thumbnailUrl":"https:\/\/onewood.dk\/wp-content\/uploads\/2024\/12\/4109.jpg","datePublished":"2024-12-03T11:46:44+00:00","dateModified":"2025-02-10T13:33:29+00:00","breadcrumb":{"@id":"https:\/\/onewood.dk\/vare\/8310-unik-reol-mellem\/#breadcrumb"},"inLanguage":"en-GB","potentialAction":[{"@type":"ReadAction","target":["https:\/\/onewood.dk\/vare\/8310-unik-reol-mellem\/"]}]},{"@type":"ImageObject","inLanguage":"en-GB","@id":"https:\/\/onewood.dk\/vare\/8310-unik-reol-mellem\/#primaryimage","url":"https:\/\/onewood.dk\/wp-content\/uploads\/2024\/12\/4109.jpg","contentUrl":"https:\/\/onewood.dk\/wp-content\/uploads\/2024\/12\/4109.jpg","width":1600,"height":1065},{"@type":"BreadcrumbList","@id":"https:\/\/onewood.dk\/vare\/8310-unik-reol-mellem\/#breadcrumb","itemListElement":[{"@type":"ListItem","position":1,"name":"Varer","item":"https:\/\/onewood.dk\/shop\/"},{"@type":"ListItem","position":2,"name":"Reoler","item":"https:\/\/onewood.dk\/vare-kategori\/reoler\/"},{"@type":"ListItem","position":3,"name":"Unik","item":"https:\/\/onewood.dk\/vare-kategori\/reoler\/unik\/"},{"@type":"ListItem","position":4,"name":"8310 &#8211; Unik reol mellem"}]},{"@type":"WebSite","@id":"https:\/\/onewood.dk\/#website","url":"https:\/\/onewood.dk\/","name":"One Wood Furniture A\/S","description":"","publisher":{"@id":"https:\/\/onewood.dk\/#organization"},"potentialAction":[{"@type":"SearchAction","target":{"@type":"EntryPoint","urlTemplate":"https:\/\/onewood.dk\/?s={search_term_string}"},"query-input":{"@type":"PropertyValueSpecification","valueRequired":true,"valueName":"search_term_string"}}],"inLanguage":"en-GB"},{"@type":"Organization","@id":"https:\/\/onewood.dk\/#organization","name":"One Wood Furniture A\/S","url":"https:\/\/onewood.dk\/","logo":{"@type":"ImageObject","inLanguage":"en-GB","@id":"https:\/\/onewood.dk\/#\/schema\/logo\/image\/","url":"https:\/\/onewood.dk\/wp-content\/uploads\/2024\/12\/Logo.png","contentUrl":"https:\/\/onewood.dk\/wp-content\/uploads\/2024\/12\/Logo.png","width":180,"height":90,"caption":"One Wood Furniture A\/S"},"image":{"@id":"https:\/\/onewood.dk\/#\/schema\/logo\/image\/"}}]}},"_links":{"self":[{"href":"https:\/\/onewood.dk\/en\/wp-json\/wp\/v2\/product\/1442","targetHints":{"allow":["GET"]}}],"collection":[{"href":"https:\/\/onewood.dk\/en\/wp-json\/wp\/v2\/product"}],"about":[{"href":"https:\/\/onewood.dk\/en\/wp-json\/wp\/v2\/types\/product"}],"wp:featuredmedia":[{"embeddable":true,"href":"https:\/\/onewood.dk\/en\/wp-json\/wp\/v2\/media\/2695"}],"wp:attachment":[{"href":"https:\/\/onewood.dk\/en\/wp-json\/wp\/v2\/media?parent=1442"}],"wp:term":[{"taxonomy":"product_brand","embeddable":true,"href":"https:\/\/onewood.dk\/en\/wp-json\/wp\/v2\/product_brand?post=1442"},{"taxonomy":"product_cat","embeddable":true,"href":"https:\/\/onewood.dk\/en\/wp-json\/wp\/v2\/product_cat?post=1442"},{"taxonomy":"product_tag","embeddable":true,"href":"https:\/\/onewood.dk\/en\/wp-json\/wp\/v2\/product_tag?post=1442"}],"curies":[{"name":"wp","href":"https:\/\/api.w.org\/{rel}","templated":true}]}}