{"id":1494,"date":"2024-12-03T12:46:55","date_gmt":"2024-12-03T11:46:55","guid":{"rendered":"https:\/\/onewood.dkvare\/8424-vaeggarderobe-4-sekt\/"},"modified":"2025-02-04T11:14:46","modified_gmt":"2025-02-04T10:14:46","slug":"8424-vaeggarderobe-4-sekt","status":"publish","type":"product","link":"https:\/\/onewood.dk\/en\/product\/8424-wall-wardrobe-4-sect\/","title":{"rendered":"8424 \u2013 Wall wardrobe 4 sections."},"content":{"rendered":"<p>Wall-mounted wardrobe, 4 sections, in white-pigmented 18mm birch plywood.<\/p>\n<p>The wardrobe contains as standard per section:<\/p>\n<ul>\n<li>1 swivel hook with 3 hooks<\/li>\n<li>1 room of 250x250x250 el. 250x300x250<\/li>\n<\/ul>\n<p>Can be advantageously combined with a wall-mounted wardrobe bench with shoe rack.<\/p>","protected":false},"excerpt":{"rendered":"<p>Wall-mounted wardrobe 4 sections in white-pigmented 18mm birch plywood. The wardrobe contains as standard per section: 1 swivel hook with 3 hooks 1 compartment of 250x250x250 or 250x300x250 Can be advantageously combined with a wall-mounted wardrobe bench with a shoe rack.<\/p>","protected":false},"featured_media":2899,"template":"","meta":[],"product_brand":[],"product_cat":[555,604,569],"product_tag":[],"class_list":{"0":"post-1494","1":"product","2":"type-product","3":"status-publish","4":"has-post-thumbnail","6":"product_cat-garderober-tilbehoer","7":"product_cat-vaeggarderobe","8":"product_cat-vaeghaengt-garderobe","10":"first","11":"instock","12":"product-type-simple"},"yoast_head":"<!-- This site is optimized with the Yoast SEO plugin v24.4 - https:\/\/yoast.com\/wordpress\/plugins\/seo\/ -->\n<title>8424 - V\u00e6ggarderobe 4 sekt. | One Wood Furniture A\/S<\/title>\n<meta name=\"robots\" content=\"index, follow, max-snippet:-1, max-image-preview:large, max-video-preview:-1\" \/>\n<link rel=\"canonical\" href=\"https:\/\/onewood.dk\/en\/product\/8424-wall-wardrobe-4-sect\/\" \/>\n<meta property=\"og:locale\" content=\"en_GB\" \/>\n<meta property=\"og:type\" content=\"article\" \/>\n<meta property=\"og:title\" content=\"8424 - V\u00e6ggarderobe 4 sekt. | One Wood Furniture A\/S\" \/>\n<meta property=\"og:description\" content=\"V\u00e6gh\u00e6ngt garderobe\u00a04 sekt. i hvidpigmenteret 18mm birkekrydsfiner. Garderoben indeholder som standard pr. sektion: 1 drejekrog med 3 kroge 1 rum p\u00e5 250x250x250 el. 250x300x250 Kan med fordel kombineres med v\u00e6gh\u00e6ngt garderobeb\u00e6nk med skorist.\" \/>\n<meta property=\"og:url\" content=\"https:\/\/onewood.dk\/en\/product\/8424-wall-wardrobe-4-sect\/\" \/>\n<meta property=\"og:site_name\" content=\"One Wood Furniture A\/S\" \/>\n<meta property=\"article:modified_time\" content=\"2025-02-04T10:14:46+00:00\" \/>\n<meta property=\"og:image\" content=\"https:\/\/onewood.dk\/wp-content\/uploads\/2024\/12\/3426-scaled.jpg\" \/>\n\t<meta property=\"og:image:width\" content=\"2560\" \/>\n\t<meta property=\"og:image:height\" content=\"1707\" \/>\n\t<meta property=\"og:image:type\" content=\"image\/jpeg\" \/>\n<meta name=\"twitter:card\" content=\"summary_large_image\" \/>\n<meta name=\"twitter:label1\" content=\"Estimated reading time\" \/>\n\t<meta name=\"twitter:data1\" content=\"1 minute\" \/>\n<script type=\"application\/ld+json\" class=\"yoast-schema-graph\">{\"@context\":\"https:\/\/schema.org\",\"@graph\":[{\"@type\":\"WebPage\",\"@id\":\"https:\/\/onewood.dk\/vare\/8424-vaeggarderobe-4-sekt\/\",\"url\":\"https:\/\/onewood.dk\/vare\/8424-vaeggarderobe-4-sekt\/\",\"name\":\"8424 - V\u00e6ggarderobe 4 sekt. | One Wood Furniture A\/S\",\"isPartOf\":{\"@id\":\"https:\/\/onewood.dk\/#website\"},\"primaryImageOfPage\":{\"@id\":\"https:\/\/onewood.dk\/vare\/8424-vaeggarderobe-4-sekt\/#primaryimage\"},\"image\":{\"@id\":\"https:\/\/onewood.dk\/vare\/8424-vaeggarderobe-4-sekt\/#primaryimage\"},\"thumbnailUrl\":\"https:\/\/onewood.dk\/wp-content\/uploads\/2024\/12\/3426-scaled.jpg\",\"datePublished\":\"2024-12-03T11:46:55+00:00\",\"dateModified\":\"2025-02-04T10:14:46+00:00\",\"breadcrumb\":{\"@id\":\"https:\/\/onewood.dk\/vare\/8424-vaeggarderobe-4-sekt\/#breadcrumb\"},\"inLanguage\":\"en-GB\",\"potentialAction\":[{\"@type\":\"ReadAction\",\"target\":[\"https:\/\/onewood.dk\/vare\/8424-vaeggarderobe-4-sekt\/\"]}]},{\"@type\":\"ImageObject\",\"inLanguage\":\"en-GB\",\"@id\":\"https:\/\/onewood.dk\/vare\/8424-vaeggarderobe-4-sekt\/#primaryimage\",\"url\":\"https:\/\/onewood.dk\/wp-content\/uploads\/2024\/12\/3426-scaled.jpg\",\"contentUrl\":\"https:\/\/onewood.dk\/wp-content\/uploads\/2024\/12\/3426-scaled.jpg\",\"width\":2560,\"height\":1707},{\"@type\":\"BreadcrumbList\",\"@id\":\"https:\/\/onewood.dk\/vare\/8424-vaeggarderobe-4-sekt\/#breadcrumb\",\"itemListElement\":[{\"@type\":\"ListItem\",\"position\":1,\"name\":\"Varer\",\"item\":\"https:\/\/onewood.dk\/shop\/\"},{\"@type\":\"ListItem\",\"position\":2,\"name\":\"Garderober &amp; tilbeh\u00f8r\",\"item\":\"https:\/\/onewood.dk\/vare-kategori\/garderober-tilbehoer\/\"},{\"@type\":\"ListItem\",\"position\":3,\"name\":\"V\u00e6gh\u00e6ngt garderobe\",\"item\":\"https:\/\/onewood.dk\/vare-kategori\/garderober-tilbehoer\/vaeghaengt-garderobe\/\"},{\"@type\":\"ListItem\",\"position\":4,\"name\":\"V\u00e6ggarderobe\",\"item\":\"https:\/\/onewood.dk\/vare-kategori\/garderober-tilbehoer\/vaeghaengt-garderobe\/vaeggarderobe\/\"},{\"@type\":\"ListItem\",\"position\":5,\"name\":\"8424 &#8211; V\u00e6ggarderobe 4 sekt.\"}]},{\"@type\":\"WebSite\",\"@id\":\"https:\/\/onewood.dk\/#website\",\"url\":\"https:\/\/onewood.dk\/\",\"name\":\"One Wood Furniture A\/S\",\"description\":\"\",\"publisher\":{\"@id\":\"https:\/\/onewood.dk\/#organization\"},\"potentialAction\":[{\"@type\":\"SearchAction\",\"target\":{\"@type\":\"EntryPoint\",\"urlTemplate\":\"https:\/\/onewood.dk\/?s={search_term_string}\"},\"query-input\":{\"@type\":\"PropertyValueSpecification\",\"valueRequired\":true,\"valueName\":\"search_term_string\"}}],\"inLanguage\":\"en-GB\"},{\"@type\":\"Organization\",\"@id\":\"https:\/\/onewood.dk\/#organization\",\"name\":\"One Wood Furniture A\/S\",\"url\":\"https:\/\/onewood.dk\/\",\"logo\":{\"@type\":\"ImageObject\",\"inLanguage\":\"en-GB\",\"@id\":\"https:\/\/onewood.dk\/#\/schema\/logo\/image\/\",\"url\":\"https:\/\/onewood.dk\/wp-content\/uploads\/2024\/12\/Logo.png\",\"contentUrl\":\"https:\/\/onewood.dk\/wp-content\/uploads\/2024\/12\/Logo.png\",\"width\":180,\"height\":90,\"caption\":\"One Wood Furniture A\/S\"},\"image\":{\"@id\":\"https:\/\/onewood.dk\/#\/schema\/logo\/image\/\"}}]}<\/script>\n<!-- \/ Yoast SEO plugin. -->","yoast_head_json":{"title":"8424 - V\u00e6ggarderobe 4 sekt. | One Wood Furniture A\/S","robots":{"index":"index","follow":"follow","max-snippet":"max-snippet:-1","max-image-preview":"max-image-preview:large","max-video-preview":"max-video-preview:-1"},"canonical":"https:\/\/onewood.dk\/en\/product\/8424-wall-wardrobe-4-sect\/","og_locale":"en_GB","og_type":"article","og_title":"8424 - V\u00e6ggarderobe 4 sekt. | One Wood Furniture A\/S","og_description":"V\u00e6gh\u00e6ngt garderobe\u00a04 sekt. i hvidpigmenteret 18mm birkekrydsfiner. Garderoben indeholder som standard pr. sektion: 1 drejekrog med 3 kroge 1 rum p\u00e5 250x250x250 el. 250x300x250 Kan med fordel kombineres med v\u00e6gh\u00e6ngt garderobeb\u00e6nk med skorist.","og_url":"https:\/\/onewood.dk\/en\/product\/8424-wall-wardrobe-4-sect\/","og_site_name":"One Wood Furniture A\/S","article_modified_time":"2025-02-04T10:14:46+00:00","og_image":[{"width":2560,"height":1707,"url":"https:\/\/onewood.dk\/wp-content\/uploads\/2024\/12\/3426-scaled.jpg","type":"image\/jpeg"}],"twitter_card":"summary_large_image","twitter_misc":{"Estimated reading time":"1 minute"},"schema":{"@context":"https:\/\/schema.org","@graph":[{"@type":"WebPage","@id":"https:\/\/onewood.dk\/vare\/8424-vaeggarderobe-4-sekt\/","url":"https:\/\/onewood.dk\/vare\/8424-vaeggarderobe-4-sekt\/","name":"8424 - V\u00e6ggarderobe 4 sekt. | One Wood Furniture A\/S","isPartOf":{"@id":"https:\/\/onewood.dk\/#website"},"primaryImageOfPage":{"@id":"https:\/\/onewood.dk\/vare\/8424-vaeggarderobe-4-sekt\/#primaryimage"},"image":{"@id":"https:\/\/onewood.dk\/vare\/8424-vaeggarderobe-4-sekt\/#primaryimage"},"thumbnailUrl":"https:\/\/onewood.dk\/wp-content\/uploads\/2024\/12\/3426-scaled.jpg","datePublished":"2024-12-03T11:46:55+00:00","dateModified":"2025-02-04T10:14:46+00:00","breadcrumb":{"@id":"https:\/\/onewood.dk\/vare\/8424-vaeggarderobe-4-sekt\/#breadcrumb"},"inLanguage":"en-GB","potentialAction":[{"@type":"ReadAction","target":["https:\/\/onewood.dk\/vare\/8424-vaeggarderobe-4-sekt\/"]}]},{"@type":"ImageObject","inLanguage":"en-GB","@id":"https:\/\/onewood.dk\/vare\/8424-vaeggarderobe-4-sekt\/#primaryimage","url":"https:\/\/onewood.dk\/wp-content\/uploads\/2024\/12\/3426-scaled.jpg","contentUrl":"https:\/\/onewood.dk\/wp-content\/uploads\/2024\/12\/3426-scaled.jpg","width":2560,"height":1707},{"@type":"BreadcrumbList","@id":"https:\/\/onewood.dk\/vare\/8424-vaeggarderobe-4-sekt\/#breadcrumb","itemListElement":[{"@type":"ListItem","position":1,"name":"Varer","item":"https:\/\/onewood.dk\/shop\/"},{"@type":"ListItem","position":2,"name":"Garderober &amp; tilbeh\u00f8r","item":"https:\/\/onewood.dk\/vare-kategori\/garderober-tilbehoer\/"},{"@type":"ListItem","position":3,"name":"V\u00e6gh\u00e6ngt garderobe","item":"https:\/\/onewood.dk\/vare-kategori\/garderober-tilbehoer\/vaeghaengt-garderobe\/"},{"@type":"ListItem","position":4,"name":"V\u00e6ggarderobe","item":"https:\/\/onewood.dk\/vare-kategori\/garderober-tilbehoer\/vaeghaengt-garderobe\/vaeggarderobe\/"},{"@type":"ListItem","position":5,"name":"8424 &#8211; V\u00e6ggarderobe 4 sekt."}]},{"@type":"WebSite","@id":"https:\/\/onewood.dk\/#website","url":"https:\/\/onewood.dk\/","name":"One Wood Furniture A\/S","description":"","publisher":{"@id":"https:\/\/onewood.dk\/#organization"},"potentialAction":[{"@type":"SearchAction","target":{"@type":"EntryPoint","urlTemplate":"https:\/\/onewood.dk\/?s={search_term_string}"},"query-input":{"@type":"PropertyValueSpecification","valueRequired":true,"valueName":"search_term_string"}}],"inLanguage":"en-GB"},{"@type":"Organization","@id":"https:\/\/onewood.dk\/#organization","name":"One Wood Furniture A\/S","url":"https:\/\/onewood.dk\/","logo":{"@type":"ImageObject","inLanguage":"en-GB","@id":"https:\/\/onewood.dk\/#\/schema\/logo\/image\/","url":"https:\/\/onewood.dk\/wp-content\/uploads\/2024\/12\/Logo.png","contentUrl":"https:\/\/onewood.dk\/wp-content\/uploads\/2024\/12\/Logo.png","width":180,"height":90,"caption":"One Wood Furniture A\/S"},"image":{"@id":"https:\/\/onewood.dk\/#\/schema\/logo\/image\/"}}]}},"_links":{"self":[{"href":"https:\/\/onewood.dk\/en\/wp-json\/wp\/v2\/product\/1494","targetHints":{"allow":["GET"]}}],"collection":[{"href":"https:\/\/onewood.dk\/en\/wp-json\/wp\/v2\/product"}],"about":[{"href":"https:\/\/onewood.dk\/en\/wp-json\/wp\/v2\/types\/product"}],"wp:featuredmedia":[{"embeddable":true,"href":"https:\/\/onewood.dk\/en\/wp-json\/wp\/v2\/media\/2899"}],"wp:attachment":[{"href":"https:\/\/onewood.dk\/en\/wp-json\/wp\/v2\/media?parent=1494"}],"wp:term":[{"taxonomy":"product_brand","embeddable":true,"href":"https:\/\/onewood.dk\/en\/wp-json\/wp\/v2\/product_brand?post=1494"},{"taxonomy":"product_cat","embeddable":true,"href":"https:\/\/onewood.dk\/en\/wp-json\/wp\/v2\/product_cat?post=1494"},{"taxonomy":"product_tag","embeddable":true,"href":"https:\/\/onewood.dk\/en\/wp-json\/wp\/v2\/product_tag?post=1494"}],"curies":[{"name":"wp","href":"https:\/\/api.w.org\/{rel}","templated":true}]}}