{"id":1500,"date":"2024-12-03T12:46:55","date_gmt":"2024-12-03T11:46:55","guid":{"rendered":"https:\/\/onewood.dkvare\/7675s-sokkelsaet-enkelt\/"},"modified":"2025-03-26T13:47:41","modified_gmt":"2025-03-26T12:47:41","slug":"7675s-sokkelsaet-enkelt","status":"publish","type":"product","link":"https:\/\/onewood.dk\/en\/product\/7675s-socket-saw-single\/","title":{"rendered":"7675S \u2013 Single socket set"},"content":{"rendered":"<p>Single plinth set is for stand-alone wardrobes.<\/p>\n<p>&nbsp;<\/p>\n<p>A single plinth set can be fitted to all One Wood wardrobes if you wish to move the wardrobe away from the wall and into the room. However, the single plinth set is also available in a model so that the wardrobe can stand flush with the wall \u2013 a good alternative to wall-hung wardrobes.<\/p>\n<p>&nbsp;<\/p>\n<p>&nbsp;<\/p>","protected":false},"excerpt":{"rendered":"<p>Enkelt sokkels\u00e6t er til\u00a0enkeltst\u00e5ende garderober. &nbsp; Der kan monteres\u00a0enkelt sokkels\u00e6t p\u00e5 alle One Woods garderober, hvis man \u00f8nsker at flytte garderoben v\u00e6k\u00a0fra v\u00e6ggen og ud i rummet. Enkelt sokkels\u00e6t findes dog ogs\u00e5 i en model, s\u00e5ledes garderoben kan st\u00e5 plant med v\u00e6ggen &#8211;\u00a0 et godt alternativ til v\u00e6gh\u00e6ngte garderober. &nbsp; &nbsp;<\/p>","protected":false},"featured_media":7430,"template":"","meta":[],"product_brand":[],"product_cat":[555,576],"product_tag":[],"class_list":{"0":"post-1500","1":"product","2":"type-product","3":"status-publish","4":"has-post-thumbnail","6":"product_cat-garderober-tilbehoer","7":"product_cat-tilbehoer-til-alle-garderober","9":"first","10":"instock","11":"product-type-simple"},"yoast_head":"<!-- This site is optimized with the Yoast SEO plugin v24.4 - https:\/\/yoast.com\/wordpress\/plugins\/seo\/ -->\n<title>7675S - Sokkels\u00e6t enkelt | One Wood Furniture A\/S<\/title>\n<meta name=\"robots\" content=\"index, follow, max-snippet:-1, max-image-preview:large, max-video-preview:-1\" \/>\n<link rel=\"canonical\" href=\"https:\/\/onewood.dk\/en\/product\/7675s-socket-saw-single\/\" \/>\n<meta property=\"og:locale\" content=\"en_GB\" \/>\n<meta property=\"og:type\" content=\"article\" \/>\n<meta property=\"og:title\" content=\"7675S - Sokkels\u00e6t enkelt | One Wood Furniture A\/S\" \/>\n<meta property=\"og:description\" content=\"Enkelt sokkels\u00e6t er til\u00a0enkeltst\u00e5ende garderober. &nbsp; Der kan monteres\u00a0enkelt sokkels\u00e6t p\u00e5 alle One Woods garderober, hvis man \u00f8nsker at flytte garderoben v\u00e6k\u00a0fra v\u00e6ggen og ud i rummet. Enkelt sokkels\u00e6t findes dog ogs\u00e5 i en model, s\u00e5ledes garderoben kan st\u00e5 plant med v\u00e6ggen &#8211;\u00a0 et godt alternativ til v\u00e6gh\u00e6ngte garderober. &nbsp; &nbsp;\" \/>\n<meta property=\"og:url\" content=\"https:\/\/onewood.dk\/en\/product\/7675s-socket-saw-single\/\" \/>\n<meta property=\"og:site_name\" content=\"One Wood Furniture A\/S\" \/>\n<meta property=\"article:modified_time\" content=\"2025-03-26T12:47:41+00:00\" \/>\n<meta property=\"og:image\" content=\"https:\/\/onewood.dk\/wp-content\/uploads\/2024\/12\/enkelt-sokkel-1_ECO.jpg\" \/>\n\t<meta property=\"og:image:width\" content=\"3000\" \/>\n\t<meta property=\"og:image:height\" content=\"2000\" \/>\n\t<meta property=\"og:image:type\" content=\"image\/jpeg\" \/>\n<meta name=\"twitter:card\" content=\"summary_large_image\" \/>\n<meta name=\"twitter:label1\" content=\"Estimated reading time\" \/>\n\t<meta name=\"twitter:data1\" content=\"1 minute\" \/>\n<script type=\"application\/ld+json\" class=\"yoast-schema-graph\">{\"@context\":\"https:\/\/schema.org\",\"@graph\":[{\"@type\":\"WebPage\",\"@id\":\"https:\/\/onewood.dk\/vare\/7675s-sokkelsaet-enkelt\/\",\"url\":\"https:\/\/onewood.dk\/vare\/7675s-sokkelsaet-enkelt\/\",\"name\":\"7675S - Sokkels\u00e6t enkelt | One Wood Furniture A\/S\",\"isPartOf\":{\"@id\":\"https:\/\/onewood.dk\/#website\"},\"primaryImageOfPage\":{\"@id\":\"https:\/\/onewood.dk\/vare\/7675s-sokkelsaet-enkelt\/#primaryimage\"},\"image\":{\"@id\":\"https:\/\/onewood.dk\/vare\/7675s-sokkelsaet-enkelt\/#primaryimage\"},\"thumbnailUrl\":\"https:\/\/onewood.dk\/wp-content\/uploads\/2024\/12\/enkelt-sokkel-1_ECO.jpg\",\"datePublished\":\"2024-12-03T11:46:55+00:00\",\"dateModified\":\"2025-03-26T12:47:41+00:00\",\"breadcrumb\":{\"@id\":\"https:\/\/onewood.dk\/vare\/7675s-sokkelsaet-enkelt\/#breadcrumb\"},\"inLanguage\":\"en-GB\",\"potentialAction\":[{\"@type\":\"ReadAction\",\"target\":[\"https:\/\/onewood.dk\/vare\/7675s-sokkelsaet-enkelt\/\"]}]},{\"@type\":\"ImageObject\",\"inLanguage\":\"en-GB\",\"@id\":\"https:\/\/onewood.dk\/vare\/7675s-sokkelsaet-enkelt\/#primaryimage\",\"url\":\"https:\/\/onewood.dk\/wp-content\/uploads\/2024\/12\/enkelt-sokkel-1_ECO.jpg\",\"contentUrl\":\"https:\/\/onewood.dk\/wp-content\/uploads\/2024\/12\/enkelt-sokkel-1_ECO.jpg\",\"width\":3000,\"height\":2000},{\"@type\":\"BreadcrumbList\",\"@id\":\"https:\/\/onewood.dk\/vare\/7675s-sokkelsaet-enkelt\/#breadcrumb\",\"itemListElement\":[{\"@type\":\"ListItem\",\"position\":1,\"name\":\"Varer\",\"item\":\"https:\/\/onewood.dk\/shop\/\"},{\"@type\":\"ListItem\",\"position\":2,\"name\":\"Garderober &amp; tilbeh\u00f8r\",\"item\":\"https:\/\/onewood.dk\/vare-kategori\/garderober-tilbehoer\/\"},{\"@type\":\"ListItem\",\"position\":3,\"name\":\"Tilbeh\u00f8r til alle garderober\",\"item\":\"https:\/\/onewood.dk\/vare-kategori\/garderober-tilbehoer\/tilbehoer-til-alle-garderober\/\"},{\"@type\":\"ListItem\",\"position\":4,\"name\":\"7675S &#8211; Sokkels\u00e6t enkelt\"}]},{\"@type\":\"WebSite\",\"@id\":\"https:\/\/onewood.dk\/#website\",\"url\":\"https:\/\/onewood.dk\/\",\"name\":\"One Wood Furniture A\/S\",\"description\":\"\",\"publisher\":{\"@id\":\"https:\/\/onewood.dk\/#organization\"},\"potentialAction\":[{\"@type\":\"SearchAction\",\"target\":{\"@type\":\"EntryPoint\",\"urlTemplate\":\"https:\/\/onewood.dk\/?s={search_term_string}\"},\"query-input\":{\"@type\":\"PropertyValueSpecification\",\"valueRequired\":true,\"valueName\":\"search_term_string\"}}],\"inLanguage\":\"en-GB\"},{\"@type\":\"Organization\",\"@id\":\"https:\/\/onewood.dk\/#organization\",\"name\":\"One Wood Furniture A\/S\",\"url\":\"https:\/\/onewood.dk\/\",\"logo\":{\"@type\":\"ImageObject\",\"inLanguage\":\"en-GB\",\"@id\":\"https:\/\/onewood.dk\/#\/schema\/logo\/image\/\",\"url\":\"https:\/\/onewood.dk\/wp-content\/uploads\/2024\/12\/Logo.png\",\"contentUrl\":\"https:\/\/onewood.dk\/wp-content\/uploads\/2024\/12\/Logo.png\",\"width\":180,\"height\":90,\"caption\":\"One Wood Furniture A\/S\"},\"image\":{\"@id\":\"https:\/\/onewood.dk\/#\/schema\/logo\/image\/\"}}]}<\/script>\n<!-- \/ Yoast SEO plugin. -->","yoast_head_json":{"title":"7675S - Sokkels\u00e6t enkelt | One Wood Furniture A\/S","robots":{"index":"index","follow":"follow","max-snippet":"max-snippet:-1","max-image-preview":"max-image-preview:large","max-video-preview":"max-video-preview:-1"},"canonical":"https:\/\/onewood.dk\/en\/product\/7675s-socket-saw-single\/","og_locale":"en_GB","og_type":"article","og_title":"7675S - Sokkels\u00e6t enkelt | One Wood Furniture A\/S","og_description":"Enkelt sokkels\u00e6t er til\u00a0enkeltst\u00e5ende garderober. &nbsp; Der kan monteres\u00a0enkelt sokkels\u00e6t p\u00e5 alle One Woods garderober, hvis man \u00f8nsker at flytte garderoben v\u00e6k\u00a0fra v\u00e6ggen og ud i rummet. Enkelt sokkels\u00e6t findes dog ogs\u00e5 i en model, s\u00e5ledes garderoben kan st\u00e5 plant med v\u00e6ggen &#8211;\u00a0 et godt alternativ til v\u00e6gh\u00e6ngte garderober. &nbsp; &nbsp;","og_url":"https:\/\/onewood.dk\/en\/product\/7675s-socket-saw-single\/","og_site_name":"One Wood Furniture A\/S","article_modified_time":"2025-03-26T12:47:41+00:00","og_image":[{"width":3000,"height":2000,"url":"https:\/\/onewood.dk\/wp-content\/uploads\/2024\/12\/enkelt-sokkel-1_ECO.jpg","type":"image\/jpeg"}],"twitter_card":"summary_large_image","twitter_misc":{"Estimated reading time":"1 minute"},"schema":{"@context":"https:\/\/schema.org","@graph":[{"@type":"WebPage","@id":"https:\/\/onewood.dk\/vare\/7675s-sokkelsaet-enkelt\/","url":"https:\/\/onewood.dk\/vare\/7675s-sokkelsaet-enkelt\/","name":"7675S - Sokkels\u00e6t enkelt | One Wood Furniture A\/S","isPartOf":{"@id":"https:\/\/onewood.dk\/#website"},"primaryImageOfPage":{"@id":"https:\/\/onewood.dk\/vare\/7675s-sokkelsaet-enkelt\/#primaryimage"},"image":{"@id":"https:\/\/onewood.dk\/vare\/7675s-sokkelsaet-enkelt\/#primaryimage"},"thumbnailUrl":"https:\/\/onewood.dk\/wp-content\/uploads\/2024\/12\/enkelt-sokkel-1_ECO.jpg","datePublished":"2024-12-03T11:46:55+00:00","dateModified":"2025-03-26T12:47:41+00:00","breadcrumb":{"@id":"https:\/\/onewood.dk\/vare\/7675s-sokkelsaet-enkelt\/#breadcrumb"},"inLanguage":"en-GB","potentialAction":[{"@type":"ReadAction","target":["https:\/\/onewood.dk\/vare\/7675s-sokkelsaet-enkelt\/"]}]},{"@type":"ImageObject","inLanguage":"en-GB","@id":"https:\/\/onewood.dk\/vare\/7675s-sokkelsaet-enkelt\/#primaryimage","url":"https:\/\/onewood.dk\/wp-content\/uploads\/2024\/12\/enkelt-sokkel-1_ECO.jpg","contentUrl":"https:\/\/onewood.dk\/wp-content\/uploads\/2024\/12\/enkelt-sokkel-1_ECO.jpg","width":3000,"height":2000},{"@type":"BreadcrumbList","@id":"https:\/\/onewood.dk\/vare\/7675s-sokkelsaet-enkelt\/#breadcrumb","itemListElement":[{"@type":"ListItem","position":1,"name":"Varer","item":"https:\/\/onewood.dk\/shop\/"},{"@type":"ListItem","position":2,"name":"Garderober &amp; tilbeh\u00f8r","item":"https:\/\/onewood.dk\/vare-kategori\/garderober-tilbehoer\/"},{"@type":"ListItem","position":3,"name":"Tilbeh\u00f8r til alle garderober","item":"https:\/\/onewood.dk\/vare-kategori\/garderober-tilbehoer\/tilbehoer-til-alle-garderober\/"},{"@type":"ListItem","position":4,"name":"7675S &#8211; Sokkels\u00e6t enkelt"}]},{"@type":"WebSite","@id":"https:\/\/onewood.dk\/#website","url":"https:\/\/onewood.dk\/","name":"One Wood Furniture A\/S","description":"","publisher":{"@id":"https:\/\/onewood.dk\/#organization"},"potentialAction":[{"@type":"SearchAction","target":{"@type":"EntryPoint","urlTemplate":"https:\/\/onewood.dk\/?s={search_term_string}"},"query-input":{"@type":"PropertyValueSpecification","valueRequired":true,"valueName":"search_term_string"}}],"inLanguage":"en-GB"},{"@type":"Organization","@id":"https:\/\/onewood.dk\/#organization","name":"One Wood Furniture A\/S","url":"https:\/\/onewood.dk\/","logo":{"@type":"ImageObject","inLanguage":"en-GB","@id":"https:\/\/onewood.dk\/#\/schema\/logo\/image\/","url":"https:\/\/onewood.dk\/wp-content\/uploads\/2024\/12\/Logo.png","contentUrl":"https:\/\/onewood.dk\/wp-content\/uploads\/2024\/12\/Logo.png","width":180,"height":90,"caption":"One Wood Furniture A\/S"},"image":{"@id":"https:\/\/onewood.dk\/#\/schema\/logo\/image\/"}}]}},"_links":{"self":[{"href":"https:\/\/onewood.dk\/en\/wp-json\/wp\/v2\/product\/1500","targetHints":{"allow":["GET"]}}],"collection":[{"href":"https:\/\/onewood.dk\/en\/wp-json\/wp\/v2\/product"}],"about":[{"href":"https:\/\/onewood.dk\/en\/wp-json\/wp\/v2\/types\/product"}],"wp:featuredmedia":[{"embeddable":true,"href":"https:\/\/onewood.dk\/en\/wp-json\/wp\/v2\/media\/7430"}],"wp:attachment":[{"href":"https:\/\/onewood.dk\/en\/wp-json\/wp\/v2\/media?parent=1500"}],"wp:term":[{"taxonomy":"product_brand","embeddable":true,"href":"https:\/\/onewood.dk\/en\/wp-json\/wp\/v2\/product_brand?post=1500"},{"taxonomy":"product_cat","embeddable":true,"href":"https:\/\/onewood.dk\/en\/wp-json\/wp\/v2\/product_cat?post=1500"},{"taxonomy":"product_tag","embeddable":true,"href":"https:\/\/onewood.dk\/en\/wp-json\/wp\/v2\/product_tag?post=1500"}],"curies":[{"name":"wp","href":"https:\/\/api.w.org\/{rel}","templated":true}]}}