{"id":1517,"date":"2024-12-03T12:46:58","date_gmt":"2024-12-03T11:46:58","guid":{"rendered":"https:\/\/onewood.dkvare\/7671d-laage-til-one-wood-lux-med-laminat\/"},"modified":"2025-02-07T08:16:19","modified_gmt":"2025-02-07T07:16:19","slug":"7671d-laage-til-one-wood-lux-med-laminat","status":"publish","type":"product","link":"https:\/\/onewood.dk\/en\/product\/7671d-door-for-one-wood-lux-with-laminate\/","title":{"rendered":"7671D \u2013 Door for One Wood Lux with laminate"},"content":{"rendered":"<p>Door in 15 mm white-pigmented birch plywood with laminate is available in all One Wood standard colors.<\/p>\n<p>Door fronts can also be supplied lacquered in various colours.<\/p>\n<p>&nbsp;<\/p>\n<p>The door can be advantageously combined with a picture frame or a cutout for a picture frame, making it easier for children and parents to identify their own wardrobe.<\/p>\n<p>&nbsp;<\/p>\n<p>All doors come with soft-close as standard.<\/p>\n<p>&nbsp;<\/p>\n<p>Please contact for price and info.<\/p>","protected":false},"excerpt":{"rendered":"<p>Door in 15 mm white pigmented birch plywood with laminate is available in all One Wood standard colours. Door fronts can also be supplied lacquered in the different colours. The door can be advantageously combined with a picture frame or a cut-out for a picture frame, so it is easier for children and parents to identify their own wardrobe. All doors are supplied with soft-close as standard. [\u2026]<\/p>","protected":false},"featured_media":2983,"template":"","meta":[],"product_brand":[],"product_cat":[555,571,602],"product_tag":[],"class_list":{"0":"post-1517","1":"product","2":"type-product","3":"status-publish","4":"has-post-thumbnail","6":"product_cat-garderober-tilbehoer","7":"product_cat-one-wood-lux","8":"product_cat-tilbehoer-one-wood-lux","10":"first","11":"instock","12":"product-type-simple"},"yoast_head":"<!-- This site is optimized with the Yoast SEO plugin v24.4 - https:\/\/yoast.com\/wordpress\/plugins\/seo\/ -->\n<title>7671D - L\u00e5ge til One Wood Lux med laminat | One Wood Furniture A\/S<\/title>\n<meta name=\"robots\" content=\"index, follow, max-snippet:-1, max-image-preview:large, max-video-preview:-1\" \/>\n<link rel=\"canonical\" href=\"https:\/\/onewood.dk\/en\/product\/7671d-door-for-one-wood-lux-with-laminate\/\" \/>\n<meta property=\"og:locale\" content=\"en_GB\" \/>\n<meta property=\"og:type\" content=\"article\" \/>\n<meta property=\"og:title\" content=\"7671D - L\u00e5ge til One Wood Lux med laminat | One Wood Furniture A\/S\" \/>\n<meta property=\"og:description\" content=\"L\u00e5ge i i 15 mm hvidpigmenteret birkekrydsfiner med laminat leveres i alle\u00a0One Woods\u00a0standardfarver. L\u00e5gefronter kan ogs\u00e5 leveres lakeret i de forskellige farver. &nbsp; L\u00e5gen kan med fordel kombineres med en billedramme eller udfr\u00e6sning til billederamme, s\u00e5 det er nemmere for barn og for\u00e6ldre at identificere egen garderobe. &nbsp; Alle l\u00e5ger leveres med soft-luk som standard. [&hellip;]\" \/>\n<meta property=\"og:url\" content=\"https:\/\/onewood.dk\/en\/product\/7671d-door-for-one-wood-lux-with-laminate\/\" \/>\n<meta property=\"og:site_name\" content=\"One Wood Furniture A\/S\" \/>\n<meta property=\"article:modified_time\" content=\"2025-02-07T07:16:19+00:00\" \/>\n<meta property=\"og:image\" content=\"https:\/\/onewood.dk\/wp-content\/uploads\/2024\/12\/2160.jpg\" \/>\n\t<meta property=\"og:image:width\" content=\"1600\" \/>\n\t<meta property=\"og:image:height\" content=\"1065\" \/>\n\t<meta property=\"og:image:type\" content=\"image\/jpeg\" \/>\n<meta name=\"twitter:card\" content=\"summary_large_image\" \/>\n<meta name=\"twitter:label1\" content=\"Estimated reading time\" \/>\n\t<meta name=\"twitter:data1\" content=\"1 minute\" \/>\n<script type=\"application\/ld+json\" class=\"yoast-schema-graph\">{\"@context\":\"https:\/\/schema.org\",\"@graph\":[{\"@type\":\"WebPage\",\"@id\":\"https:\/\/onewood.dk\/vare\/7671d-laage-til-one-wood-lux-med-laminat\/\",\"url\":\"https:\/\/onewood.dk\/vare\/7671d-laage-til-one-wood-lux-med-laminat\/\",\"name\":\"7671D - L\u00e5ge til One Wood Lux med laminat | One Wood Furniture A\/S\",\"isPartOf\":{\"@id\":\"https:\/\/onewood.dk\/#website\"},\"primaryImageOfPage\":{\"@id\":\"https:\/\/onewood.dk\/vare\/7671d-laage-til-one-wood-lux-med-laminat\/#primaryimage\"},\"image\":{\"@id\":\"https:\/\/onewood.dk\/vare\/7671d-laage-til-one-wood-lux-med-laminat\/#primaryimage\"},\"thumbnailUrl\":\"https:\/\/onewood.dk\/wp-content\/uploads\/2024\/12\/2160.jpg\",\"datePublished\":\"2024-12-03T11:46:58+00:00\",\"dateModified\":\"2025-02-07T07:16:19+00:00\",\"breadcrumb\":{\"@id\":\"https:\/\/onewood.dk\/vare\/7671d-laage-til-one-wood-lux-med-laminat\/#breadcrumb\"},\"inLanguage\":\"en-GB\",\"potentialAction\":[{\"@type\":\"ReadAction\",\"target\":[\"https:\/\/onewood.dk\/vare\/7671d-laage-til-one-wood-lux-med-laminat\/\"]}]},{\"@type\":\"ImageObject\",\"inLanguage\":\"en-GB\",\"@id\":\"https:\/\/onewood.dk\/vare\/7671d-laage-til-one-wood-lux-med-laminat\/#primaryimage\",\"url\":\"https:\/\/onewood.dk\/wp-content\/uploads\/2024\/12\/2160.jpg\",\"contentUrl\":\"https:\/\/onewood.dk\/wp-content\/uploads\/2024\/12\/2160.jpg\",\"width\":1600,\"height\":1065},{\"@type\":\"BreadcrumbList\",\"@id\":\"https:\/\/onewood.dk\/vare\/7671d-laage-til-one-wood-lux-med-laminat\/#breadcrumb\",\"itemListElement\":[{\"@type\":\"ListItem\",\"position\":1,\"name\":\"Varer\",\"item\":\"https:\/\/onewood.dk\/shop\/\"},{\"@type\":\"ListItem\",\"position\":2,\"name\":\"Garderober &amp; tilbeh\u00f8r\",\"item\":\"https:\/\/onewood.dk\/vare-kategori\/garderober-tilbehoer\/\"},{\"@type\":\"ListItem\",\"position\":3,\"name\":\"7671D &#8211; L\u00e5ge til One Wood Lux med laminat\"}]},{\"@type\":\"WebSite\",\"@id\":\"https:\/\/onewood.dk\/#website\",\"url\":\"https:\/\/onewood.dk\/\",\"name\":\"One Wood Furniture A\/S\",\"description\":\"\",\"publisher\":{\"@id\":\"https:\/\/onewood.dk\/#organization\"},\"potentialAction\":[{\"@type\":\"SearchAction\",\"target\":{\"@type\":\"EntryPoint\",\"urlTemplate\":\"https:\/\/onewood.dk\/?s={search_term_string}\"},\"query-input\":{\"@type\":\"PropertyValueSpecification\",\"valueRequired\":true,\"valueName\":\"search_term_string\"}}],\"inLanguage\":\"en-GB\"},{\"@type\":\"Organization\",\"@id\":\"https:\/\/onewood.dk\/#organization\",\"name\":\"One Wood Furniture A\/S\",\"url\":\"https:\/\/onewood.dk\/\",\"logo\":{\"@type\":\"ImageObject\",\"inLanguage\":\"en-GB\",\"@id\":\"https:\/\/onewood.dk\/#\/schema\/logo\/image\/\",\"url\":\"https:\/\/onewood.dk\/wp-content\/uploads\/2024\/12\/Logo.png\",\"contentUrl\":\"https:\/\/onewood.dk\/wp-content\/uploads\/2024\/12\/Logo.png\",\"width\":180,\"height\":90,\"caption\":\"One Wood Furniture A\/S\"},\"image\":{\"@id\":\"https:\/\/onewood.dk\/#\/schema\/logo\/image\/\"}}]}<\/script>\n<!-- \/ Yoast SEO plugin. -->","yoast_head_json":{"title":"7671D - L\u00e5ge til One Wood Lux med laminat | One Wood Furniture A\/S","robots":{"index":"index","follow":"follow","max-snippet":"max-snippet:-1","max-image-preview":"max-image-preview:large","max-video-preview":"max-video-preview:-1"},"canonical":"https:\/\/onewood.dk\/en\/product\/7671d-door-for-one-wood-lux-with-laminate\/","og_locale":"en_GB","og_type":"article","og_title":"7671D - L\u00e5ge til One Wood Lux med laminat | One Wood Furniture A\/S","og_description":"L\u00e5ge i i 15 mm hvidpigmenteret birkekrydsfiner med laminat leveres i alle\u00a0One Woods\u00a0standardfarver. L\u00e5gefronter kan ogs\u00e5 leveres lakeret i de forskellige farver. &nbsp; L\u00e5gen kan med fordel kombineres med en billedramme eller udfr\u00e6sning til billederamme, s\u00e5 det er nemmere for barn og for\u00e6ldre at identificere egen garderobe. &nbsp; Alle l\u00e5ger leveres med soft-luk som standard. [&hellip;]","og_url":"https:\/\/onewood.dk\/en\/product\/7671d-door-for-one-wood-lux-with-laminate\/","og_site_name":"One Wood Furniture A\/S","article_modified_time":"2025-02-07T07:16:19+00:00","og_image":[{"width":1600,"height":1065,"url":"https:\/\/onewood.dk\/wp-content\/uploads\/2024\/12\/2160.jpg","type":"image\/jpeg"}],"twitter_card":"summary_large_image","twitter_misc":{"Estimated reading time":"1 minute"},"schema":{"@context":"https:\/\/schema.org","@graph":[{"@type":"WebPage","@id":"https:\/\/onewood.dk\/vare\/7671d-laage-til-one-wood-lux-med-laminat\/","url":"https:\/\/onewood.dk\/vare\/7671d-laage-til-one-wood-lux-med-laminat\/","name":"7671D - L\u00e5ge til One Wood Lux med laminat | One Wood Furniture A\/S","isPartOf":{"@id":"https:\/\/onewood.dk\/#website"},"primaryImageOfPage":{"@id":"https:\/\/onewood.dk\/vare\/7671d-laage-til-one-wood-lux-med-laminat\/#primaryimage"},"image":{"@id":"https:\/\/onewood.dk\/vare\/7671d-laage-til-one-wood-lux-med-laminat\/#primaryimage"},"thumbnailUrl":"https:\/\/onewood.dk\/wp-content\/uploads\/2024\/12\/2160.jpg","datePublished":"2024-12-03T11:46:58+00:00","dateModified":"2025-02-07T07:16:19+00:00","breadcrumb":{"@id":"https:\/\/onewood.dk\/vare\/7671d-laage-til-one-wood-lux-med-laminat\/#breadcrumb"},"inLanguage":"en-GB","potentialAction":[{"@type":"ReadAction","target":["https:\/\/onewood.dk\/vare\/7671d-laage-til-one-wood-lux-med-laminat\/"]}]},{"@type":"ImageObject","inLanguage":"en-GB","@id":"https:\/\/onewood.dk\/vare\/7671d-laage-til-one-wood-lux-med-laminat\/#primaryimage","url":"https:\/\/onewood.dk\/wp-content\/uploads\/2024\/12\/2160.jpg","contentUrl":"https:\/\/onewood.dk\/wp-content\/uploads\/2024\/12\/2160.jpg","width":1600,"height":1065},{"@type":"BreadcrumbList","@id":"https:\/\/onewood.dk\/vare\/7671d-laage-til-one-wood-lux-med-laminat\/#breadcrumb","itemListElement":[{"@type":"ListItem","position":1,"name":"Varer","item":"https:\/\/onewood.dk\/shop\/"},{"@type":"ListItem","position":2,"name":"Garderober &amp; tilbeh\u00f8r","item":"https:\/\/onewood.dk\/vare-kategori\/garderober-tilbehoer\/"},{"@type":"ListItem","position":3,"name":"7671D &#8211; L\u00e5ge til One Wood Lux med laminat"}]},{"@type":"WebSite","@id":"https:\/\/onewood.dk\/#website","url":"https:\/\/onewood.dk\/","name":"One Wood Furniture A\/S","description":"","publisher":{"@id":"https:\/\/onewood.dk\/#organization"},"potentialAction":[{"@type":"SearchAction","target":{"@type":"EntryPoint","urlTemplate":"https:\/\/onewood.dk\/?s={search_term_string}"},"query-input":{"@type":"PropertyValueSpecification","valueRequired":true,"valueName":"search_term_string"}}],"inLanguage":"en-GB"},{"@type":"Organization","@id":"https:\/\/onewood.dk\/#organization","name":"One Wood Furniture A\/S","url":"https:\/\/onewood.dk\/","logo":{"@type":"ImageObject","inLanguage":"en-GB","@id":"https:\/\/onewood.dk\/#\/schema\/logo\/image\/","url":"https:\/\/onewood.dk\/wp-content\/uploads\/2024\/12\/Logo.png","contentUrl":"https:\/\/onewood.dk\/wp-content\/uploads\/2024\/12\/Logo.png","width":180,"height":90,"caption":"One Wood Furniture A\/S"},"image":{"@id":"https:\/\/onewood.dk\/#\/schema\/logo\/image\/"}}]}},"_links":{"self":[{"href":"https:\/\/onewood.dk\/en\/wp-json\/wp\/v2\/product\/1517","targetHints":{"allow":["GET"]}}],"collection":[{"href":"https:\/\/onewood.dk\/en\/wp-json\/wp\/v2\/product"}],"about":[{"href":"https:\/\/onewood.dk\/en\/wp-json\/wp\/v2\/types\/product"}],"wp:featuredmedia":[{"embeddable":true,"href":"https:\/\/onewood.dk\/en\/wp-json\/wp\/v2\/media\/2983"}],"wp:attachment":[{"href":"https:\/\/onewood.dk\/en\/wp-json\/wp\/v2\/media?parent=1517"}],"wp:term":[{"taxonomy":"product_brand","embeddable":true,"href":"https:\/\/onewood.dk\/en\/wp-json\/wp\/v2\/product_brand?post=1517"},{"taxonomy":"product_cat","embeddable":true,"href":"https:\/\/onewood.dk\/en\/wp-json\/wp\/v2\/product_cat?post=1517"},{"taxonomy":"product_tag","embeddable":true,"href":"https:\/\/onewood.dk\/en\/wp-json\/wp\/v2\/product_tag?post=1517"}],"curies":[{"name":"wp","href":"https:\/\/api.w.org\/{rel}","templated":true}]}}