{"id":1543,"date":"2024-12-03T12:47:01","date_gmt":"2024-12-03T11:47:01","guid":{"rendered":"https:\/\/onewood.dkvare\/6108-funky-bordreol-8-rum\/"},"modified":"2025-02-10T14:47:45","modified_gmt":"2025-02-10T13:47:45","slug":"6108-funky-bordreol-8-rum","status":"publish","type":"product","link":"https:\/\/onewood.dk\/en\/product\/6108-funky-table-shelf-8-compartments\/","title":{"rendered":"6108 \u2013 Funky table shelf 8 compartments"},"content":{"rendered":"<p>Mobile Funky table shelf with 8 compartments in 18 mm white-pigmented birch plywood can easily be folded out to become a play table, coffee table, etc.<\/p>\n<p>The shelf is a great solution for quickly creating an area with good standing height, as it is quick to take out, the tabletop is easy to fold out and provides a large dining\/playing area.<\/p>\n<p>Comes standard with light grey laminate on top plate.<\/p>","protected":false},"excerpt":{"rendered":"<p><strong>Tabletop turned in<\/strong><\/p>\n<p><strong>Goal: <\/strong>Height: 745mm. Width: 1630mm. Depth: 450mm.<\/p>\n<p><strong>Tabletop knocked out<\/strong><\/p>\n<p><strong>Goal: <\/strong>Height: 727mm. Width: 1630mm. Depth: 900mm.<\/p>\n<p>&nbsp;<\/p>\n<p>The shelf is delivered excluding storage boxes - see accessories.<\/p>","protected":false},"featured_media":3079,"template":"","meta":[],"product_brand":[],"product_cat":[729,557,581],"product_tag":[],"class_list":{"0":"post-1543","1":"product","2":"type-product","3":"status-publish","4":"has-post-thumbnail","6":"product_cat-funky-reol","7":"product_cat-reoler","8":"product_cat-funky","10":"first","11":"instock","12":"product-type-simple"},"yoast_head":"<!-- This site is optimized with the Yoast SEO plugin v24.4 - https:\/\/yoast.com\/wordpress\/plugins\/seo\/ -->\n<title>6108 - Funky bordreol 8 rum | One Wood Furniture A\/S<\/title>\n<meta name=\"robots\" content=\"index, follow, max-snippet:-1, max-image-preview:large, max-video-preview:-1\" \/>\n<link rel=\"canonical\" href=\"https:\/\/onewood.dk\/en\/product\/6108-funky-table-shelf-8-compartments\/\" \/>\n<meta property=\"og:locale\" content=\"en_GB\" \/>\n<meta property=\"og:type\" content=\"article\" \/>\n<meta property=\"og:title\" content=\"6108 - Funky bordreol 8 rum | One Wood Furniture A\/S\" \/>\n<meta property=\"og:description\" content=\"Bordplade sl\u00e5et ind  M\u00e5l: H\u00f8jde:745mm. Bredde:1630mm. Dybde:450mm.  Bordplade sl\u00e5et ud  M\u00e5l: H\u00f8jde:727mm. Bredde:1630mm. Dybde:900mm.  &nbsp;  Reolen leveres ekskl. opbevaringskasser - se tilbeh\u00f8r.\" \/>\n<meta property=\"og:url\" content=\"https:\/\/onewood.dk\/en\/product\/6108-funky-table-shelf-8-compartments\/\" \/>\n<meta property=\"og:site_name\" content=\"One Wood Furniture A\/S\" \/>\n<meta property=\"article:modified_time\" content=\"2025-02-10T13:47:45+00:00\" \/>\n<meta property=\"og:image\" content=\"https:\/\/onewood.dk\/wp-content\/uploads\/2024\/12\/4157.jpg\" \/>\n\t<meta property=\"og:image:width\" content=\"1600\" \/>\n\t<meta property=\"og:image:height\" content=\"1065\" \/>\n\t<meta property=\"og:image:type\" content=\"image\/jpeg\" \/>\n<meta name=\"twitter:card\" content=\"summary_large_image\" \/>\n<meta name=\"twitter:label1\" content=\"Estimated reading time\" \/>\n\t<meta name=\"twitter:data1\" content=\"1 minute\" \/>\n<script type=\"application\/ld+json\" class=\"yoast-schema-graph\">{\"@context\":\"https:\/\/schema.org\",\"@graph\":[{\"@type\":\"WebPage\",\"@id\":\"https:\/\/onewood.dk\/vare\/6108-funky-bordreol-8-rum\/\",\"url\":\"https:\/\/onewood.dk\/vare\/6108-funky-bordreol-8-rum\/\",\"name\":\"6108 - Funky bordreol 8 rum | One Wood Furniture A\/S\",\"isPartOf\":{\"@id\":\"https:\/\/onewood.dk\/#website\"},\"primaryImageOfPage\":{\"@id\":\"https:\/\/onewood.dk\/vare\/6108-funky-bordreol-8-rum\/#primaryimage\"},\"image\":{\"@id\":\"https:\/\/onewood.dk\/vare\/6108-funky-bordreol-8-rum\/#primaryimage\"},\"thumbnailUrl\":\"https:\/\/onewood.dk\/wp-content\/uploads\/2024\/12\/4157.jpg\",\"datePublished\":\"2024-12-03T11:47:01+00:00\",\"dateModified\":\"2025-02-10T13:47:45+00:00\",\"breadcrumb\":{\"@id\":\"https:\/\/onewood.dk\/vare\/6108-funky-bordreol-8-rum\/#breadcrumb\"},\"inLanguage\":\"en-GB\",\"potentialAction\":[{\"@type\":\"ReadAction\",\"target\":[\"https:\/\/onewood.dk\/vare\/6108-funky-bordreol-8-rum\/\"]}]},{\"@type\":\"ImageObject\",\"inLanguage\":\"en-GB\",\"@id\":\"https:\/\/onewood.dk\/vare\/6108-funky-bordreol-8-rum\/#primaryimage\",\"url\":\"https:\/\/onewood.dk\/wp-content\/uploads\/2024\/12\/4157.jpg\",\"contentUrl\":\"https:\/\/onewood.dk\/wp-content\/uploads\/2024\/12\/4157.jpg\",\"width\":1600,\"height\":1065},{\"@type\":\"BreadcrumbList\",\"@id\":\"https:\/\/onewood.dk\/vare\/6108-funky-bordreol-8-rum\/#breadcrumb\",\"itemListElement\":[{\"@type\":\"ListItem\",\"position\":1,\"name\":\"Varer\",\"item\":\"https:\/\/onewood.dk\/shop\/\"},{\"@type\":\"ListItem\",\"position\":2,\"name\":\"Reoler\",\"item\":\"https:\/\/onewood.dk\/vare-kategori\/reoler\/\"},{\"@type\":\"ListItem\",\"position\":3,\"name\":\"Funky\",\"item\":\"https:\/\/onewood.dk\/vare-kategori\/reoler\/funky\/\"},{\"@type\":\"ListItem\",\"position\":4,\"name\":\"Funky reol\",\"item\":\"https:\/\/onewood.dk\/vare-kategori\/reoler\/funky\/funky-reol\/\"},{\"@type\":\"ListItem\",\"position\":5,\"name\":\"6108 &#8211; Funky bordreol 8 rum\"}]},{\"@type\":\"WebSite\",\"@id\":\"https:\/\/onewood.dk\/#website\",\"url\":\"https:\/\/onewood.dk\/\",\"name\":\"One Wood Furniture A\/S\",\"description\":\"\",\"publisher\":{\"@id\":\"https:\/\/onewood.dk\/#organization\"},\"potentialAction\":[{\"@type\":\"SearchAction\",\"target\":{\"@type\":\"EntryPoint\",\"urlTemplate\":\"https:\/\/onewood.dk\/?s={search_term_string}\"},\"query-input\":{\"@type\":\"PropertyValueSpecification\",\"valueRequired\":true,\"valueName\":\"search_term_string\"}}],\"inLanguage\":\"en-GB\"},{\"@type\":\"Organization\",\"@id\":\"https:\/\/onewood.dk\/#organization\",\"name\":\"One Wood Furniture A\/S\",\"url\":\"https:\/\/onewood.dk\/\",\"logo\":{\"@type\":\"ImageObject\",\"inLanguage\":\"en-GB\",\"@id\":\"https:\/\/onewood.dk\/#\/schema\/logo\/image\/\",\"url\":\"https:\/\/onewood.dk\/wp-content\/uploads\/2024\/12\/Logo.png\",\"contentUrl\":\"https:\/\/onewood.dk\/wp-content\/uploads\/2024\/12\/Logo.png\",\"width\":180,\"height\":90,\"caption\":\"One Wood Furniture A\/S\"},\"image\":{\"@id\":\"https:\/\/onewood.dk\/#\/schema\/logo\/image\/\"}}]}<\/script>\n<!-- \/ Yoast SEO plugin. -->","yoast_head_json":{"title":"6108 - Funky bordreol 8 rum | One Wood Furniture A\/S","robots":{"index":"index","follow":"follow","max-snippet":"max-snippet:-1","max-image-preview":"max-image-preview:large","max-video-preview":"max-video-preview:-1"},"canonical":"https:\/\/onewood.dk\/en\/product\/6108-funky-table-shelf-8-compartments\/","og_locale":"en_GB","og_type":"article","og_title":"6108 - Funky bordreol 8 rum | One Wood Furniture A\/S","og_description":"Bordplade sl\u00e5et ind  M\u00e5l: H\u00f8jde:745mm. Bredde:1630mm. Dybde:450mm.  Bordplade sl\u00e5et ud  M\u00e5l: H\u00f8jde:727mm. Bredde:1630mm. Dybde:900mm.  &nbsp;  Reolen leveres ekskl. opbevaringskasser - se tilbeh\u00f8r.","og_url":"https:\/\/onewood.dk\/en\/product\/6108-funky-table-shelf-8-compartments\/","og_site_name":"One Wood Furniture A\/S","article_modified_time":"2025-02-10T13:47:45+00:00","og_image":[{"width":1600,"height":1065,"url":"https:\/\/onewood.dk\/wp-content\/uploads\/2024\/12\/4157.jpg","type":"image\/jpeg"}],"twitter_card":"summary_large_image","twitter_misc":{"Estimated reading time":"1 minute"},"schema":{"@context":"https:\/\/schema.org","@graph":[{"@type":"WebPage","@id":"https:\/\/onewood.dk\/vare\/6108-funky-bordreol-8-rum\/","url":"https:\/\/onewood.dk\/vare\/6108-funky-bordreol-8-rum\/","name":"6108 - Funky bordreol 8 rum | One Wood Furniture A\/S","isPartOf":{"@id":"https:\/\/onewood.dk\/#website"},"primaryImageOfPage":{"@id":"https:\/\/onewood.dk\/vare\/6108-funky-bordreol-8-rum\/#primaryimage"},"image":{"@id":"https:\/\/onewood.dk\/vare\/6108-funky-bordreol-8-rum\/#primaryimage"},"thumbnailUrl":"https:\/\/onewood.dk\/wp-content\/uploads\/2024\/12\/4157.jpg","datePublished":"2024-12-03T11:47:01+00:00","dateModified":"2025-02-10T13:47:45+00:00","breadcrumb":{"@id":"https:\/\/onewood.dk\/vare\/6108-funky-bordreol-8-rum\/#breadcrumb"},"inLanguage":"en-GB","potentialAction":[{"@type":"ReadAction","target":["https:\/\/onewood.dk\/vare\/6108-funky-bordreol-8-rum\/"]}]},{"@type":"ImageObject","inLanguage":"en-GB","@id":"https:\/\/onewood.dk\/vare\/6108-funky-bordreol-8-rum\/#primaryimage","url":"https:\/\/onewood.dk\/wp-content\/uploads\/2024\/12\/4157.jpg","contentUrl":"https:\/\/onewood.dk\/wp-content\/uploads\/2024\/12\/4157.jpg","width":1600,"height":1065},{"@type":"BreadcrumbList","@id":"https:\/\/onewood.dk\/vare\/6108-funky-bordreol-8-rum\/#breadcrumb","itemListElement":[{"@type":"ListItem","position":1,"name":"Varer","item":"https:\/\/onewood.dk\/shop\/"},{"@type":"ListItem","position":2,"name":"Reoler","item":"https:\/\/onewood.dk\/vare-kategori\/reoler\/"},{"@type":"ListItem","position":3,"name":"Funky","item":"https:\/\/onewood.dk\/vare-kategori\/reoler\/funky\/"},{"@type":"ListItem","position":4,"name":"Funky reol","item":"https:\/\/onewood.dk\/vare-kategori\/reoler\/funky\/funky-reol\/"},{"@type":"ListItem","position":5,"name":"6108 &#8211; Funky bordreol 8 rum"}]},{"@type":"WebSite","@id":"https:\/\/onewood.dk\/#website","url":"https:\/\/onewood.dk\/","name":"One Wood Furniture A\/S","description":"","publisher":{"@id":"https:\/\/onewood.dk\/#organization"},"potentialAction":[{"@type":"SearchAction","target":{"@type":"EntryPoint","urlTemplate":"https:\/\/onewood.dk\/?s={search_term_string}"},"query-input":{"@type":"PropertyValueSpecification","valueRequired":true,"valueName":"search_term_string"}}],"inLanguage":"en-GB"},{"@type":"Organization","@id":"https:\/\/onewood.dk\/#organization","name":"One Wood Furniture A\/S","url":"https:\/\/onewood.dk\/","logo":{"@type":"ImageObject","inLanguage":"en-GB","@id":"https:\/\/onewood.dk\/#\/schema\/logo\/image\/","url":"https:\/\/onewood.dk\/wp-content\/uploads\/2024\/12\/Logo.png","contentUrl":"https:\/\/onewood.dk\/wp-content\/uploads\/2024\/12\/Logo.png","width":180,"height":90,"caption":"One Wood Furniture A\/S"},"image":{"@id":"https:\/\/onewood.dk\/#\/schema\/logo\/image\/"}}]}},"_links":{"self":[{"href":"https:\/\/onewood.dk\/en\/wp-json\/wp\/v2\/product\/1543","targetHints":{"allow":["GET"]}}],"collection":[{"href":"https:\/\/onewood.dk\/en\/wp-json\/wp\/v2\/product"}],"about":[{"href":"https:\/\/onewood.dk\/en\/wp-json\/wp\/v2\/types\/product"}],"wp:featuredmedia":[{"embeddable":true,"href":"https:\/\/onewood.dk\/en\/wp-json\/wp\/v2\/media\/3079"}],"wp:attachment":[{"href":"https:\/\/onewood.dk\/en\/wp-json\/wp\/v2\/media?parent=1543"}],"wp:term":[{"taxonomy":"product_brand","embeddable":true,"href":"https:\/\/onewood.dk\/en\/wp-json\/wp\/v2\/product_brand?post=1543"},{"taxonomy":"product_cat","embeddable":true,"href":"https:\/\/onewood.dk\/en\/wp-json\/wp\/v2\/product_cat?post=1543"},{"taxonomy":"product_tag","embeddable":true,"href":"https:\/\/onewood.dk\/en\/wp-json\/wp\/v2\/product_tag?post=1543"}],"curies":[{"name":"wp","href":"https:\/\/api.w.org\/{rel}","templated":true}]}}