{"id":1558,"date":"2024-12-03T12:47:04","date_gmt":"2024-12-03T11:47:04","guid":{"rendered":"https:\/\/onewood.dkvare\/9007-800-x-1200mm\/"},"modified":"2025-02-25T10:39:36","modified_gmt":"2025-02-25T09:39:36","slug":"9007-800-x-1200mm","status":"publish","type":"product","link":"https:\/\/onewood.dk\/en\/product\/9007-800-x-1200mm\/","title":{"rendered":"9007 \u2013 800 x 1200mm."},"content":{"rendered":"<p><span style=\"color: windowtext;\">Table in 18 mm white-pigmented birch plywood with durable laminate on top.<\/span><\/p>\n<p><span style=\"color: windowtext;\">The tables can be combined in One Wood&#039;s various standard colors, thus creating exciting and colorful dining and play environments. <\/span><\/p>\n<p><span style=\"color: windowtext;\">All One Woods tables can be delivered in different heights from 730 mm and below.<\/span><\/p>\n<p><span style=\"color: windowtext;\">Mounted with felt pads under the legs.<\/span><\/p>","protected":false},"excerpt":{"rendered":"<p>Table in 18 mm white-pigmented birch plywood with durable laminate on top. The tables can be combined in One Wood&#039;s various standard colors, thus creating exciting and colorful dining and play environments. All One Wood tables can be delivered in different heights from 730 mm and below. Assembled with felt pads under the legs.<\/p>","protected":false},"featured_media":3146,"template":"","meta":[],"product_brand":[],"product_cat":[649,620,558],"product_tag":[],"class_list":{"0":"post-1558","1":"product","2":"type-product","3":"status-publish","4":"has-post-thumbnail","6":"product_cat-borde-med-laminat","7":"product_cat-borde","8":"product_cat-borde-baenke-taburetter","10":"first","11":"instock","12":"product-type-simple"},"yoast_head":"<!-- This site is optimized with the Yoast SEO plugin v24.4 - https:\/\/yoast.com\/wordpress\/plugins\/seo\/ -->\n<title>9007 - 800 x 1200mm. | One Wood Furniture A\/S<\/title>\n<meta name=\"robots\" content=\"index, follow, max-snippet:-1, max-image-preview:large, max-video-preview:-1\" \/>\n<link rel=\"canonical\" href=\"https:\/\/onewood.dk\/en\/product\/9007-800-x-1200mm\/\" \/>\n<meta property=\"og:locale\" content=\"en_GB\" \/>\n<meta property=\"og:type\" content=\"article\" \/>\n<meta property=\"og:title\" content=\"9007 - 800 x 1200mm. | One Wood Furniture A\/S\" \/>\n<meta property=\"og:description\" content=\"Bord i 18 mm\u00a0i hvidpigmenteret\u00a0birkekrydsfiner med slidst\u00e6rkt laminat p\u00e5 toppen. Bordene kan kombineres i One Woods forskellige standardfarver og dermed skabe sp\u00e6ndende og farverige spise- og legemilj\u00f8er. Alle One Woods borde kan leveres i forskellige h\u00f8jder fra 730 mm og nedefter. Monteres med filtdutter under ben.\" \/>\n<meta property=\"og:url\" content=\"https:\/\/onewood.dk\/en\/product\/9007-800-x-1200mm\/\" \/>\n<meta property=\"og:site_name\" content=\"One Wood Furniture A\/S\" \/>\n<meta property=\"article:modified_time\" content=\"2025-02-25T09:39:36+00:00\" \/>\n<meta property=\"og:image\" content=\"https:\/\/onewood.dk\/wp-content\/uploads\/2024\/12\/6432-scaled.jpg\" \/>\n\t<meta property=\"og:image:width\" content=\"2560\" \/>\n\t<meta property=\"og:image:height\" content=\"1707\" \/>\n\t<meta property=\"og:image:type\" content=\"image\/jpeg\" \/>\n<meta name=\"twitter:card\" content=\"summary_large_image\" \/>\n<meta name=\"twitter:label1\" content=\"Estimated reading time\" \/>\n\t<meta name=\"twitter:data1\" content=\"1 minute\" \/>\n<script type=\"application\/ld+json\" class=\"yoast-schema-graph\">{\"@context\":\"https:\/\/schema.org\",\"@graph\":[{\"@type\":\"WebPage\",\"@id\":\"https:\/\/onewood.dk\/vare\/9007-800-x-1200mm\/\",\"url\":\"https:\/\/onewood.dk\/vare\/9007-800-x-1200mm\/\",\"name\":\"9007 - 800 x 1200mm. | One Wood Furniture A\/S\",\"isPartOf\":{\"@id\":\"https:\/\/onewood.dk\/#website\"},\"primaryImageOfPage\":{\"@id\":\"https:\/\/onewood.dk\/vare\/9007-800-x-1200mm\/#primaryimage\"},\"image\":{\"@id\":\"https:\/\/onewood.dk\/vare\/9007-800-x-1200mm\/#primaryimage\"},\"thumbnailUrl\":\"https:\/\/onewood.dk\/wp-content\/uploads\/2024\/12\/6432-scaled.jpg\",\"datePublished\":\"2024-12-03T11:47:04+00:00\",\"dateModified\":\"2025-02-25T09:39:36+00:00\",\"breadcrumb\":{\"@id\":\"https:\/\/onewood.dk\/vare\/9007-800-x-1200mm\/#breadcrumb\"},\"inLanguage\":\"en-GB\",\"potentialAction\":[{\"@type\":\"ReadAction\",\"target\":[\"https:\/\/onewood.dk\/vare\/9007-800-x-1200mm\/\"]}]},{\"@type\":\"ImageObject\",\"inLanguage\":\"en-GB\",\"@id\":\"https:\/\/onewood.dk\/vare\/9007-800-x-1200mm\/#primaryimage\",\"url\":\"https:\/\/onewood.dk\/wp-content\/uploads\/2024\/12\/6432-scaled.jpg\",\"contentUrl\":\"https:\/\/onewood.dk\/wp-content\/uploads\/2024\/12\/6432-scaled.jpg\",\"width\":2560,\"height\":1707},{\"@type\":\"BreadcrumbList\",\"@id\":\"https:\/\/onewood.dk\/vare\/9007-800-x-1200mm\/#breadcrumb\",\"itemListElement\":[{\"@type\":\"ListItem\",\"position\":1,\"name\":\"Varer\",\"item\":\"https:\/\/onewood.dk\/shop\/\"},{\"@type\":\"ListItem\",\"position\":2,\"name\":\"Borde, b\u00e6nke &amp; taburetter\",\"item\":\"https:\/\/onewood.dk\/vare-kategori\/borde-baenke-taburetter\/\"},{\"@type\":\"ListItem\",\"position\":3,\"name\":\"Borde\",\"item\":\"https:\/\/onewood.dk\/vare-kategori\/borde-baenke-taburetter\/borde\/\"},{\"@type\":\"ListItem\",\"position\":4,\"name\":\"Borde med laminat\",\"item\":\"https:\/\/onewood.dk\/vare-kategori\/borde-baenke-taburetter\/borde\/borde-med-laminat\/\"},{\"@type\":\"ListItem\",\"position\":5,\"name\":\"9007 &#8211; 800 x 1200mm.\"}]},{\"@type\":\"WebSite\",\"@id\":\"https:\/\/onewood.dk\/#website\",\"url\":\"https:\/\/onewood.dk\/\",\"name\":\"One Wood Furniture A\/S\",\"description\":\"\",\"publisher\":{\"@id\":\"https:\/\/onewood.dk\/#organization\"},\"potentialAction\":[{\"@type\":\"SearchAction\",\"target\":{\"@type\":\"EntryPoint\",\"urlTemplate\":\"https:\/\/onewood.dk\/?s={search_term_string}\"},\"query-input\":{\"@type\":\"PropertyValueSpecification\",\"valueRequired\":true,\"valueName\":\"search_term_string\"}}],\"inLanguage\":\"en-GB\"},{\"@type\":\"Organization\",\"@id\":\"https:\/\/onewood.dk\/#organization\",\"name\":\"One Wood Furniture A\/S\",\"url\":\"https:\/\/onewood.dk\/\",\"logo\":{\"@type\":\"ImageObject\",\"inLanguage\":\"en-GB\",\"@id\":\"https:\/\/onewood.dk\/#\/schema\/logo\/image\/\",\"url\":\"https:\/\/onewood.dk\/wp-content\/uploads\/2024\/12\/Logo.png\",\"contentUrl\":\"https:\/\/onewood.dk\/wp-content\/uploads\/2024\/12\/Logo.png\",\"width\":180,\"height\":90,\"caption\":\"One Wood Furniture A\/S\"},\"image\":{\"@id\":\"https:\/\/onewood.dk\/#\/schema\/logo\/image\/\"}}]}<\/script>\n<!-- \/ Yoast SEO plugin. -->","yoast_head_json":{"title":"9007 - 800 x 1200mm. | One Wood Furniture A\/S","robots":{"index":"index","follow":"follow","max-snippet":"max-snippet:-1","max-image-preview":"max-image-preview:large","max-video-preview":"max-video-preview:-1"},"canonical":"https:\/\/onewood.dk\/en\/product\/9007-800-x-1200mm\/","og_locale":"en_GB","og_type":"article","og_title":"9007 - 800 x 1200mm. | One Wood Furniture A\/S","og_description":"Bord i 18 mm\u00a0i hvidpigmenteret\u00a0birkekrydsfiner med slidst\u00e6rkt laminat p\u00e5 toppen. Bordene kan kombineres i One Woods forskellige standardfarver og dermed skabe sp\u00e6ndende og farverige spise- og legemilj\u00f8er. Alle One Woods borde kan leveres i forskellige h\u00f8jder fra 730 mm og nedefter. Monteres med filtdutter under ben.","og_url":"https:\/\/onewood.dk\/en\/product\/9007-800-x-1200mm\/","og_site_name":"One Wood Furniture A\/S","article_modified_time":"2025-02-25T09:39:36+00:00","og_image":[{"width":2560,"height":1707,"url":"https:\/\/onewood.dk\/wp-content\/uploads\/2024\/12\/6432-scaled.jpg","type":"image\/jpeg"}],"twitter_card":"summary_large_image","twitter_misc":{"Estimated reading time":"1 minute"},"schema":{"@context":"https:\/\/schema.org","@graph":[{"@type":"WebPage","@id":"https:\/\/onewood.dk\/vare\/9007-800-x-1200mm\/","url":"https:\/\/onewood.dk\/vare\/9007-800-x-1200mm\/","name":"9007 - 800 x 1200mm. | One Wood Furniture A\/S","isPartOf":{"@id":"https:\/\/onewood.dk\/#website"},"primaryImageOfPage":{"@id":"https:\/\/onewood.dk\/vare\/9007-800-x-1200mm\/#primaryimage"},"image":{"@id":"https:\/\/onewood.dk\/vare\/9007-800-x-1200mm\/#primaryimage"},"thumbnailUrl":"https:\/\/onewood.dk\/wp-content\/uploads\/2024\/12\/6432-scaled.jpg","datePublished":"2024-12-03T11:47:04+00:00","dateModified":"2025-02-25T09:39:36+00:00","breadcrumb":{"@id":"https:\/\/onewood.dk\/vare\/9007-800-x-1200mm\/#breadcrumb"},"inLanguage":"en-GB","potentialAction":[{"@type":"ReadAction","target":["https:\/\/onewood.dk\/vare\/9007-800-x-1200mm\/"]}]},{"@type":"ImageObject","inLanguage":"en-GB","@id":"https:\/\/onewood.dk\/vare\/9007-800-x-1200mm\/#primaryimage","url":"https:\/\/onewood.dk\/wp-content\/uploads\/2024\/12\/6432-scaled.jpg","contentUrl":"https:\/\/onewood.dk\/wp-content\/uploads\/2024\/12\/6432-scaled.jpg","width":2560,"height":1707},{"@type":"BreadcrumbList","@id":"https:\/\/onewood.dk\/vare\/9007-800-x-1200mm\/#breadcrumb","itemListElement":[{"@type":"ListItem","position":1,"name":"Varer","item":"https:\/\/onewood.dk\/shop\/"},{"@type":"ListItem","position":2,"name":"Borde, b\u00e6nke &amp; taburetter","item":"https:\/\/onewood.dk\/vare-kategori\/borde-baenke-taburetter\/"},{"@type":"ListItem","position":3,"name":"Borde","item":"https:\/\/onewood.dk\/vare-kategori\/borde-baenke-taburetter\/borde\/"},{"@type":"ListItem","position":4,"name":"Borde med laminat","item":"https:\/\/onewood.dk\/vare-kategori\/borde-baenke-taburetter\/borde\/borde-med-laminat\/"},{"@type":"ListItem","position":5,"name":"9007 &#8211; 800 x 1200mm."}]},{"@type":"WebSite","@id":"https:\/\/onewood.dk\/#website","url":"https:\/\/onewood.dk\/","name":"One Wood Furniture A\/S","description":"","publisher":{"@id":"https:\/\/onewood.dk\/#organization"},"potentialAction":[{"@type":"SearchAction","target":{"@type":"EntryPoint","urlTemplate":"https:\/\/onewood.dk\/?s={search_term_string}"},"query-input":{"@type":"PropertyValueSpecification","valueRequired":true,"valueName":"search_term_string"}}],"inLanguage":"en-GB"},{"@type":"Organization","@id":"https:\/\/onewood.dk\/#organization","name":"One Wood Furniture A\/S","url":"https:\/\/onewood.dk\/","logo":{"@type":"ImageObject","inLanguage":"en-GB","@id":"https:\/\/onewood.dk\/#\/schema\/logo\/image\/","url":"https:\/\/onewood.dk\/wp-content\/uploads\/2024\/12\/Logo.png","contentUrl":"https:\/\/onewood.dk\/wp-content\/uploads\/2024\/12\/Logo.png","width":180,"height":90,"caption":"One Wood Furniture A\/S"},"image":{"@id":"https:\/\/onewood.dk\/#\/schema\/logo\/image\/"}}]}},"_links":{"self":[{"href":"https:\/\/onewood.dk\/en\/wp-json\/wp\/v2\/product\/1558","targetHints":{"allow":["GET"]}}],"collection":[{"href":"https:\/\/onewood.dk\/en\/wp-json\/wp\/v2\/product"}],"about":[{"href":"https:\/\/onewood.dk\/en\/wp-json\/wp\/v2\/types\/product"}],"wp:featuredmedia":[{"embeddable":true,"href":"https:\/\/onewood.dk\/en\/wp-json\/wp\/v2\/media\/3146"}],"wp:attachment":[{"href":"https:\/\/onewood.dk\/en\/wp-json\/wp\/v2\/media?parent=1558"}],"wp:term":[{"taxonomy":"product_brand","embeddable":true,"href":"https:\/\/onewood.dk\/en\/wp-json\/wp\/v2\/product_brand?post=1558"},{"taxonomy":"product_cat","embeddable":true,"href":"https:\/\/onewood.dk\/en\/wp-json\/wp\/v2\/product_cat?post=1558"},{"taxonomy":"product_tag","embeddable":true,"href":"https:\/\/onewood.dk\/en\/wp-json\/wp\/v2\/product_tag?post=1558"}],"curies":[{"name":"wp","href":"https:\/\/api.w.org\/{rel}","templated":true}]}}