{"id":1601,"date":"2024-12-03T12:47:11","date_gmt":"2024-12-03T11:47:11","guid":{"rendered":"https:\/\/onewood.dkvare\/8313-laminat-paa-unik-reol-top-hylde-eller-bund-pr-stk\/"},"modified":"2025-02-10T14:35:01","modified_gmt":"2025-02-10T13:35:01","slug":"8313-laminat-paa-unik-reol-top-hylde-eller-bund-pr-stk","status":"publish","type":"product","link":"https:\/\/onewood.dk\/en\/product\/8313-laminate-on-unique-shelf-top-shelf-or-bottom-per-piece\/","title":{"rendered":"8313 \u2013 Laminate on Unik shelving \u2013 top, shelf or bottom, per piece."},"content":{"rendered":"<p>Laminate on the top, shelf or bottom of the Unik shelving unit can be purchased to give the shelving unit an exciting look, as well as make it resistant to wear and tear and increase its lifespan.<\/p>","protected":false},"excerpt":{"rendered":"<p>Laminate on the top, shelf or bottom of the Unik shelving unit can be purchased to give the shelving unit an exciting look, as well as make it resistant to wear and tear and increase its lifespan.<\/p>","protected":false},"featured_media":3293,"template":"","meta":[],"product_brand":[],"product_cat":[557,579],"product_tag":[],"class_list":{"0":"post-1601","1":"product","2":"type-product","3":"status-publish","4":"has-post-thumbnail","6":"product_cat-reoler","7":"product_cat-unik","9":"first","10":"instock","11":"product-type-simple"},"yoast_head":"<!-- This site is optimized with the Yoast SEO plugin v24.4 - https:\/\/yoast.com\/wordpress\/plugins\/seo\/ -->\n<title>8313 - Laminat p\u00e5 Unik reol - top, hylde eller bund, pr. stk. | One Wood Furniture A\/S<\/title>\n<meta name=\"robots\" content=\"index, follow, max-snippet:-1, max-image-preview:large, max-video-preview:-1\" \/>\n<link rel=\"canonical\" href=\"https:\/\/onewood.dk\/en\/product\/8313-laminate-on-unique-shelf-top-shelf-or-bottom-per-piece\/\" \/>\n<meta property=\"og:locale\" content=\"en_GB\" \/>\n<meta property=\"og:type\" content=\"article\" \/>\n<meta property=\"og:title\" content=\"8313 - Laminat p\u00e5 Unik reol - top, hylde eller bund, pr. stk. | One Wood Furniture A\/S\" \/>\n<meta property=\"og:description\" content=\"Laminat p\u00e5 top, hylde eller bund ved Unik reol kan tilk\u00f8bes for at give reolen et sp\u00e6ndende udtryk, samt g\u00f8re den modstandsdygtig overfor slid og \u00f8ge levetiden.\" \/>\n<meta property=\"og:url\" content=\"https:\/\/onewood.dk\/en\/product\/8313-laminate-on-unique-shelf-top-shelf-or-bottom-per-piece\/\" \/>\n<meta property=\"og:site_name\" content=\"One Wood Furniture A\/S\" \/>\n<meta property=\"article:modified_time\" content=\"2025-02-10T13:35:01+00:00\" \/>\n<meta property=\"og:image\" content=\"https:\/\/onewood.dk\/wp-content\/uploads\/2024\/12\/4117.jpg\" \/>\n\t<meta property=\"og:image:width\" content=\"1600\" \/>\n\t<meta property=\"og:image:height\" content=\"1065\" \/>\n\t<meta property=\"og:image:type\" content=\"image\/jpeg\" \/>\n<meta name=\"twitter:card\" content=\"summary_large_image\" \/>\n<meta name=\"twitter:label1\" content=\"Estimated reading time\" \/>\n\t<meta name=\"twitter:data1\" content=\"1 minute\" \/>\n<script type=\"application\/ld+json\" class=\"yoast-schema-graph\">{\"@context\":\"https:\/\/schema.org\",\"@graph\":[{\"@type\":\"WebPage\",\"@id\":\"https:\/\/onewood.dk\/vare\/8313-laminat-paa-unik-reol-top-hylde-eller-bund-pr-stk\/\",\"url\":\"https:\/\/onewood.dk\/vare\/8313-laminat-paa-unik-reol-top-hylde-eller-bund-pr-stk\/\",\"name\":\"8313 - Laminat p\u00e5 Unik reol - top, hylde eller bund, pr. stk. | One Wood Furniture A\/S\",\"isPartOf\":{\"@id\":\"https:\/\/onewood.dk\/#website\"},\"primaryImageOfPage\":{\"@id\":\"https:\/\/onewood.dk\/vare\/8313-laminat-paa-unik-reol-top-hylde-eller-bund-pr-stk\/#primaryimage\"},\"image\":{\"@id\":\"https:\/\/onewood.dk\/vare\/8313-laminat-paa-unik-reol-top-hylde-eller-bund-pr-stk\/#primaryimage\"},\"thumbnailUrl\":\"https:\/\/onewood.dk\/wp-content\/uploads\/2024\/12\/4117.jpg\",\"datePublished\":\"2024-12-03T11:47:11+00:00\",\"dateModified\":\"2025-02-10T13:35:01+00:00\",\"breadcrumb\":{\"@id\":\"https:\/\/onewood.dk\/vare\/8313-laminat-paa-unik-reol-top-hylde-eller-bund-pr-stk\/#breadcrumb\"},\"inLanguage\":\"en-GB\",\"potentialAction\":[{\"@type\":\"ReadAction\",\"target\":[\"https:\/\/onewood.dk\/vare\/8313-laminat-paa-unik-reol-top-hylde-eller-bund-pr-stk\/\"]}]},{\"@type\":\"ImageObject\",\"inLanguage\":\"en-GB\",\"@id\":\"https:\/\/onewood.dk\/vare\/8313-laminat-paa-unik-reol-top-hylde-eller-bund-pr-stk\/#primaryimage\",\"url\":\"https:\/\/onewood.dk\/wp-content\/uploads\/2024\/12\/4117.jpg\",\"contentUrl\":\"https:\/\/onewood.dk\/wp-content\/uploads\/2024\/12\/4117.jpg\",\"width\":1600,\"height\":1065},{\"@type\":\"BreadcrumbList\",\"@id\":\"https:\/\/onewood.dk\/vare\/8313-laminat-paa-unik-reol-top-hylde-eller-bund-pr-stk\/#breadcrumb\",\"itemListElement\":[{\"@type\":\"ListItem\",\"position\":1,\"name\":\"Varer\",\"item\":\"https:\/\/onewood.dk\/shop\/\"},{\"@type\":\"ListItem\",\"position\":2,\"name\":\"Reoler\",\"item\":\"https:\/\/onewood.dk\/vare-kategori\/reoler\/\"},{\"@type\":\"ListItem\",\"position\":3,\"name\":\"Unik\",\"item\":\"https:\/\/onewood.dk\/vare-kategori\/reoler\/unik\/\"},{\"@type\":\"ListItem\",\"position\":4,\"name\":\"8313 &#8211; Laminat p\u00e5 Unik reol &#8211; top, hylde eller bund, pr. stk.\"}]},{\"@type\":\"WebSite\",\"@id\":\"https:\/\/onewood.dk\/#website\",\"url\":\"https:\/\/onewood.dk\/\",\"name\":\"One Wood Furniture A\/S\",\"description\":\"\",\"publisher\":{\"@id\":\"https:\/\/onewood.dk\/#organization\"},\"potentialAction\":[{\"@type\":\"SearchAction\",\"target\":{\"@type\":\"EntryPoint\",\"urlTemplate\":\"https:\/\/onewood.dk\/?s={search_term_string}\"},\"query-input\":{\"@type\":\"PropertyValueSpecification\",\"valueRequired\":true,\"valueName\":\"search_term_string\"}}],\"inLanguage\":\"en-GB\"},{\"@type\":\"Organization\",\"@id\":\"https:\/\/onewood.dk\/#organization\",\"name\":\"One Wood Furniture A\/S\",\"url\":\"https:\/\/onewood.dk\/\",\"logo\":{\"@type\":\"ImageObject\",\"inLanguage\":\"en-GB\",\"@id\":\"https:\/\/onewood.dk\/#\/schema\/logo\/image\/\",\"url\":\"https:\/\/onewood.dk\/wp-content\/uploads\/2024\/12\/Logo.png\",\"contentUrl\":\"https:\/\/onewood.dk\/wp-content\/uploads\/2024\/12\/Logo.png\",\"width\":180,\"height\":90,\"caption\":\"One Wood Furniture A\/S\"},\"image\":{\"@id\":\"https:\/\/onewood.dk\/#\/schema\/logo\/image\/\"}}]}<\/script>\n<!-- \/ Yoast SEO plugin. -->","yoast_head_json":{"title":"8313 - Laminat p\u00e5 Unik reol - top, hylde eller bund, pr. stk. | One Wood Furniture A\/S","robots":{"index":"index","follow":"follow","max-snippet":"max-snippet:-1","max-image-preview":"max-image-preview:large","max-video-preview":"max-video-preview:-1"},"canonical":"https:\/\/onewood.dk\/en\/product\/8313-laminate-on-unique-shelf-top-shelf-or-bottom-per-piece\/","og_locale":"en_GB","og_type":"article","og_title":"8313 - Laminat p\u00e5 Unik reol - top, hylde eller bund, pr. stk. | One Wood Furniture A\/S","og_description":"Laminat p\u00e5 top, hylde eller bund ved Unik reol kan tilk\u00f8bes for at give reolen et sp\u00e6ndende udtryk, samt g\u00f8re den modstandsdygtig overfor slid og \u00f8ge levetiden.","og_url":"https:\/\/onewood.dk\/en\/product\/8313-laminate-on-unique-shelf-top-shelf-or-bottom-per-piece\/","og_site_name":"One Wood Furniture A\/S","article_modified_time":"2025-02-10T13:35:01+00:00","og_image":[{"width":1600,"height":1065,"url":"https:\/\/onewood.dk\/wp-content\/uploads\/2024\/12\/4117.jpg","type":"image\/jpeg"}],"twitter_card":"summary_large_image","twitter_misc":{"Estimated reading time":"1 minute"},"schema":{"@context":"https:\/\/schema.org","@graph":[{"@type":"WebPage","@id":"https:\/\/onewood.dk\/vare\/8313-laminat-paa-unik-reol-top-hylde-eller-bund-pr-stk\/","url":"https:\/\/onewood.dk\/vare\/8313-laminat-paa-unik-reol-top-hylde-eller-bund-pr-stk\/","name":"8313 - Laminat p\u00e5 Unik reol - top, hylde eller bund, pr. stk. | One Wood Furniture A\/S","isPartOf":{"@id":"https:\/\/onewood.dk\/#website"},"primaryImageOfPage":{"@id":"https:\/\/onewood.dk\/vare\/8313-laminat-paa-unik-reol-top-hylde-eller-bund-pr-stk\/#primaryimage"},"image":{"@id":"https:\/\/onewood.dk\/vare\/8313-laminat-paa-unik-reol-top-hylde-eller-bund-pr-stk\/#primaryimage"},"thumbnailUrl":"https:\/\/onewood.dk\/wp-content\/uploads\/2024\/12\/4117.jpg","datePublished":"2024-12-03T11:47:11+00:00","dateModified":"2025-02-10T13:35:01+00:00","breadcrumb":{"@id":"https:\/\/onewood.dk\/vare\/8313-laminat-paa-unik-reol-top-hylde-eller-bund-pr-stk\/#breadcrumb"},"inLanguage":"en-GB","potentialAction":[{"@type":"ReadAction","target":["https:\/\/onewood.dk\/vare\/8313-laminat-paa-unik-reol-top-hylde-eller-bund-pr-stk\/"]}]},{"@type":"ImageObject","inLanguage":"en-GB","@id":"https:\/\/onewood.dk\/vare\/8313-laminat-paa-unik-reol-top-hylde-eller-bund-pr-stk\/#primaryimage","url":"https:\/\/onewood.dk\/wp-content\/uploads\/2024\/12\/4117.jpg","contentUrl":"https:\/\/onewood.dk\/wp-content\/uploads\/2024\/12\/4117.jpg","width":1600,"height":1065},{"@type":"BreadcrumbList","@id":"https:\/\/onewood.dk\/vare\/8313-laminat-paa-unik-reol-top-hylde-eller-bund-pr-stk\/#breadcrumb","itemListElement":[{"@type":"ListItem","position":1,"name":"Varer","item":"https:\/\/onewood.dk\/shop\/"},{"@type":"ListItem","position":2,"name":"Reoler","item":"https:\/\/onewood.dk\/vare-kategori\/reoler\/"},{"@type":"ListItem","position":3,"name":"Unik","item":"https:\/\/onewood.dk\/vare-kategori\/reoler\/unik\/"},{"@type":"ListItem","position":4,"name":"8313 &#8211; Laminat p\u00e5 Unik reol &#8211; top, hylde eller bund, pr. stk."}]},{"@type":"WebSite","@id":"https:\/\/onewood.dk\/#website","url":"https:\/\/onewood.dk\/","name":"One Wood Furniture A\/S","description":"","publisher":{"@id":"https:\/\/onewood.dk\/#organization"},"potentialAction":[{"@type":"SearchAction","target":{"@type":"EntryPoint","urlTemplate":"https:\/\/onewood.dk\/?s={search_term_string}"},"query-input":{"@type":"PropertyValueSpecification","valueRequired":true,"valueName":"search_term_string"}}],"inLanguage":"en-GB"},{"@type":"Organization","@id":"https:\/\/onewood.dk\/#organization","name":"One Wood Furniture A\/S","url":"https:\/\/onewood.dk\/","logo":{"@type":"ImageObject","inLanguage":"en-GB","@id":"https:\/\/onewood.dk\/#\/schema\/logo\/image\/","url":"https:\/\/onewood.dk\/wp-content\/uploads\/2024\/12\/Logo.png","contentUrl":"https:\/\/onewood.dk\/wp-content\/uploads\/2024\/12\/Logo.png","width":180,"height":90,"caption":"One Wood Furniture A\/S"},"image":{"@id":"https:\/\/onewood.dk\/#\/schema\/logo\/image\/"}}]}},"_links":{"self":[{"href":"https:\/\/onewood.dk\/en\/wp-json\/wp\/v2\/product\/1601","targetHints":{"allow":["GET"]}}],"collection":[{"href":"https:\/\/onewood.dk\/en\/wp-json\/wp\/v2\/product"}],"about":[{"href":"https:\/\/onewood.dk\/en\/wp-json\/wp\/v2\/types\/product"}],"wp:featuredmedia":[{"embeddable":true,"href":"https:\/\/onewood.dk\/en\/wp-json\/wp\/v2\/media\/3293"}],"wp:attachment":[{"href":"https:\/\/onewood.dk\/en\/wp-json\/wp\/v2\/media?parent=1601"}],"wp:term":[{"taxonomy":"product_brand","embeddable":true,"href":"https:\/\/onewood.dk\/en\/wp-json\/wp\/v2\/product_brand?post=1601"},{"taxonomy":"product_cat","embeddable":true,"href":"https:\/\/onewood.dk\/en\/wp-json\/wp\/v2\/product_cat?post=1601"},{"taxonomy":"product_tag","embeddable":true,"href":"https:\/\/onewood.dk\/en\/wp-json\/wp\/v2\/product_tag?post=1601"}],"curies":[{"name":"wp","href":"https:\/\/api.w.org\/{rel}","templated":true}]}}