{"id":1633,"date":"2024-12-03T12:47:18","date_gmt":"2024-12-03T11:47:18","guid":{"rendered":"https:\/\/onewood.dkvare\/8840-hexa-box\/"},"modified":"2025-02-26T11:55:18","modified_gmt":"2025-02-26T10:55:18","slug":"8840-hexa-box","status":"publish","type":"product","link":"https:\/\/onewood.dk\/en\/product\/8840-hexa-box\/","title":{"rendered":"8840 \u2013 Hexa Box"},"content":{"rendered":"<p>Hexa Box er et opbevaringsmodul, hvori b\u00f8rn og voksne kan organisere legesagerne. Hexa box kan med sin fleksibilitet fungere i mange henseender &#8211; podieopbygning, sceneops\u00e6tninger, opbevaringsplads mm.<\/p>\n<p>Storage module in 15mm birch plywood.<\/p>\n<p><strong>8840G<\/strong>: 7912 Anthracite on body \/ 6901 Green on top<\/p>\n<p><strong>8840O<\/strong>: 7912 Anthracite on body \/ 2962 Orange on top<\/p>\n<p><strong>8840B<\/strong>: 7912 Anthracite on body \/ 4172 Turquoise on top<\/p>","protected":false},"excerpt":{"rendered":"<p>Hexa Module is a series developed for children and institutions. It is based on the different needs that arise in connection with play and interaction between children and adults.<br \/>\nThe series is made up of 3 modules, each of which fulfills its own function, and which, in combination, can achieve several exciting setups and application possibilities.<\/p>","protected":false},"featured_media":3417,"template":"","meta":[],"product_brand":[],"product_cat":[638,560],"product_tag":[],"class_list":{"0":"post-1633","1":"product","2":"type-product","3":"status-publish","4":"has-post-thumbnail","6":"product_cat-hexa-module","7":"product_cat-legemoebler","9":"first","10":"instock","11":"product-type-simple"},"yoast_head":"<!-- This site is optimized with the Yoast SEO plugin v24.4 - https:\/\/yoast.com\/wordpress\/plugins\/seo\/ -->\n<title>8840 - Hexa Box | One Wood Furniture A\/S<\/title>\n<meta name=\"robots\" content=\"index, follow, max-snippet:-1, max-image-preview:large, max-video-preview:-1\" \/>\n<link rel=\"canonical\" href=\"https:\/\/onewood.dk\/en\/product\/8840-hexa-box\/\" \/>\n<meta property=\"og:locale\" content=\"en_GB\" \/>\n<meta property=\"og:type\" content=\"article\" \/>\n<meta property=\"og:title\" content=\"8840 - Hexa Box | One Wood Furniture A\/S\" \/>\n<meta property=\"og:description\" content=\"Hexa Module er en serie udviklet til b\u00f8rn og institutioner. Den tager udgangspunkt i de forskellige behov der opst\u00e5r i forbindelse med leg og samv\u00e6r mellem b\u00f8rn og voksne. Serien er opbygget af 3 moduler, som opfylder hver sin funktion, og som i kombination kan opn\u00e5 adskillige sp\u00e6ndende ops\u00e6tninger og anvendelsesmuligheder.\" \/>\n<meta property=\"og:url\" content=\"https:\/\/onewood.dk\/en\/product\/8840-hexa-box\/\" \/>\n<meta property=\"og:site_name\" content=\"One Wood Furniture A\/S\" \/>\n<meta property=\"article:modified_time\" content=\"2025-02-26T10:55:18+00:00\" \/>\n<meta property=\"og:image\" content=\"https:\/\/onewood.dk\/wp-content\/uploads\/2024\/12\/3517-scaled.jpg\" \/>\n\t<meta property=\"og:image:width\" content=\"2560\" \/>\n\t<meta property=\"og:image:height\" content=\"1707\" \/>\n\t<meta property=\"og:image:type\" content=\"image\/jpeg\" \/>\n<meta name=\"twitter:card\" content=\"summary_large_image\" \/>\n<meta name=\"twitter:label1\" content=\"Estimated reading time\" \/>\n\t<meta name=\"twitter:data1\" content=\"1 minute\" \/>\n<script type=\"application\/ld+json\" class=\"yoast-schema-graph\">{\"@context\":\"https:\/\/schema.org\",\"@graph\":[{\"@type\":\"WebPage\",\"@id\":\"https:\/\/onewood.dk\/vare\/8840-hexa-box\/\",\"url\":\"https:\/\/onewood.dk\/vare\/8840-hexa-box\/\",\"name\":\"8840 - Hexa Box | One Wood Furniture A\/S\",\"isPartOf\":{\"@id\":\"https:\/\/onewood.dk\/#website\"},\"primaryImageOfPage\":{\"@id\":\"https:\/\/onewood.dk\/vare\/8840-hexa-box\/#primaryimage\"},\"image\":{\"@id\":\"https:\/\/onewood.dk\/vare\/8840-hexa-box\/#primaryimage\"},\"thumbnailUrl\":\"https:\/\/onewood.dk\/wp-content\/uploads\/2024\/12\/3517-scaled.jpg\",\"datePublished\":\"2024-12-03T11:47:18+00:00\",\"dateModified\":\"2025-02-26T10:55:18+00:00\",\"breadcrumb\":{\"@id\":\"https:\/\/onewood.dk\/vare\/8840-hexa-box\/#breadcrumb\"},\"inLanguage\":\"en-GB\",\"potentialAction\":[{\"@type\":\"ReadAction\",\"target\":[\"https:\/\/onewood.dk\/vare\/8840-hexa-box\/\"]}]},{\"@type\":\"ImageObject\",\"inLanguage\":\"en-GB\",\"@id\":\"https:\/\/onewood.dk\/vare\/8840-hexa-box\/#primaryimage\",\"url\":\"https:\/\/onewood.dk\/wp-content\/uploads\/2024\/12\/3517-scaled.jpg\",\"contentUrl\":\"https:\/\/onewood.dk\/wp-content\/uploads\/2024\/12\/3517-scaled.jpg\",\"width\":2560,\"height\":1707},{\"@type\":\"BreadcrumbList\",\"@id\":\"https:\/\/onewood.dk\/vare\/8840-hexa-box\/#breadcrumb\",\"itemListElement\":[{\"@type\":\"ListItem\",\"position\":1,\"name\":\"Varer\",\"item\":\"https:\/\/onewood.dk\/shop\/\"},{\"@type\":\"ListItem\",\"position\":2,\"name\":\"Legem\u00f8bler\",\"item\":\"https:\/\/onewood.dk\/vare-kategori\/legemoebler\/\"},{\"@type\":\"ListItem\",\"position\":3,\"name\":\"Hexa Module\",\"item\":\"https:\/\/onewood.dk\/vare-kategori\/legemoebler\/hexa-module\/\"},{\"@type\":\"ListItem\",\"position\":4,\"name\":\"8840 &#8211; Hexa Box\"}]},{\"@type\":\"WebSite\",\"@id\":\"https:\/\/onewood.dk\/#website\",\"url\":\"https:\/\/onewood.dk\/\",\"name\":\"One Wood Furniture A\/S\",\"description\":\"\",\"publisher\":{\"@id\":\"https:\/\/onewood.dk\/#organization\"},\"potentialAction\":[{\"@type\":\"SearchAction\",\"target\":{\"@type\":\"EntryPoint\",\"urlTemplate\":\"https:\/\/onewood.dk\/?s={search_term_string}\"},\"query-input\":{\"@type\":\"PropertyValueSpecification\",\"valueRequired\":true,\"valueName\":\"search_term_string\"}}],\"inLanguage\":\"en-GB\"},{\"@type\":\"Organization\",\"@id\":\"https:\/\/onewood.dk\/#organization\",\"name\":\"One Wood Furniture A\/S\",\"url\":\"https:\/\/onewood.dk\/\",\"logo\":{\"@type\":\"ImageObject\",\"inLanguage\":\"en-GB\",\"@id\":\"https:\/\/onewood.dk\/#\/schema\/logo\/image\/\",\"url\":\"https:\/\/onewood.dk\/wp-content\/uploads\/2024\/12\/Logo.png\",\"contentUrl\":\"https:\/\/onewood.dk\/wp-content\/uploads\/2024\/12\/Logo.png\",\"width\":180,\"height\":90,\"caption\":\"One Wood Furniture A\/S\"},\"image\":{\"@id\":\"https:\/\/onewood.dk\/#\/schema\/logo\/image\/\"}}]}<\/script>\n<!-- \/ Yoast SEO plugin. -->","yoast_head_json":{"title":"8840 - Hexa Box | One Wood Furniture A\/S","robots":{"index":"index","follow":"follow","max-snippet":"max-snippet:-1","max-image-preview":"max-image-preview:large","max-video-preview":"max-video-preview:-1"},"canonical":"https:\/\/onewood.dk\/en\/product\/8840-hexa-box\/","og_locale":"en_GB","og_type":"article","og_title":"8840 - Hexa Box | One Wood Furniture A\/S","og_description":"Hexa Module er en serie udviklet til b\u00f8rn og institutioner. Den tager udgangspunkt i de forskellige behov der opst\u00e5r i forbindelse med leg og samv\u00e6r mellem b\u00f8rn og voksne. Serien er opbygget af 3 moduler, som opfylder hver sin funktion, og som i kombination kan opn\u00e5 adskillige sp\u00e6ndende ops\u00e6tninger og anvendelsesmuligheder.","og_url":"https:\/\/onewood.dk\/en\/product\/8840-hexa-box\/","og_site_name":"One Wood Furniture A\/S","article_modified_time":"2025-02-26T10:55:18+00:00","og_image":[{"width":2560,"height":1707,"url":"https:\/\/onewood.dk\/wp-content\/uploads\/2024\/12\/3517-scaled.jpg","type":"image\/jpeg"}],"twitter_card":"summary_large_image","twitter_misc":{"Estimated reading time":"1 minute"},"schema":{"@context":"https:\/\/schema.org","@graph":[{"@type":"WebPage","@id":"https:\/\/onewood.dk\/vare\/8840-hexa-box\/","url":"https:\/\/onewood.dk\/vare\/8840-hexa-box\/","name":"8840 - Hexa Box | One Wood Furniture A\/S","isPartOf":{"@id":"https:\/\/onewood.dk\/#website"},"primaryImageOfPage":{"@id":"https:\/\/onewood.dk\/vare\/8840-hexa-box\/#primaryimage"},"image":{"@id":"https:\/\/onewood.dk\/vare\/8840-hexa-box\/#primaryimage"},"thumbnailUrl":"https:\/\/onewood.dk\/wp-content\/uploads\/2024\/12\/3517-scaled.jpg","datePublished":"2024-12-03T11:47:18+00:00","dateModified":"2025-02-26T10:55:18+00:00","breadcrumb":{"@id":"https:\/\/onewood.dk\/vare\/8840-hexa-box\/#breadcrumb"},"inLanguage":"en-GB","potentialAction":[{"@type":"ReadAction","target":["https:\/\/onewood.dk\/vare\/8840-hexa-box\/"]}]},{"@type":"ImageObject","inLanguage":"en-GB","@id":"https:\/\/onewood.dk\/vare\/8840-hexa-box\/#primaryimage","url":"https:\/\/onewood.dk\/wp-content\/uploads\/2024\/12\/3517-scaled.jpg","contentUrl":"https:\/\/onewood.dk\/wp-content\/uploads\/2024\/12\/3517-scaled.jpg","width":2560,"height":1707},{"@type":"BreadcrumbList","@id":"https:\/\/onewood.dk\/vare\/8840-hexa-box\/#breadcrumb","itemListElement":[{"@type":"ListItem","position":1,"name":"Varer","item":"https:\/\/onewood.dk\/shop\/"},{"@type":"ListItem","position":2,"name":"Legem\u00f8bler","item":"https:\/\/onewood.dk\/vare-kategori\/legemoebler\/"},{"@type":"ListItem","position":3,"name":"Hexa Module","item":"https:\/\/onewood.dk\/vare-kategori\/legemoebler\/hexa-module\/"},{"@type":"ListItem","position":4,"name":"8840 &#8211; Hexa Box"}]},{"@type":"WebSite","@id":"https:\/\/onewood.dk\/#website","url":"https:\/\/onewood.dk\/","name":"One Wood Furniture A\/S","description":"","publisher":{"@id":"https:\/\/onewood.dk\/#organization"},"potentialAction":[{"@type":"SearchAction","target":{"@type":"EntryPoint","urlTemplate":"https:\/\/onewood.dk\/?s={search_term_string}"},"query-input":{"@type":"PropertyValueSpecification","valueRequired":true,"valueName":"search_term_string"}}],"inLanguage":"en-GB"},{"@type":"Organization","@id":"https:\/\/onewood.dk\/#organization","name":"One Wood Furniture A\/S","url":"https:\/\/onewood.dk\/","logo":{"@type":"ImageObject","inLanguage":"en-GB","@id":"https:\/\/onewood.dk\/#\/schema\/logo\/image\/","url":"https:\/\/onewood.dk\/wp-content\/uploads\/2024\/12\/Logo.png","contentUrl":"https:\/\/onewood.dk\/wp-content\/uploads\/2024\/12\/Logo.png","width":180,"height":90,"caption":"One Wood Furniture A\/S"},"image":{"@id":"https:\/\/onewood.dk\/#\/schema\/logo\/image\/"}}]}},"_links":{"self":[{"href":"https:\/\/onewood.dk\/en\/wp-json\/wp\/v2\/product\/1633","targetHints":{"allow":["GET"]}}],"collection":[{"href":"https:\/\/onewood.dk\/en\/wp-json\/wp\/v2\/product"}],"about":[{"href":"https:\/\/onewood.dk\/en\/wp-json\/wp\/v2\/types\/product"}],"wp:featuredmedia":[{"embeddable":true,"href":"https:\/\/onewood.dk\/en\/wp-json\/wp\/v2\/media\/3417"}],"wp:attachment":[{"href":"https:\/\/onewood.dk\/en\/wp-json\/wp\/v2\/media?parent=1633"}],"wp:term":[{"taxonomy":"product_brand","embeddable":true,"href":"https:\/\/onewood.dk\/en\/wp-json\/wp\/v2\/product_brand?post=1633"},{"taxonomy":"product_cat","embeddable":true,"href":"https:\/\/onewood.dk\/en\/wp-json\/wp\/v2\/product_cat?post=1633"},{"taxonomy":"product_tag","embeddable":true,"href":"https:\/\/onewood.dk\/en\/wp-json\/wp\/v2\/product_tag?post=1633"}],"curies":[{"name":"wp","href":"https:\/\/api.w.org\/{rel}","templated":true}]}}