{"id":1663,"date":"2024-12-03T12:47:21","date_gmt":"2024-12-03T11:47:21","guid":{"rendered":"https:\/\/onewood.dkvare\/74001-gavlbord-1000mm\/"},"modified":"2025-02-25T11:27:12","modified_gmt":"2025-02-25T10:27:12","slug":"74001-gavlbord-1000mm","status":"publish","type":"product","link":"https:\/\/onewood.dk\/en\/product\/74001-end-table-1000mm\/","title":{"rendered":"74001 \u2013 End table &lt; - 1000mm"},"content":{"rendered":"<p>End table in 30mm birch plywood with durable laminate on top and sides.<\/p>\n<p>The borders can be made in desired heights, widths and lengths.<\/p>\n<p>All end tables can also be supplied with sound-absorbing linoleum.<\/p>","protected":false},"excerpt":{"rendered":"<p>End table in 30mm birch plywood with durable laminate on top and sides. The tables can be made in desired heights, widths and lengths. All end tables can also be supplied with sound-absorbing linoleum<\/p>","protected":false},"featured_media":3548,"template":"","meta":[],"product_brand":[],"product_cat":[558,645],"product_tag":[],"class_list":{"0":"post-1663","1":"product","2":"type-product","3":"status-publish","4":"has-post-thumbnail","6":"product_cat-borde-baenke-taburetter","7":"product_cat-gavlbord","9":"first","10":"instock","11":"product-type-simple"},"yoast_head":"<!-- This site is optimized with the Yoast SEO plugin v24.4 - https:\/\/yoast.com\/wordpress\/plugins\/seo\/ -->\n<title>74001 - Gavlbord &lt; - 1000mm | One Wood Furniture A\/S<\/title>\n<meta name=\"robots\" content=\"index, follow, max-snippet:-1, max-image-preview:large, max-video-preview:-1\" \/>\n<link rel=\"canonical\" href=\"https:\/\/onewood.dk\/en\/product\/74001-end-table-1000mm\/\" \/>\n<meta property=\"og:locale\" content=\"en_GB\" \/>\n<meta property=\"og:type\" content=\"article\" \/>\n<meta property=\"og:title\" content=\"74001 - Gavlbord &lt; - 1000mm | One Wood Furniture A\/S\" \/>\n<meta property=\"og:description\" content=\"Gavl bord i 30mm birkekrydsfiner med slidst\u00e6rkt laminat p\u00e5 top og sider. Borderne kan laves i \u00f8nskede h\u00f8jder, bredder og l\u00e6ngder. Alle gavlborde kan ogs\u00e5 leveres med lydd\u00e6mpende linoleum\" \/>\n<meta property=\"og:url\" content=\"https:\/\/onewood.dk\/en\/product\/74001-end-table-1000mm\/\" \/>\n<meta property=\"og:site_name\" content=\"One Wood Furniture A\/S\" \/>\n<meta property=\"article:modified_time\" content=\"2025-02-25T10:27:12+00:00\" \/>\n<meta property=\"og:image\" content=\"https:\/\/onewood.dk\/wp-content\/uploads\/2024\/12\/6643-scaled.jpg\" \/>\n\t<meta property=\"og:image:width\" content=\"2560\" \/>\n\t<meta property=\"og:image:height\" content=\"1707\" \/>\n\t<meta property=\"og:image:type\" content=\"image\/jpeg\" \/>\n<meta name=\"twitter:card\" content=\"summary_large_image\" \/>\n<meta name=\"twitter:label1\" content=\"Estimated reading time\" \/>\n\t<meta name=\"twitter:data1\" content=\"1 minute\" \/>\n<script type=\"application\/ld+json\" class=\"yoast-schema-graph\">{\"@context\":\"https:\/\/schema.org\",\"@graph\":[{\"@type\":\"WebPage\",\"@id\":\"https:\/\/onewood.dk\/vare\/74001-gavlbord-1000mm\/\",\"url\":\"https:\/\/onewood.dk\/vare\/74001-gavlbord-1000mm\/\",\"name\":\"74001 - Gavlbord < - 1000mm | One Wood Furniture A\/S\",\"isPartOf\":{\"@id\":\"https:\/\/onewood.dk\/#website\"},\"primaryImageOfPage\":{\"@id\":\"https:\/\/onewood.dk\/vare\/74001-gavlbord-1000mm\/#primaryimage\"},\"image\":{\"@id\":\"https:\/\/onewood.dk\/vare\/74001-gavlbord-1000mm\/#primaryimage\"},\"thumbnailUrl\":\"https:\/\/onewood.dk\/wp-content\/uploads\/2024\/12\/6643-scaled.jpg\",\"datePublished\":\"2024-12-03T11:47:21+00:00\",\"dateModified\":\"2025-02-25T10:27:12+00:00\",\"breadcrumb\":{\"@id\":\"https:\/\/onewood.dk\/vare\/74001-gavlbord-1000mm\/#breadcrumb\"},\"inLanguage\":\"en-GB\",\"potentialAction\":[{\"@type\":\"ReadAction\",\"target\":[\"https:\/\/onewood.dk\/vare\/74001-gavlbord-1000mm\/\"]}]},{\"@type\":\"ImageObject\",\"inLanguage\":\"en-GB\",\"@id\":\"https:\/\/onewood.dk\/vare\/74001-gavlbord-1000mm\/#primaryimage\",\"url\":\"https:\/\/onewood.dk\/wp-content\/uploads\/2024\/12\/6643-scaled.jpg\",\"contentUrl\":\"https:\/\/onewood.dk\/wp-content\/uploads\/2024\/12\/6643-scaled.jpg\",\"width\":2560,\"height\":1707},{\"@type\":\"BreadcrumbList\",\"@id\":\"https:\/\/onewood.dk\/vare\/74001-gavlbord-1000mm\/#breadcrumb\",\"itemListElement\":[{\"@type\":\"ListItem\",\"position\":1,\"name\":\"Varer\",\"item\":\"https:\/\/onewood.dk\/shop\/\"},{\"@type\":\"ListItem\",\"position\":2,\"name\":\"Borde, b\u00e6nke &amp; taburetter\",\"item\":\"https:\/\/onewood.dk\/vare-kategori\/borde-baenke-taburetter\/\"},{\"@type\":\"ListItem\",\"position\":3,\"name\":\"Gavlbord\",\"item\":\"https:\/\/onewood.dk\/vare-kategori\/borde-baenke-taburetter\/gavlbord\/\"},{\"@type\":\"ListItem\",\"position\":4,\"name\":\"74001 &#8211; Gavlbord < - 1000mm\"}]},{\"@type\":\"WebSite\",\"@id\":\"https:\/\/onewood.dk\/#website\",\"url\":\"https:\/\/onewood.dk\/\",\"name\":\"One Wood Furniture A\/S\",\"description\":\"\",\"publisher\":{\"@id\":\"https:\/\/onewood.dk\/#organization\"},\"potentialAction\":[{\"@type\":\"SearchAction\",\"target\":{\"@type\":\"EntryPoint\",\"urlTemplate\":\"https:\/\/onewood.dk\/?s={search_term_string}\"},\"query-input\":{\"@type\":\"PropertyValueSpecification\",\"valueRequired\":true,\"valueName\":\"search_term_string\"}}],\"inLanguage\":\"en-GB\"},{\"@type\":\"Organization\",\"@id\":\"https:\/\/onewood.dk\/#organization\",\"name\":\"One Wood Furniture A\/S\",\"url\":\"https:\/\/onewood.dk\/\",\"logo\":{\"@type\":\"ImageObject\",\"inLanguage\":\"en-GB\",\"@id\":\"https:\/\/onewood.dk\/#\/schema\/logo\/image\/\",\"url\":\"https:\/\/onewood.dk\/wp-content\/uploads\/2024\/12\/Logo.png\",\"contentUrl\":\"https:\/\/onewood.dk\/wp-content\/uploads\/2024\/12\/Logo.png\",\"width\":180,\"height\":90,\"caption\":\"One Wood Furniture A\/S\"},\"image\":{\"@id\":\"https:\/\/onewood.dk\/#\/schema\/logo\/image\/\"}}]}<\/script>\n<!-- \/ Yoast SEO plugin. -->","yoast_head_json":{"title":"74001 - Gavlbord < - 1000mm | One Wood Furniture A\/S","robots":{"index":"index","follow":"follow","max-snippet":"max-snippet:-1","max-image-preview":"max-image-preview:large","max-video-preview":"max-video-preview:-1"},"canonical":"https:\/\/onewood.dk\/en\/product\/74001-end-table-1000mm\/","og_locale":"en_GB","og_type":"article","og_title":"74001 - Gavlbord < - 1000mm | One Wood Furniture A\/S","og_description":"Gavl bord i 30mm birkekrydsfiner med slidst\u00e6rkt laminat p\u00e5 top og sider. Borderne kan laves i \u00f8nskede h\u00f8jder, bredder og l\u00e6ngder. Alle gavlborde kan ogs\u00e5 leveres med lydd\u00e6mpende linoleum","og_url":"https:\/\/onewood.dk\/en\/product\/74001-end-table-1000mm\/","og_site_name":"One Wood Furniture A\/S","article_modified_time":"2025-02-25T10:27:12+00:00","og_image":[{"width":2560,"height":1707,"url":"https:\/\/onewood.dk\/wp-content\/uploads\/2024\/12\/6643-scaled.jpg","type":"image\/jpeg"}],"twitter_card":"summary_large_image","twitter_misc":{"Estimated reading time":"1 minute"},"schema":{"@context":"https:\/\/schema.org","@graph":[{"@type":"WebPage","@id":"https:\/\/onewood.dk\/vare\/74001-gavlbord-1000mm\/","url":"https:\/\/onewood.dk\/vare\/74001-gavlbord-1000mm\/","name":"74001 - Gavlbord < - 1000mm | One Wood Furniture A\/S","isPartOf":{"@id":"https:\/\/onewood.dk\/#website"},"primaryImageOfPage":{"@id":"https:\/\/onewood.dk\/vare\/74001-gavlbord-1000mm\/#primaryimage"},"image":{"@id":"https:\/\/onewood.dk\/vare\/74001-gavlbord-1000mm\/#primaryimage"},"thumbnailUrl":"https:\/\/onewood.dk\/wp-content\/uploads\/2024\/12\/6643-scaled.jpg","datePublished":"2024-12-03T11:47:21+00:00","dateModified":"2025-02-25T10:27:12+00:00","breadcrumb":{"@id":"https:\/\/onewood.dk\/vare\/74001-gavlbord-1000mm\/#breadcrumb"},"inLanguage":"en-GB","potentialAction":[{"@type":"ReadAction","target":["https:\/\/onewood.dk\/vare\/74001-gavlbord-1000mm\/"]}]},{"@type":"ImageObject","inLanguage":"en-GB","@id":"https:\/\/onewood.dk\/vare\/74001-gavlbord-1000mm\/#primaryimage","url":"https:\/\/onewood.dk\/wp-content\/uploads\/2024\/12\/6643-scaled.jpg","contentUrl":"https:\/\/onewood.dk\/wp-content\/uploads\/2024\/12\/6643-scaled.jpg","width":2560,"height":1707},{"@type":"BreadcrumbList","@id":"https:\/\/onewood.dk\/vare\/74001-gavlbord-1000mm\/#breadcrumb","itemListElement":[{"@type":"ListItem","position":1,"name":"Varer","item":"https:\/\/onewood.dk\/shop\/"},{"@type":"ListItem","position":2,"name":"Borde, b\u00e6nke &amp; taburetter","item":"https:\/\/onewood.dk\/vare-kategori\/borde-baenke-taburetter\/"},{"@type":"ListItem","position":3,"name":"Gavlbord","item":"https:\/\/onewood.dk\/vare-kategori\/borde-baenke-taburetter\/gavlbord\/"},{"@type":"ListItem","position":4,"name":"74001 &#8211; Gavlbord < - 1000mm"}]},{"@type":"WebSite","@id":"https:\/\/onewood.dk\/#website","url":"https:\/\/onewood.dk\/","name":"One Wood Furniture A\/S","description":"","publisher":{"@id":"https:\/\/onewood.dk\/#organization"},"potentialAction":[{"@type":"SearchAction","target":{"@type":"EntryPoint","urlTemplate":"https:\/\/onewood.dk\/?s={search_term_string}"},"query-input":{"@type":"PropertyValueSpecification","valueRequired":true,"valueName":"search_term_string"}}],"inLanguage":"en-GB"},{"@type":"Organization","@id":"https:\/\/onewood.dk\/#organization","name":"One Wood Furniture A\/S","url":"https:\/\/onewood.dk\/","logo":{"@type":"ImageObject","inLanguage":"en-GB","@id":"https:\/\/onewood.dk\/#\/schema\/logo\/image\/","url":"https:\/\/onewood.dk\/wp-content\/uploads\/2024\/12\/Logo.png","contentUrl":"https:\/\/onewood.dk\/wp-content\/uploads\/2024\/12\/Logo.png","width":180,"height":90,"caption":"One Wood Furniture A\/S"},"image":{"@id":"https:\/\/onewood.dk\/#\/schema\/logo\/image\/"}}]}},"_links":{"self":[{"href":"https:\/\/onewood.dk\/en\/wp-json\/wp\/v2\/product\/1663","targetHints":{"allow":["GET"]}}],"collection":[{"href":"https:\/\/onewood.dk\/en\/wp-json\/wp\/v2\/product"}],"about":[{"href":"https:\/\/onewood.dk\/en\/wp-json\/wp\/v2\/types\/product"}],"wp:featuredmedia":[{"embeddable":true,"href":"https:\/\/onewood.dk\/en\/wp-json\/wp\/v2\/media\/3548"}],"wp:attachment":[{"href":"https:\/\/onewood.dk\/en\/wp-json\/wp\/v2\/media?parent=1663"}],"wp:term":[{"taxonomy":"product_brand","embeddable":true,"href":"https:\/\/onewood.dk\/en\/wp-json\/wp\/v2\/product_brand?post=1663"},{"taxonomy":"product_cat","embeddable":true,"href":"https:\/\/onewood.dk\/en\/wp-json\/wp\/v2\/product_cat?post=1663"},{"taxonomy":"product_tag","embeddable":true,"href":"https:\/\/onewood.dk\/en\/wp-json\/wp\/v2\/product_tag?post=1663"}],"curies":[{"name":"wp","href":"https:\/\/api.w.org\/{rel}","templated":true}]}}