{"id":1718,"date":"2024-12-03T12:47:32","date_gmt":"2024-12-03T11:47:32","guid":{"rendered":"https:\/\/onewood.dkvare\/1416-stor-skuffe\/"},"modified":"2025-03-07T10:18:05","modified_gmt":"2025-03-07T09:18:05","slug":"1416-stor-skuffe","status":"publish","type":"product","link":"https:\/\/onewood.dk\/en\/product\/1416-large-drawer\/","title":{"rendered":"1416 \u2013 Large drawer"},"content":{"rendered":"<p>Large drawer with knob handle in 19mm chipboard<\/p>\n<p>If you want a drawer with laminate on the front, order item no. 1416L, which can be chosen from One Woods 18 standard colors.<\/p>\n<p>It is important to state in which room number you want the drawer installed.<\/p>","protected":false},"excerpt":{"rendered":"<p>Large drawer with knob handle in 19mm chipboard If you want a drawer with laminate on the front, order item no. 1416L, which can be chosen from One Woods 18 standard colors. It is important to state in which room no. you want the drawer installed.<\/p>","protected":false},"featured_media":3732,"template":"","meta":[],"product_brand":[],"product_cat":[655,704],"product_tag":[],"class_list":{"0":"post-1718","1":"product","2":"type-product","3":"status-publish","4":"has-post-thumbnail","6":"product_cat-freja-indretning-spaanplade","7":"product_cat-spaan-melamin","9":"first","10":"instock","11":"product-type-simple"},"yoast_head":"<!-- This site is optimized with the Yoast SEO plugin v24.4 - https:\/\/yoast.com\/wordpress\/plugins\/seo\/ -->\n<title>1416 - Stor skuffe | One Wood Furniture A\/S<\/title>\n<meta name=\"robots\" content=\"index, follow, max-snippet:-1, max-image-preview:large, max-video-preview:-1\" \/>\n<link rel=\"canonical\" href=\"https:\/\/onewood.dk\/en\/product\/1416-large-drawer\/\" \/>\n<meta property=\"og:locale\" content=\"en_GB\" \/>\n<meta property=\"og:type\" content=\"article\" \/>\n<meta property=\"og:title\" content=\"1416 - Stor skuffe | One Wood Furniture A\/S\" \/>\n<meta property=\"og:description\" content=\"Stor skuffe med knopgreb i 19mm sp\u00e5nplade \u00d8nskes skuffe med laminat p\u00e5 front bestilles varenr. 1416L, der kan v\u00e6lges mellem One Woods 18 standard farver Vigtigt at oplyse i hvilket rum nr. man \u00f8nsker skuffen monteret\" \/>\n<meta property=\"og:url\" content=\"https:\/\/onewood.dk\/en\/product\/1416-large-drawer\/\" \/>\n<meta property=\"og:site_name\" content=\"One Wood Furniture A\/S\" \/>\n<meta property=\"article:modified_time\" content=\"2025-03-07T09:18:05+00:00\" \/>\n<meta property=\"og:image\" content=\"https:\/\/onewood.dk\/wp-content\/uploads\/2024\/12\/5040-scaled.jpg\" \/>\n\t<meta property=\"og:image:width\" content=\"2560\" \/>\n\t<meta property=\"og:image:height\" content=\"1707\" \/>\n\t<meta property=\"og:image:type\" content=\"image\/jpeg\" \/>\n<meta name=\"twitter:card\" content=\"summary_large_image\" \/>\n<meta name=\"twitter:label1\" content=\"Estimated reading time\" \/>\n\t<meta name=\"twitter:data1\" content=\"1 minute\" \/>\n<script type=\"application\/ld+json\" class=\"yoast-schema-graph\">{\"@context\":\"https:\/\/schema.org\",\"@graph\":[{\"@type\":\"WebPage\",\"@id\":\"https:\/\/onewood.dk\/vare\/1416-stor-skuffe\/\",\"url\":\"https:\/\/onewood.dk\/vare\/1416-stor-skuffe\/\",\"name\":\"1416 - Stor skuffe | One Wood Furniture A\/S\",\"isPartOf\":{\"@id\":\"https:\/\/onewood.dk\/#website\"},\"primaryImageOfPage\":{\"@id\":\"https:\/\/onewood.dk\/vare\/1416-stor-skuffe\/#primaryimage\"},\"image\":{\"@id\":\"https:\/\/onewood.dk\/vare\/1416-stor-skuffe\/#primaryimage\"},\"thumbnailUrl\":\"https:\/\/onewood.dk\/wp-content\/uploads\/2024\/12\/5040-scaled.jpg\",\"datePublished\":\"2024-12-03T11:47:32+00:00\",\"dateModified\":\"2025-03-07T09:18:05+00:00\",\"breadcrumb\":{\"@id\":\"https:\/\/onewood.dk\/vare\/1416-stor-skuffe\/#breadcrumb\"},\"inLanguage\":\"en-GB\",\"potentialAction\":[{\"@type\":\"ReadAction\",\"target\":[\"https:\/\/onewood.dk\/vare\/1416-stor-skuffe\/\"]}]},{\"@type\":\"ImageObject\",\"inLanguage\":\"en-GB\",\"@id\":\"https:\/\/onewood.dk\/vare\/1416-stor-skuffe\/#primaryimage\",\"url\":\"https:\/\/onewood.dk\/wp-content\/uploads\/2024\/12\/5040-scaled.jpg\",\"contentUrl\":\"https:\/\/onewood.dk\/wp-content\/uploads\/2024\/12\/5040-scaled.jpg\",\"width\":2560,\"height\":1707},{\"@type\":\"BreadcrumbList\",\"@id\":\"https:\/\/onewood.dk\/vare\/1416-stor-skuffe\/#breadcrumb\",\"itemListElement\":[{\"@type\":\"ListItem\",\"position\":1,\"name\":\"Varer\",\"item\":\"https:\/\/onewood.dk\/shop\/\"},{\"@type\":\"ListItem\",\"position\":2,\"name\":\"Sp\u00e5n melamin\",\"item\":\"https:\/\/onewood.dk\/vare-kategori\/spaan-melamin\/\"},{\"@type\":\"ListItem\",\"position\":3,\"name\":\"1416 &#8211; Stor skuffe\"}]},{\"@type\":\"WebSite\",\"@id\":\"https:\/\/onewood.dk\/#website\",\"url\":\"https:\/\/onewood.dk\/\",\"name\":\"One Wood Furniture A\/S\",\"description\":\"\",\"publisher\":{\"@id\":\"https:\/\/onewood.dk\/#organization\"},\"potentialAction\":[{\"@type\":\"SearchAction\",\"target\":{\"@type\":\"EntryPoint\",\"urlTemplate\":\"https:\/\/onewood.dk\/?s={search_term_string}\"},\"query-input\":{\"@type\":\"PropertyValueSpecification\",\"valueRequired\":true,\"valueName\":\"search_term_string\"}}],\"inLanguage\":\"en-GB\"},{\"@type\":\"Organization\",\"@id\":\"https:\/\/onewood.dk\/#organization\",\"name\":\"One Wood Furniture A\/S\",\"url\":\"https:\/\/onewood.dk\/\",\"logo\":{\"@type\":\"ImageObject\",\"inLanguage\":\"en-GB\",\"@id\":\"https:\/\/onewood.dk\/#\/schema\/logo\/image\/\",\"url\":\"https:\/\/onewood.dk\/wp-content\/uploads\/2024\/12\/Logo.png\",\"contentUrl\":\"https:\/\/onewood.dk\/wp-content\/uploads\/2024\/12\/Logo.png\",\"width\":180,\"height\":90,\"caption\":\"One Wood Furniture A\/S\"},\"image\":{\"@id\":\"https:\/\/onewood.dk\/#\/schema\/logo\/image\/\"}}]}<\/script>\n<!-- \/ Yoast SEO plugin. -->","yoast_head_json":{"title":"1416 - Stor skuffe | One Wood Furniture A\/S","robots":{"index":"index","follow":"follow","max-snippet":"max-snippet:-1","max-image-preview":"max-image-preview:large","max-video-preview":"max-video-preview:-1"},"canonical":"https:\/\/onewood.dk\/en\/product\/1416-large-drawer\/","og_locale":"en_GB","og_type":"article","og_title":"1416 - Stor skuffe | One Wood Furniture A\/S","og_description":"Stor skuffe med knopgreb i 19mm sp\u00e5nplade \u00d8nskes skuffe med laminat p\u00e5 front bestilles varenr. 1416L, der kan v\u00e6lges mellem One Woods 18 standard farver Vigtigt at oplyse i hvilket rum nr. man \u00f8nsker skuffen monteret","og_url":"https:\/\/onewood.dk\/en\/product\/1416-large-drawer\/","og_site_name":"One Wood Furniture A\/S","article_modified_time":"2025-03-07T09:18:05+00:00","og_image":[{"width":2560,"height":1707,"url":"https:\/\/onewood.dk\/wp-content\/uploads\/2024\/12\/5040-scaled.jpg","type":"image\/jpeg"}],"twitter_card":"summary_large_image","twitter_misc":{"Estimated reading time":"1 minute"},"schema":{"@context":"https:\/\/schema.org","@graph":[{"@type":"WebPage","@id":"https:\/\/onewood.dk\/vare\/1416-stor-skuffe\/","url":"https:\/\/onewood.dk\/vare\/1416-stor-skuffe\/","name":"1416 - Stor skuffe | One Wood Furniture A\/S","isPartOf":{"@id":"https:\/\/onewood.dk\/#website"},"primaryImageOfPage":{"@id":"https:\/\/onewood.dk\/vare\/1416-stor-skuffe\/#primaryimage"},"image":{"@id":"https:\/\/onewood.dk\/vare\/1416-stor-skuffe\/#primaryimage"},"thumbnailUrl":"https:\/\/onewood.dk\/wp-content\/uploads\/2024\/12\/5040-scaled.jpg","datePublished":"2024-12-03T11:47:32+00:00","dateModified":"2025-03-07T09:18:05+00:00","breadcrumb":{"@id":"https:\/\/onewood.dk\/vare\/1416-stor-skuffe\/#breadcrumb"},"inLanguage":"en-GB","potentialAction":[{"@type":"ReadAction","target":["https:\/\/onewood.dk\/vare\/1416-stor-skuffe\/"]}]},{"@type":"ImageObject","inLanguage":"en-GB","@id":"https:\/\/onewood.dk\/vare\/1416-stor-skuffe\/#primaryimage","url":"https:\/\/onewood.dk\/wp-content\/uploads\/2024\/12\/5040-scaled.jpg","contentUrl":"https:\/\/onewood.dk\/wp-content\/uploads\/2024\/12\/5040-scaled.jpg","width":2560,"height":1707},{"@type":"BreadcrumbList","@id":"https:\/\/onewood.dk\/vare\/1416-stor-skuffe\/#breadcrumb","itemListElement":[{"@type":"ListItem","position":1,"name":"Varer","item":"https:\/\/onewood.dk\/shop\/"},{"@type":"ListItem","position":2,"name":"Sp\u00e5n melamin","item":"https:\/\/onewood.dk\/vare-kategori\/spaan-melamin\/"},{"@type":"ListItem","position":3,"name":"1416 &#8211; Stor skuffe"}]},{"@type":"WebSite","@id":"https:\/\/onewood.dk\/#website","url":"https:\/\/onewood.dk\/","name":"One Wood Furniture A\/S","description":"","publisher":{"@id":"https:\/\/onewood.dk\/#organization"},"potentialAction":[{"@type":"SearchAction","target":{"@type":"EntryPoint","urlTemplate":"https:\/\/onewood.dk\/?s={search_term_string}"},"query-input":{"@type":"PropertyValueSpecification","valueRequired":true,"valueName":"search_term_string"}}],"inLanguage":"en-GB"},{"@type":"Organization","@id":"https:\/\/onewood.dk\/#organization","name":"One Wood Furniture A\/S","url":"https:\/\/onewood.dk\/","logo":{"@type":"ImageObject","inLanguage":"en-GB","@id":"https:\/\/onewood.dk\/#\/schema\/logo\/image\/","url":"https:\/\/onewood.dk\/wp-content\/uploads\/2024\/12\/Logo.png","contentUrl":"https:\/\/onewood.dk\/wp-content\/uploads\/2024\/12\/Logo.png","width":180,"height":90,"caption":"One Wood Furniture A\/S"},"image":{"@id":"https:\/\/onewood.dk\/#\/schema\/logo\/image\/"}}]}},"_links":{"self":[{"href":"https:\/\/onewood.dk\/en\/wp-json\/wp\/v2\/product\/1718","targetHints":{"allow":["GET"]}}],"collection":[{"href":"https:\/\/onewood.dk\/en\/wp-json\/wp\/v2\/product"}],"about":[{"href":"https:\/\/onewood.dk\/en\/wp-json\/wp\/v2\/types\/product"}],"wp:featuredmedia":[{"embeddable":true,"href":"https:\/\/onewood.dk\/en\/wp-json\/wp\/v2\/media\/3732"}],"wp:attachment":[{"href":"https:\/\/onewood.dk\/en\/wp-json\/wp\/v2\/media?parent=1718"}],"wp:term":[{"taxonomy":"product_brand","embeddable":true,"href":"https:\/\/onewood.dk\/en\/wp-json\/wp\/v2\/product_brand?post=1718"},{"taxonomy":"product_cat","embeddable":true,"href":"https:\/\/onewood.dk\/en\/wp-json\/wp\/v2\/product_cat?post=1718"},{"taxonomy":"product_tag","embeddable":true,"href":"https:\/\/onewood.dk\/en\/wp-json\/wp\/v2\/product_tag?post=1718"}],"curies":[{"name":"wp","href":"https:\/\/api.w.org\/{rel}","templated":true}]}}