{"id":1729,"date":"2024-12-03T12:47:35","date_gmt":"2024-12-03T11:47:35","guid":{"rendered":"https:\/\/onewood.dkvare\/8580-2-mulitibord-arbejdsbord-lav\/"},"modified":"2025-02-26T11:30:15","modified_gmt":"2025-02-26T10:30:15","slug":"8580-2-mulitibord-arbejdsbord-lav","status":"publish","type":"product","link":"https:\/\/onewood.dk\/en\/product\/8580-2-multi-table-workbench-low\/","title":{"rendered":"8580-2 Multi-table\/Worktable \u2013 low"},"content":{"rendered":"<p>Mobile workbench with the option of 8 storage boxes. The table can be folded out into a huge workbench, so many people can play and work around it at the same time.<\/p>\n<p>The workbench is made of 18mm white-pigmented birch plywood with light gray laminate on the top.<\/p>\n<p>Storage boxes and noise-absorbing linoleum are optional accessories and can be purchased separately \u2013 item no. 8581 and 8581D.<\/p>\n<p><strong>WATCH THE VIDEO HERE:<\/strong><\/p>\n<p><a title=\"Multi-table\" href=\"https:\/\/youtu.be\/MVMTgCjyu_Y\" target=\"_blank\" rel=\"noopener\">Link to video<\/a><\/p>","protected":false},"excerpt":{"rendered":"<p>Mobilt arbejdsbord med mulighed for 8 opbevaringskasser. Bordet har mulighed for at sl\u00e5s ud til et k\u00e6mpe arbejdsbord, s\u00e5 mange kan lege og arbejde omkring det samtidig. Arbejdsbordet er udarbejdet i 18mm. hvidpigmenteret birkekrydsfiner med lys gr\u00e5 laminat p\u00e5 toppladen. Opbevaringskasser og st\u00f8jd\u00e6mpende linoleum er ekstratilbeh\u00f8r og k\u00f8bes separat \u2013 p\u00e5 varenr. 8581 og 8581D. [&hellip;]<\/p>","protected":false},"featured_media":3767,"template":"","meta":[],"product_brand":[],"product_cat":[558,632],"product_tag":[],"class_list":{"0":"post-1729","1":"product","2":"type-product","3":"status-publish","4":"has-post-thumbnail","6":"product_cat-borde-baenke-taburetter","7":"product_cat-multibord","9":"first","10":"instock","11":"product-type-simple"},"yoast_head":"<!-- This site is optimized with the Yoast SEO plugin v24.4 - https:\/\/yoast.com\/wordpress\/plugins\/seo\/ -->\n<title>8580-2 Mulitibord\/Arbejdsbord - lav | One Wood Furniture A\/S<\/title>\n<meta name=\"robots\" content=\"index, follow, max-snippet:-1, max-image-preview:large, max-video-preview:-1\" \/>\n<link rel=\"canonical\" href=\"https:\/\/onewood.dk\/en\/product\/8580-2-multi-table-workbench-low\/\" \/>\n<meta property=\"og:locale\" content=\"en_GB\" \/>\n<meta property=\"og:type\" content=\"article\" \/>\n<meta property=\"og:title\" content=\"8580-2 Mulitibord\/Arbejdsbord - lav | One Wood Furniture A\/S\" \/>\n<meta property=\"og:description\" content=\"Mobilt arbejdsbord med mulighed for 8 opbevaringskasser. Bordet har mulighed for at sl\u00e5s ud til et k\u00e6mpe arbejdsbord, s\u00e5 mange kan lege og arbejde omkring det samtidig. Arbejdsbordet er udarbejdet i 18mm. hvidpigmenteret birkekrydsfiner med lys gr\u00e5 laminat p\u00e5 toppladen. Opbevaringskasser og st\u00f8jd\u00e6mpende linoleum er ekstratilbeh\u00f8r og k\u00f8bes separat \u2013 p\u00e5 varenr. 8581 og 8581D. [&hellip;]\" \/>\n<meta property=\"og:url\" content=\"https:\/\/onewood.dk\/en\/product\/8580-2-multi-table-workbench-low\/\" \/>\n<meta property=\"og:site_name\" content=\"One Wood Furniture A\/S\" \/>\n<meta property=\"article:modified_time\" content=\"2025-02-26T10:30:15+00:00\" \/>\n<meta property=\"og:image\" content=\"https:\/\/onewood.dk\/wp-content\/uploads\/2024\/12\/4777-scaled.jpg\" \/>\n\t<meta property=\"og:image:width\" content=\"2560\" \/>\n\t<meta property=\"og:image:height\" content=\"1707\" \/>\n\t<meta property=\"og:image:type\" content=\"image\/jpeg\" \/>\n<meta name=\"twitter:card\" content=\"summary_large_image\" \/>\n<meta name=\"twitter:label1\" content=\"Estimated reading time\" \/>\n\t<meta name=\"twitter:data1\" content=\"1 minute\" \/>\n<script type=\"application\/ld+json\" class=\"yoast-schema-graph\">{\"@context\":\"https:\/\/schema.org\",\"@graph\":[{\"@type\":\"WebPage\",\"@id\":\"https:\/\/onewood.dk\/vare\/8580-2-mulitibord-arbejdsbord-lav\/\",\"url\":\"https:\/\/onewood.dk\/vare\/8580-2-mulitibord-arbejdsbord-lav\/\",\"name\":\"8580-2 Mulitibord\/Arbejdsbord - lav | One Wood Furniture A\/S\",\"isPartOf\":{\"@id\":\"https:\/\/onewood.dk\/#website\"},\"primaryImageOfPage\":{\"@id\":\"https:\/\/onewood.dk\/vare\/8580-2-mulitibord-arbejdsbord-lav\/#primaryimage\"},\"image\":{\"@id\":\"https:\/\/onewood.dk\/vare\/8580-2-mulitibord-arbejdsbord-lav\/#primaryimage\"},\"thumbnailUrl\":\"https:\/\/onewood.dk\/wp-content\/uploads\/2024\/12\/4777-scaled.jpg\",\"datePublished\":\"2024-12-03T11:47:35+00:00\",\"dateModified\":\"2025-02-26T10:30:15+00:00\",\"breadcrumb\":{\"@id\":\"https:\/\/onewood.dk\/vare\/8580-2-mulitibord-arbejdsbord-lav\/#breadcrumb\"},\"inLanguage\":\"en-GB\",\"potentialAction\":[{\"@type\":\"ReadAction\",\"target\":[\"https:\/\/onewood.dk\/vare\/8580-2-mulitibord-arbejdsbord-lav\/\"]}]},{\"@type\":\"ImageObject\",\"inLanguage\":\"en-GB\",\"@id\":\"https:\/\/onewood.dk\/vare\/8580-2-mulitibord-arbejdsbord-lav\/#primaryimage\",\"url\":\"https:\/\/onewood.dk\/wp-content\/uploads\/2024\/12\/4777-scaled.jpg\",\"contentUrl\":\"https:\/\/onewood.dk\/wp-content\/uploads\/2024\/12\/4777-scaled.jpg\",\"width\":2560,\"height\":1707},{\"@type\":\"BreadcrumbList\",\"@id\":\"https:\/\/onewood.dk\/vare\/8580-2-mulitibord-arbejdsbord-lav\/#breadcrumb\",\"itemListElement\":[{\"@type\":\"ListItem\",\"position\":1,\"name\":\"Varer\",\"item\":\"https:\/\/onewood.dk\/shop\/\"},{\"@type\":\"ListItem\",\"position\":2,\"name\":\"Borde, b\u00e6nke &amp; taburetter\",\"item\":\"https:\/\/onewood.dk\/vare-kategori\/borde-baenke-taburetter\/\"},{\"@type\":\"ListItem\",\"position\":3,\"name\":\"Multibord\",\"item\":\"https:\/\/onewood.dk\/vare-kategori\/borde-baenke-taburetter\/multibord\/\"},{\"@type\":\"ListItem\",\"position\":4,\"name\":\"8580-2 Mulitibord\/Arbejdsbord &#8211; lav\"}]},{\"@type\":\"WebSite\",\"@id\":\"https:\/\/onewood.dk\/#website\",\"url\":\"https:\/\/onewood.dk\/\",\"name\":\"One Wood Furniture A\/S\",\"description\":\"\",\"publisher\":{\"@id\":\"https:\/\/onewood.dk\/#organization\"},\"potentialAction\":[{\"@type\":\"SearchAction\",\"target\":{\"@type\":\"EntryPoint\",\"urlTemplate\":\"https:\/\/onewood.dk\/?s={search_term_string}\"},\"query-input\":{\"@type\":\"PropertyValueSpecification\",\"valueRequired\":true,\"valueName\":\"search_term_string\"}}],\"inLanguage\":\"en-GB\"},{\"@type\":\"Organization\",\"@id\":\"https:\/\/onewood.dk\/#organization\",\"name\":\"One Wood Furniture A\/S\",\"url\":\"https:\/\/onewood.dk\/\",\"logo\":{\"@type\":\"ImageObject\",\"inLanguage\":\"en-GB\",\"@id\":\"https:\/\/onewood.dk\/#\/schema\/logo\/image\/\",\"url\":\"https:\/\/onewood.dk\/wp-content\/uploads\/2024\/12\/Logo.png\",\"contentUrl\":\"https:\/\/onewood.dk\/wp-content\/uploads\/2024\/12\/Logo.png\",\"width\":180,\"height\":90,\"caption\":\"One Wood Furniture A\/S\"},\"image\":{\"@id\":\"https:\/\/onewood.dk\/#\/schema\/logo\/image\/\"}}]}<\/script>\n<!-- \/ Yoast SEO plugin. -->","yoast_head_json":{"title":"8580-2 Mulitibord\/Arbejdsbord - lav | One Wood Furniture A\/S","robots":{"index":"index","follow":"follow","max-snippet":"max-snippet:-1","max-image-preview":"max-image-preview:large","max-video-preview":"max-video-preview:-1"},"canonical":"https:\/\/onewood.dk\/en\/product\/8580-2-multi-table-workbench-low\/","og_locale":"en_GB","og_type":"article","og_title":"8580-2 Mulitibord\/Arbejdsbord - lav | One Wood Furniture A\/S","og_description":"Mobilt arbejdsbord med mulighed for 8 opbevaringskasser. Bordet har mulighed for at sl\u00e5s ud til et k\u00e6mpe arbejdsbord, s\u00e5 mange kan lege og arbejde omkring det samtidig. Arbejdsbordet er udarbejdet i 18mm. hvidpigmenteret birkekrydsfiner med lys gr\u00e5 laminat p\u00e5 toppladen. Opbevaringskasser og st\u00f8jd\u00e6mpende linoleum er ekstratilbeh\u00f8r og k\u00f8bes separat \u2013 p\u00e5 varenr. 8581 og 8581D. [&hellip;]","og_url":"https:\/\/onewood.dk\/en\/product\/8580-2-multi-table-workbench-low\/","og_site_name":"One Wood Furniture A\/S","article_modified_time":"2025-02-26T10:30:15+00:00","og_image":[{"width":2560,"height":1707,"url":"https:\/\/onewood.dk\/wp-content\/uploads\/2024\/12\/4777-scaled.jpg","type":"image\/jpeg"}],"twitter_card":"summary_large_image","twitter_misc":{"Estimated reading time":"1 minute"},"schema":{"@context":"https:\/\/schema.org","@graph":[{"@type":"WebPage","@id":"https:\/\/onewood.dk\/vare\/8580-2-mulitibord-arbejdsbord-lav\/","url":"https:\/\/onewood.dk\/vare\/8580-2-mulitibord-arbejdsbord-lav\/","name":"8580-2 Mulitibord\/Arbejdsbord - lav | One Wood Furniture A\/S","isPartOf":{"@id":"https:\/\/onewood.dk\/#website"},"primaryImageOfPage":{"@id":"https:\/\/onewood.dk\/vare\/8580-2-mulitibord-arbejdsbord-lav\/#primaryimage"},"image":{"@id":"https:\/\/onewood.dk\/vare\/8580-2-mulitibord-arbejdsbord-lav\/#primaryimage"},"thumbnailUrl":"https:\/\/onewood.dk\/wp-content\/uploads\/2024\/12\/4777-scaled.jpg","datePublished":"2024-12-03T11:47:35+00:00","dateModified":"2025-02-26T10:30:15+00:00","breadcrumb":{"@id":"https:\/\/onewood.dk\/vare\/8580-2-mulitibord-arbejdsbord-lav\/#breadcrumb"},"inLanguage":"en-GB","potentialAction":[{"@type":"ReadAction","target":["https:\/\/onewood.dk\/vare\/8580-2-mulitibord-arbejdsbord-lav\/"]}]},{"@type":"ImageObject","inLanguage":"en-GB","@id":"https:\/\/onewood.dk\/vare\/8580-2-mulitibord-arbejdsbord-lav\/#primaryimage","url":"https:\/\/onewood.dk\/wp-content\/uploads\/2024\/12\/4777-scaled.jpg","contentUrl":"https:\/\/onewood.dk\/wp-content\/uploads\/2024\/12\/4777-scaled.jpg","width":2560,"height":1707},{"@type":"BreadcrumbList","@id":"https:\/\/onewood.dk\/vare\/8580-2-mulitibord-arbejdsbord-lav\/#breadcrumb","itemListElement":[{"@type":"ListItem","position":1,"name":"Varer","item":"https:\/\/onewood.dk\/shop\/"},{"@type":"ListItem","position":2,"name":"Borde, b\u00e6nke &amp; taburetter","item":"https:\/\/onewood.dk\/vare-kategori\/borde-baenke-taburetter\/"},{"@type":"ListItem","position":3,"name":"Multibord","item":"https:\/\/onewood.dk\/vare-kategori\/borde-baenke-taburetter\/multibord\/"},{"@type":"ListItem","position":4,"name":"8580-2 Mulitibord\/Arbejdsbord &#8211; lav"}]},{"@type":"WebSite","@id":"https:\/\/onewood.dk\/#website","url":"https:\/\/onewood.dk\/","name":"One Wood Furniture A\/S","description":"","publisher":{"@id":"https:\/\/onewood.dk\/#organization"},"potentialAction":[{"@type":"SearchAction","target":{"@type":"EntryPoint","urlTemplate":"https:\/\/onewood.dk\/?s={search_term_string}"},"query-input":{"@type":"PropertyValueSpecification","valueRequired":true,"valueName":"search_term_string"}}],"inLanguage":"en-GB"},{"@type":"Organization","@id":"https:\/\/onewood.dk\/#organization","name":"One Wood Furniture A\/S","url":"https:\/\/onewood.dk\/","logo":{"@type":"ImageObject","inLanguage":"en-GB","@id":"https:\/\/onewood.dk\/#\/schema\/logo\/image\/","url":"https:\/\/onewood.dk\/wp-content\/uploads\/2024\/12\/Logo.png","contentUrl":"https:\/\/onewood.dk\/wp-content\/uploads\/2024\/12\/Logo.png","width":180,"height":90,"caption":"One Wood Furniture A\/S"},"image":{"@id":"https:\/\/onewood.dk\/#\/schema\/logo\/image\/"}}]}},"_links":{"self":[{"href":"https:\/\/onewood.dk\/en\/wp-json\/wp\/v2\/product\/1729","targetHints":{"allow":["GET"]}}],"collection":[{"href":"https:\/\/onewood.dk\/en\/wp-json\/wp\/v2\/product"}],"about":[{"href":"https:\/\/onewood.dk\/en\/wp-json\/wp\/v2\/types\/product"}],"wp:featuredmedia":[{"embeddable":true,"href":"https:\/\/onewood.dk\/en\/wp-json\/wp\/v2\/media\/3767"}],"wp:attachment":[{"href":"https:\/\/onewood.dk\/en\/wp-json\/wp\/v2\/media?parent=1729"}],"wp:term":[{"taxonomy":"product_brand","embeddable":true,"href":"https:\/\/onewood.dk\/en\/wp-json\/wp\/v2\/product_brand?post=1729"},{"taxonomy":"product_cat","embeddable":true,"href":"https:\/\/onewood.dk\/en\/wp-json\/wp\/v2\/product_cat?post=1729"},{"taxonomy":"product_tag","embeddable":true,"href":"https:\/\/onewood.dk\/en\/wp-json\/wp\/v2\/product_tag?post=1729"}],"curies":[{"name":"wp","href":"https:\/\/api.w.org\/{rel}","templated":true}]}}