{"id":1760,"date":"2024-12-03T12:47:38","date_gmt":"2024-12-03T11:47:38","guid":{"rendered":"https:\/\/onewood.dkvare\/8337-paaklaedningsbaenk-vaeghaengt-foldbar\/"},"modified":"2025-02-07T12:22:22","modified_gmt":"2025-02-07T11:22:22","slug":"8337-paaklaedningsbaenk-vaeghaengt-foldbar","status":"publish","type":"product","link":"https:\/\/onewood.dk\/en\/product\/8337-wall-mounted-folding-changing-table\/","title":{"rendered":"8337 \u2013 Wall-mounted folding dressing table"},"content":{"rendered":"<p>Ergonomic dressing bench<\/p>\n<p>Wall-mounted foldable 3 steps<\/p>\n<p>When using this piece of furniture, you can sit upright without having to twist or bend. You can also choose to stand up and help the child.<\/p>\n<p>This provides the opportunity for changing working positions, which helps to protect the staff&#039;s back, shoulders and lower back as much as possible.<\/p>\n<p><strong>\u00a0\u00a0\u00a0\u00a0\u00a0 WATCH THE VIDEO HERE:<\/strong><\/p>\n<p><a href=\"https:\/\/eur03.safelinks.protection.outlook.com\/?url=https%3A%2F%2Fwww.youtube.com%2Fwatch%3Fv%3D6QTlr4Ut7go&amp;data=04%7C01%7Cnf%40onewood.dk%7Cb7719a80885c40edadb908d8908135ef%7C3d3c015d58b54b4db82b38d6dfb3774b%7C0%7C0%7C637418231923585013%7CUnknown%7CTWFpbGZsb3d8eyJWIjoiMC4wLjAwMDAiLCJQIjoiV2luMzIiLCJBTiI6Ik1haWwiLCJXVCI6Mn0%3D%7C1000&amp;sdata=fxLEFpdABYSn0pcXM5FdAwRG6iboduIE6jFmIkf1gEM%3D&amp;reserved=0\">https:\/\/www.youtube.com\/watch?v=6QTlr4Ut7go<\/a><\/p>\n<p><a title=\"Dressing bench\" href=\"https:\/\/www.youtube.com\/watch?v=TLyhGbhoVnY\" target=\"_blank\" rel=\"noopener\">https:\/\/www.youtube.com\/watch?v=TLyhGbhoVnY<\/a><\/p>\n<p><a href=\"https:\/\/youtube.com\/shorts\/n_6PWPyKbSo?si=2QefqgMQqu5yABUg\" target=\"_blank\" rel=\"noopener\">https:\/\/youtube.com\/shorts\/n_6PWPyKbSo?si=2QefqgMQqu5yABUg<\/a><\/p>\n<p><a href=\"https:\/\/eur03.safelinks.protection.outlook.com\/?url=https%3A%2F%2Fwww.youtube.com%2Fwatch%3Fv%3D6QTlr4Ut7go&amp;data=04%7C01%7Cnf%40onewood.dk%7Cb7719a80885c40edadb908d8908135ef%7C3d3c015d58b54b4db82b38d6dfb3774b%7C0%7C0%7C637418231923585013%7CUnknown%7CTWFpbGZsb3d8eyJWIjoiMC4wLjAwMDAiLCJQIjoiV2luMzIiLCJBTiI6Ik1haWwiLCJXVCI6Mn0%3D%7C1000&amp;sdata=fxLEFpdABYSn0pcXM5FdAwRG6iboduIE6jFmIkf1gEM%3D&amp;reserved=0\">\u00a0<\/a><\/p>","protected":false},"excerpt":{"rendered":"<p>Ergonomic changing bench Wall-mounted foldable 3 steps When using this piece of furniture, you can sit upright without having to twist and bend. You can also choose to stand up and help the child. You get the opportunity to change working positions, which helps to protect the staff&#039;s back, shoulders and lower back as much as possible. [\u2026]<\/p>","protected":false},"featured_media":3880,"template":"","meta":[],"product_brand":[],"product_cat":[555,658],"product_tag":[],"class_list":{"0":"post-1760","1":"product","2":"type-product","3":"status-publish","4":"has-post-thumbnail","6":"product_cat-garderober-tilbehoer","7":"product_cat-paaklaedningsbaenk","9":"first","10":"instock","11":"product-type-simple"},"yoast_head":"<!-- This site is optimized with the Yoast SEO plugin v24.4 - https:\/\/yoast.com\/wordpress\/plugins\/seo\/ -->\n<title>8337 - P\u00e5kl\u00e6dningsb\u00e6nk v\u00e6gh\u00e6ngt foldbar | One Wood Furniture A\/S<\/title>\n<meta name=\"robots\" content=\"index, follow, max-snippet:-1, max-image-preview:large, max-video-preview:-1\" \/>\n<link rel=\"canonical\" href=\"https:\/\/onewood.dk\/en\/product\/8337-wall-mounted-folding-changing-table\/\" \/>\n<meta property=\"og:locale\" content=\"en_GB\" \/>\n<meta property=\"og:type\" content=\"article\" \/>\n<meta property=\"og:title\" content=\"8337 - P\u00e5kl\u00e6dningsb\u00e6nk v\u00e6gh\u00e6ngt foldbar | One Wood Furniture A\/S\" \/>\n<meta property=\"og:description\" content=\"Ergonomisk p\u00e5kl\u00e6dningsb\u00e6nk V\u00e6gh\u00e6ngt foldbar 3 trin N\u00e5r man bruger dette m\u00f8bel, kan man sidde ret op ned, uden at skulle vride og b\u00f8je sig. Man kan ogs\u00e5 v\u00e6lge at st\u00e5 op og hj\u00e6lpe barnet. Man opn\u00e5r mulighed for skiftende arbejdsstillinger, som er medvirkende til, at man sk\u00e5ner personalets ryg, skulder og l\u00e6nd bedst muligt. \u00a0\u00a0\u00a0\u00a0\u00a0 [&hellip;]\" \/>\n<meta property=\"og:url\" content=\"https:\/\/onewood.dk\/en\/product\/8337-wall-mounted-folding-changing-table\/\" \/>\n<meta property=\"og:site_name\" content=\"One Wood Furniture A\/S\" \/>\n<meta property=\"article:modified_time\" content=\"2025-02-07T11:22:22+00:00\" \/>\n<meta property=\"og:image\" content=\"https:\/\/onewood.dk\/wp-content\/uploads\/2024\/12\/4959-scaled.jpg\" \/>\n\t<meta property=\"og:image:width\" content=\"2560\" \/>\n\t<meta property=\"og:image:height\" content=\"1707\" \/>\n\t<meta property=\"og:image:type\" content=\"image\/jpeg\" \/>\n<meta name=\"twitter:card\" content=\"summary_large_image\" \/>\n<meta name=\"twitter:label1\" content=\"Estimated reading time\" \/>\n\t<meta name=\"twitter:data1\" content=\"1 minute\" \/>\n<script type=\"application\/ld+json\" class=\"yoast-schema-graph\">{\"@context\":\"https:\/\/schema.org\",\"@graph\":[{\"@type\":\"WebPage\",\"@id\":\"https:\/\/onewood.dk\/vare\/8337-paaklaedningsbaenk-vaeghaengt-foldbar\/\",\"url\":\"https:\/\/onewood.dk\/vare\/8337-paaklaedningsbaenk-vaeghaengt-foldbar\/\",\"name\":\"8337 - P\u00e5kl\u00e6dningsb\u00e6nk v\u00e6gh\u00e6ngt foldbar | One Wood Furniture A\/S\",\"isPartOf\":{\"@id\":\"https:\/\/onewood.dk\/#website\"},\"primaryImageOfPage\":{\"@id\":\"https:\/\/onewood.dk\/vare\/8337-paaklaedningsbaenk-vaeghaengt-foldbar\/#primaryimage\"},\"image\":{\"@id\":\"https:\/\/onewood.dk\/vare\/8337-paaklaedningsbaenk-vaeghaengt-foldbar\/#primaryimage\"},\"thumbnailUrl\":\"https:\/\/onewood.dk\/wp-content\/uploads\/2024\/12\/4959-scaled.jpg\",\"datePublished\":\"2024-12-03T11:47:38+00:00\",\"dateModified\":\"2025-02-07T11:22:22+00:00\",\"breadcrumb\":{\"@id\":\"https:\/\/onewood.dk\/vare\/8337-paaklaedningsbaenk-vaeghaengt-foldbar\/#breadcrumb\"},\"inLanguage\":\"en-GB\",\"potentialAction\":[{\"@type\":\"ReadAction\",\"target\":[\"https:\/\/onewood.dk\/vare\/8337-paaklaedningsbaenk-vaeghaengt-foldbar\/\"]}]},{\"@type\":\"ImageObject\",\"inLanguage\":\"en-GB\",\"@id\":\"https:\/\/onewood.dk\/vare\/8337-paaklaedningsbaenk-vaeghaengt-foldbar\/#primaryimage\",\"url\":\"https:\/\/onewood.dk\/wp-content\/uploads\/2024\/12\/4959-scaled.jpg\",\"contentUrl\":\"https:\/\/onewood.dk\/wp-content\/uploads\/2024\/12\/4959-scaled.jpg\",\"width\":2560,\"height\":1707},{\"@type\":\"BreadcrumbList\",\"@id\":\"https:\/\/onewood.dk\/vare\/8337-paaklaedningsbaenk-vaeghaengt-foldbar\/#breadcrumb\",\"itemListElement\":[{\"@type\":\"ListItem\",\"position\":1,\"name\":\"Varer\",\"item\":\"https:\/\/onewood.dk\/shop\/\"},{\"@type\":\"ListItem\",\"position\":2,\"name\":\"Garderober &amp; tilbeh\u00f8r\",\"item\":\"https:\/\/onewood.dk\/vare-kategori\/garderober-tilbehoer\/\"},{\"@type\":\"ListItem\",\"position\":3,\"name\":\"P\u00e5kl\u00e6dningsb\u00e6nk\",\"item\":\"https:\/\/onewood.dk\/vare-kategori\/garderober-tilbehoer\/paaklaedningsbaenk\/\"},{\"@type\":\"ListItem\",\"position\":4,\"name\":\"8337 &#8211; P\u00e5kl\u00e6dningsb\u00e6nk v\u00e6gh\u00e6ngt foldbar\"}]},{\"@type\":\"WebSite\",\"@id\":\"https:\/\/onewood.dk\/#website\",\"url\":\"https:\/\/onewood.dk\/\",\"name\":\"One Wood Furniture A\/S\",\"description\":\"\",\"publisher\":{\"@id\":\"https:\/\/onewood.dk\/#organization\"},\"potentialAction\":[{\"@type\":\"SearchAction\",\"target\":{\"@type\":\"EntryPoint\",\"urlTemplate\":\"https:\/\/onewood.dk\/?s={search_term_string}\"},\"query-input\":{\"@type\":\"PropertyValueSpecification\",\"valueRequired\":true,\"valueName\":\"search_term_string\"}}],\"inLanguage\":\"en-GB\"},{\"@type\":\"Organization\",\"@id\":\"https:\/\/onewood.dk\/#organization\",\"name\":\"One Wood Furniture A\/S\",\"url\":\"https:\/\/onewood.dk\/\",\"logo\":{\"@type\":\"ImageObject\",\"inLanguage\":\"en-GB\",\"@id\":\"https:\/\/onewood.dk\/#\/schema\/logo\/image\/\",\"url\":\"https:\/\/onewood.dk\/wp-content\/uploads\/2024\/12\/Logo.png\",\"contentUrl\":\"https:\/\/onewood.dk\/wp-content\/uploads\/2024\/12\/Logo.png\",\"width\":180,\"height\":90,\"caption\":\"One Wood Furniture A\/S\"},\"image\":{\"@id\":\"https:\/\/onewood.dk\/#\/schema\/logo\/image\/\"}}]}<\/script>\n<!-- \/ Yoast SEO plugin. -->","yoast_head_json":{"title":"8337 - P\u00e5kl\u00e6dningsb\u00e6nk v\u00e6gh\u00e6ngt foldbar | One Wood Furniture A\/S","robots":{"index":"index","follow":"follow","max-snippet":"max-snippet:-1","max-image-preview":"max-image-preview:large","max-video-preview":"max-video-preview:-1"},"canonical":"https:\/\/onewood.dk\/en\/product\/8337-wall-mounted-folding-changing-table\/","og_locale":"en_GB","og_type":"article","og_title":"8337 - P\u00e5kl\u00e6dningsb\u00e6nk v\u00e6gh\u00e6ngt foldbar | One Wood Furniture A\/S","og_description":"Ergonomisk p\u00e5kl\u00e6dningsb\u00e6nk V\u00e6gh\u00e6ngt foldbar 3 trin N\u00e5r man bruger dette m\u00f8bel, kan man sidde ret op ned, uden at skulle vride og b\u00f8je sig. Man kan ogs\u00e5 v\u00e6lge at st\u00e5 op og hj\u00e6lpe barnet. Man opn\u00e5r mulighed for skiftende arbejdsstillinger, som er medvirkende til, at man sk\u00e5ner personalets ryg, skulder og l\u00e6nd bedst muligt. \u00a0\u00a0\u00a0\u00a0\u00a0 [&hellip;]","og_url":"https:\/\/onewood.dk\/en\/product\/8337-wall-mounted-folding-changing-table\/","og_site_name":"One Wood Furniture A\/S","article_modified_time":"2025-02-07T11:22:22+00:00","og_image":[{"width":2560,"height":1707,"url":"https:\/\/onewood.dk\/wp-content\/uploads\/2024\/12\/4959-scaled.jpg","type":"image\/jpeg"}],"twitter_card":"summary_large_image","twitter_misc":{"Estimated reading time":"1 minute"},"schema":{"@context":"https:\/\/schema.org","@graph":[{"@type":"WebPage","@id":"https:\/\/onewood.dk\/vare\/8337-paaklaedningsbaenk-vaeghaengt-foldbar\/","url":"https:\/\/onewood.dk\/vare\/8337-paaklaedningsbaenk-vaeghaengt-foldbar\/","name":"8337 - P\u00e5kl\u00e6dningsb\u00e6nk v\u00e6gh\u00e6ngt foldbar | One Wood Furniture A\/S","isPartOf":{"@id":"https:\/\/onewood.dk\/#website"},"primaryImageOfPage":{"@id":"https:\/\/onewood.dk\/vare\/8337-paaklaedningsbaenk-vaeghaengt-foldbar\/#primaryimage"},"image":{"@id":"https:\/\/onewood.dk\/vare\/8337-paaklaedningsbaenk-vaeghaengt-foldbar\/#primaryimage"},"thumbnailUrl":"https:\/\/onewood.dk\/wp-content\/uploads\/2024\/12\/4959-scaled.jpg","datePublished":"2024-12-03T11:47:38+00:00","dateModified":"2025-02-07T11:22:22+00:00","breadcrumb":{"@id":"https:\/\/onewood.dk\/vare\/8337-paaklaedningsbaenk-vaeghaengt-foldbar\/#breadcrumb"},"inLanguage":"en-GB","potentialAction":[{"@type":"ReadAction","target":["https:\/\/onewood.dk\/vare\/8337-paaklaedningsbaenk-vaeghaengt-foldbar\/"]}]},{"@type":"ImageObject","inLanguage":"en-GB","@id":"https:\/\/onewood.dk\/vare\/8337-paaklaedningsbaenk-vaeghaengt-foldbar\/#primaryimage","url":"https:\/\/onewood.dk\/wp-content\/uploads\/2024\/12\/4959-scaled.jpg","contentUrl":"https:\/\/onewood.dk\/wp-content\/uploads\/2024\/12\/4959-scaled.jpg","width":2560,"height":1707},{"@type":"BreadcrumbList","@id":"https:\/\/onewood.dk\/vare\/8337-paaklaedningsbaenk-vaeghaengt-foldbar\/#breadcrumb","itemListElement":[{"@type":"ListItem","position":1,"name":"Varer","item":"https:\/\/onewood.dk\/shop\/"},{"@type":"ListItem","position":2,"name":"Garderober &amp; tilbeh\u00f8r","item":"https:\/\/onewood.dk\/vare-kategori\/garderober-tilbehoer\/"},{"@type":"ListItem","position":3,"name":"P\u00e5kl\u00e6dningsb\u00e6nk","item":"https:\/\/onewood.dk\/vare-kategori\/garderober-tilbehoer\/paaklaedningsbaenk\/"},{"@type":"ListItem","position":4,"name":"8337 &#8211; P\u00e5kl\u00e6dningsb\u00e6nk v\u00e6gh\u00e6ngt foldbar"}]},{"@type":"WebSite","@id":"https:\/\/onewood.dk\/#website","url":"https:\/\/onewood.dk\/","name":"One Wood Furniture A\/S","description":"","publisher":{"@id":"https:\/\/onewood.dk\/#organization"},"potentialAction":[{"@type":"SearchAction","target":{"@type":"EntryPoint","urlTemplate":"https:\/\/onewood.dk\/?s={search_term_string}"},"query-input":{"@type":"PropertyValueSpecification","valueRequired":true,"valueName":"search_term_string"}}],"inLanguage":"en-GB"},{"@type":"Organization","@id":"https:\/\/onewood.dk\/#organization","name":"One Wood Furniture A\/S","url":"https:\/\/onewood.dk\/","logo":{"@type":"ImageObject","inLanguage":"en-GB","@id":"https:\/\/onewood.dk\/#\/schema\/logo\/image\/","url":"https:\/\/onewood.dk\/wp-content\/uploads\/2024\/12\/Logo.png","contentUrl":"https:\/\/onewood.dk\/wp-content\/uploads\/2024\/12\/Logo.png","width":180,"height":90,"caption":"One Wood Furniture A\/S"},"image":{"@id":"https:\/\/onewood.dk\/#\/schema\/logo\/image\/"}}]}},"_links":{"self":[{"href":"https:\/\/onewood.dk\/en\/wp-json\/wp\/v2\/product\/1760","targetHints":{"allow":["GET"]}}],"collection":[{"href":"https:\/\/onewood.dk\/en\/wp-json\/wp\/v2\/product"}],"about":[{"href":"https:\/\/onewood.dk\/en\/wp-json\/wp\/v2\/types\/product"}],"wp:featuredmedia":[{"embeddable":true,"href":"https:\/\/onewood.dk\/en\/wp-json\/wp\/v2\/media\/3880"}],"wp:attachment":[{"href":"https:\/\/onewood.dk\/en\/wp-json\/wp\/v2\/media?parent=1760"}],"wp:term":[{"taxonomy":"product_brand","embeddable":true,"href":"https:\/\/onewood.dk\/en\/wp-json\/wp\/v2\/product_brand?post=1760"},{"taxonomy":"product_cat","embeddable":true,"href":"https:\/\/onewood.dk\/en\/wp-json\/wp\/v2\/product_cat?post=1760"},{"taxonomy":"product_tag","embeddable":true,"href":"https:\/\/onewood.dk\/en\/wp-json\/wp\/v2\/product_tag?post=1760"}],"curies":[{"name":"wp","href":"https:\/\/api.w.org\/{rel}","templated":true}]}}