{"id":1829,"date":"2024-12-03T12:47:50","date_gmt":"2024-12-03T11:47:50","guid":{"rendered":"https:\/\/onewood.dkvare\/ss8112-sif-12-rums-uden-kasser\/"},"modified":"2025-07-02T11:57:47","modified_gmt":"2025-07-02T09:57:47","slug":"ss8112-sif-12-rums-uden-kasser","status":"publish","type":"product","link":"https:\/\/onewood.dk\/en\/product\/ss8112-sif-12-compartments-without-boxes\/","title":{"rendered":"SS8112 \u2013 Sif 12 compartments \u2013 without boxes"},"content":{"rendered":"<p><strong>Plastic boxes are purchased separately.<\/strong><\/p>\n<p>Mobile shelving unit, 12 compartments, in 19mm chipboard.<\/p>\n<p>Very popular shelving, as it is a smart and simple shelving series that meets most people&#039;s needs for flexible and functional storage. The many models make it easy to put together according to your wishes.<\/p>\n<ul>\n<li>Supplied with strong lockable wheels and with 19mm rear cover.<\/li>\n<li>If you want the shelf to be wall-mounted, it is delivered without wheels and with a suspension rail.<\/li>\n<li>If plastic boxes are desired in some rooms - please state the room number - and the model of boxes.<\/li>\n<\/ul>","protected":false},"excerpt":{"rendered":"<p>Plastkasser tilk\u00f8bes Mobil reol 12 rum i 19mm sp\u00e5nplade. Meget popul\u00e6r reol, da det er en smart og enkel reolserie, der opfylder de flestes behov for fleksibel og funktionel opbevaring. De mange modeller g\u00f8r det let at sammens\u00e6tte efter eget \u00f8nske. Leveres med kraftige l\u00e5sbare hjul og med 19mm bagbekl\u00e6dning. \u00d8nskes reolen v\u00e6gh\u00e6ngt, leveres den [&hellip;]<\/p>","protected":false},"featured_media":4111,"template":"","meta":[],"product_brand":[],"product_cat":[665,716,714,704],"product_tag":[],"class_list":{"0":"post-1829","1":"product","2":"type-product","3":"status-publish","4":"has-post-thumbnail","6":"product_cat-sif-uden-kasser","7":"product_cat-sif-reoler-spaan-melamin","8":"product_cat-reoler-spaan-melamin","9":"product_cat-spaan-melamin","11":"first","12":"instock","13":"product-type-simple"},"yoast_head":"<!-- This site is optimized with the Yoast SEO plugin v24.4 - https:\/\/yoast.com\/wordpress\/plugins\/seo\/ -->\n<title>SS8112 - Sif 12 rums - uden kasser | One Wood Furniture A\/S<\/title>\n<meta name=\"robots\" content=\"index, follow, max-snippet:-1, max-image-preview:large, max-video-preview:-1\" \/>\n<link rel=\"canonical\" href=\"https:\/\/onewood.dk\/en\/product\/ss8112-sif-12-compartments-without-boxes\/\" \/>\n<meta property=\"og:locale\" content=\"en_GB\" \/>\n<meta property=\"og:type\" content=\"article\" \/>\n<meta property=\"og:title\" content=\"SS8112 - Sif 12 rums - uden kasser | One Wood Furniture A\/S\" \/>\n<meta property=\"og:description\" content=\"Plastkasser tilk\u00f8bes Mobil reol 12 rum i 19mm sp\u00e5nplade. Meget popul\u00e6r reol, da det er en smart og enkel reolserie, der opfylder de flestes behov for fleksibel og funktionel opbevaring. De mange modeller g\u00f8r det let at sammens\u00e6tte efter eget \u00f8nske. Leveres med kraftige l\u00e5sbare hjul og med 19mm bagbekl\u00e6dning. \u00d8nskes reolen v\u00e6gh\u00e6ngt, leveres den [&hellip;]\" \/>\n<meta property=\"og:url\" content=\"https:\/\/onewood.dk\/en\/product\/ss8112-sif-12-compartments-without-boxes\/\" \/>\n<meta property=\"og:site_name\" content=\"One Wood Furniture A\/S\" \/>\n<meta property=\"article:modified_time\" content=\"2025-07-02T09:57:47+00:00\" \/>\n<meta property=\"og:image\" content=\"https:\/\/onewood.dk\/wp-content\/uploads\/2024\/12\/5582-scaled.jpg\" \/>\n\t<meta property=\"og:image:width\" content=\"2560\" \/>\n\t<meta property=\"og:image:height\" content=\"1707\" \/>\n\t<meta property=\"og:image:type\" content=\"image\/jpeg\" \/>\n<meta name=\"twitter:card\" content=\"summary_large_image\" \/>\n<meta name=\"twitter:label1\" content=\"Estimated reading time\" \/>\n\t<meta name=\"twitter:data1\" content=\"1 minute\" \/>\n<script type=\"application\/ld+json\" class=\"yoast-schema-graph\">{\"@context\":\"https:\/\/schema.org\",\"@graph\":[{\"@type\":\"WebPage\",\"@id\":\"https:\/\/onewood.dk\/vare\/ss8112-sif-12-rums-uden-kasser\/\",\"url\":\"https:\/\/onewood.dk\/vare\/ss8112-sif-12-rums-uden-kasser\/\",\"name\":\"SS8112 - Sif 12 rums - uden kasser | One Wood Furniture A\/S\",\"isPartOf\":{\"@id\":\"https:\/\/onewood.dk\/#website\"},\"primaryImageOfPage\":{\"@id\":\"https:\/\/onewood.dk\/vare\/ss8112-sif-12-rums-uden-kasser\/#primaryimage\"},\"image\":{\"@id\":\"https:\/\/onewood.dk\/vare\/ss8112-sif-12-rums-uden-kasser\/#primaryimage\"},\"thumbnailUrl\":\"https:\/\/onewood.dk\/wp-content\/uploads\/2024\/12\/5582-scaled.jpg\",\"datePublished\":\"2024-12-03T11:47:50+00:00\",\"dateModified\":\"2025-07-02T09:57:47+00:00\",\"breadcrumb\":{\"@id\":\"https:\/\/onewood.dk\/vare\/ss8112-sif-12-rums-uden-kasser\/#breadcrumb\"},\"inLanguage\":\"en-GB\",\"potentialAction\":[{\"@type\":\"ReadAction\",\"target\":[\"https:\/\/onewood.dk\/vare\/ss8112-sif-12-rums-uden-kasser\/\"]}]},{\"@type\":\"ImageObject\",\"inLanguage\":\"en-GB\",\"@id\":\"https:\/\/onewood.dk\/vare\/ss8112-sif-12-rums-uden-kasser\/#primaryimage\",\"url\":\"https:\/\/onewood.dk\/wp-content\/uploads\/2024\/12\/5582-scaled.jpg\",\"contentUrl\":\"https:\/\/onewood.dk\/wp-content\/uploads\/2024\/12\/5582-scaled.jpg\",\"width\":2560,\"height\":1707},{\"@type\":\"BreadcrumbList\",\"@id\":\"https:\/\/onewood.dk\/vare\/ss8112-sif-12-rums-uden-kasser\/#breadcrumb\",\"itemListElement\":[{\"@type\":\"ListItem\",\"position\":1,\"name\":\"Varer\",\"item\":\"https:\/\/onewood.dk\/shop\/\"},{\"@type\":\"ListItem\",\"position\":2,\"name\":\"Sp\u00e5n melamin\",\"item\":\"https:\/\/onewood.dk\/vare-kategori\/spaan-melamin\/\"},{\"@type\":\"ListItem\",\"position\":3,\"name\":\"Reoler\",\"item\":\"https:\/\/onewood.dk\/vare-kategori\/spaan-melamin\/reoler-spaan-melamin\/\"},{\"@type\":\"ListItem\",\"position\":4,\"name\":\"Sif\",\"item\":\"https:\/\/onewood.dk\/vare-kategori\/spaan-melamin\/reoler-spaan-melamin\/sif-reoler-spaan-melamin\/\"},{\"@type\":\"ListItem\",\"position\":5,\"name\":\"Sif - uden kasser\",\"item\":\"https:\/\/onewood.dk\/vare-kategori\/spaan-melamin\/reoler-spaan-melamin\/sif-reoler-spaan-melamin\/sif-uden-kasser\/\"},{\"@type\":\"ListItem\",\"position\":6,\"name\":\"SS8112 &#8211; Sif 12 rums &#8211; uden kasser\"}]},{\"@type\":\"WebSite\",\"@id\":\"https:\/\/onewood.dk\/#website\",\"url\":\"https:\/\/onewood.dk\/\",\"name\":\"One Wood Furniture A\/S\",\"description\":\"\",\"publisher\":{\"@id\":\"https:\/\/onewood.dk\/#organization\"},\"potentialAction\":[{\"@type\":\"SearchAction\",\"target\":{\"@type\":\"EntryPoint\",\"urlTemplate\":\"https:\/\/onewood.dk\/?s={search_term_string}\"},\"query-input\":{\"@type\":\"PropertyValueSpecification\",\"valueRequired\":true,\"valueName\":\"search_term_string\"}}],\"inLanguage\":\"en-GB\"},{\"@type\":\"Organization\",\"@id\":\"https:\/\/onewood.dk\/#organization\",\"name\":\"One Wood Furniture A\/S\",\"url\":\"https:\/\/onewood.dk\/\",\"logo\":{\"@type\":\"ImageObject\",\"inLanguage\":\"en-GB\",\"@id\":\"https:\/\/onewood.dk\/#\/schema\/logo\/image\/\",\"url\":\"https:\/\/onewood.dk\/wp-content\/uploads\/2024\/12\/Logo.png\",\"contentUrl\":\"https:\/\/onewood.dk\/wp-content\/uploads\/2024\/12\/Logo.png\",\"width\":180,\"height\":90,\"caption\":\"One Wood Furniture A\/S\"},\"image\":{\"@id\":\"https:\/\/onewood.dk\/#\/schema\/logo\/image\/\"}}]}<\/script>\n<!-- \/ Yoast SEO plugin. -->","yoast_head_json":{"title":"SS8112 - Sif 12 rums - uden kasser | One Wood Furniture A\/S","robots":{"index":"index","follow":"follow","max-snippet":"max-snippet:-1","max-image-preview":"max-image-preview:large","max-video-preview":"max-video-preview:-1"},"canonical":"https:\/\/onewood.dk\/en\/product\/ss8112-sif-12-compartments-without-boxes\/","og_locale":"en_GB","og_type":"article","og_title":"SS8112 - Sif 12 rums - uden kasser | One Wood Furniture A\/S","og_description":"Plastkasser tilk\u00f8bes Mobil reol 12 rum i 19mm sp\u00e5nplade. Meget popul\u00e6r reol, da det er en smart og enkel reolserie, der opfylder de flestes behov for fleksibel og funktionel opbevaring. De mange modeller g\u00f8r det let at sammens\u00e6tte efter eget \u00f8nske. Leveres med kraftige l\u00e5sbare hjul og med 19mm bagbekl\u00e6dning. \u00d8nskes reolen v\u00e6gh\u00e6ngt, leveres den [&hellip;]","og_url":"https:\/\/onewood.dk\/en\/product\/ss8112-sif-12-compartments-without-boxes\/","og_site_name":"One Wood Furniture A\/S","article_modified_time":"2025-07-02T09:57:47+00:00","og_image":[{"width":2560,"height":1707,"url":"https:\/\/onewood.dk\/wp-content\/uploads\/2024\/12\/5582-scaled.jpg","type":"image\/jpeg"}],"twitter_card":"summary_large_image","twitter_misc":{"Estimated reading time":"1 minute"},"schema":{"@context":"https:\/\/schema.org","@graph":[{"@type":"WebPage","@id":"https:\/\/onewood.dk\/vare\/ss8112-sif-12-rums-uden-kasser\/","url":"https:\/\/onewood.dk\/vare\/ss8112-sif-12-rums-uden-kasser\/","name":"SS8112 - Sif 12 rums - uden kasser | One Wood Furniture A\/S","isPartOf":{"@id":"https:\/\/onewood.dk\/#website"},"primaryImageOfPage":{"@id":"https:\/\/onewood.dk\/vare\/ss8112-sif-12-rums-uden-kasser\/#primaryimage"},"image":{"@id":"https:\/\/onewood.dk\/vare\/ss8112-sif-12-rums-uden-kasser\/#primaryimage"},"thumbnailUrl":"https:\/\/onewood.dk\/wp-content\/uploads\/2024\/12\/5582-scaled.jpg","datePublished":"2024-12-03T11:47:50+00:00","dateModified":"2025-07-02T09:57:47+00:00","breadcrumb":{"@id":"https:\/\/onewood.dk\/vare\/ss8112-sif-12-rums-uden-kasser\/#breadcrumb"},"inLanguage":"en-GB","potentialAction":[{"@type":"ReadAction","target":["https:\/\/onewood.dk\/vare\/ss8112-sif-12-rums-uden-kasser\/"]}]},{"@type":"ImageObject","inLanguage":"en-GB","@id":"https:\/\/onewood.dk\/vare\/ss8112-sif-12-rums-uden-kasser\/#primaryimage","url":"https:\/\/onewood.dk\/wp-content\/uploads\/2024\/12\/5582-scaled.jpg","contentUrl":"https:\/\/onewood.dk\/wp-content\/uploads\/2024\/12\/5582-scaled.jpg","width":2560,"height":1707},{"@type":"BreadcrumbList","@id":"https:\/\/onewood.dk\/vare\/ss8112-sif-12-rums-uden-kasser\/#breadcrumb","itemListElement":[{"@type":"ListItem","position":1,"name":"Varer","item":"https:\/\/onewood.dk\/shop\/"},{"@type":"ListItem","position":2,"name":"Sp\u00e5n melamin","item":"https:\/\/onewood.dk\/vare-kategori\/spaan-melamin\/"},{"@type":"ListItem","position":3,"name":"Reoler","item":"https:\/\/onewood.dk\/vare-kategori\/spaan-melamin\/reoler-spaan-melamin\/"},{"@type":"ListItem","position":4,"name":"Sif","item":"https:\/\/onewood.dk\/vare-kategori\/spaan-melamin\/reoler-spaan-melamin\/sif-reoler-spaan-melamin\/"},{"@type":"ListItem","position":5,"name":"Sif - uden kasser","item":"https:\/\/onewood.dk\/vare-kategori\/spaan-melamin\/reoler-spaan-melamin\/sif-reoler-spaan-melamin\/sif-uden-kasser\/"},{"@type":"ListItem","position":6,"name":"SS8112 &#8211; Sif 12 rums &#8211; uden kasser"}]},{"@type":"WebSite","@id":"https:\/\/onewood.dk\/#website","url":"https:\/\/onewood.dk\/","name":"One Wood Furniture A\/S","description":"","publisher":{"@id":"https:\/\/onewood.dk\/#organization"},"potentialAction":[{"@type":"SearchAction","target":{"@type":"EntryPoint","urlTemplate":"https:\/\/onewood.dk\/?s={search_term_string}"},"query-input":{"@type":"PropertyValueSpecification","valueRequired":true,"valueName":"search_term_string"}}],"inLanguage":"en-GB"},{"@type":"Organization","@id":"https:\/\/onewood.dk\/#organization","name":"One Wood Furniture A\/S","url":"https:\/\/onewood.dk\/","logo":{"@type":"ImageObject","inLanguage":"en-GB","@id":"https:\/\/onewood.dk\/#\/schema\/logo\/image\/","url":"https:\/\/onewood.dk\/wp-content\/uploads\/2024\/12\/Logo.png","contentUrl":"https:\/\/onewood.dk\/wp-content\/uploads\/2024\/12\/Logo.png","width":180,"height":90,"caption":"One Wood Furniture A\/S"},"image":{"@id":"https:\/\/onewood.dk\/#\/schema\/logo\/image\/"}}]}},"_links":{"self":[{"href":"https:\/\/onewood.dk\/en\/wp-json\/wp\/v2\/product\/1829","targetHints":{"allow":["GET"]}}],"collection":[{"href":"https:\/\/onewood.dk\/en\/wp-json\/wp\/v2\/product"}],"about":[{"href":"https:\/\/onewood.dk\/en\/wp-json\/wp\/v2\/types\/product"}],"wp:featuredmedia":[{"embeddable":true,"href":"https:\/\/onewood.dk\/en\/wp-json\/wp\/v2\/media\/4111"}],"wp:attachment":[{"href":"https:\/\/onewood.dk\/en\/wp-json\/wp\/v2\/media?parent=1829"}],"wp:term":[{"taxonomy":"product_brand","embeddable":true,"href":"https:\/\/onewood.dk\/en\/wp-json\/wp\/v2\/product_brand?post=1829"},{"taxonomy":"product_cat","embeddable":true,"href":"https:\/\/onewood.dk\/en\/wp-json\/wp\/v2\/product_cat?post=1829"},{"taxonomy":"product_tag","embeddable":true,"href":"https:\/\/onewood.dk\/en\/wp-json\/wp\/v2\/product_tag?post=1829"}],"curies":[{"name":"wp","href":"https:\/\/api.w.org\/{rel}","templated":true}]}}