{"id":1856,"date":"2024-12-03T12:47:52","date_gmt":"2024-12-03T11:47:52","guid":{"rendered":"https:\/\/onewood.dkvare\/8103tkv-legekoekken-3-rum-vaskemaskine\/"},"modified":"2025-02-26T12:48:39","modified_gmt":"2025-02-26T11:48:39","slug":"8103tkv-legekoekken-3-rum-vaskemaskine","status":"publish","type":"product","link":"https:\/\/onewood.dk\/en\/product\/8103tkv-play-kitchen-3-compartment-washing-machine\/","title":{"rendered":"8103TKV \u2013 Play kitchen \u2013 3 rooms \u2013 washing machine"},"content":{"rendered":"<p>Children enjoy role-playing, which allows them to imitate everyday activities. Role-playing occurs primarily because it encourages social interaction and expands social skills. It is therefore important to create the right framework for this.<\/p>\n<p>Play kitchen with 4 hotplates with associated knobs. A plastic tub is used for the sink and of course there is also a faucet so that it imitates a regular kitchen as much as possible. There are 3 doors, one of which is with plexiglass to make it an oven. The door in the middle is with round plexiglass to make it a washing machine.<\/p>\n<p>Play kitchen in 15mm birch plywood in clear lacquer, light grey laminate on top. It is mounted with lockable wheels.<\/p>","protected":false},"excerpt":{"rendered":"<p>Children enjoy role-playing, and it gives them the opportunity to imitate everyday activities. Role-playing occurs especially because it invites togetherness and expands social skills. It is therefore important to create the right framework for this. Play kitchen with 4 hotplates with associated knobs. Plastic tub serves as a sink and of course there is also a [\u2026]<\/p>","protected":false},"featured_media":4193,"template":"","meta":[],"product_brand":[],"product_cat":[670,560],"product_tag":[],"class_list":{"0":"post-1856","1":"product","2":"type-product","3":"status-publish","4":"has-post-thumbnail","6":"product_cat-legekoekkener","7":"product_cat-legemoebler","9":"first","10":"instock","11":"product-type-simple"},"yoast_head":"<!-- This site is optimized with the Yoast SEO plugin v24.4 - https:\/\/yoast.com\/wordpress\/plugins\/seo\/ -->\n<title>8103TKV - Legek\u00f8kken - 3 rum - vaskemaskine | One Wood Furniture A\/S<\/title>\n<meta name=\"robots\" content=\"index, follow, max-snippet:-1, max-image-preview:large, max-video-preview:-1\" \/>\n<link rel=\"canonical\" href=\"https:\/\/onewood.dk\/en\/product\/8103tkv-play-kitchen-3-compartment-washing-machine\/\" \/>\n<meta property=\"og:locale\" content=\"en_GB\" \/>\n<meta property=\"og:type\" content=\"article\" \/>\n<meta property=\"og:title\" content=\"8103TKV - Legek\u00f8kken - 3 rum - vaskemaskine | One Wood Furniture A\/S\" \/>\n<meta property=\"og:description\" content=\"B\u00f8rn nyder rolleleg, og det giver dem mulighed for at imiterer hverdagens aktiviteter. Rolleleg opst\u00e5r is\u00e6r, fordi det indbyder til samv\u00e6r og udvider de sociale f\u00e6rdigheder. Det er derfor vigtigt at skabe de rigtige rammer til dette. Legek\u00f8kken med 4 kogeplader med tilh\u00f8rende drejeknapper. Plastbalje udg\u00f8r det for vask og der er selvf\u00f8lgelig ogs\u00e5 et [&hellip;]\" \/>\n<meta property=\"og:url\" content=\"https:\/\/onewood.dk\/en\/product\/8103tkv-play-kitchen-3-compartment-washing-machine\/\" \/>\n<meta property=\"og:site_name\" content=\"One Wood Furniture A\/S\" \/>\n<meta property=\"article:modified_time\" content=\"2025-02-26T11:48:39+00:00\" \/>\n<meta property=\"og:image\" content=\"https:\/\/onewood.dk\/wp-content\/uploads\/2024\/12\/6032-scaled.jpg\" \/>\n\t<meta property=\"og:image:width\" content=\"2560\" \/>\n\t<meta property=\"og:image:height\" content=\"1707\" \/>\n\t<meta property=\"og:image:type\" content=\"image\/jpeg\" \/>\n<meta name=\"twitter:card\" content=\"summary_large_image\" \/>\n<meta name=\"twitter:label1\" content=\"Estimated reading time\" \/>\n\t<meta name=\"twitter:data1\" content=\"1 minute\" \/>\n<script type=\"application\/ld+json\" class=\"yoast-schema-graph\">{\"@context\":\"https:\/\/schema.org\",\"@graph\":[{\"@type\":\"WebPage\",\"@id\":\"https:\/\/onewood.dk\/vare\/8103tkv-legekoekken-3-rum-vaskemaskine\/\",\"url\":\"https:\/\/onewood.dk\/vare\/8103tkv-legekoekken-3-rum-vaskemaskine\/\",\"name\":\"8103TKV - Legek\u00f8kken - 3 rum - vaskemaskine | One Wood Furniture A\/S\",\"isPartOf\":{\"@id\":\"https:\/\/onewood.dk\/#website\"},\"primaryImageOfPage\":{\"@id\":\"https:\/\/onewood.dk\/vare\/8103tkv-legekoekken-3-rum-vaskemaskine\/#primaryimage\"},\"image\":{\"@id\":\"https:\/\/onewood.dk\/vare\/8103tkv-legekoekken-3-rum-vaskemaskine\/#primaryimage\"},\"thumbnailUrl\":\"https:\/\/onewood.dk\/wp-content\/uploads\/2024\/12\/6032-scaled.jpg\",\"datePublished\":\"2024-12-03T11:47:52+00:00\",\"dateModified\":\"2025-02-26T11:48:39+00:00\",\"breadcrumb\":{\"@id\":\"https:\/\/onewood.dk\/vare\/8103tkv-legekoekken-3-rum-vaskemaskine\/#breadcrumb\"},\"inLanguage\":\"en-GB\",\"potentialAction\":[{\"@type\":\"ReadAction\",\"target\":[\"https:\/\/onewood.dk\/vare\/8103tkv-legekoekken-3-rum-vaskemaskine\/\"]}]},{\"@type\":\"ImageObject\",\"inLanguage\":\"en-GB\",\"@id\":\"https:\/\/onewood.dk\/vare\/8103tkv-legekoekken-3-rum-vaskemaskine\/#primaryimage\",\"url\":\"https:\/\/onewood.dk\/wp-content\/uploads\/2024\/12\/6032-scaled.jpg\",\"contentUrl\":\"https:\/\/onewood.dk\/wp-content\/uploads\/2024\/12\/6032-scaled.jpg\",\"width\":2560,\"height\":1707},{\"@type\":\"BreadcrumbList\",\"@id\":\"https:\/\/onewood.dk\/vare\/8103tkv-legekoekken-3-rum-vaskemaskine\/#breadcrumb\",\"itemListElement\":[{\"@type\":\"ListItem\",\"position\":1,\"name\":\"Varer\",\"item\":\"https:\/\/onewood.dk\/shop\/\"},{\"@type\":\"ListItem\",\"position\":2,\"name\":\"Legem\u00f8bler\",\"item\":\"https:\/\/onewood.dk\/vare-kategori\/legemoebler\/\"},{\"@type\":\"ListItem\",\"position\":3,\"name\":\"Legek\u00f8kkener\",\"item\":\"https:\/\/onewood.dk\/vare-kategori\/legemoebler\/legekoekkener\/\"},{\"@type\":\"ListItem\",\"position\":4,\"name\":\"8103TKV &#8211; Legek\u00f8kken &#8211; 3 rum &#8211; vaskemaskine\"}]},{\"@type\":\"WebSite\",\"@id\":\"https:\/\/onewood.dk\/#website\",\"url\":\"https:\/\/onewood.dk\/\",\"name\":\"One Wood Furniture A\/S\",\"description\":\"\",\"publisher\":{\"@id\":\"https:\/\/onewood.dk\/#organization\"},\"potentialAction\":[{\"@type\":\"SearchAction\",\"target\":{\"@type\":\"EntryPoint\",\"urlTemplate\":\"https:\/\/onewood.dk\/?s={search_term_string}\"},\"query-input\":{\"@type\":\"PropertyValueSpecification\",\"valueRequired\":true,\"valueName\":\"search_term_string\"}}],\"inLanguage\":\"en-GB\"},{\"@type\":\"Organization\",\"@id\":\"https:\/\/onewood.dk\/#organization\",\"name\":\"One Wood Furniture A\/S\",\"url\":\"https:\/\/onewood.dk\/\",\"logo\":{\"@type\":\"ImageObject\",\"inLanguage\":\"en-GB\",\"@id\":\"https:\/\/onewood.dk\/#\/schema\/logo\/image\/\",\"url\":\"https:\/\/onewood.dk\/wp-content\/uploads\/2024\/12\/Logo.png\",\"contentUrl\":\"https:\/\/onewood.dk\/wp-content\/uploads\/2024\/12\/Logo.png\",\"width\":180,\"height\":90,\"caption\":\"One Wood Furniture A\/S\"},\"image\":{\"@id\":\"https:\/\/onewood.dk\/#\/schema\/logo\/image\/\"}}]}<\/script>\n<!-- \/ Yoast SEO plugin. -->","yoast_head_json":{"title":"8103TKV - Legek\u00f8kken - 3 rum - vaskemaskine | One Wood Furniture A\/S","robots":{"index":"index","follow":"follow","max-snippet":"max-snippet:-1","max-image-preview":"max-image-preview:large","max-video-preview":"max-video-preview:-1"},"canonical":"https:\/\/onewood.dk\/en\/product\/8103tkv-play-kitchen-3-compartment-washing-machine\/","og_locale":"en_GB","og_type":"article","og_title":"8103TKV - Legek\u00f8kken - 3 rum - vaskemaskine | One Wood Furniture A\/S","og_description":"B\u00f8rn nyder rolleleg, og det giver dem mulighed for at imiterer hverdagens aktiviteter. Rolleleg opst\u00e5r is\u00e6r, fordi det indbyder til samv\u00e6r og udvider de sociale f\u00e6rdigheder. Det er derfor vigtigt at skabe de rigtige rammer til dette. Legek\u00f8kken med 4 kogeplader med tilh\u00f8rende drejeknapper. Plastbalje udg\u00f8r det for vask og der er selvf\u00f8lgelig ogs\u00e5 et [&hellip;]","og_url":"https:\/\/onewood.dk\/en\/product\/8103tkv-play-kitchen-3-compartment-washing-machine\/","og_site_name":"One Wood Furniture A\/S","article_modified_time":"2025-02-26T11:48:39+00:00","og_image":[{"width":2560,"height":1707,"url":"https:\/\/onewood.dk\/wp-content\/uploads\/2024\/12\/6032-scaled.jpg","type":"image\/jpeg"}],"twitter_card":"summary_large_image","twitter_misc":{"Estimated reading time":"1 minute"},"schema":{"@context":"https:\/\/schema.org","@graph":[{"@type":"WebPage","@id":"https:\/\/onewood.dk\/vare\/8103tkv-legekoekken-3-rum-vaskemaskine\/","url":"https:\/\/onewood.dk\/vare\/8103tkv-legekoekken-3-rum-vaskemaskine\/","name":"8103TKV - Legek\u00f8kken - 3 rum - vaskemaskine | One Wood Furniture A\/S","isPartOf":{"@id":"https:\/\/onewood.dk\/#website"},"primaryImageOfPage":{"@id":"https:\/\/onewood.dk\/vare\/8103tkv-legekoekken-3-rum-vaskemaskine\/#primaryimage"},"image":{"@id":"https:\/\/onewood.dk\/vare\/8103tkv-legekoekken-3-rum-vaskemaskine\/#primaryimage"},"thumbnailUrl":"https:\/\/onewood.dk\/wp-content\/uploads\/2024\/12\/6032-scaled.jpg","datePublished":"2024-12-03T11:47:52+00:00","dateModified":"2025-02-26T11:48:39+00:00","breadcrumb":{"@id":"https:\/\/onewood.dk\/vare\/8103tkv-legekoekken-3-rum-vaskemaskine\/#breadcrumb"},"inLanguage":"en-GB","potentialAction":[{"@type":"ReadAction","target":["https:\/\/onewood.dk\/vare\/8103tkv-legekoekken-3-rum-vaskemaskine\/"]}]},{"@type":"ImageObject","inLanguage":"en-GB","@id":"https:\/\/onewood.dk\/vare\/8103tkv-legekoekken-3-rum-vaskemaskine\/#primaryimage","url":"https:\/\/onewood.dk\/wp-content\/uploads\/2024\/12\/6032-scaled.jpg","contentUrl":"https:\/\/onewood.dk\/wp-content\/uploads\/2024\/12\/6032-scaled.jpg","width":2560,"height":1707},{"@type":"BreadcrumbList","@id":"https:\/\/onewood.dk\/vare\/8103tkv-legekoekken-3-rum-vaskemaskine\/#breadcrumb","itemListElement":[{"@type":"ListItem","position":1,"name":"Varer","item":"https:\/\/onewood.dk\/shop\/"},{"@type":"ListItem","position":2,"name":"Legem\u00f8bler","item":"https:\/\/onewood.dk\/vare-kategori\/legemoebler\/"},{"@type":"ListItem","position":3,"name":"Legek\u00f8kkener","item":"https:\/\/onewood.dk\/vare-kategori\/legemoebler\/legekoekkener\/"},{"@type":"ListItem","position":4,"name":"8103TKV &#8211; Legek\u00f8kken &#8211; 3 rum &#8211; vaskemaskine"}]},{"@type":"WebSite","@id":"https:\/\/onewood.dk\/#website","url":"https:\/\/onewood.dk\/","name":"One Wood Furniture A\/S","description":"","publisher":{"@id":"https:\/\/onewood.dk\/#organization"},"potentialAction":[{"@type":"SearchAction","target":{"@type":"EntryPoint","urlTemplate":"https:\/\/onewood.dk\/?s={search_term_string}"},"query-input":{"@type":"PropertyValueSpecification","valueRequired":true,"valueName":"search_term_string"}}],"inLanguage":"en-GB"},{"@type":"Organization","@id":"https:\/\/onewood.dk\/#organization","name":"One Wood Furniture A\/S","url":"https:\/\/onewood.dk\/","logo":{"@type":"ImageObject","inLanguage":"en-GB","@id":"https:\/\/onewood.dk\/#\/schema\/logo\/image\/","url":"https:\/\/onewood.dk\/wp-content\/uploads\/2024\/12\/Logo.png","contentUrl":"https:\/\/onewood.dk\/wp-content\/uploads\/2024\/12\/Logo.png","width":180,"height":90,"caption":"One Wood Furniture A\/S"},"image":{"@id":"https:\/\/onewood.dk\/#\/schema\/logo\/image\/"}}]}},"_links":{"self":[{"href":"https:\/\/onewood.dk\/en\/wp-json\/wp\/v2\/product\/1856","targetHints":{"allow":["GET"]}}],"collection":[{"href":"https:\/\/onewood.dk\/en\/wp-json\/wp\/v2\/product"}],"about":[{"href":"https:\/\/onewood.dk\/en\/wp-json\/wp\/v2\/types\/product"}],"wp:featuredmedia":[{"embeddable":true,"href":"https:\/\/onewood.dk\/en\/wp-json\/wp\/v2\/media\/4193"}],"wp:attachment":[{"href":"https:\/\/onewood.dk\/en\/wp-json\/wp\/v2\/media?parent=1856"}],"wp:term":[{"taxonomy":"product_brand","embeddable":true,"href":"https:\/\/onewood.dk\/en\/wp-json\/wp\/v2\/product_brand?post=1856"},{"taxonomy":"product_cat","embeddable":true,"href":"https:\/\/onewood.dk\/en\/wp-json\/wp\/v2\/product_cat?post=1856"},{"taxonomy":"product_tag","embeddable":true,"href":"https:\/\/onewood.dk\/en\/wp-json\/wp\/v2\/product_tag?post=1856"}],"curies":[{"name":"wp","href":"https:\/\/api.w.org\/{rel}","templated":true}]}}