{"id":1859,"date":"2024-12-03T12:47:52","date_gmt":"2024-12-03T11:47:52","guid":{"rendered":"https:\/\/onewood.dkvare\/8846-laesehule-spidst-tag\/"},"modified":"2025-02-26T15:01:18","modified_gmt":"2025-02-26T14:01:18","slug":"8846-laesehule-spidst-tag","status":"publish","type":"product","link":"https:\/\/onewood.dk\/en\/product\/8846-reading-hole-pointed-roof\/","title":{"rendered":"8846 \u2013 Reading den \u2013 Pointed roof"},"content":{"rendered":"<p>Reading nooks help create spaces in the room that provide security and peace for contemplation. Ideal for relaxation and coziness.<\/p>\n<p>The reading nook is made of 18mm birch plywood with clear lacquer on the edges and laminate on all surfaces - Free choice between our standard laminate colors.<\/p>\n<p>Felt on the inside in AQSORB color AQ04<\/p>\n<p>The reading holes are delivered unassembled.<\/p>\n<p><strong>Additional purchases:<\/strong><\/p>\n<p>2 boxes on wheels for storage<\/p>\n<p>8847 \u2013 Cushion \u2013 960x960x50mm in London fabric<\/p>","protected":false},"excerpt":{"rendered":"<p>Reading nooks help create space in the room that provides security and peace for contemplation. Ideal for relaxation and coziness. The reading nook is made of 18mm birch plywood with clear lacquer on the edges and laminate on all surfaces - Free choice between our standard laminate colors. Felt on the inside in AQSORB color AQ04 The reading nooks are delivered unassembled Additional purchase: 2 [\u2026]<\/p>","protected":false},"featured_media":4205,"template":"","meta":[],"product_brand":[],"product_cat":[566],"product_tag":[],"class_list":{"0":"post-1859","1":"product","2":"type-product","3":"status-publish","4":"has-post-thumbnail","6":"product_cat-huse-fordybelse","8":"first","9":"instock","10":"product-type-simple"},"yoast_head":"<!-- This site is optimized with the Yoast SEO plugin v24.4 - https:\/\/yoast.com\/wordpress\/plugins\/seo\/ -->\n<title>8846 - L\u00e6sehule - Spidst tag | One Wood Furniture A\/S<\/title>\n<meta name=\"robots\" content=\"index, follow, max-snippet:-1, max-image-preview:large, max-video-preview:-1\" \/>\n<link rel=\"canonical\" href=\"https:\/\/onewood.dk\/en\/product\/8846-reading-hole-pointed-roof\/\" \/>\n<meta property=\"og:locale\" content=\"en_GB\" \/>\n<meta property=\"og:type\" content=\"article\" \/>\n<meta property=\"og:title\" content=\"8846 - L\u00e6sehule - Spidst tag | One Wood Furniture A\/S\" \/>\n<meta property=\"og:description\" content=\"L\u00e6sehuler er med til at skabe rum i rummet, der giver tryghed og ro til fordybelse. Ideel til afslapning og hygge. L\u00e6sehulen er udf\u00f8rt i 18mm birkekrydsfiner med klarlak p\u00e5 kanter og laminat p\u00e5 alle flader &#8211; Frit valg mellem vores standard laminatfarver. Filt p\u00e5 inderside i AQSORB farve AQ04 L\u00e6sehulerne leveres usamlet Tilk\u00f8b: 2 [&hellip;]\" \/>\n<meta property=\"og:url\" content=\"https:\/\/onewood.dk\/en\/product\/8846-reading-hole-pointed-roof\/\" \/>\n<meta property=\"og:site_name\" content=\"One Wood Furniture A\/S\" \/>\n<meta property=\"article:modified_time\" content=\"2025-02-26T14:01:18+00:00\" \/>\n<meta property=\"og:image\" content=\"https:\/\/onewood.dk\/wp-content\/uploads\/2024\/12\/6279-scaled.jpg\" \/>\n\t<meta property=\"og:image:width\" content=\"2560\" \/>\n\t<meta property=\"og:image:height\" content=\"1707\" \/>\n\t<meta property=\"og:image:type\" content=\"image\/jpeg\" \/>\n<meta name=\"twitter:card\" content=\"summary_large_image\" \/>\n<meta name=\"twitter:label1\" content=\"Estimated reading time\" \/>\n\t<meta name=\"twitter:data1\" content=\"1 minute\" \/>\n<script type=\"application\/ld+json\" class=\"yoast-schema-graph\">{\"@context\":\"https:\/\/schema.org\",\"@graph\":[{\"@type\":\"WebPage\",\"@id\":\"https:\/\/onewood.dk\/vare\/8846-laesehule-spidst-tag\/\",\"url\":\"https:\/\/onewood.dk\/vare\/8846-laesehule-spidst-tag\/\",\"name\":\"8846 - L\u00e6sehule - Spidst tag | One Wood Furniture A\/S\",\"isPartOf\":{\"@id\":\"https:\/\/onewood.dk\/#website\"},\"primaryImageOfPage\":{\"@id\":\"https:\/\/onewood.dk\/vare\/8846-laesehule-spidst-tag\/#primaryimage\"},\"image\":{\"@id\":\"https:\/\/onewood.dk\/vare\/8846-laesehule-spidst-tag\/#primaryimage\"},\"thumbnailUrl\":\"https:\/\/onewood.dk\/wp-content\/uploads\/2024\/12\/6279-scaled.jpg\",\"datePublished\":\"2024-12-03T11:47:52+00:00\",\"dateModified\":\"2025-02-26T14:01:18+00:00\",\"breadcrumb\":{\"@id\":\"https:\/\/onewood.dk\/vare\/8846-laesehule-spidst-tag\/#breadcrumb\"},\"inLanguage\":\"en-GB\",\"potentialAction\":[{\"@type\":\"ReadAction\",\"target\":[\"https:\/\/onewood.dk\/vare\/8846-laesehule-spidst-tag\/\"]}]},{\"@type\":\"ImageObject\",\"inLanguage\":\"en-GB\",\"@id\":\"https:\/\/onewood.dk\/vare\/8846-laesehule-spidst-tag\/#primaryimage\",\"url\":\"https:\/\/onewood.dk\/wp-content\/uploads\/2024\/12\/6279-scaled.jpg\",\"contentUrl\":\"https:\/\/onewood.dk\/wp-content\/uploads\/2024\/12\/6279-scaled.jpg\",\"width\":2560,\"height\":1707},{\"@type\":\"BreadcrumbList\",\"@id\":\"https:\/\/onewood.dk\/vare\/8846-laesehule-spidst-tag\/#breadcrumb\",\"itemListElement\":[{\"@type\":\"ListItem\",\"position\":1,\"name\":\"Varer\",\"item\":\"https:\/\/onewood.dk\/shop\/\"},{\"@type\":\"ListItem\",\"position\":2,\"name\":\"Huse \/ Fordybelse\",\"item\":\"https:\/\/onewood.dk\/vare-kategori\/huse-fordybelse\/\"},{\"@type\":\"ListItem\",\"position\":3,\"name\":\"8846 &#8211; L\u00e6sehule &#8211; Spidst tag\"}]},{\"@type\":\"WebSite\",\"@id\":\"https:\/\/onewood.dk\/#website\",\"url\":\"https:\/\/onewood.dk\/\",\"name\":\"One Wood Furniture A\/S\",\"description\":\"\",\"publisher\":{\"@id\":\"https:\/\/onewood.dk\/#organization\"},\"potentialAction\":[{\"@type\":\"SearchAction\",\"target\":{\"@type\":\"EntryPoint\",\"urlTemplate\":\"https:\/\/onewood.dk\/?s={search_term_string}\"},\"query-input\":{\"@type\":\"PropertyValueSpecification\",\"valueRequired\":true,\"valueName\":\"search_term_string\"}}],\"inLanguage\":\"en-GB\"},{\"@type\":\"Organization\",\"@id\":\"https:\/\/onewood.dk\/#organization\",\"name\":\"One Wood Furniture A\/S\",\"url\":\"https:\/\/onewood.dk\/\",\"logo\":{\"@type\":\"ImageObject\",\"inLanguage\":\"en-GB\",\"@id\":\"https:\/\/onewood.dk\/#\/schema\/logo\/image\/\",\"url\":\"https:\/\/onewood.dk\/wp-content\/uploads\/2024\/12\/Logo.png\",\"contentUrl\":\"https:\/\/onewood.dk\/wp-content\/uploads\/2024\/12\/Logo.png\",\"width\":180,\"height\":90,\"caption\":\"One Wood Furniture A\/S\"},\"image\":{\"@id\":\"https:\/\/onewood.dk\/#\/schema\/logo\/image\/\"}}]}<\/script>\n<!-- \/ Yoast SEO plugin. -->","yoast_head_json":{"title":"8846 - L\u00e6sehule - Spidst tag | One Wood Furniture A\/S","robots":{"index":"index","follow":"follow","max-snippet":"max-snippet:-1","max-image-preview":"max-image-preview:large","max-video-preview":"max-video-preview:-1"},"canonical":"https:\/\/onewood.dk\/en\/product\/8846-reading-hole-pointed-roof\/","og_locale":"en_GB","og_type":"article","og_title":"8846 - L\u00e6sehule - Spidst tag | One Wood Furniture A\/S","og_description":"L\u00e6sehuler er med til at skabe rum i rummet, der giver tryghed og ro til fordybelse. Ideel til afslapning og hygge. L\u00e6sehulen er udf\u00f8rt i 18mm birkekrydsfiner med klarlak p\u00e5 kanter og laminat p\u00e5 alle flader &#8211; Frit valg mellem vores standard laminatfarver. Filt p\u00e5 inderside i AQSORB farve AQ04 L\u00e6sehulerne leveres usamlet Tilk\u00f8b: 2 [&hellip;]","og_url":"https:\/\/onewood.dk\/en\/product\/8846-reading-hole-pointed-roof\/","og_site_name":"One Wood Furniture A\/S","article_modified_time":"2025-02-26T14:01:18+00:00","og_image":[{"width":2560,"height":1707,"url":"https:\/\/onewood.dk\/wp-content\/uploads\/2024\/12\/6279-scaled.jpg","type":"image\/jpeg"}],"twitter_card":"summary_large_image","twitter_misc":{"Estimated reading time":"1 minute"},"schema":{"@context":"https:\/\/schema.org","@graph":[{"@type":"WebPage","@id":"https:\/\/onewood.dk\/vare\/8846-laesehule-spidst-tag\/","url":"https:\/\/onewood.dk\/vare\/8846-laesehule-spidst-tag\/","name":"8846 - L\u00e6sehule - Spidst tag | One Wood Furniture A\/S","isPartOf":{"@id":"https:\/\/onewood.dk\/#website"},"primaryImageOfPage":{"@id":"https:\/\/onewood.dk\/vare\/8846-laesehule-spidst-tag\/#primaryimage"},"image":{"@id":"https:\/\/onewood.dk\/vare\/8846-laesehule-spidst-tag\/#primaryimage"},"thumbnailUrl":"https:\/\/onewood.dk\/wp-content\/uploads\/2024\/12\/6279-scaled.jpg","datePublished":"2024-12-03T11:47:52+00:00","dateModified":"2025-02-26T14:01:18+00:00","breadcrumb":{"@id":"https:\/\/onewood.dk\/vare\/8846-laesehule-spidst-tag\/#breadcrumb"},"inLanguage":"en-GB","potentialAction":[{"@type":"ReadAction","target":["https:\/\/onewood.dk\/vare\/8846-laesehule-spidst-tag\/"]}]},{"@type":"ImageObject","inLanguage":"en-GB","@id":"https:\/\/onewood.dk\/vare\/8846-laesehule-spidst-tag\/#primaryimage","url":"https:\/\/onewood.dk\/wp-content\/uploads\/2024\/12\/6279-scaled.jpg","contentUrl":"https:\/\/onewood.dk\/wp-content\/uploads\/2024\/12\/6279-scaled.jpg","width":2560,"height":1707},{"@type":"BreadcrumbList","@id":"https:\/\/onewood.dk\/vare\/8846-laesehule-spidst-tag\/#breadcrumb","itemListElement":[{"@type":"ListItem","position":1,"name":"Varer","item":"https:\/\/onewood.dk\/shop\/"},{"@type":"ListItem","position":2,"name":"Huse \/ Fordybelse","item":"https:\/\/onewood.dk\/vare-kategori\/huse-fordybelse\/"},{"@type":"ListItem","position":3,"name":"8846 &#8211; L\u00e6sehule &#8211; Spidst tag"}]},{"@type":"WebSite","@id":"https:\/\/onewood.dk\/#website","url":"https:\/\/onewood.dk\/","name":"One Wood Furniture A\/S","description":"","publisher":{"@id":"https:\/\/onewood.dk\/#organization"},"potentialAction":[{"@type":"SearchAction","target":{"@type":"EntryPoint","urlTemplate":"https:\/\/onewood.dk\/?s={search_term_string}"},"query-input":{"@type":"PropertyValueSpecification","valueRequired":true,"valueName":"search_term_string"}}],"inLanguage":"en-GB"},{"@type":"Organization","@id":"https:\/\/onewood.dk\/#organization","name":"One Wood Furniture A\/S","url":"https:\/\/onewood.dk\/","logo":{"@type":"ImageObject","inLanguage":"en-GB","@id":"https:\/\/onewood.dk\/#\/schema\/logo\/image\/","url":"https:\/\/onewood.dk\/wp-content\/uploads\/2024\/12\/Logo.png","contentUrl":"https:\/\/onewood.dk\/wp-content\/uploads\/2024\/12\/Logo.png","width":180,"height":90,"caption":"One Wood Furniture A\/S"},"image":{"@id":"https:\/\/onewood.dk\/#\/schema\/logo\/image\/"}}]}},"_links":{"self":[{"href":"https:\/\/onewood.dk\/en\/wp-json\/wp\/v2\/product\/1859","targetHints":{"allow":["GET"]}}],"collection":[{"href":"https:\/\/onewood.dk\/en\/wp-json\/wp\/v2\/product"}],"about":[{"href":"https:\/\/onewood.dk\/en\/wp-json\/wp\/v2\/types\/product"}],"wp:featuredmedia":[{"embeddable":true,"href":"https:\/\/onewood.dk\/en\/wp-json\/wp\/v2\/media\/4205"}],"wp:attachment":[{"href":"https:\/\/onewood.dk\/en\/wp-json\/wp\/v2\/media?parent=1859"}],"wp:term":[{"taxonomy":"product_brand","embeddable":true,"href":"https:\/\/onewood.dk\/en\/wp-json\/wp\/v2\/product_brand?post=1859"},{"taxonomy":"product_cat","embeddable":true,"href":"https:\/\/onewood.dk\/en\/wp-json\/wp\/v2\/product_cat?post=1859"},{"taxonomy":"product_tag","embeddable":true,"href":"https:\/\/onewood.dk\/en\/wp-json\/wp\/v2\/product_tag?post=1859"}],"curies":[{"name":"wp","href":"https:\/\/api.w.org\/{rel}","templated":true}]}}