{"id":1883,"date":"2024-12-03T12:47:55","date_gmt":"2024-12-03T11:47:55","guid":{"rendered":"https:\/\/onewood.dkvare\/8836-sekskantede-laesekasser\/"},"modified":"2025-02-26T14:58:17","modified_gmt":"2025-02-26T13:58:17","slug":"8836-sekskantede-laesekasser","status":"publish","type":"product","link":"https:\/\/onewood.dk\/en\/product\/8836-hexagonal-lock-boxes\/","title":{"rendered":"8836 \u2013 Hexagonal reading boxes"},"content":{"rendered":"<p>Here are reading boxes that are different and made in an exciting and more creative way.<\/p>\n<p>Fantastic and exciting interior design with many options that make you feel like you&#039;re floating in the room.<\/p>\n<p>Here there is time and space for an undisturbed break.<\/p>\n<p>This setup is absolutely stunningly beautiful and different.<\/p>\n<p>&nbsp;<\/p>\n<h5><strong>Cushions are optional<\/strong><\/h5>\n<p>9 stk. hynder &#8211; Varenr. 8837<\/p>","protected":false},"excerpt":{"rendered":"<p>Her er l\u00e6sekasser der er anderledes og udf\u00f8rt p\u00e5 en sp\u00e6ndende og mere kreativ m\u00e5de. Fantastisk og sp\u00e6ndende indretning med mange muligheder, som g\u00f8r du f\u00f8ler dig sv\u00e6vende i rummet. Her er der tid og plads til en uforstyrret pause. Denne ops\u00e6tning er helt fantastisk flot og anderledes. &nbsp; Hynder er tilk\u00f8b 9 stk. hynder [&hellip;]<\/p>","protected":false},"featured_media":4282,"template":"","meta":[],"product_brand":[],"product_cat":[566],"product_tag":[],"class_list":{"0":"post-1883","1":"product","2":"type-product","3":"status-publish","4":"has-post-thumbnail","6":"product_cat-huse-fordybelse","8":"first","9":"instock","10":"product-type-simple"},"yoast_head":"<!-- This site is optimized with the Yoast SEO plugin v24.4 - https:\/\/yoast.com\/wordpress\/plugins\/seo\/ -->\n<title>8836 - Sekskantede l\u00e6sekasser | One Wood Furniture A\/S<\/title>\n<meta name=\"robots\" content=\"index, follow, max-snippet:-1, max-image-preview:large, max-video-preview:-1\" \/>\n<link rel=\"canonical\" href=\"https:\/\/onewood.dk\/en\/product\/8836-hexagonal-lock-boxes\/\" \/>\n<meta property=\"og:locale\" content=\"en_GB\" \/>\n<meta property=\"og:type\" content=\"article\" \/>\n<meta property=\"og:title\" content=\"8836 - Sekskantede l\u00e6sekasser | One Wood Furniture A\/S\" \/>\n<meta property=\"og:description\" content=\"Her er l\u00e6sekasser der er anderledes og udf\u00f8rt p\u00e5 en sp\u00e6ndende og mere kreativ m\u00e5de. Fantastisk og sp\u00e6ndende indretning med mange muligheder, som g\u00f8r du f\u00f8ler dig sv\u00e6vende i rummet. Her er der tid og plads til en uforstyrret pause. Denne ops\u00e6tning er helt fantastisk flot og anderledes. &nbsp; Hynder er tilk\u00f8b 9 stk. hynder [&hellip;]\" \/>\n<meta property=\"og:url\" content=\"https:\/\/onewood.dk\/en\/product\/8836-hexagonal-lock-boxes\/\" \/>\n<meta property=\"og:site_name\" content=\"One Wood Furniture A\/S\" \/>\n<meta property=\"article:modified_time\" content=\"2025-02-26T13:58:17+00:00\" \/>\n<meta property=\"og:image\" content=\"https:\/\/onewood.dk\/wp-content\/uploads\/2024\/12\/6151-scaled.jpg\" \/>\n\t<meta property=\"og:image:width\" content=\"2560\" \/>\n\t<meta property=\"og:image:height\" content=\"1707\" \/>\n\t<meta property=\"og:image:type\" content=\"image\/jpeg\" \/>\n<meta name=\"twitter:card\" content=\"summary_large_image\" \/>\n<meta name=\"twitter:label1\" content=\"Estimated reading time\" \/>\n\t<meta name=\"twitter:data1\" content=\"1 minute\" \/>\n<script type=\"application\/ld+json\" class=\"yoast-schema-graph\">{\"@context\":\"https:\/\/schema.org\",\"@graph\":[{\"@type\":\"WebPage\",\"@id\":\"https:\/\/onewood.dk\/vare\/8836-sekskantede-laesekasser\/\",\"url\":\"https:\/\/onewood.dk\/vare\/8836-sekskantede-laesekasser\/\",\"name\":\"8836 - Sekskantede l\u00e6sekasser | One Wood Furniture A\/S\",\"isPartOf\":{\"@id\":\"https:\/\/onewood.dk\/#website\"},\"primaryImageOfPage\":{\"@id\":\"https:\/\/onewood.dk\/vare\/8836-sekskantede-laesekasser\/#primaryimage\"},\"image\":{\"@id\":\"https:\/\/onewood.dk\/vare\/8836-sekskantede-laesekasser\/#primaryimage\"},\"thumbnailUrl\":\"https:\/\/onewood.dk\/wp-content\/uploads\/2024\/12\/6151-scaled.jpg\",\"datePublished\":\"2024-12-03T11:47:55+00:00\",\"dateModified\":\"2025-02-26T13:58:17+00:00\",\"breadcrumb\":{\"@id\":\"https:\/\/onewood.dk\/vare\/8836-sekskantede-laesekasser\/#breadcrumb\"},\"inLanguage\":\"en-GB\",\"potentialAction\":[{\"@type\":\"ReadAction\",\"target\":[\"https:\/\/onewood.dk\/vare\/8836-sekskantede-laesekasser\/\"]}]},{\"@type\":\"ImageObject\",\"inLanguage\":\"en-GB\",\"@id\":\"https:\/\/onewood.dk\/vare\/8836-sekskantede-laesekasser\/#primaryimage\",\"url\":\"https:\/\/onewood.dk\/wp-content\/uploads\/2024\/12\/6151-scaled.jpg\",\"contentUrl\":\"https:\/\/onewood.dk\/wp-content\/uploads\/2024\/12\/6151-scaled.jpg\",\"width\":2560,\"height\":1707},{\"@type\":\"BreadcrumbList\",\"@id\":\"https:\/\/onewood.dk\/vare\/8836-sekskantede-laesekasser\/#breadcrumb\",\"itemListElement\":[{\"@type\":\"ListItem\",\"position\":1,\"name\":\"Varer\",\"item\":\"https:\/\/onewood.dk\/shop\/\"},{\"@type\":\"ListItem\",\"position\":2,\"name\":\"Huse \/ Fordybelse\",\"item\":\"https:\/\/onewood.dk\/vare-kategori\/huse-fordybelse\/\"},{\"@type\":\"ListItem\",\"position\":3,\"name\":\"8836 &#8211; Sekskantede l\u00e6sekasser\"}]},{\"@type\":\"WebSite\",\"@id\":\"https:\/\/onewood.dk\/#website\",\"url\":\"https:\/\/onewood.dk\/\",\"name\":\"One Wood Furniture A\/S\",\"description\":\"\",\"publisher\":{\"@id\":\"https:\/\/onewood.dk\/#organization\"},\"potentialAction\":[{\"@type\":\"SearchAction\",\"target\":{\"@type\":\"EntryPoint\",\"urlTemplate\":\"https:\/\/onewood.dk\/?s={search_term_string}\"},\"query-input\":{\"@type\":\"PropertyValueSpecification\",\"valueRequired\":true,\"valueName\":\"search_term_string\"}}],\"inLanguage\":\"en-GB\"},{\"@type\":\"Organization\",\"@id\":\"https:\/\/onewood.dk\/#organization\",\"name\":\"One Wood Furniture A\/S\",\"url\":\"https:\/\/onewood.dk\/\",\"logo\":{\"@type\":\"ImageObject\",\"inLanguage\":\"en-GB\",\"@id\":\"https:\/\/onewood.dk\/#\/schema\/logo\/image\/\",\"url\":\"https:\/\/onewood.dk\/wp-content\/uploads\/2024\/12\/Logo.png\",\"contentUrl\":\"https:\/\/onewood.dk\/wp-content\/uploads\/2024\/12\/Logo.png\",\"width\":180,\"height\":90,\"caption\":\"One Wood Furniture A\/S\"},\"image\":{\"@id\":\"https:\/\/onewood.dk\/#\/schema\/logo\/image\/\"}}]}<\/script>\n<!-- \/ Yoast SEO plugin. -->","yoast_head_json":{"title":"8836 - Sekskantede l\u00e6sekasser | One Wood Furniture A\/S","robots":{"index":"index","follow":"follow","max-snippet":"max-snippet:-1","max-image-preview":"max-image-preview:large","max-video-preview":"max-video-preview:-1"},"canonical":"https:\/\/onewood.dk\/en\/product\/8836-hexagonal-lock-boxes\/","og_locale":"en_GB","og_type":"article","og_title":"8836 - Sekskantede l\u00e6sekasser | One Wood Furniture A\/S","og_description":"Her er l\u00e6sekasser der er anderledes og udf\u00f8rt p\u00e5 en sp\u00e6ndende og mere kreativ m\u00e5de. Fantastisk og sp\u00e6ndende indretning med mange muligheder, som g\u00f8r du f\u00f8ler dig sv\u00e6vende i rummet. Her er der tid og plads til en uforstyrret pause. Denne ops\u00e6tning er helt fantastisk flot og anderledes. &nbsp; Hynder er tilk\u00f8b 9 stk. hynder [&hellip;]","og_url":"https:\/\/onewood.dk\/en\/product\/8836-hexagonal-lock-boxes\/","og_site_name":"One Wood Furniture A\/S","article_modified_time":"2025-02-26T13:58:17+00:00","og_image":[{"width":2560,"height":1707,"url":"https:\/\/onewood.dk\/wp-content\/uploads\/2024\/12\/6151-scaled.jpg","type":"image\/jpeg"}],"twitter_card":"summary_large_image","twitter_misc":{"Estimated reading time":"1 minute"},"schema":{"@context":"https:\/\/schema.org","@graph":[{"@type":"WebPage","@id":"https:\/\/onewood.dk\/vare\/8836-sekskantede-laesekasser\/","url":"https:\/\/onewood.dk\/vare\/8836-sekskantede-laesekasser\/","name":"8836 - Sekskantede l\u00e6sekasser | One Wood Furniture A\/S","isPartOf":{"@id":"https:\/\/onewood.dk\/#website"},"primaryImageOfPage":{"@id":"https:\/\/onewood.dk\/vare\/8836-sekskantede-laesekasser\/#primaryimage"},"image":{"@id":"https:\/\/onewood.dk\/vare\/8836-sekskantede-laesekasser\/#primaryimage"},"thumbnailUrl":"https:\/\/onewood.dk\/wp-content\/uploads\/2024\/12\/6151-scaled.jpg","datePublished":"2024-12-03T11:47:55+00:00","dateModified":"2025-02-26T13:58:17+00:00","breadcrumb":{"@id":"https:\/\/onewood.dk\/vare\/8836-sekskantede-laesekasser\/#breadcrumb"},"inLanguage":"en-GB","potentialAction":[{"@type":"ReadAction","target":["https:\/\/onewood.dk\/vare\/8836-sekskantede-laesekasser\/"]}]},{"@type":"ImageObject","inLanguage":"en-GB","@id":"https:\/\/onewood.dk\/vare\/8836-sekskantede-laesekasser\/#primaryimage","url":"https:\/\/onewood.dk\/wp-content\/uploads\/2024\/12\/6151-scaled.jpg","contentUrl":"https:\/\/onewood.dk\/wp-content\/uploads\/2024\/12\/6151-scaled.jpg","width":2560,"height":1707},{"@type":"BreadcrumbList","@id":"https:\/\/onewood.dk\/vare\/8836-sekskantede-laesekasser\/#breadcrumb","itemListElement":[{"@type":"ListItem","position":1,"name":"Varer","item":"https:\/\/onewood.dk\/shop\/"},{"@type":"ListItem","position":2,"name":"Huse \/ Fordybelse","item":"https:\/\/onewood.dk\/vare-kategori\/huse-fordybelse\/"},{"@type":"ListItem","position":3,"name":"8836 &#8211; Sekskantede l\u00e6sekasser"}]},{"@type":"WebSite","@id":"https:\/\/onewood.dk\/#website","url":"https:\/\/onewood.dk\/","name":"One Wood Furniture A\/S","description":"","publisher":{"@id":"https:\/\/onewood.dk\/#organization"},"potentialAction":[{"@type":"SearchAction","target":{"@type":"EntryPoint","urlTemplate":"https:\/\/onewood.dk\/?s={search_term_string}"},"query-input":{"@type":"PropertyValueSpecification","valueRequired":true,"valueName":"search_term_string"}}],"inLanguage":"en-GB"},{"@type":"Organization","@id":"https:\/\/onewood.dk\/#organization","name":"One Wood Furniture A\/S","url":"https:\/\/onewood.dk\/","logo":{"@type":"ImageObject","inLanguage":"en-GB","@id":"https:\/\/onewood.dk\/#\/schema\/logo\/image\/","url":"https:\/\/onewood.dk\/wp-content\/uploads\/2024\/12\/Logo.png","contentUrl":"https:\/\/onewood.dk\/wp-content\/uploads\/2024\/12\/Logo.png","width":180,"height":90,"caption":"One Wood Furniture A\/S"},"image":{"@id":"https:\/\/onewood.dk\/#\/schema\/logo\/image\/"}}]}},"_links":{"self":[{"href":"https:\/\/onewood.dk\/en\/wp-json\/wp\/v2\/product\/1883","targetHints":{"allow":["GET"]}}],"collection":[{"href":"https:\/\/onewood.dk\/en\/wp-json\/wp\/v2\/product"}],"about":[{"href":"https:\/\/onewood.dk\/en\/wp-json\/wp\/v2\/types\/product"}],"wp:featuredmedia":[{"embeddable":true,"href":"https:\/\/onewood.dk\/en\/wp-json\/wp\/v2\/media\/4282"}],"wp:attachment":[{"href":"https:\/\/onewood.dk\/en\/wp-json\/wp\/v2\/media?parent=1883"}],"wp:term":[{"taxonomy":"product_brand","embeddable":true,"href":"https:\/\/onewood.dk\/en\/wp-json\/wp\/v2\/product_brand?post=1883"},{"taxonomy":"product_cat","embeddable":true,"href":"https:\/\/onewood.dk\/en\/wp-json\/wp\/v2\/product_cat?post=1883"},{"taxonomy":"product_tag","embeddable":true,"href":"https:\/\/onewood.dk\/en\/wp-json\/wp\/v2\/product_tag?post=1883"}],"curies":[{"name":"wp","href":"https:\/\/api.w.org\/{rel}","templated":true}]}}