{"id":1915,"date":"2024-12-03T12:48:01","date_gmt":"2024-12-03T11:48:01","guid":{"rendered":"https:\/\/onewood.dkvare\/23301-legekasse-m-put-i-hul-laag\/"},"modified":"2025-03-31T10:18:26","modified_gmt":"2025-03-31T08:18:26","slug":"23301-legekasse-m-put-i-hul-laag","status":"publish","type":"product","link":"https:\/\/onewood.dk\/en\/product\/23301-play-box-with-insert-hole-lid\/","title":{"rendered":"23301 \u2013 Play box w\/put in hollow lid"},"content":{"rendered":"<p>15mm clear lacquered birch plywood<\/p>\n<p>Top plate with Desktop Linoleum 4166 Charcoal<\/p>\n<p>Top plate is mounted with magnets 10mm between lid and box<\/p>\n<p>The box is lined on the inside with 3mm neoprene.<\/p>\n<p>Small window<\/p>\n<p>2 sets of blocks included<\/p>","protected":false},"excerpt":{"rendered":"<p>15mm clear lacquered birch plywood Top plate with Desktop Linoleum 4166 Charcoal Top plate is mounted with magnets 10mm between lid and box The box is lined on the inside with 3mm neoprene Small window 2 sets of blocks included<\/p>","protected":false},"featured_media":4390,"template":"","meta":[],"product_brand":[],"product_cat":[678,567],"product_tag":[],"class_list":{"0":"post-1915","1":"product","2":"type-product","3":"status-publish","4":"has-post-thumbnail","6":"product_cat-legekasser","7":"product_cat-mobileplay-sortiment","9":"first","10":"instock","11":"product-type-simple"},"yoast_head":"<!-- This site is optimized with the Yoast SEO plugin v24.4 - https:\/\/yoast.com\/wordpress\/plugins\/seo\/ -->\n<title>23301 - Legekasse m\/put i hul l\u00e5g | One Wood Furniture A\/S<\/title>\n<meta name=\"robots\" content=\"index, follow, max-snippet:-1, max-image-preview:large, max-video-preview:-1\" \/>\n<link rel=\"canonical\" href=\"https:\/\/onewood.dk\/en\/product\/23301-play-box-with-insert-hole-lid\/\" \/>\n<meta property=\"og:locale\" content=\"en_GB\" \/>\n<meta property=\"og:type\" content=\"article\" \/>\n<meta property=\"og:title\" content=\"23301 - Legekasse m\/put i hul l\u00e5g | One Wood Furniture A\/S\" \/>\n<meta property=\"og:description\" content=\"15mm klarlakeret birkekrydsfiner Topplade med Desktop Linoleum 4166 Charcoal Topplade monteres med magneter 10mm mellem l\u00e5g og kasse Kassen er foret indvendigt med 3mm neopren Lille vindue 2 s\u00e6t klodser f\u00f8lger med\" \/>\n<meta property=\"og:url\" content=\"https:\/\/onewood.dk\/en\/product\/23301-play-box-with-insert-hole-lid\/\" \/>\n<meta property=\"og:site_name\" content=\"One Wood Furniture A\/S\" \/>\n<meta property=\"article:modified_time\" content=\"2025-03-31T08:18:26+00:00\" \/>\n<meta property=\"og:image\" content=\"https:\/\/onewood.dk\/wp-content\/uploads\/2024\/12\/6386-scaled.jpg\" \/>\n\t<meta property=\"og:image:width\" content=\"2560\" \/>\n\t<meta property=\"og:image:height\" content=\"1707\" \/>\n\t<meta property=\"og:image:type\" content=\"image\/jpeg\" \/>\n<meta name=\"twitter:card\" content=\"summary_large_image\" \/>\n<meta name=\"twitter:label1\" content=\"Estimated reading time\" \/>\n\t<meta name=\"twitter:data1\" content=\"1 minute\" \/>\n<script type=\"application\/ld+json\" class=\"yoast-schema-graph\">{\"@context\":\"https:\/\/schema.org\",\"@graph\":[{\"@type\":\"WebPage\",\"@id\":\"https:\/\/onewood.dk\/vare\/23301-legekasse-m-put-i-hul-laag\/\",\"url\":\"https:\/\/onewood.dk\/vare\/23301-legekasse-m-put-i-hul-laag\/\",\"name\":\"23301 - Legekasse m\/put i hul l\u00e5g | One Wood Furniture A\/S\",\"isPartOf\":{\"@id\":\"https:\/\/onewood.dk\/#website\"},\"primaryImageOfPage\":{\"@id\":\"https:\/\/onewood.dk\/vare\/23301-legekasse-m-put-i-hul-laag\/#primaryimage\"},\"image\":{\"@id\":\"https:\/\/onewood.dk\/vare\/23301-legekasse-m-put-i-hul-laag\/#primaryimage\"},\"thumbnailUrl\":\"https:\/\/onewood.dk\/wp-content\/uploads\/2024\/12\/6386-scaled.jpg\",\"datePublished\":\"2024-12-03T11:48:01+00:00\",\"dateModified\":\"2025-03-31T08:18:26+00:00\",\"breadcrumb\":{\"@id\":\"https:\/\/onewood.dk\/vare\/23301-legekasse-m-put-i-hul-laag\/#breadcrumb\"},\"inLanguage\":\"en-GB\",\"potentialAction\":[{\"@type\":\"ReadAction\",\"target\":[\"https:\/\/onewood.dk\/vare\/23301-legekasse-m-put-i-hul-laag\/\"]}]},{\"@type\":\"ImageObject\",\"inLanguage\":\"en-GB\",\"@id\":\"https:\/\/onewood.dk\/vare\/23301-legekasse-m-put-i-hul-laag\/#primaryimage\",\"url\":\"https:\/\/onewood.dk\/wp-content\/uploads\/2024\/12\/6386-scaled.jpg\",\"contentUrl\":\"https:\/\/onewood.dk\/wp-content\/uploads\/2024\/12\/6386-scaled.jpg\",\"width\":2560,\"height\":1707},{\"@type\":\"BreadcrumbList\",\"@id\":\"https:\/\/onewood.dk\/vare\/23301-legekasse-m-put-i-hul-laag\/#breadcrumb\",\"itemListElement\":[{\"@type\":\"ListItem\",\"position\":1,\"name\":\"Varer\",\"item\":\"https:\/\/onewood.dk\/shop\/\"},{\"@type\":\"ListItem\",\"position\":2,\"name\":\"Mobileplay sortiment\",\"item\":\"https:\/\/onewood.dk\/vare-kategori\/mobileplay-sortiment\/\"},{\"@type\":\"ListItem\",\"position\":3,\"name\":\"Legekasser\",\"item\":\"https:\/\/onewood.dk\/vare-kategori\/mobileplay-sortiment\/legekasser\/\"},{\"@type\":\"ListItem\",\"position\":4,\"name\":\"23301 &#8211; Legekasse m\/put i hul l\u00e5g\"}]},{\"@type\":\"WebSite\",\"@id\":\"https:\/\/onewood.dk\/#website\",\"url\":\"https:\/\/onewood.dk\/\",\"name\":\"One Wood Furniture A\/S\",\"description\":\"\",\"publisher\":{\"@id\":\"https:\/\/onewood.dk\/#organization\"},\"potentialAction\":[{\"@type\":\"SearchAction\",\"target\":{\"@type\":\"EntryPoint\",\"urlTemplate\":\"https:\/\/onewood.dk\/?s={search_term_string}\"},\"query-input\":{\"@type\":\"PropertyValueSpecification\",\"valueRequired\":true,\"valueName\":\"search_term_string\"}}],\"inLanguage\":\"en-GB\"},{\"@type\":\"Organization\",\"@id\":\"https:\/\/onewood.dk\/#organization\",\"name\":\"One Wood Furniture A\/S\",\"url\":\"https:\/\/onewood.dk\/\",\"logo\":{\"@type\":\"ImageObject\",\"inLanguage\":\"en-GB\",\"@id\":\"https:\/\/onewood.dk\/#\/schema\/logo\/image\/\",\"url\":\"https:\/\/onewood.dk\/wp-content\/uploads\/2024\/12\/Logo.png\",\"contentUrl\":\"https:\/\/onewood.dk\/wp-content\/uploads\/2024\/12\/Logo.png\",\"width\":180,\"height\":90,\"caption\":\"One Wood Furniture A\/S\"},\"image\":{\"@id\":\"https:\/\/onewood.dk\/#\/schema\/logo\/image\/\"}}]}<\/script>\n<!-- \/ Yoast SEO plugin. -->","yoast_head_json":{"title":"23301 - Legekasse m\/put i hul l\u00e5g | One Wood Furniture A\/S","robots":{"index":"index","follow":"follow","max-snippet":"max-snippet:-1","max-image-preview":"max-image-preview:large","max-video-preview":"max-video-preview:-1"},"canonical":"https:\/\/onewood.dk\/en\/product\/23301-play-box-with-insert-hole-lid\/","og_locale":"en_GB","og_type":"article","og_title":"23301 - Legekasse m\/put i hul l\u00e5g | One Wood Furniture A\/S","og_description":"15mm klarlakeret birkekrydsfiner Topplade med Desktop Linoleum 4166 Charcoal Topplade monteres med magneter 10mm mellem l\u00e5g og kasse Kassen er foret indvendigt med 3mm neopren Lille vindue 2 s\u00e6t klodser f\u00f8lger med","og_url":"https:\/\/onewood.dk\/en\/product\/23301-play-box-with-insert-hole-lid\/","og_site_name":"One Wood Furniture A\/S","article_modified_time":"2025-03-31T08:18:26+00:00","og_image":[{"width":2560,"height":1707,"url":"https:\/\/onewood.dk\/wp-content\/uploads\/2024\/12\/6386-scaled.jpg","type":"image\/jpeg"}],"twitter_card":"summary_large_image","twitter_misc":{"Estimated reading time":"1 minute"},"schema":{"@context":"https:\/\/schema.org","@graph":[{"@type":"WebPage","@id":"https:\/\/onewood.dk\/vare\/23301-legekasse-m-put-i-hul-laag\/","url":"https:\/\/onewood.dk\/vare\/23301-legekasse-m-put-i-hul-laag\/","name":"23301 - Legekasse m\/put i hul l\u00e5g | One Wood Furniture A\/S","isPartOf":{"@id":"https:\/\/onewood.dk\/#website"},"primaryImageOfPage":{"@id":"https:\/\/onewood.dk\/vare\/23301-legekasse-m-put-i-hul-laag\/#primaryimage"},"image":{"@id":"https:\/\/onewood.dk\/vare\/23301-legekasse-m-put-i-hul-laag\/#primaryimage"},"thumbnailUrl":"https:\/\/onewood.dk\/wp-content\/uploads\/2024\/12\/6386-scaled.jpg","datePublished":"2024-12-03T11:48:01+00:00","dateModified":"2025-03-31T08:18:26+00:00","breadcrumb":{"@id":"https:\/\/onewood.dk\/vare\/23301-legekasse-m-put-i-hul-laag\/#breadcrumb"},"inLanguage":"en-GB","potentialAction":[{"@type":"ReadAction","target":["https:\/\/onewood.dk\/vare\/23301-legekasse-m-put-i-hul-laag\/"]}]},{"@type":"ImageObject","inLanguage":"en-GB","@id":"https:\/\/onewood.dk\/vare\/23301-legekasse-m-put-i-hul-laag\/#primaryimage","url":"https:\/\/onewood.dk\/wp-content\/uploads\/2024\/12\/6386-scaled.jpg","contentUrl":"https:\/\/onewood.dk\/wp-content\/uploads\/2024\/12\/6386-scaled.jpg","width":2560,"height":1707},{"@type":"BreadcrumbList","@id":"https:\/\/onewood.dk\/vare\/23301-legekasse-m-put-i-hul-laag\/#breadcrumb","itemListElement":[{"@type":"ListItem","position":1,"name":"Varer","item":"https:\/\/onewood.dk\/shop\/"},{"@type":"ListItem","position":2,"name":"Mobileplay sortiment","item":"https:\/\/onewood.dk\/vare-kategori\/mobileplay-sortiment\/"},{"@type":"ListItem","position":3,"name":"Legekasser","item":"https:\/\/onewood.dk\/vare-kategori\/mobileplay-sortiment\/legekasser\/"},{"@type":"ListItem","position":4,"name":"23301 &#8211; Legekasse m\/put i hul l\u00e5g"}]},{"@type":"WebSite","@id":"https:\/\/onewood.dk\/#website","url":"https:\/\/onewood.dk\/","name":"One Wood Furniture A\/S","description":"","publisher":{"@id":"https:\/\/onewood.dk\/#organization"},"potentialAction":[{"@type":"SearchAction","target":{"@type":"EntryPoint","urlTemplate":"https:\/\/onewood.dk\/?s={search_term_string}"},"query-input":{"@type":"PropertyValueSpecification","valueRequired":true,"valueName":"search_term_string"}}],"inLanguage":"en-GB"},{"@type":"Organization","@id":"https:\/\/onewood.dk\/#organization","name":"One Wood Furniture A\/S","url":"https:\/\/onewood.dk\/","logo":{"@type":"ImageObject","inLanguage":"en-GB","@id":"https:\/\/onewood.dk\/#\/schema\/logo\/image\/","url":"https:\/\/onewood.dk\/wp-content\/uploads\/2024\/12\/Logo.png","contentUrl":"https:\/\/onewood.dk\/wp-content\/uploads\/2024\/12\/Logo.png","width":180,"height":90,"caption":"One Wood Furniture A\/S"},"image":{"@id":"https:\/\/onewood.dk\/#\/schema\/logo\/image\/"}}]}},"_links":{"self":[{"href":"https:\/\/onewood.dk\/en\/wp-json\/wp\/v2\/product\/1915","targetHints":{"allow":["GET"]}}],"collection":[{"href":"https:\/\/onewood.dk\/en\/wp-json\/wp\/v2\/product"}],"about":[{"href":"https:\/\/onewood.dk\/en\/wp-json\/wp\/v2\/types\/product"}],"wp:featuredmedia":[{"embeddable":true,"href":"https:\/\/onewood.dk\/en\/wp-json\/wp\/v2\/media\/4390"}],"wp:attachment":[{"href":"https:\/\/onewood.dk\/en\/wp-json\/wp\/v2\/media?parent=1915"}],"wp:term":[{"taxonomy":"product_brand","embeddable":true,"href":"https:\/\/onewood.dk\/en\/wp-json\/wp\/v2\/product_brand?post=1915"},{"taxonomy":"product_cat","embeddable":true,"href":"https:\/\/onewood.dk\/en\/wp-json\/wp\/v2\/product_cat?post=1915"},{"taxonomy":"product_tag","embeddable":true,"href":"https:\/\/onewood.dk\/en\/wp-json\/wp\/v2\/product_tag?post=1915"}],"curies":[{"name":"wp","href":"https:\/\/api.w.org\/{rel}","templated":true}]}}