{"id":1943,"date":"2024-12-03T12:48:04","date_gmt":"2024-12-03T11:48:04","guid":{"rendered":"https:\/\/onewood.dkvare\/s8103l-legebord-med-plastkasse-3bx1h\/"},"modified":"2025-02-25T13:22:47","modified_gmt":"2025-02-25T12:22:47","slug":"s8103l-legebord-med-plastkasse-3bx1h","status":"publish","type":"product","link":"https:\/\/onewood.dk\/en\/product\/s8103l-play-table-with-plastic-box-3bx1h\/","title":{"rendered":"S8103L \u2013 Play table with plastic box 3Wx1H"},"content":{"rendered":"<p>15mm white pigmented birch plywood. Supplied as standard with light grey laminate on top panel. You can choose between One Wood&#039;s standard laminate colours.<\/p>\n<p>Mobile and functional play table with plastic boxes under the tabletop for easy and quick storage.<br \/>\nThe table has a round edge on the top, suitable for playing with beads, Lego, dolls, cars or other things.<br \/>\nThe table is equipped with 2 plates that can be easily lifted up, various toys can be easily pushed down into the underlying box.<\/p>\n<p>2 pieces F2 Gratnell&#039;s plastic box - medium<br \/>\n2 pieces F1 Gratnells Plastic Case - Small<\/p>\n<p>Can be delivered in clear lacquer, this must be stated when ordering.<\/p>\n<p><strong>ADDITIONAL:<\/strong><\/p>\n<p>8117LE \u2013 Linoleum on top plate<\/p>","protected":false},"excerpt":{"rendered":"<p>15mm white pigmented birch plywood. Comes as standard with light grey laminate on top. You can freely choose between One Wood&#039;s standard laminate colours. Mobile and functional play table with plastic boxes under the table top for easy and quick storage. The table has a round edge on the top, suitable for playing with beads, Lego, dolls, cars or other things. The table is furnished with [\u2026]<\/p>","protected":false},"featured_media":4478,"template":"","meta":[],"product_brand":[],"product_cat":[558,684],"product_tag":[],"class_list":{"0":"post-1943","1":"product","2":"type-product","3":"status-publish","4":"has-post-thumbnail","6":"product_cat-borde-baenke-taburetter","7":"product_cat-legebord-med-plastkasser","9":"first","10":"instock","11":"product-type-simple"},"yoast_head":"<!-- This site is optimized with the Yoast SEO plugin v24.4 - https:\/\/yoast.com\/wordpress\/plugins\/seo\/ -->\n<title>S8103L - Legebord med plastkasse 3Bx1H | One Wood Furniture A\/S<\/title>\n<meta name=\"robots\" content=\"index, follow, max-snippet:-1, max-image-preview:large, max-video-preview:-1\" \/>\n<link rel=\"canonical\" href=\"https:\/\/onewood.dk\/en\/product\/s8103l-play-table-with-plastic-box-3bx1h\/\" \/>\n<meta property=\"og:locale\" content=\"en_GB\" \/>\n<meta property=\"og:type\" content=\"article\" \/>\n<meta property=\"og:title\" content=\"S8103L - Legebord med plastkasse 3Bx1H | One Wood Furniture A\/S\" \/>\n<meta property=\"og:description\" content=\"15mm hvidpigmenteret birkekrydsfiner. Leveres som standard med lys gr\u00e5 laminat p\u00e5 topplade. Der kan frit v\u00e6lges mellem One Wood&#8217;s standard laminatfarver. Mobilt og funktionelt legebord med plastkasser under bordplade for nem og hurtig opbevaring. Bordet har en kant rund p\u00e5 toppen, velegnet til leg med perler, Lego, dukker, biler eller andet. Bordet er indrettet med [&hellip;]\" \/>\n<meta property=\"og:url\" content=\"https:\/\/onewood.dk\/en\/product\/s8103l-play-table-with-plastic-box-3bx1h\/\" \/>\n<meta property=\"og:site_name\" content=\"One Wood Furniture A\/S\" \/>\n<meta property=\"article:modified_time\" content=\"2025-02-25T12:22:47+00:00\" \/>\n<meta property=\"og:image\" content=\"https:\/\/onewood.dk\/wp-content\/uploads\/2024\/12\/6580-scaled.jpg\" \/>\n\t<meta property=\"og:image:width\" content=\"2560\" \/>\n\t<meta property=\"og:image:height\" content=\"1707\" \/>\n\t<meta property=\"og:image:type\" content=\"image\/jpeg\" \/>\n<meta name=\"twitter:card\" content=\"summary_large_image\" \/>\n<meta name=\"twitter:label1\" content=\"Estimated reading time\" \/>\n\t<meta name=\"twitter:data1\" content=\"1 minute\" \/>\n<script type=\"application\/ld+json\" class=\"yoast-schema-graph\">{\"@context\":\"https:\/\/schema.org\",\"@graph\":[{\"@type\":\"WebPage\",\"@id\":\"https:\/\/onewood.dk\/vare\/s8103l-legebord-med-plastkasse-3bx1h\/\",\"url\":\"https:\/\/onewood.dk\/vare\/s8103l-legebord-med-plastkasse-3bx1h\/\",\"name\":\"S8103L - Legebord med plastkasse 3Bx1H | One Wood Furniture A\/S\",\"isPartOf\":{\"@id\":\"https:\/\/onewood.dk\/#website\"},\"primaryImageOfPage\":{\"@id\":\"https:\/\/onewood.dk\/vare\/s8103l-legebord-med-plastkasse-3bx1h\/#primaryimage\"},\"image\":{\"@id\":\"https:\/\/onewood.dk\/vare\/s8103l-legebord-med-plastkasse-3bx1h\/#primaryimage\"},\"thumbnailUrl\":\"https:\/\/onewood.dk\/wp-content\/uploads\/2024\/12\/6580-scaled.jpg\",\"datePublished\":\"2024-12-03T11:48:04+00:00\",\"dateModified\":\"2025-02-25T12:22:47+00:00\",\"breadcrumb\":{\"@id\":\"https:\/\/onewood.dk\/vare\/s8103l-legebord-med-plastkasse-3bx1h\/#breadcrumb\"},\"inLanguage\":\"en-GB\",\"potentialAction\":[{\"@type\":\"ReadAction\",\"target\":[\"https:\/\/onewood.dk\/vare\/s8103l-legebord-med-plastkasse-3bx1h\/\"]}]},{\"@type\":\"ImageObject\",\"inLanguage\":\"en-GB\",\"@id\":\"https:\/\/onewood.dk\/vare\/s8103l-legebord-med-plastkasse-3bx1h\/#primaryimage\",\"url\":\"https:\/\/onewood.dk\/wp-content\/uploads\/2024\/12\/6580-scaled.jpg\",\"contentUrl\":\"https:\/\/onewood.dk\/wp-content\/uploads\/2024\/12\/6580-scaled.jpg\",\"width\":2560,\"height\":1707},{\"@type\":\"BreadcrumbList\",\"@id\":\"https:\/\/onewood.dk\/vare\/s8103l-legebord-med-plastkasse-3bx1h\/#breadcrumb\",\"itemListElement\":[{\"@type\":\"ListItem\",\"position\":1,\"name\":\"Varer\",\"item\":\"https:\/\/onewood.dk\/shop\/\"},{\"@type\":\"ListItem\",\"position\":2,\"name\":\"Borde, b\u00e6nke &amp; taburetter\",\"item\":\"https:\/\/onewood.dk\/vare-kategori\/borde-baenke-taburetter\/\"},{\"@type\":\"ListItem\",\"position\":3,\"name\":\"Legebord med plastkasser\",\"item\":\"https:\/\/onewood.dk\/vare-kategori\/borde-baenke-taburetter\/legebord-med-plastkasser\/\"},{\"@type\":\"ListItem\",\"position\":4,\"name\":\"S8103L &#8211; Legebord med plastkasse 3Bx1H\"}]},{\"@type\":\"WebSite\",\"@id\":\"https:\/\/onewood.dk\/#website\",\"url\":\"https:\/\/onewood.dk\/\",\"name\":\"One Wood Furniture A\/S\",\"description\":\"\",\"publisher\":{\"@id\":\"https:\/\/onewood.dk\/#organization\"},\"potentialAction\":[{\"@type\":\"SearchAction\",\"target\":{\"@type\":\"EntryPoint\",\"urlTemplate\":\"https:\/\/onewood.dk\/?s={search_term_string}\"},\"query-input\":{\"@type\":\"PropertyValueSpecification\",\"valueRequired\":true,\"valueName\":\"search_term_string\"}}],\"inLanguage\":\"en-GB\"},{\"@type\":\"Organization\",\"@id\":\"https:\/\/onewood.dk\/#organization\",\"name\":\"One Wood Furniture A\/S\",\"url\":\"https:\/\/onewood.dk\/\",\"logo\":{\"@type\":\"ImageObject\",\"inLanguage\":\"en-GB\",\"@id\":\"https:\/\/onewood.dk\/#\/schema\/logo\/image\/\",\"url\":\"https:\/\/onewood.dk\/wp-content\/uploads\/2024\/12\/Logo.png\",\"contentUrl\":\"https:\/\/onewood.dk\/wp-content\/uploads\/2024\/12\/Logo.png\",\"width\":180,\"height\":90,\"caption\":\"One Wood Furniture A\/S\"},\"image\":{\"@id\":\"https:\/\/onewood.dk\/#\/schema\/logo\/image\/\"}}]}<\/script>\n<!-- \/ Yoast SEO plugin. -->","yoast_head_json":{"title":"S8103L - Legebord med plastkasse 3Bx1H | One Wood Furniture A\/S","robots":{"index":"index","follow":"follow","max-snippet":"max-snippet:-1","max-image-preview":"max-image-preview:large","max-video-preview":"max-video-preview:-1"},"canonical":"https:\/\/onewood.dk\/en\/product\/s8103l-play-table-with-plastic-box-3bx1h\/","og_locale":"en_GB","og_type":"article","og_title":"S8103L - Legebord med plastkasse 3Bx1H | One Wood Furniture A\/S","og_description":"15mm hvidpigmenteret birkekrydsfiner. Leveres som standard med lys gr\u00e5 laminat p\u00e5 topplade. Der kan frit v\u00e6lges mellem One Wood&#8217;s standard laminatfarver. Mobilt og funktionelt legebord med plastkasser under bordplade for nem og hurtig opbevaring. Bordet har en kant rund p\u00e5 toppen, velegnet til leg med perler, Lego, dukker, biler eller andet. Bordet er indrettet med [&hellip;]","og_url":"https:\/\/onewood.dk\/en\/product\/s8103l-play-table-with-plastic-box-3bx1h\/","og_site_name":"One Wood Furniture A\/S","article_modified_time":"2025-02-25T12:22:47+00:00","og_image":[{"width":2560,"height":1707,"url":"https:\/\/onewood.dk\/wp-content\/uploads\/2024\/12\/6580-scaled.jpg","type":"image\/jpeg"}],"twitter_card":"summary_large_image","twitter_misc":{"Estimated reading time":"1 minute"},"schema":{"@context":"https:\/\/schema.org","@graph":[{"@type":"WebPage","@id":"https:\/\/onewood.dk\/vare\/s8103l-legebord-med-plastkasse-3bx1h\/","url":"https:\/\/onewood.dk\/vare\/s8103l-legebord-med-plastkasse-3bx1h\/","name":"S8103L - Legebord med plastkasse 3Bx1H | One Wood Furniture A\/S","isPartOf":{"@id":"https:\/\/onewood.dk\/#website"},"primaryImageOfPage":{"@id":"https:\/\/onewood.dk\/vare\/s8103l-legebord-med-plastkasse-3bx1h\/#primaryimage"},"image":{"@id":"https:\/\/onewood.dk\/vare\/s8103l-legebord-med-plastkasse-3bx1h\/#primaryimage"},"thumbnailUrl":"https:\/\/onewood.dk\/wp-content\/uploads\/2024\/12\/6580-scaled.jpg","datePublished":"2024-12-03T11:48:04+00:00","dateModified":"2025-02-25T12:22:47+00:00","breadcrumb":{"@id":"https:\/\/onewood.dk\/vare\/s8103l-legebord-med-plastkasse-3bx1h\/#breadcrumb"},"inLanguage":"en-GB","potentialAction":[{"@type":"ReadAction","target":["https:\/\/onewood.dk\/vare\/s8103l-legebord-med-plastkasse-3bx1h\/"]}]},{"@type":"ImageObject","inLanguage":"en-GB","@id":"https:\/\/onewood.dk\/vare\/s8103l-legebord-med-plastkasse-3bx1h\/#primaryimage","url":"https:\/\/onewood.dk\/wp-content\/uploads\/2024\/12\/6580-scaled.jpg","contentUrl":"https:\/\/onewood.dk\/wp-content\/uploads\/2024\/12\/6580-scaled.jpg","width":2560,"height":1707},{"@type":"BreadcrumbList","@id":"https:\/\/onewood.dk\/vare\/s8103l-legebord-med-plastkasse-3bx1h\/#breadcrumb","itemListElement":[{"@type":"ListItem","position":1,"name":"Varer","item":"https:\/\/onewood.dk\/shop\/"},{"@type":"ListItem","position":2,"name":"Borde, b\u00e6nke &amp; taburetter","item":"https:\/\/onewood.dk\/vare-kategori\/borde-baenke-taburetter\/"},{"@type":"ListItem","position":3,"name":"Legebord med plastkasser","item":"https:\/\/onewood.dk\/vare-kategori\/borde-baenke-taburetter\/legebord-med-plastkasser\/"},{"@type":"ListItem","position":4,"name":"S8103L &#8211; Legebord med plastkasse 3Bx1H"}]},{"@type":"WebSite","@id":"https:\/\/onewood.dk\/#website","url":"https:\/\/onewood.dk\/","name":"One Wood Furniture A\/S","description":"","publisher":{"@id":"https:\/\/onewood.dk\/#organization"},"potentialAction":[{"@type":"SearchAction","target":{"@type":"EntryPoint","urlTemplate":"https:\/\/onewood.dk\/?s={search_term_string}"},"query-input":{"@type":"PropertyValueSpecification","valueRequired":true,"valueName":"search_term_string"}}],"inLanguage":"en-GB"},{"@type":"Organization","@id":"https:\/\/onewood.dk\/#organization","name":"One Wood Furniture A\/S","url":"https:\/\/onewood.dk\/","logo":{"@type":"ImageObject","inLanguage":"en-GB","@id":"https:\/\/onewood.dk\/#\/schema\/logo\/image\/","url":"https:\/\/onewood.dk\/wp-content\/uploads\/2024\/12\/Logo.png","contentUrl":"https:\/\/onewood.dk\/wp-content\/uploads\/2024\/12\/Logo.png","width":180,"height":90,"caption":"One Wood Furniture A\/S"},"image":{"@id":"https:\/\/onewood.dk\/#\/schema\/logo\/image\/"}}]}},"_links":{"self":[{"href":"https:\/\/onewood.dk\/en\/wp-json\/wp\/v2\/product\/1943","targetHints":{"allow":["GET"]}}],"collection":[{"href":"https:\/\/onewood.dk\/en\/wp-json\/wp\/v2\/product"}],"about":[{"href":"https:\/\/onewood.dk\/en\/wp-json\/wp\/v2\/types\/product"}],"wp:featuredmedia":[{"embeddable":true,"href":"https:\/\/onewood.dk\/en\/wp-json\/wp\/v2\/media\/4478"}],"wp:attachment":[{"href":"https:\/\/onewood.dk\/en\/wp-json\/wp\/v2\/media?parent=1943"}],"wp:term":[{"taxonomy":"product_brand","embeddable":true,"href":"https:\/\/onewood.dk\/en\/wp-json\/wp\/v2\/product_brand?post=1943"},{"taxonomy":"product_cat","embeddable":true,"href":"https:\/\/onewood.dk\/en\/wp-json\/wp\/v2\/product_cat?post=1943"},{"taxonomy":"product_tag","embeddable":true,"href":"https:\/\/onewood.dk\/en\/wp-json\/wp\/v2\/product_tag?post=1943"}],"curies":[{"name":"wp","href":"https:\/\/api.w.org\/{rel}","templated":true}]}}