{"id":1948,"date":"2024-12-03T12:48:07","date_gmt":"2024-12-03T11:48:07","guid":{"rendered":"https:\/\/onewood.dkvare\/8112htubsi-kubus-med-siddeniche\/"},"modified":"2025-02-26T14:51:51","modified_gmt":"2025-02-26T13:51:51","slug":"8112htubsi-kubus-med-siddeniche","status":"publish","type":"product","link":"https:\/\/onewood.dk\/en\/product\/8112htubsi-cube-with-seating-niche\/","title":{"rendered":"8112HTUBSI \u2013 Cube with seating niche"},"content":{"rendered":"<p>15mm white pigmented birch plywood<br \/>\nComes as standard with laminate on seat, F7927 light grey<br \/>\nYou can freely choose between One Wood&#039;s standard laminate colors.<\/p>\n<p>With this practical seating niche, there are no limits to your creative ideas. The niche is large enough for an adult to sit in if they need comfort or to read aloud.<br \/>\nHere there is also an opportunity to develop good camaraderie and friendship.<br \/>\nThis piece of furniture will quickly become the institution&#039;s favorite spot.<br \/>\nAbove the niche there is a built-in shelf with space for storing books and games.<br \/>\nThe side niche also allows for creating space in the room for contemplation.<br \/>\nThe side bench can be supplied with a mattress in many different colors.<br \/>\nThe side bench is delivered assembled and requires no assembly.<br \/>\nThe side bench can be supplied with sound-absorbing AQSORB on the back, which provides extra peace for contemplation or creative thinking.<\/p>\n<p>3 mobile boxes on wheels<br \/>\n2 doors with glass<\/p>\n<p>Can be delivered in clear lacquer, this must be stated when ordering.<\/p>\n<p><strong>BUY:<\/strong><\/p>\n<p>8114M2 \u2013 Mattress<\/p>","protected":false},"excerpt":{"rendered":"<p>15mm white pigmented birch plywood Comes as standard with laminate on seat, F7927 light grey You can freely choose between One Wood&#039;s standard laminate colours With this practical seating niche, there are no limits to what creative ideas you can develop. The niche is large enough to seat an adult, if needed [\u2026]<\/p>","protected":false},"featured_media":4493,"template":"","meta":[],"product_brand":[],"product_cat":[566],"product_tag":[],"class_list":{"0":"post-1948","1":"product","2":"type-product","3":"status-publish","4":"has-post-thumbnail","6":"product_cat-huse-fordybelse","8":"first","9":"instock","10":"product-type-simple"},"yoast_head":"<!-- This site is optimized with the Yoast SEO plugin v24.4 - https:\/\/yoast.com\/wordpress\/plugins\/seo\/ -->\n<title>8112HTUBSI - Kubus med siddeniche | One Wood Furniture A\/S<\/title>\n<meta name=\"robots\" content=\"index, follow, max-snippet:-1, max-image-preview:large, max-video-preview:-1\" \/>\n<link rel=\"canonical\" href=\"https:\/\/onewood.dk\/en\/product\/8112htubsi-cube-with-seating-niche\/\" \/>\n<meta property=\"og:locale\" content=\"en_GB\" \/>\n<meta property=\"og:type\" content=\"article\" \/>\n<meta property=\"og:title\" content=\"8112HTUBSI - Kubus med siddeniche | One Wood Furniture A\/S\" \/>\n<meta property=\"og:description\" content=\"15mm hvidpigmenteret birkekrydsfiner Leveres som standard med laminat p\u00e5 s\u00e6de, F7927 lys gr\u00e5 Der kan frit v\u00e6lges mellem One Wood&#8217;s standard laminatfarver Med denne praktiske siddeniche, er der ingen gr\u00e6nser for hvad du kan udfolde af kreative ide\u00e9r. Nichen er stor nok til at der ogs\u00e5 kan sidde en voksen, hvis der er brug for [&hellip;]\" \/>\n<meta property=\"og:url\" content=\"https:\/\/onewood.dk\/en\/product\/8112htubsi-cube-with-seating-niche\/\" \/>\n<meta property=\"og:site_name\" content=\"One Wood Furniture A\/S\" \/>\n<meta property=\"article:modified_time\" content=\"2025-02-26T13:51:51+00:00\" \/>\n<meta property=\"og:image\" content=\"https:\/\/onewood.dk\/wp-content\/uploads\/2024\/12\/6606-scaled.jpg\" \/>\n\t<meta property=\"og:image:width\" content=\"2560\" \/>\n\t<meta property=\"og:image:height\" content=\"1707\" \/>\n\t<meta property=\"og:image:type\" content=\"image\/jpeg\" \/>\n<meta name=\"twitter:card\" content=\"summary_large_image\" \/>\n<meta name=\"twitter:label1\" content=\"Estimated reading time\" \/>\n\t<meta name=\"twitter:data1\" content=\"2 minutes\" \/>\n<script type=\"application\/ld+json\" class=\"yoast-schema-graph\">{\"@context\":\"https:\/\/schema.org\",\"@graph\":[{\"@type\":\"WebPage\",\"@id\":\"https:\/\/onewood.dk\/vare\/8112htubsi-kubus-med-siddeniche\/\",\"url\":\"https:\/\/onewood.dk\/vare\/8112htubsi-kubus-med-siddeniche\/\",\"name\":\"8112HTUBSI - Kubus med siddeniche | One Wood Furniture A\/S\",\"isPartOf\":{\"@id\":\"https:\/\/onewood.dk\/#website\"},\"primaryImageOfPage\":{\"@id\":\"https:\/\/onewood.dk\/vare\/8112htubsi-kubus-med-siddeniche\/#primaryimage\"},\"image\":{\"@id\":\"https:\/\/onewood.dk\/vare\/8112htubsi-kubus-med-siddeniche\/#primaryimage\"},\"thumbnailUrl\":\"https:\/\/onewood.dk\/wp-content\/uploads\/2024\/12\/6606-scaled.jpg\",\"datePublished\":\"2024-12-03T11:48:07+00:00\",\"dateModified\":\"2025-02-26T13:51:51+00:00\",\"breadcrumb\":{\"@id\":\"https:\/\/onewood.dk\/vare\/8112htubsi-kubus-med-siddeniche\/#breadcrumb\"},\"inLanguage\":\"en-GB\",\"potentialAction\":[{\"@type\":\"ReadAction\",\"target\":[\"https:\/\/onewood.dk\/vare\/8112htubsi-kubus-med-siddeniche\/\"]}]},{\"@type\":\"ImageObject\",\"inLanguage\":\"en-GB\",\"@id\":\"https:\/\/onewood.dk\/vare\/8112htubsi-kubus-med-siddeniche\/#primaryimage\",\"url\":\"https:\/\/onewood.dk\/wp-content\/uploads\/2024\/12\/6606-scaled.jpg\",\"contentUrl\":\"https:\/\/onewood.dk\/wp-content\/uploads\/2024\/12\/6606-scaled.jpg\",\"width\":2560,\"height\":1707},{\"@type\":\"BreadcrumbList\",\"@id\":\"https:\/\/onewood.dk\/vare\/8112htubsi-kubus-med-siddeniche\/#breadcrumb\",\"itemListElement\":[{\"@type\":\"ListItem\",\"position\":1,\"name\":\"Varer\",\"item\":\"https:\/\/onewood.dk\/shop\/\"},{\"@type\":\"ListItem\",\"position\":2,\"name\":\"Huse \/ Fordybelse\",\"item\":\"https:\/\/onewood.dk\/vare-kategori\/huse-fordybelse\/\"},{\"@type\":\"ListItem\",\"position\":3,\"name\":\"8112HTUBSI &#8211; Kubus med siddeniche\"}]},{\"@type\":\"WebSite\",\"@id\":\"https:\/\/onewood.dk\/#website\",\"url\":\"https:\/\/onewood.dk\/\",\"name\":\"One Wood Furniture A\/S\",\"description\":\"\",\"publisher\":{\"@id\":\"https:\/\/onewood.dk\/#organization\"},\"potentialAction\":[{\"@type\":\"SearchAction\",\"target\":{\"@type\":\"EntryPoint\",\"urlTemplate\":\"https:\/\/onewood.dk\/?s={search_term_string}\"},\"query-input\":{\"@type\":\"PropertyValueSpecification\",\"valueRequired\":true,\"valueName\":\"search_term_string\"}}],\"inLanguage\":\"en-GB\"},{\"@type\":\"Organization\",\"@id\":\"https:\/\/onewood.dk\/#organization\",\"name\":\"One Wood Furniture A\/S\",\"url\":\"https:\/\/onewood.dk\/\",\"logo\":{\"@type\":\"ImageObject\",\"inLanguage\":\"en-GB\",\"@id\":\"https:\/\/onewood.dk\/#\/schema\/logo\/image\/\",\"url\":\"https:\/\/onewood.dk\/wp-content\/uploads\/2024\/12\/Logo.png\",\"contentUrl\":\"https:\/\/onewood.dk\/wp-content\/uploads\/2024\/12\/Logo.png\",\"width\":180,\"height\":90,\"caption\":\"One Wood Furniture A\/S\"},\"image\":{\"@id\":\"https:\/\/onewood.dk\/#\/schema\/logo\/image\/\"}}]}<\/script>\n<!-- \/ Yoast SEO plugin. -->","yoast_head_json":{"title":"8112HTUBSI - Kubus med siddeniche | One Wood Furniture A\/S","robots":{"index":"index","follow":"follow","max-snippet":"max-snippet:-1","max-image-preview":"max-image-preview:large","max-video-preview":"max-video-preview:-1"},"canonical":"https:\/\/onewood.dk\/en\/product\/8112htubsi-cube-with-seating-niche\/","og_locale":"en_GB","og_type":"article","og_title":"8112HTUBSI - Kubus med siddeniche | One Wood Furniture A\/S","og_description":"15mm hvidpigmenteret birkekrydsfiner Leveres som standard med laminat p\u00e5 s\u00e6de, F7927 lys gr\u00e5 Der kan frit v\u00e6lges mellem One Wood&#8217;s standard laminatfarver Med denne praktiske siddeniche, er der ingen gr\u00e6nser for hvad du kan udfolde af kreative ide\u00e9r. Nichen er stor nok til at der ogs\u00e5 kan sidde en voksen, hvis der er brug for [&hellip;]","og_url":"https:\/\/onewood.dk\/en\/product\/8112htubsi-cube-with-seating-niche\/","og_site_name":"One Wood Furniture A\/S","article_modified_time":"2025-02-26T13:51:51+00:00","og_image":[{"width":2560,"height":1707,"url":"https:\/\/onewood.dk\/wp-content\/uploads\/2024\/12\/6606-scaled.jpg","type":"image\/jpeg"}],"twitter_card":"summary_large_image","twitter_misc":{"Estimated reading time":"2 minutes"},"schema":{"@context":"https:\/\/schema.org","@graph":[{"@type":"WebPage","@id":"https:\/\/onewood.dk\/vare\/8112htubsi-kubus-med-siddeniche\/","url":"https:\/\/onewood.dk\/vare\/8112htubsi-kubus-med-siddeniche\/","name":"8112HTUBSI - Kubus med siddeniche | One Wood Furniture A\/S","isPartOf":{"@id":"https:\/\/onewood.dk\/#website"},"primaryImageOfPage":{"@id":"https:\/\/onewood.dk\/vare\/8112htubsi-kubus-med-siddeniche\/#primaryimage"},"image":{"@id":"https:\/\/onewood.dk\/vare\/8112htubsi-kubus-med-siddeniche\/#primaryimage"},"thumbnailUrl":"https:\/\/onewood.dk\/wp-content\/uploads\/2024\/12\/6606-scaled.jpg","datePublished":"2024-12-03T11:48:07+00:00","dateModified":"2025-02-26T13:51:51+00:00","breadcrumb":{"@id":"https:\/\/onewood.dk\/vare\/8112htubsi-kubus-med-siddeniche\/#breadcrumb"},"inLanguage":"en-GB","potentialAction":[{"@type":"ReadAction","target":["https:\/\/onewood.dk\/vare\/8112htubsi-kubus-med-siddeniche\/"]}]},{"@type":"ImageObject","inLanguage":"en-GB","@id":"https:\/\/onewood.dk\/vare\/8112htubsi-kubus-med-siddeniche\/#primaryimage","url":"https:\/\/onewood.dk\/wp-content\/uploads\/2024\/12\/6606-scaled.jpg","contentUrl":"https:\/\/onewood.dk\/wp-content\/uploads\/2024\/12\/6606-scaled.jpg","width":2560,"height":1707},{"@type":"BreadcrumbList","@id":"https:\/\/onewood.dk\/vare\/8112htubsi-kubus-med-siddeniche\/#breadcrumb","itemListElement":[{"@type":"ListItem","position":1,"name":"Varer","item":"https:\/\/onewood.dk\/shop\/"},{"@type":"ListItem","position":2,"name":"Huse \/ Fordybelse","item":"https:\/\/onewood.dk\/vare-kategori\/huse-fordybelse\/"},{"@type":"ListItem","position":3,"name":"8112HTUBSI &#8211; Kubus med siddeniche"}]},{"@type":"WebSite","@id":"https:\/\/onewood.dk\/#website","url":"https:\/\/onewood.dk\/","name":"One Wood Furniture A\/S","description":"","publisher":{"@id":"https:\/\/onewood.dk\/#organization"},"potentialAction":[{"@type":"SearchAction","target":{"@type":"EntryPoint","urlTemplate":"https:\/\/onewood.dk\/?s={search_term_string}"},"query-input":{"@type":"PropertyValueSpecification","valueRequired":true,"valueName":"search_term_string"}}],"inLanguage":"en-GB"},{"@type":"Organization","@id":"https:\/\/onewood.dk\/#organization","name":"One Wood Furniture A\/S","url":"https:\/\/onewood.dk\/","logo":{"@type":"ImageObject","inLanguage":"en-GB","@id":"https:\/\/onewood.dk\/#\/schema\/logo\/image\/","url":"https:\/\/onewood.dk\/wp-content\/uploads\/2024\/12\/Logo.png","contentUrl":"https:\/\/onewood.dk\/wp-content\/uploads\/2024\/12\/Logo.png","width":180,"height":90,"caption":"One Wood Furniture A\/S"},"image":{"@id":"https:\/\/onewood.dk\/#\/schema\/logo\/image\/"}}]}},"_links":{"self":[{"href":"https:\/\/onewood.dk\/en\/wp-json\/wp\/v2\/product\/1948","targetHints":{"allow":["GET"]}}],"collection":[{"href":"https:\/\/onewood.dk\/en\/wp-json\/wp\/v2\/product"}],"about":[{"href":"https:\/\/onewood.dk\/en\/wp-json\/wp\/v2\/types\/product"}],"wp:featuredmedia":[{"embeddable":true,"href":"https:\/\/onewood.dk\/en\/wp-json\/wp\/v2\/media\/4493"}],"wp:attachment":[{"href":"https:\/\/onewood.dk\/en\/wp-json\/wp\/v2\/media?parent=1948"}],"wp:term":[{"taxonomy":"product_brand","embeddable":true,"href":"https:\/\/onewood.dk\/en\/wp-json\/wp\/v2\/product_brand?post=1948"},{"taxonomy":"product_cat","embeddable":true,"href":"https:\/\/onewood.dk\/en\/wp-json\/wp\/v2\/product_cat?post=1948"},{"taxonomy":"product_tag","embeddable":true,"href":"https:\/\/onewood.dk\/en\/wp-json\/wp\/v2\/product_tag?post=1948"}],"curies":[{"name":"wp","href":"https:\/\/api.w.org\/{rel}","templated":true}]}}