{"id":1950,"date":"2024-12-03T12:48:07","date_gmt":"2024-12-03T11:48:07","guid":{"rendered":"https:\/\/onewood.dkvare\/8109tsi-kubus-med-siddeniche-husformet-laage\/"},"modified":"2025-06-26T15:05:02","modified_gmt":"2025-06-26T13:05:02","slug":"8109tsi-kubus-med-siddeniche-husformet-laage","status":"publish","type":"product","link":"https:\/\/onewood.dk\/en\/product\/8109tsi-cube-with-seating-niche-house-shaped-door\/","title":{"rendered":"8109TSI \u2013 Cube with seating niche, house-shaped door"},"content":{"rendered":"<p>15mm white pigmented birch plywood<br \/>\nComes with light gray laminate F7927 on the seat and door as standard, which can be freely chosen from One Wood&#039;s standard laminate colors.<\/p>\n<p>With this practical seating alcove, there are no limits to your creative ideas. The seating alcove is large enough for an adult to sit if they need comfort or to read aloud.<br \/>\nHere there is also an opportunity to develop good camaraderie and friendship.<br \/>\nThis piece of furniture will quickly become the institution&#039;s favorite spot.<br \/>\nAbove the niche there is a built-in shelf with the option of storing books and games.<br \/>\nThe side niche also allows for creating space in the room for contemplation.<br \/>\nThe side bench can be supplied with a mattress in many different colors.<br \/>\nThe side niche is delivered assembled, it requires no assembly.<br \/>\nThe side bench can be supplied with sound-absorbing AQSORB on the back, which provides extra peace for contemplation or creative thinking.<\/p>\n<p>2 pcs. 8114GL \u2013 Kubus box with plexiglass<\/p>\n<p>Can be delivered in clear lacquer, please specify when ordering<\/p>\n<p><strong>BUY:<br \/>\n<\/strong>8114M2 \u2013 Mattress<\/p>","protected":false},"excerpt":{"rendered":"<p>15mm white pigmented birch plywood Comes with light grey laminate F7927 on the seat and door as standard, which can be freely chosen between One Wood&#039;s standard laminate colours. With this practical seating niche, there are no limits to what creative ideas you can develop. The seating niche is large enough to seat an adult, if there is [\u2026]<\/p>","protected":false},"featured_media":4506,"template":"","meta":[],"product_brand":[],"product_cat":[566],"product_tag":[],"class_list":{"0":"post-1950","1":"product","2":"type-product","3":"status-publish","4":"has-post-thumbnail","6":"product_cat-huse-fordybelse","8":"first","9":"instock","10":"product-type-simple"},"yoast_head":"<!-- This site is optimized with the Yoast SEO plugin v24.4 - https:\/\/yoast.com\/wordpress\/plugins\/seo\/ -->\n<title>8109TSI - Kubus med siddeniche husformet l\u00e5ge | One Wood Furniture A\/S<\/title>\n<meta name=\"robots\" content=\"index, follow, max-snippet:-1, max-image-preview:large, max-video-preview:-1\" \/>\n<link rel=\"canonical\" href=\"https:\/\/onewood.dk\/en\/product\/8109tsi-cube-with-seating-niche-house-shaped-door\/\" \/>\n<meta property=\"og:locale\" content=\"en_GB\" \/>\n<meta property=\"og:type\" content=\"article\" \/>\n<meta property=\"og:title\" content=\"8109TSI - Kubus med siddeniche husformet l\u00e5ge | One Wood Furniture A\/S\" \/>\n<meta property=\"og:description\" content=\"15mm hvidpigmenteret birkekrydsfiner Leveres med lys gr\u00e5 laminat F7927 p\u00e5 s\u00e6de og l\u00e5ge som standard, der kan frit v\u00e6lges mellem One Woods standard laminatfarver. Med denne praktiske siddeniche, er der ingen gr\u00e6nser for hvad du kan udfolde af kreative id\u00e9er. Siddenichen er stor nok til at der ogs\u00e5 kan sidde en voksen, hvis der er [&hellip;]\" \/>\n<meta property=\"og:url\" content=\"https:\/\/onewood.dk\/en\/product\/8109tsi-cube-with-seating-niche-house-shaped-door\/\" \/>\n<meta property=\"og:site_name\" content=\"One Wood Furniture A\/S\" \/>\n<meta property=\"article:modified_time\" content=\"2025-06-26T13:05:02+00:00\" \/>\n<meta property=\"og:image\" content=\"https:\/\/onewood.dk\/wp-content\/uploads\/2024\/12\/6612-scaled.jpg\" \/>\n\t<meta property=\"og:image:width\" content=\"2560\" \/>\n\t<meta property=\"og:image:height\" content=\"1707\" \/>\n\t<meta property=\"og:image:type\" content=\"image\/jpeg\" \/>\n<meta name=\"twitter:card\" content=\"summary_large_image\" \/>\n<meta name=\"twitter:label1\" content=\"Estimated reading time\" \/>\n\t<meta name=\"twitter:data1\" content=\"2 minutes\" \/>\n<script type=\"application\/ld+json\" class=\"yoast-schema-graph\">{\"@context\":\"https:\/\/schema.org\",\"@graph\":[{\"@type\":\"WebPage\",\"@id\":\"https:\/\/onewood.dk\/vare\/8109tsi-kubus-med-siddeniche-husformet-laage\/\",\"url\":\"https:\/\/onewood.dk\/vare\/8109tsi-kubus-med-siddeniche-husformet-laage\/\",\"name\":\"8109TSI - Kubus med siddeniche husformet l\u00e5ge | One Wood Furniture A\/S\",\"isPartOf\":{\"@id\":\"https:\/\/onewood.dk\/#website\"},\"primaryImageOfPage\":{\"@id\":\"https:\/\/onewood.dk\/vare\/8109tsi-kubus-med-siddeniche-husformet-laage\/#primaryimage\"},\"image\":{\"@id\":\"https:\/\/onewood.dk\/vare\/8109tsi-kubus-med-siddeniche-husformet-laage\/#primaryimage\"},\"thumbnailUrl\":\"https:\/\/onewood.dk\/wp-content\/uploads\/2024\/12\/6612-scaled.jpg\",\"datePublished\":\"2024-12-03T11:48:07+00:00\",\"dateModified\":\"2025-06-26T13:05:02+00:00\",\"breadcrumb\":{\"@id\":\"https:\/\/onewood.dk\/vare\/8109tsi-kubus-med-siddeniche-husformet-laage\/#breadcrumb\"},\"inLanguage\":\"en-GB\",\"potentialAction\":[{\"@type\":\"ReadAction\",\"target\":[\"https:\/\/onewood.dk\/vare\/8109tsi-kubus-med-siddeniche-husformet-laage\/\"]}]},{\"@type\":\"ImageObject\",\"inLanguage\":\"en-GB\",\"@id\":\"https:\/\/onewood.dk\/vare\/8109tsi-kubus-med-siddeniche-husformet-laage\/#primaryimage\",\"url\":\"https:\/\/onewood.dk\/wp-content\/uploads\/2024\/12\/6612-scaled.jpg\",\"contentUrl\":\"https:\/\/onewood.dk\/wp-content\/uploads\/2024\/12\/6612-scaled.jpg\",\"width\":2560,\"height\":1707},{\"@type\":\"BreadcrumbList\",\"@id\":\"https:\/\/onewood.dk\/vare\/8109tsi-kubus-med-siddeniche-husformet-laage\/#breadcrumb\",\"itemListElement\":[{\"@type\":\"ListItem\",\"position\":1,\"name\":\"Varer\",\"item\":\"https:\/\/onewood.dk\/shop\/\"},{\"@type\":\"ListItem\",\"position\":2,\"name\":\"Huse \/ Fordybelse\",\"item\":\"https:\/\/onewood.dk\/vare-kategori\/huse-fordybelse\/\"},{\"@type\":\"ListItem\",\"position\":3,\"name\":\"8109TSI &#8211; Kubus med siddeniche husformet l\u00e5ge\"}]},{\"@type\":\"WebSite\",\"@id\":\"https:\/\/onewood.dk\/#website\",\"url\":\"https:\/\/onewood.dk\/\",\"name\":\"One Wood Furniture A\/S\",\"description\":\"\",\"publisher\":{\"@id\":\"https:\/\/onewood.dk\/#organization\"},\"potentialAction\":[{\"@type\":\"SearchAction\",\"target\":{\"@type\":\"EntryPoint\",\"urlTemplate\":\"https:\/\/onewood.dk\/?s={search_term_string}\"},\"query-input\":{\"@type\":\"PropertyValueSpecification\",\"valueRequired\":true,\"valueName\":\"search_term_string\"}}],\"inLanguage\":\"en-GB\"},{\"@type\":\"Organization\",\"@id\":\"https:\/\/onewood.dk\/#organization\",\"name\":\"One Wood Furniture A\/S\",\"url\":\"https:\/\/onewood.dk\/\",\"logo\":{\"@type\":\"ImageObject\",\"inLanguage\":\"en-GB\",\"@id\":\"https:\/\/onewood.dk\/#\/schema\/logo\/image\/\",\"url\":\"https:\/\/onewood.dk\/wp-content\/uploads\/2024\/12\/Logo.png\",\"contentUrl\":\"https:\/\/onewood.dk\/wp-content\/uploads\/2024\/12\/Logo.png\",\"width\":180,\"height\":90,\"caption\":\"One Wood Furniture A\/S\"},\"image\":{\"@id\":\"https:\/\/onewood.dk\/#\/schema\/logo\/image\/\"}}]}<\/script>\n<!-- \/ Yoast SEO plugin. -->","yoast_head_json":{"title":"8109TSI - Kubus med siddeniche husformet l\u00e5ge | One Wood Furniture A\/S","robots":{"index":"index","follow":"follow","max-snippet":"max-snippet:-1","max-image-preview":"max-image-preview:large","max-video-preview":"max-video-preview:-1"},"canonical":"https:\/\/onewood.dk\/en\/product\/8109tsi-cube-with-seating-niche-house-shaped-door\/","og_locale":"en_GB","og_type":"article","og_title":"8109TSI - Kubus med siddeniche husformet l\u00e5ge | One Wood Furniture A\/S","og_description":"15mm hvidpigmenteret birkekrydsfiner Leveres med lys gr\u00e5 laminat F7927 p\u00e5 s\u00e6de og l\u00e5ge som standard, der kan frit v\u00e6lges mellem One Woods standard laminatfarver. Med denne praktiske siddeniche, er der ingen gr\u00e6nser for hvad du kan udfolde af kreative id\u00e9er. Siddenichen er stor nok til at der ogs\u00e5 kan sidde en voksen, hvis der er [&hellip;]","og_url":"https:\/\/onewood.dk\/en\/product\/8109tsi-cube-with-seating-niche-house-shaped-door\/","og_site_name":"One Wood Furniture A\/S","article_modified_time":"2025-06-26T13:05:02+00:00","og_image":[{"width":2560,"height":1707,"url":"https:\/\/onewood.dk\/wp-content\/uploads\/2024\/12\/6612-scaled.jpg","type":"image\/jpeg"}],"twitter_card":"summary_large_image","twitter_misc":{"Estimated reading time":"2 minutes"},"schema":{"@context":"https:\/\/schema.org","@graph":[{"@type":"WebPage","@id":"https:\/\/onewood.dk\/vare\/8109tsi-kubus-med-siddeniche-husformet-laage\/","url":"https:\/\/onewood.dk\/vare\/8109tsi-kubus-med-siddeniche-husformet-laage\/","name":"8109TSI - Kubus med siddeniche husformet l\u00e5ge | One Wood Furniture A\/S","isPartOf":{"@id":"https:\/\/onewood.dk\/#website"},"primaryImageOfPage":{"@id":"https:\/\/onewood.dk\/vare\/8109tsi-kubus-med-siddeniche-husformet-laage\/#primaryimage"},"image":{"@id":"https:\/\/onewood.dk\/vare\/8109tsi-kubus-med-siddeniche-husformet-laage\/#primaryimage"},"thumbnailUrl":"https:\/\/onewood.dk\/wp-content\/uploads\/2024\/12\/6612-scaled.jpg","datePublished":"2024-12-03T11:48:07+00:00","dateModified":"2025-06-26T13:05:02+00:00","breadcrumb":{"@id":"https:\/\/onewood.dk\/vare\/8109tsi-kubus-med-siddeniche-husformet-laage\/#breadcrumb"},"inLanguage":"en-GB","potentialAction":[{"@type":"ReadAction","target":["https:\/\/onewood.dk\/vare\/8109tsi-kubus-med-siddeniche-husformet-laage\/"]}]},{"@type":"ImageObject","inLanguage":"en-GB","@id":"https:\/\/onewood.dk\/vare\/8109tsi-kubus-med-siddeniche-husformet-laage\/#primaryimage","url":"https:\/\/onewood.dk\/wp-content\/uploads\/2024\/12\/6612-scaled.jpg","contentUrl":"https:\/\/onewood.dk\/wp-content\/uploads\/2024\/12\/6612-scaled.jpg","width":2560,"height":1707},{"@type":"BreadcrumbList","@id":"https:\/\/onewood.dk\/vare\/8109tsi-kubus-med-siddeniche-husformet-laage\/#breadcrumb","itemListElement":[{"@type":"ListItem","position":1,"name":"Varer","item":"https:\/\/onewood.dk\/shop\/"},{"@type":"ListItem","position":2,"name":"Huse \/ Fordybelse","item":"https:\/\/onewood.dk\/vare-kategori\/huse-fordybelse\/"},{"@type":"ListItem","position":3,"name":"8109TSI &#8211; Kubus med siddeniche husformet l\u00e5ge"}]},{"@type":"WebSite","@id":"https:\/\/onewood.dk\/#website","url":"https:\/\/onewood.dk\/","name":"One Wood Furniture A\/S","description":"","publisher":{"@id":"https:\/\/onewood.dk\/#organization"},"potentialAction":[{"@type":"SearchAction","target":{"@type":"EntryPoint","urlTemplate":"https:\/\/onewood.dk\/?s={search_term_string}"},"query-input":{"@type":"PropertyValueSpecification","valueRequired":true,"valueName":"search_term_string"}}],"inLanguage":"en-GB"},{"@type":"Organization","@id":"https:\/\/onewood.dk\/#organization","name":"One Wood Furniture A\/S","url":"https:\/\/onewood.dk\/","logo":{"@type":"ImageObject","inLanguage":"en-GB","@id":"https:\/\/onewood.dk\/#\/schema\/logo\/image\/","url":"https:\/\/onewood.dk\/wp-content\/uploads\/2024\/12\/Logo.png","contentUrl":"https:\/\/onewood.dk\/wp-content\/uploads\/2024\/12\/Logo.png","width":180,"height":90,"caption":"One Wood Furniture A\/S"},"image":{"@id":"https:\/\/onewood.dk\/#\/schema\/logo\/image\/"}}]}},"_links":{"self":[{"href":"https:\/\/onewood.dk\/en\/wp-json\/wp\/v2\/product\/1950","targetHints":{"allow":["GET"]}}],"collection":[{"href":"https:\/\/onewood.dk\/en\/wp-json\/wp\/v2\/product"}],"about":[{"href":"https:\/\/onewood.dk\/en\/wp-json\/wp\/v2\/types\/product"}],"wp:featuredmedia":[{"embeddable":true,"href":"https:\/\/onewood.dk\/en\/wp-json\/wp\/v2\/media\/4506"}],"wp:attachment":[{"href":"https:\/\/onewood.dk\/en\/wp-json\/wp\/v2\/media?parent=1950"}],"wp:term":[{"taxonomy":"product_brand","embeddable":true,"href":"https:\/\/onewood.dk\/en\/wp-json\/wp\/v2\/product_brand?post=1950"},{"taxonomy":"product_cat","embeddable":true,"href":"https:\/\/onewood.dk\/en\/wp-json\/wp\/v2\/product_cat?post=1950"},{"taxonomy":"product_tag","embeddable":true,"href":"https:\/\/onewood.dk\/en\/wp-json\/wp\/v2\/product_tag?post=1950"}],"curies":[{"name":"wp","href":"https:\/\/api.w.org\/{rel}","templated":true}]}}