{"id":1953,"date":"2024-12-03T12:48:07","date_gmt":"2024-12-03T11:48:07","guid":{"rendered":"https:\/\/onewood.dkvare\/8103le-kubus-baenk-med-legebord\/"},"modified":"2025-02-26T11:32:45","modified_gmt":"2025-02-26T10:32:45","slug":"8103le-kubus-baenk-med-legebord","status":"publish","type":"product","link":"https:\/\/onewood.dk\/en\/product\/8103le-cube-bench-with-play-table\/","title":{"rendered":"8103LE \u2013 Kubus bench with play table"},"content":{"rendered":"<p>18mm white pigmented birch plywood<br \/>\nLaminate on bench and top plate play table comes standard with light gray laminate F7927, free choice between One Wood&#039;s standard laminate colors.<\/p>\n<p>Bench with mobile and functional play table, the table comes with drawers with light gray laminate on drawer fronts, free choice between One Wood&#039;s standard laminate colors. 4 wheels, 2 of which have brakes.<br \/>\nThe bench makes it comfortable for adults to sit and play with the children.<br \/>\nThe drawers make it easy to clean up after a long day at the institution.<br \/>\nThe table is designed with an edge so it is suitable for playing with various toys.<br \/>\nThe bench can be supplied with a mattress in many different colors in Lido fabric.<br \/>\nThe bench and table are delivered together, no assembly is required.<\/p>\n<p>Can be delivered in clear lacquer, please specify when ordering.<\/p>\n<p><strong>BUY:<\/strong><br \/>\n8117LE \u2013 Linoleum on tabletop<br \/>\n8114MB \u2013 Mattress for bench<\/p>\n<p>&nbsp;<\/p>","protected":false},"excerpt":{"rendered":"<p>18mm white pigmented birch plywood Laminate on bench and top plate Play table comes standard with light grey laminate F7927, free choice between One Woods standard laminate colours. Bench with mobile and functional play table, table comes with drawers with light grey laminate on drawer fronts, free choice between One Woods standard laminate colours. 4 pcs. wheels, 2 of which have brakes. [\u2026]<\/p>","protected":false},"featured_media":4532,"template":"","meta":[],"product_brand":[],"product_cat":[558],"product_tag":[],"class_list":{"0":"post-1953","1":"product","2":"type-product","3":"status-publish","4":"has-post-thumbnail","6":"product_cat-borde-baenke-taburetter","8":"first","9":"instock","10":"product-type-simple"},"yoast_head":"<!-- This site is optimized with the Yoast SEO plugin v24.4 - https:\/\/yoast.com\/wordpress\/plugins\/seo\/ -->\n<title>8103LE - Kubus b\u00e6nk med legebord | One Wood Furniture A\/S<\/title>\n<meta name=\"robots\" content=\"index, follow, max-snippet:-1, max-image-preview:large, max-video-preview:-1\" \/>\n<link rel=\"canonical\" href=\"https:\/\/onewood.dk\/en\/product\/8103le-cube-bench-with-play-table\/\" \/>\n<meta property=\"og:locale\" content=\"en_GB\" \/>\n<meta property=\"og:type\" content=\"article\" \/>\n<meta property=\"og:title\" content=\"8103LE - Kubus b\u00e6nk med legebord | One Wood Furniture A\/S\" \/>\n<meta property=\"og:description\" content=\"18mm hvidpigmenteret birkekrydsfiner Laminat p\u00e5 b\u00e6nk og topplade legebord leveres standard med lys gr\u00e5 laminat F7927, frit valg mellem One Woods standard laminatfarver. B\u00e6nk med mobilt og funktionelt legebord, bordet leveres med skuffer med lys gr\u00e5 laminat p\u00e5 skuffefronter, frit valg mellem One Woods standard laminatfaver. 4 stk. hjul hvoraf de 2 er med bremse. [&hellip;]\" \/>\n<meta property=\"og:url\" content=\"https:\/\/onewood.dk\/en\/product\/8103le-cube-bench-with-play-table\/\" \/>\n<meta property=\"og:site_name\" content=\"One Wood Furniture A\/S\" \/>\n<meta property=\"article:modified_time\" content=\"2025-02-26T10:32:45+00:00\" \/>\n<meta property=\"og:image\" content=\"https:\/\/onewood.dk\/wp-content\/uploads\/2024\/12\/6626-scaled.jpg\" \/>\n\t<meta property=\"og:image:width\" content=\"2560\" \/>\n\t<meta property=\"og:image:height\" content=\"1707\" \/>\n\t<meta property=\"og:image:type\" content=\"image\/jpeg\" \/>\n<meta name=\"twitter:card\" content=\"summary_large_image\" \/>\n<meta name=\"twitter:label1\" content=\"Estimated reading time\" \/>\n\t<meta name=\"twitter:data1\" content=\"1 minute\" \/>\n<script type=\"application\/ld+json\" class=\"yoast-schema-graph\">{\"@context\":\"https:\/\/schema.org\",\"@graph\":[{\"@type\":\"WebPage\",\"@id\":\"https:\/\/onewood.dk\/vare\/8103le-kubus-baenk-med-legebord\/\",\"url\":\"https:\/\/onewood.dk\/vare\/8103le-kubus-baenk-med-legebord\/\",\"name\":\"8103LE - Kubus b\u00e6nk med legebord | One Wood Furniture A\/S\",\"isPartOf\":{\"@id\":\"https:\/\/onewood.dk\/#website\"},\"primaryImageOfPage\":{\"@id\":\"https:\/\/onewood.dk\/vare\/8103le-kubus-baenk-med-legebord\/#primaryimage\"},\"image\":{\"@id\":\"https:\/\/onewood.dk\/vare\/8103le-kubus-baenk-med-legebord\/#primaryimage\"},\"thumbnailUrl\":\"https:\/\/onewood.dk\/wp-content\/uploads\/2024\/12\/6626-scaled.jpg\",\"datePublished\":\"2024-12-03T11:48:07+00:00\",\"dateModified\":\"2025-02-26T10:32:45+00:00\",\"breadcrumb\":{\"@id\":\"https:\/\/onewood.dk\/vare\/8103le-kubus-baenk-med-legebord\/#breadcrumb\"},\"inLanguage\":\"en-GB\",\"potentialAction\":[{\"@type\":\"ReadAction\",\"target\":[\"https:\/\/onewood.dk\/vare\/8103le-kubus-baenk-med-legebord\/\"]}]},{\"@type\":\"ImageObject\",\"inLanguage\":\"en-GB\",\"@id\":\"https:\/\/onewood.dk\/vare\/8103le-kubus-baenk-med-legebord\/#primaryimage\",\"url\":\"https:\/\/onewood.dk\/wp-content\/uploads\/2024\/12\/6626-scaled.jpg\",\"contentUrl\":\"https:\/\/onewood.dk\/wp-content\/uploads\/2024\/12\/6626-scaled.jpg\",\"width\":2560,\"height\":1707},{\"@type\":\"BreadcrumbList\",\"@id\":\"https:\/\/onewood.dk\/vare\/8103le-kubus-baenk-med-legebord\/#breadcrumb\",\"itemListElement\":[{\"@type\":\"ListItem\",\"position\":1,\"name\":\"Varer\",\"item\":\"https:\/\/onewood.dk\/shop\/\"},{\"@type\":\"ListItem\",\"position\":2,\"name\":\"Borde, b\u00e6nke &amp; taburetter\",\"item\":\"https:\/\/onewood.dk\/vare-kategori\/borde-baenke-taburetter\/\"},{\"@type\":\"ListItem\",\"position\":3,\"name\":\"8103LE &#8211; Kubus b\u00e6nk med legebord\"}]},{\"@type\":\"WebSite\",\"@id\":\"https:\/\/onewood.dk\/#website\",\"url\":\"https:\/\/onewood.dk\/\",\"name\":\"One Wood Furniture A\/S\",\"description\":\"\",\"publisher\":{\"@id\":\"https:\/\/onewood.dk\/#organization\"},\"potentialAction\":[{\"@type\":\"SearchAction\",\"target\":{\"@type\":\"EntryPoint\",\"urlTemplate\":\"https:\/\/onewood.dk\/?s={search_term_string}\"},\"query-input\":{\"@type\":\"PropertyValueSpecification\",\"valueRequired\":true,\"valueName\":\"search_term_string\"}}],\"inLanguage\":\"en-GB\"},{\"@type\":\"Organization\",\"@id\":\"https:\/\/onewood.dk\/#organization\",\"name\":\"One Wood Furniture A\/S\",\"url\":\"https:\/\/onewood.dk\/\",\"logo\":{\"@type\":\"ImageObject\",\"inLanguage\":\"en-GB\",\"@id\":\"https:\/\/onewood.dk\/#\/schema\/logo\/image\/\",\"url\":\"https:\/\/onewood.dk\/wp-content\/uploads\/2024\/12\/Logo.png\",\"contentUrl\":\"https:\/\/onewood.dk\/wp-content\/uploads\/2024\/12\/Logo.png\",\"width\":180,\"height\":90,\"caption\":\"One Wood Furniture A\/S\"},\"image\":{\"@id\":\"https:\/\/onewood.dk\/#\/schema\/logo\/image\/\"}}]}<\/script>\n<!-- \/ Yoast SEO plugin. -->","yoast_head_json":{"title":"8103LE - Kubus b\u00e6nk med legebord | One Wood Furniture A\/S","robots":{"index":"index","follow":"follow","max-snippet":"max-snippet:-1","max-image-preview":"max-image-preview:large","max-video-preview":"max-video-preview:-1"},"canonical":"https:\/\/onewood.dk\/en\/product\/8103le-cube-bench-with-play-table\/","og_locale":"en_GB","og_type":"article","og_title":"8103LE - Kubus b\u00e6nk med legebord | One Wood Furniture A\/S","og_description":"18mm hvidpigmenteret birkekrydsfiner Laminat p\u00e5 b\u00e6nk og topplade legebord leveres standard med lys gr\u00e5 laminat F7927, frit valg mellem One Woods standard laminatfarver. B\u00e6nk med mobilt og funktionelt legebord, bordet leveres med skuffer med lys gr\u00e5 laminat p\u00e5 skuffefronter, frit valg mellem One Woods standard laminatfaver. 4 stk. hjul hvoraf de 2 er med bremse. [&hellip;]","og_url":"https:\/\/onewood.dk\/en\/product\/8103le-cube-bench-with-play-table\/","og_site_name":"One Wood Furniture A\/S","article_modified_time":"2025-02-26T10:32:45+00:00","og_image":[{"width":2560,"height":1707,"url":"https:\/\/onewood.dk\/wp-content\/uploads\/2024\/12\/6626-scaled.jpg","type":"image\/jpeg"}],"twitter_card":"summary_large_image","twitter_misc":{"Estimated reading time":"1 minute"},"schema":{"@context":"https:\/\/schema.org","@graph":[{"@type":"WebPage","@id":"https:\/\/onewood.dk\/vare\/8103le-kubus-baenk-med-legebord\/","url":"https:\/\/onewood.dk\/vare\/8103le-kubus-baenk-med-legebord\/","name":"8103LE - Kubus b\u00e6nk med legebord | One Wood Furniture A\/S","isPartOf":{"@id":"https:\/\/onewood.dk\/#website"},"primaryImageOfPage":{"@id":"https:\/\/onewood.dk\/vare\/8103le-kubus-baenk-med-legebord\/#primaryimage"},"image":{"@id":"https:\/\/onewood.dk\/vare\/8103le-kubus-baenk-med-legebord\/#primaryimage"},"thumbnailUrl":"https:\/\/onewood.dk\/wp-content\/uploads\/2024\/12\/6626-scaled.jpg","datePublished":"2024-12-03T11:48:07+00:00","dateModified":"2025-02-26T10:32:45+00:00","breadcrumb":{"@id":"https:\/\/onewood.dk\/vare\/8103le-kubus-baenk-med-legebord\/#breadcrumb"},"inLanguage":"en-GB","potentialAction":[{"@type":"ReadAction","target":["https:\/\/onewood.dk\/vare\/8103le-kubus-baenk-med-legebord\/"]}]},{"@type":"ImageObject","inLanguage":"en-GB","@id":"https:\/\/onewood.dk\/vare\/8103le-kubus-baenk-med-legebord\/#primaryimage","url":"https:\/\/onewood.dk\/wp-content\/uploads\/2024\/12\/6626-scaled.jpg","contentUrl":"https:\/\/onewood.dk\/wp-content\/uploads\/2024\/12\/6626-scaled.jpg","width":2560,"height":1707},{"@type":"BreadcrumbList","@id":"https:\/\/onewood.dk\/vare\/8103le-kubus-baenk-med-legebord\/#breadcrumb","itemListElement":[{"@type":"ListItem","position":1,"name":"Varer","item":"https:\/\/onewood.dk\/shop\/"},{"@type":"ListItem","position":2,"name":"Borde, b\u00e6nke &amp; taburetter","item":"https:\/\/onewood.dk\/vare-kategori\/borde-baenke-taburetter\/"},{"@type":"ListItem","position":3,"name":"8103LE &#8211; Kubus b\u00e6nk med legebord"}]},{"@type":"WebSite","@id":"https:\/\/onewood.dk\/#website","url":"https:\/\/onewood.dk\/","name":"One Wood Furniture A\/S","description":"","publisher":{"@id":"https:\/\/onewood.dk\/#organization"},"potentialAction":[{"@type":"SearchAction","target":{"@type":"EntryPoint","urlTemplate":"https:\/\/onewood.dk\/?s={search_term_string}"},"query-input":{"@type":"PropertyValueSpecification","valueRequired":true,"valueName":"search_term_string"}}],"inLanguage":"en-GB"},{"@type":"Organization","@id":"https:\/\/onewood.dk\/#organization","name":"One Wood Furniture A\/S","url":"https:\/\/onewood.dk\/","logo":{"@type":"ImageObject","inLanguage":"en-GB","@id":"https:\/\/onewood.dk\/#\/schema\/logo\/image\/","url":"https:\/\/onewood.dk\/wp-content\/uploads\/2024\/12\/Logo.png","contentUrl":"https:\/\/onewood.dk\/wp-content\/uploads\/2024\/12\/Logo.png","width":180,"height":90,"caption":"One Wood Furniture A\/S"},"image":{"@id":"https:\/\/onewood.dk\/#\/schema\/logo\/image\/"}}]}},"_links":{"self":[{"href":"https:\/\/onewood.dk\/en\/wp-json\/wp\/v2\/product\/1953","targetHints":{"allow":["GET"]}}],"collection":[{"href":"https:\/\/onewood.dk\/en\/wp-json\/wp\/v2\/product"}],"about":[{"href":"https:\/\/onewood.dk\/en\/wp-json\/wp\/v2\/types\/product"}],"wp:featuredmedia":[{"embeddable":true,"href":"https:\/\/onewood.dk\/en\/wp-json\/wp\/v2\/media\/4532"}],"wp:attachment":[{"href":"https:\/\/onewood.dk\/en\/wp-json\/wp\/v2\/media?parent=1953"}],"wp:term":[{"taxonomy":"product_brand","embeddable":true,"href":"https:\/\/onewood.dk\/en\/wp-json\/wp\/v2\/product_brand?post=1953"},{"taxonomy":"product_cat","embeddable":true,"href":"https:\/\/onewood.dk\/en\/wp-json\/wp\/v2\/product_cat?post=1953"},{"taxonomy":"product_tag","embeddable":true,"href":"https:\/\/onewood.dk\/en\/wp-json\/wp\/v2\/product_tag?post=1953"}],"curies":[{"name":"wp","href":"https:\/\/api.w.org\/{rel}","templated":true}]}}