{"id":1956,"date":"2024-12-03T12:48:07","date_gmt":"2024-12-03T11:48:07","guid":{"rendered":"https:\/\/onewood.dkvare\/8836w-sekskantede-laesekasse-1-stk\/"},"modified":"2025-02-26T14:58:42","modified_gmt":"2025-02-26T13:58:42","slug":"8836w-sekskantede-laesekasse-1-stk","status":"publish","type":"product","link":"https:\/\/onewood.dk\/en\/product\/8836w-hexagonal-lock-box-1-pc\/","title":{"rendered":"8836W \u2013 Hexagonal reading box 1 pc."},"content":{"rendered":"<p>Here are reading boxes that are different and made in an exciting and more creative way.<\/p>\n<p>Fantastic and exciting interior design with many options that make you feel like you&#039;re floating in the room.<\/p>\n<p>Here there is time and space for an undisturbed break.<\/p>\n<h5><\/h5>\n<h5><strong>Cushions are optional<\/strong><\/h5>\n<p>3 pcs. cushions \u2013 Item no. 8837W<\/p>","protected":false},"excerpt":{"rendered":"<p>Here are reading boxes that are different and made in an exciting and more creative way. Fantastic and exciting interior design with many options that make you feel floating in the room. Here there is time and space for an undisturbed break. Cushions are an additional purchase 3 pcs. cushions \u2013 Item no. 8837W<\/p>","protected":false},"featured_media":4546,"template":"","meta":[],"product_brand":[],"product_cat":[566],"product_tag":[],"class_list":{"0":"post-1956","1":"product","2":"type-product","3":"status-publish","4":"has-post-thumbnail","6":"product_cat-huse-fordybelse","8":"first","9":"instock","10":"product-type-simple"},"yoast_head":"<!-- This site is optimized with the Yoast SEO plugin v24.4 - https:\/\/yoast.com\/wordpress\/plugins\/seo\/ -->\n<title>8836W - Sekskantede l\u00e6sekasse 1 stk. | One Wood Furniture A\/S<\/title>\n<meta name=\"robots\" content=\"index, follow, max-snippet:-1, max-image-preview:large, max-video-preview:-1\" \/>\n<link rel=\"canonical\" href=\"https:\/\/onewood.dk\/en\/product\/8836w-hexagonal-lock-box-1-pc\/\" \/>\n<meta property=\"og:locale\" content=\"en_GB\" \/>\n<meta property=\"og:type\" content=\"article\" \/>\n<meta property=\"og:title\" content=\"8836W - Sekskantede l\u00e6sekasse 1 stk. | One Wood Furniture A\/S\" \/>\n<meta property=\"og:description\" content=\"Her er l\u00e6sekasser der er anderledes og udf\u00f8rt p\u00e5 en sp\u00e6ndende og mere kreativ m\u00e5de. Fantastisk og sp\u00e6ndende indretning med mange muligheder, som g\u00f8r du f\u00f8ler dig sv\u00e6vende i rummet. Her er der tid og plads til en uforstyrret pause. Hynder er tilk\u00f8b 3 stk. hynder &#8211; Varenr. 8837W\" \/>\n<meta property=\"og:url\" content=\"https:\/\/onewood.dk\/en\/product\/8836w-hexagonal-lock-box-1-pc\/\" \/>\n<meta property=\"og:site_name\" content=\"One Wood Furniture A\/S\" \/>\n<meta property=\"article:modified_time\" content=\"2025-02-26T13:58:42+00:00\" \/>\n<meta property=\"og:image\" content=\"https:\/\/onewood.dk\/wp-content\/uploads\/2024\/12\/6684-scaled.jpg\" \/>\n\t<meta property=\"og:image:width\" content=\"2560\" \/>\n\t<meta property=\"og:image:height\" content=\"1707\" \/>\n\t<meta property=\"og:image:type\" content=\"image\/jpeg\" \/>\n<meta name=\"twitter:card\" content=\"summary_large_image\" \/>\n<meta name=\"twitter:label1\" content=\"Estimated reading time\" \/>\n\t<meta name=\"twitter:data1\" content=\"1 minute\" \/>\n<script type=\"application\/ld+json\" class=\"yoast-schema-graph\">{\"@context\":\"https:\/\/schema.org\",\"@graph\":[{\"@type\":\"WebPage\",\"@id\":\"https:\/\/onewood.dk\/vare\/8836w-sekskantede-laesekasse-1-stk\/\",\"url\":\"https:\/\/onewood.dk\/vare\/8836w-sekskantede-laesekasse-1-stk\/\",\"name\":\"8836W - Sekskantede l\u00e6sekasse 1 stk. | One Wood Furniture A\/S\",\"isPartOf\":{\"@id\":\"https:\/\/onewood.dk\/#website\"},\"primaryImageOfPage\":{\"@id\":\"https:\/\/onewood.dk\/vare\/8836w-sekskantede-laesekasse-1-stk\/#primaryimage\"},\"image\":{\"@id\":\"https:\/\/onewood.dk\/vare\/8836w-sekskantede-laesekasse-1-stk\/#primaryimage\"},\"thumbnailUrl\":\"https:\/\/onewood.dk\/wp-content\/uploads\/2024\/12\/6684-scaled.jpg\",\"datePublished\":\"2024-12-03T11:48:07+00:00\",\"dateModified\":\"2025-02-26T13:58:42+00:00\",\"breadcrumb\":{\"@id\":\"https:\/\/onewood.dk\/vare\/8836w-sekskantede-laesekasse-1-stk\/#breadcrumb\"},\"inLanguage\":\"en-GB\",\"potentialAction\":[{\"@type\":\"ReadAction\",\"target\":[\"https:\/\/onewood.dk\/vare\/8836w-sekskantede-laesekasse-1-stk\/\"]}]},{\"@type\":\"ImageObject\",\"inLanguage\":\"en-GB\",\"@id\":\"https:\/\/onewood.dk\/vare\/8836w-sekskantede-laesekasse-1-stk\/#primaryimage\",\"url\":\"https:\/\/onewood.dk\/wp-content\/uploads\/2024\/12\/6684-scaled.jpg\",\"contentUrl\":\"https:\/\/onewood.dk\/wp-content\/uploads\/2024\/12\/6684-scaled.jpg\",\"width\":2560,\"height\":1707},{\"@type\":\"BreadcrumbList\",\"@id\":\"https:\/\/onewood.dk\/vare\/8836w-sekskantede-laesekasse-1-stk\/#breadcrumb\",\"itemListElement\":[{\"@type\":\"ListItem\",\"position\":1,\"name\":\"Varer\",\"item\":\"https:\/\/onewood.dk\/shop\/\"},{\"@type\":\"ListItem\",\"position\":2,\"name\":\"Huse \/ Fordybelse\",\"item\":\"https:\/\/onewood.dk\/vare-kategori\/huse-fordybelse\/\"},{\"@type\":\"ListItem\",\"position\":3,\"name\":\"8836W &#8211; Sekskantede l\u00e6sekasse 1 stk.\"}]},{\"@type\":\"WebSite\",\"@id\":\"https:\/\/onewood.dk\/#website\",\"url\":\"https:\/\/onewood.dk\/\",\"name\":\"One Wood Furniture A\/S\",\"description\":\"\",\"publisher\":{\"@id\":\"https:\/\/onewood.dk\/#organization\"},\"potentialAction\":[{\"@type\":\"SearchAction\",\"target\":{\"@type\":\"EntryPoint\",\"urlTemplate\":\"https:\/\/onewood.dk\/?s={search_term_string}\"},\"query-input\":{\"@type\":\"PropertyValueSpecification\",\"valueRequired\":true,\"valueName\":\"search_term_string\"}}],\"inLanguage\":\"en-GB\"},{\"@type\":\"Organization\",\"@id\":\"https:\/\/onewood.dk\/#organization\",\"name\":\"One Wood Furniture A\/S\",\"url\":\"https:\/\/onewood.dk\/\",\"logo\":{\"@type\":\"ImageObject\",\"inLanguage\":\"en-GB\",\"@id\":\"https:\/\/onewood.dk\/#\/schema\/logo\/image\/\",\"url\":\"https:\/\/onewood.dk\/wp-content\/uploads\/2024\/12\/Logo.png\",\"contentUrl\":\"https:\/\/onewood.dk\/wp-content\/uploads\/2024\/12\/Logo.png\",\"width\":180,\"height\":90,\"caption\":\"One Wood Furniture A\/S\"},\"image\":{\"@id\":\"https:\/\/onewood.dk\/#\/schema\/logo\/image\/\"}}]}<\/script>\n<!-- \/ Yoast SEO plugin. -->","yoast_head_json":{"title":"8836W - Sekskantede l\u00e6sekasse 1 stk. | One Wood Furniture A\/S","robots":{"index":"index","follow":"follow","max-snippet":"max-snippet:-1","max-image-preview":"max-image-preview:large","max-video-preview":"max-video-preview:-1"},"canonical":"https:\/\/onewood.dk\/en\/product\/8836w-hexagonal-lock-box-1-pc\/","og_locale":"en_GB","og_type":"article","og_title":"8836W - Sekskantede l\u00e6sekasse 1 stk. | One Wood Furniture A\/S","og_description":"Her er l\u00e6sekasser der er anderledes og udf\u00f8rt p\u00e5 en sp\u00e6ndende og mere kreativ m\u00e5de. Fantastisk og sp\u00e6ndende indretning med mange muligheder, som g\u00f8r du f\u00f8ler dig sv\u00e6vende i rummet. Her er der tid og plads til en uforstyrret pause. Hynder er tilk\u00f8b 3 stk. hynder &#8211; Varenr. 8837W","og_url":"https:\/\/onewood.dk\/en\/product\/8836w-hexagonal-lock-box-1-pc\/","og_site_name":"One Wood Furniture A\/S","article_modified_time":"2025-02-26T13:58:42+00:00","og_image":[{"width":2560,"height":1707,"url":"https:\/\/onewood.dk\/wp-content\/uploads\/2024\/12\/6684-scaled.jpg","type":"image\/jpeg"}],"twitter_card":"summary_large_image","twitter_misc":{"Estimated reading time":"1 minute"},"schema":{"@context":"https:\/\/schema.org","@graph":[{"@type":"WebPage","@id":"https:\/\/onewood.dk\/vare\/8836w-sekskantede-laesekasse-1-stk\/","url":"https:\/\/onewood.dk\/vare\/8836w-sekskantede-laesekasse-1-stk\/","name":"8836W - Sekskantede l\u00e6sekasse 1 stk. | One Wood Furniture A\/S","isPartOf":{"@id":"https:\/\/onewood.dk\/#website"},"primaryImageOfPage":{"@id":"https:\/\/onewood.dk\/vare\/8836w-sekskantede-laesekasse-1-stk\/#primaryimage"},"image":{"@id":"https:\/\/onewood.dk\/vare\/8836w-sekskantede-laesekasse-1-stk\/#primaryimage"},"thumbnailUrl":"https:\/\/onewood.dk\/wp-content\/uploads\/2024\/12\/6684-scaled.jpg","datePublished":"2024-12-03T11:48:07+00:00","dateModified":"2025-02-26T13:58:42+00:00","breadcrumb":{"@id":"https:\/\/onewood.dk\/vare\/8836w-sekskantede-laesekasse-1-stk\/#breadcrumb"},"inLanguage":"en-GB","potentialAction":[{"@type":"ReadAction","target":["https:\/\/onewood.dk\/vare\/8836w-sekskantede-laesekasse-1-stk\/"]}]},{"@type":"ImageObject","inLanguage":"en-GB","@id":"https:\/\/onewood.dk\/vare\/8836w-sekskantede-laesekasse-1-stk\/#primaryimage","url":"https:\/\/onewood.dk\/wp-content\/uploads\/2024\/12\/6684-scaled.jpg","contentUrl":"https:\/\/onewood.dk\/wp-content\/uploads\/2024\/12\/6684-scaled.jpg","width":2560,"height":1707},{"@type":"BreadcrumbList","@id":"https:\/\/onewood.dk\/vare\/8836w-sekskantede-laesekasse-1-stk\/#breadcrumb","itemListElement":[{"@type":"ListItem","position":1,"name":"Varer","item":"https:\/\/onewood.dk\/shop\/"},{"@type":"ListItem","position":2,"name":"Huse \/ Fordybelse","item":"https:\/\/onewood.dk\/vare-kategori\/huse-fordybelse\/"},{"@type":"ListItem","position":3,"name":"8836W &#8211; Sekskantede l\u00e6sekasse 1 stk."}]},{"@type":"WebSite","@id":"https:\/\/onewood.dk\/#website","url":"https:\/\/onewood.dk\/","name":"One Wood Furniture A\/S","description":"","publisher":{"@id":"https:\/\/onewood.dk\/#organization"},"potentialAction":[{"@type":"SearchAction","target":{"@type":"EntryPoint","urlTemplate":"https:\/\/onewood.dk\/?s={search_term_string}"},"query-input":{"@type":"PropertyValueSpecification","valueRequired":true,"valueName":"search_term_string"}}],"inLanguage":"en-GB"},{"@type":"Organization","@id":"https:\/\/onewood.dk\/#organization","name":"One Wood Furniture A\/S","url":"https:\/\/onewood.dk\/","logo":{"@type":"ImageObject","inLanguage":"en-GB","@id":"https:\/\/onewood.dk\/#\/schema\/logo\/image\/","url":"https:\/\/onewood.dk\/wp-content\/uploads\/2024\/12\/Logo.png","contentUrl":"https:\/\/onewood.dk\/wp-content\/uploads\/2024\/12\/Logo.png","width":180,"height":90,"caption":"One Wood Furniture A\/S"},"image":{"@id":"https:\/\/onewood.dk\/#\/schema\/logo\/image\/"}}]}},"_links":{"self":[{"href":"https:\/\/onewood.dk\/en\/wp-json\/wp\/v2\/product\/1956","targetHints":{"allow":["GET"]}}],"collection":[{"href":"https:\/\/onewood.dk\/en\/wp-json\/wp\/v2\/product"}],"about":[{"href":"https:\/\/onewood.dk\/en\/wp-json\/wp\/v2\/types\/product"}],"wp:featuredmedia":[{"embeddable":true,"href":"https:\/\/onewood.dk\/en\/wp-json\/wp\/v2\/media\/4546"}],"wp:attachment":[{"href":"https:\/\/onewood.dk\/en\/wp-json\/wp\/v2\/media?parent=1956"}],"wp:term":[{"taxonomy":"product_brand","embeddable":true,"href":"https:\/\/onewood.dk\/en\/wp-json\/wp\/v2\/product_brand?post=1956"},{"taxonomy":"product_cat","embeddable":true,"href":"https:\/\/onewood.dk\/en\/wp-json\/wp\/v2\/product_cat?post=1956"},{"taxonomy":"product_tag","embeddable":true,"href":"https:\/\/onewood.dk\/en\/wp-json\/wp\/v2\/product_tag?post=1956"}],"curies":[{"name":"wp","href":"https:\/\/api.w.org\/{rel}","templated":true}]}}