{"id":1978,"date":"2024-12-03T12:48:10","date_gmt":"2024-12-03T11:48:10","guid":{"rendered":"https:\/\/onewood.dkvare\/owp1pl-ow-personaleskab-1-rum\/"},"modified":"2025-02-07T11:38:08","modified_gmt":"2025-02-07T10:38:08","slug":"owp1pl-ow-personaleskab-1-rum","status":"publish","type":"product","link":"https:\/\/onewood.dk\/en\/product\/owp1pl-ow-staff-locker-1-room\/","title":{"rendered":"OWP1PL \u2013 OW Staff locker 1 compartment"},"content":{"rendered":"<p>18mm white pigmented birch plywood.<br \/>\nDoor in 16mm MDF with light gray laminate as standard, choose between all of One Wood&#039;s standard laminate colors.<\/p>\n<p>Includes as standard:<br \/>\n\u2013 Shelf at the top<br \/>\n\u2013 Clothes hanger<br \/>\n\u2013 U-handle, CC96<br \/>\n\u2013 Hekna lock<br \/>\n\u2013 Milling for skirting board<\/p>\n<p>Interior dimensions: W:300mm x D:400mm x H:1800mm<\/p>","protected":false},"excerpt":{"rendered":"<p>18mm white pigmented birch plywood. Door in 16mm MDF with Laminate light grey as standard, choose between all One Wood&#039;s standard laminate colours. Contains as standard: \u2013 Shelf at the top \u2013 Clothes rail \u2013 Clothes handle, CC96 \u2013 Hekna lock \u2013 Milling for skirting board Interior dimensions: W:300mm x D:400mm x H:1800mm<\/p>","protected":false},"featured_media":4614,"template":"","meta":[],"product_brand":[],"product_cat":[555,686,611],"product_tag":[],"class_list":{"0":"post-1978","1":"product","2":"type-product","3":"status-publish","4":"has-post-thumbnail","6":"product_cat-garderober-tilbehoer","7":"product_cat-ow-personaleskab","8":"product_cat-personaleskabe","10":"first","11":"instock","12":"product-type-simple"},"yoast_head":"<!-- This site is optimized with the Yoast SEO plugin v24.4 - https:\/\/yoast.com\/wordpress\/plugins\/seo\/ -->\n<title>OWP1PL - OW Personaleskab 1 rum | One Wood Furniture A\/S<\/title>\n<meta name=\"robots\" content=\"index, follow, max-snippet:-1, max-image-preview:large, max-video-preview:-1\" \/>\n<link rel=\"canonical\" href=\"https:\/\/onewood.dk\/en\/product\/owp1pl-ow-staff-locker-1-room\/\" \/>\n<meta property=\"og:locale\" content=\"en_GB\" \/>\n<meta property=\"og:type\" content=\"article\" \/>\n<meta property=\"og:title\" content=\"OWP1PL - OW Personaleskab 1 rum | One Wood Furniture A\/S\" \/>\n<meta property=\"og:description\" content=\"18mm hvidpigmenteret birkekrydsfiner. L\u00e5ge i 16mm MDF med Laminat lys gr\u00e5 som standard,v\u00e6lg mellem alle One Wood&#8217;s standard laminatfarver. Indeholder som standard: &#8211; Hylde i toppen &#8211; B\u00f8jlestang &#8211; B\u00f8jlegreb, CC96 &#8211; Hekna l\u00e5s &#8211; Udfr\u00e6sning til fodpanel Indvendige rum m\u00e5l: B:300mm x D:400mm x H:1800mm\" \/>\n<meta property=\"og:url\" content=\"https:\/\/onewood.dk\/en\/product\/owp1pl-ow-staff-locker-1-room\/\" \/>\n<meta property=\"og:site_name\" content=\"One Wood Furniture A\/S\" \/>\n<meta property=\"article:modified_time\" content=\"2025-02-07T10:38:08+00:00\" \/>\n<meta property=\"og:image\" content=\"https:\/\/onewood.dk\/wp-content\/uploads\/2024\/12\/6767-scaled.jpg\" \/>\n\t<meta property=\"og:image:width\" content=\"2560\" \/>\n\t<meta property=\"og:image:height\" content=\"1707\" \/>\n\t<meta property=\"og:image:type\" content=\"image\/jpeg\" \/>\n<meta name=\"twitter:card\" content=\"summary_large_image\" \/>\n<meta name=\"twitter:label1\" content=\"Estimated reading time\" \/>\n\t<meta name=\"twitter:data1\" content=\"1 minute\" \/>\n<script type=\"application\/ld+json\" class=\"yoast-schema-graph\">{\"@context\":\"https:\/\/schema.org\",\"@graph\":[{\"@type\":\"WebPage\",\"@id\":\"https:\/\/onewood.dk\/vare\/owp1pl-ow-personaleskab-1-rum\/\",\"url\":\"https:\/\/onewood.dk\/vare\/owp1pl-ow-personaleskab-1-rum\/\",\"name\":\"OWP1PL - OW Personaleskab 1 rum | One Wood Furniture A\/S\",\"isPartOf\":{\"@id\":\"https:\/\/onewood.dk\/#website\"},\"primaryImageOfPage\":{\"@id\":\"https:\/\/onewood.dk\/vare\/owp1pl-ow-personaleskab-1-rum\/#primaryimage\"},\"image\":{\"@id\":\"https:\/\/onewood.dk\/vare\/owp1pl-ow-personaleskab-1-rum\/#primaryimage\"},\"thumbnailUrl\":\"https:\/\/onewood.dk\/wp-content\/uploads\/2024\/12\/6767-scaled.jpg\",\"datePublished\":\"2024-12-03T11:48:10+00:00\",\"dateModified\":\"2025-02-07T10:38:08+00:00\",\"breadcrumb\":{\"@id\":\"https:\/\/onewood.dk\/vare\/owp1pl-ow-personaleskab-1-rum\/#breadcrumb\"},\"inLanguage\":\"en-GB\",\"potentialAction\":[{\"@type\":\"ReadAction\",\"target\":[\"https:\/\/onewood.dk\/vare\/owp1pl-ow-personaleskab-1-rum\/\"]}]},{\"@type\":\"ImageObject\",\"inLanguage\":\"en-GB\",\"@id\":\"https:\/\/onewood.dk\/vare\/owp1pl-ow-personaleskab-1-rum\/#primaryimage\",\"url\":\"https:\/\/onewood.dk\/wp-content\/uploads\/2024\/12\/6767-scaled.jpg\",\"contentUrl\":\"https:\/\/onewood.dk\/wp-content\/uploads\/2024\/12\/6767-scaled.jpg\",\"width\":2560,\"height\":1707},{\"@type\":\"BreadcrumbList\",\"@id\":\"https:\/\/onewood.dk\/vare\/owp1pl-ow-personaleskab-1-rum\/#breadcrumb\",\"itemListElement\":[{\"@type\":\"ListItem\",\"position\":1,\"name\":\"Varer\",\"item\":\"https:\/\/onewood.dk\/shop\/\"},{\"@type\":\"ListItem\",\"position\":2,\"name\":\"Garderober &amp; tilbeh\u00f8r\",\"item\":\"https:\/\/onewood.dk\/vare-kategori\/garderober-tilbehoer\/\"},{\"@type\":\"ListItem\",\"position\":3,\"name\":\"Personaleskabe\",\"item\":\"https:\/\/onewood.dk\/vare-kategori\/garderober-tilbehoer\/personaleskabe\/\"},{\"@type\":\"ListItem\",\"position\":4,\"name\":\"OW Personaleskab\",\"item\":\"https:\/\/onewood.dk\/vare-kategori\/garderober-tilbehoer\/personaleskabe\/ow-personaleskab\/\"},{\"@type\":\"ListItem\",\"position\":5,\"name\":\"OWP1PL &#8211; OW Personaleskab 1 rum\"}]},{\"@type\":\"WebSite\",\"@id\":\"https:\/\/onewood.dk\/#website\",\"url\":\"https:\/\/onewood.dk\/\",\"name\":\"One Wood Furniture A\/S\",\"description\":\"\",\"publisher\":{\"@id\":\"https:\/\/onewood.dk\/#organization\"},\"potentialAction\":[{\"@type\":\"SearchAction\",\"target\":{\"@type\":\"EntryPoint\",\"urlTemplate\":\"https:\/\/onewood.dk\/?s={search_term_string}\"},\"query-input\":{\"@type\":\"PropertyValueSpecification\",\"valueRequired\":true,\"valueName\":\"search_term_string\"}}],\"inLanguage\":\"en-GB\"},{\"@type\":\"Organization\",\"@id\":\"https:\/\/onewood.dk\/#organization\",\"name\":\"One Wood Furniture A\/S\",\"url\":\"https:\/\/onewood.dk\/\",\"logo\":{\"@type\":\"ImageObject\",\"inLanguage\":\"en-GB\",\"@id\":\"https:\/\/onewood.dk\/#\/schema\/logo\/image\/\",\"url\":\"https:\/\/onewood.dk\/wp-content\/uploads\/2024\/12\/Logo.png\",\"contentUrl\":\"https:\/\/onewood.dk\/wp-content\/uploads\/2024\/12\/Logo.png\",\"width\":180,\"height\":90,\"caption\":\"One Wood Furniture A\/S\"},\"image\":{\"@id\":\"https:\/\/onewood.dk\/#\/schema\/logo\/image\/\"}}]}<\/script>\n<!-- \/ Yoast SEO plugin. -->","yoast_head_json":{"title":"OWP1PL - OW Personaleskab 1 rum | One Wood Furniture A\/S","robots":{"index":"index","follow":"follow","max-snippet":"max-snippet:-1","max-image-preview":"max-image-preview:large","max-video-preview":"max-video-preview:-1"},"canonical":"https:\/\/onewood.dk\/en\/product\/owp1pl-ow-staff-locker-1-room\/","og_locale":"en_GB","og_type":"article","og_title":"OWP1PL - OW Personaleskab 1 rum | One Wood Furniture A\/S","og_description":"18mm hvidpigmenteret birkekrydsfiner. L\u00e5ge i 16mm MDF med Laminat lys gr\u00e5 som standard,v\u00e6lg mellem alle One Wood&#8217;s standard laminatfarver. Indeholder som standard: &#8211; Hylde i toppen &#8211; B\u00f8jlestang &#8211; B\u00f8jlegreb, CC96 &#8211; Hekna l\u00e5s &#8211; Udfr\u00e6sning til fodpanel Indvendige rum m\u00e5l: B:300mm x D:400mm x H:1800mm","og_url":"https:\/\/onewood.dk\/en\/product\/owp1pl-ow-staff-locker-1-room\/","og_site_name":"One Wood Furniture A\/S","article_modified_time":"2025-02-07T10:38:08+00:00","og_image":[{"width":2560,"height":1707,"url":"https:\/\/onewood.dk\/wp-content\/uploads\/2024\/12\/6767-scaled.jpg","type":"image\/jpeg"}],"twitter_card":"summary_large_image","twitter_misc":{"Estimated reading time":"1 minute"},"schema":{"@context":"https:\/\/schema.org","@graph":[{"@type":"WebPage","@id":"https:\/\/onewood.dk\/vare\/owp1pl-ow-personaleskab-1-rum\/","url":"https:\/\/onewood.dk\/vare\/owp1pl-ow-personaleskab-1-rum\/","name":"OWP1PL - OW Personaleskab 1 rum | One Wood Furniture A\/S","isPartOf":{"@id":"https:\/\/onewood.dk\/#website"},"primaryImageOfPage":{"@id":"https:\/\/onewood.dk\/vare\/owp1pl-ow-personaleskab-1-rum\/#primaryimage"},"image":{"@id":"https:\/\/onewood.dk\/vare\/owp1pl-ow-personaleskab-1-rum\/#primaryimage"},"thumbnailUrl":"https:\/\/onewood.dk\/wp-content\/uploads\/2024\/12\/6767-scaled.jpg","datePublished":"2024-12-03T11:48:10+00:00","dateModified":"2025-02-07T10:38:08+00:00","breadcrumb":{"@id":"https:\/\/onewood.dk\/vare\/owp1pl-ow-personaleskab-1-rum\/#breadcrumb"},"inLanguage":"en-GB","potentialAction":[{"@type":"ReadAction","target":["https:\/\/onewood.dk\/vare\/owp1pl-ow-personaleskab-1-rum\/"]}]},{"@type":"ImageObject","inLanguage":"en-GB","@id":"https:\/\/onewood.dk\/vare\/owp1pl-ow-personaleskab-1-rum\/#primaryimage","url":"https:\/\/onewood.dk\/wp-content\/uploads\/2024\/12\/6767-scaled.jpg","contentUrl":"https:\/\/onewood.dk\/wp-content\/uploads\/2024\/12\/6767-scaled.jpg","width":2560,"height":1707},{"@type":"BreadcrumbList","@id":"https:\/\/onewood.dk\/vare\/owp1pl-ow-personaleskab-1-rum\/#breadcrumb","itemListElement":[{"@type":"ListItem","position":1,"name":"Varer","item":"https:\/\/onewood.dk\/shop\/"},{"@type":"ListItem","position":2,"name":"Garderober &amp; tilbeh\u00f8r","item":"https:\/\/onewood.dk\/vare-kategori\/garderober-tilbehoer\/"},{"@type":"ListItem","position":3,"name":"Personaleskabe","item":"https:\/\/onewood.dk\/vare-kategori\/garderober-tilbehoer\/personaleskabe\/"},{"@type":"ListItem","position":4,"name":"OW Personaleskab","item":"https:\/\/onewood.dk\/vare-kategori\/garderober-tilbehoer\/personaleskabe\/ow-personaleskab\/"},{"@type":"ListItem","position":5,"name":"OWP1PL &#8211; OW Personaleskab 1 rum"}]},{"@type":"WebSite","@id":"https:\/\/onewood.dk\/#website","url":"https:\/\/onewood.dk\/","name":"One Wood Furniture A\/S","description":"","publisher":{"@id":"https:\/\/onewood.dk\/#organization"},"potentialAction":[{"@type":"SearchAction","target":{"@type":"EntryPoint","urlTemplate":"https:\/\/onewood.dk\/?s={search_term_string}"},"query-input":{"@type":"PropertyValueSpecification","valueRequired":true,"valueName":"search_term_string"}}],"inLanguage":"en-GB"},{"@type":"Organization","@id":"https:\/\/onewood.dk\/#organization","name":"One Wood Furniture A\/S","url":"https:\/\/onewood.dk\/","logo":{"@type":"ImageObject","inLanguage":"en-GB","@id":"https:\/\/onewood.dk\/#\/schema\/logo\/image\/","url":"https:\/\/onewood.dk\/wp-content\/uploads\/2024\/12\/Logo.png","contentUrl":"https:\/\/onewood.dk\/wp-content\/uploads\/2024\/12\/Logo.png","width":180,"height":90,"caption":"One Wood Furniture A\/S"},"image":{"@id":"https:\/\/onewood.dk\/#\/schema\/logo\/image\/"}}]}},"_links":{"self":[{"href":"https:\/\/onewood.dk\/en\/wp-json\/wp\/v2\/product\/1978","targetHints":{"allow":["GET"]}}],"collection":[{"href":"https:\/\/onewood.dk\/en\/wp-json\/wp\/v2\/product"}],"about":[{"href":"https:\/\/onewood.dk\/en\/wp-json\/wp\/v2\/types\/product"}],"wp:featuredmedia":[{"embeddable":true,"href":"https:\/\/onewood.dk\/en\/wp-json\/wp\/v2\/media\/4614"}],"wp:attachment":[{"href":"https:\/\/onewood.dk\/en\/wp-json\/wp\/v2\/media?parent=1978"}],"wp:term":[{"taxonomy":"product_brand","embeddable":true,"href":"https:\/\/onewood.dk\/en\/wp-json\/wp\/v2\/product_brand?post=1978"},{"taxonomy":"product_cat","embeddable":true,"href":"https:\/\/onewood.dk\/en\/wp-json\/wp\/v2\/product_cat?post=1978"},{"taxonomy":"product_tag","embeddable":true,"href":"https:\/\/onewood.dk\/en\/wp-json\/wp\/v2\/product_tag?post=1978"}],"curies":[{"name":"wp","href":"https:\/\/api.w.org\/{rel}","templated":true}]}}