{"id":1983,"date":"2024-12-03T12:48:10","date_gmt":"2024-12-03T11:48:10","guid":{"rendered":"https:\/\/onewood.dkvare\/6505sp1-madrasskab-5-madrasser\/"},"modified":"2025-09-24T08:48:37","modified_gmt":"2025-09-24T06:48:37","slug":"6505sp1-madrasskab-5-madrasser","status":"publish","type":"product","link":"https:\/\/onewood.dk\/en\/product\/6505sp1-mattress-cabinet-5-mattresses\/","title":{"rendered":"6505SP1 \u2013 Mattress cabinet 5 mattresses"},"content":{"rendered":"<p>Cabinet with space for 5 mattresses and with storage at the bottom with 6 compartments<\/p>\n<p>Cabinet in 19mm chipboard with 2mm ABS edge<\/p>\n<p>Door in 19mm chipboard with melamine and 2mm ABS edge<\/p>\n<p>Curved U-handle \u2013 CC128<\/p>\n<p>20mm air between top and doors for ventilation<\/p>","protected":false},"excerpt":{"rendered":"<p>Cabinet with space for 5 mattresses and with storage in the bottom with 6 compartments Cabinet in 19mm chipboard with 2mm ABS edge Door in 19mm chipboard with melamine and 2mm ABS edge Curved handle \u2013 CC128 20mm air between top and doors for ventilation<\/p>","protected":false},"featured_media":4634,"template":"","meta":[],"product_brand":[],"product_cat":[720,723,704],"product_tag":[],"class_list":{"0":"post-1983","1":"product","2":"type-product","3":"status-publish","4":"has-post-thumbnail","6":"product_cat-soverum-spaan-melamin","7":"product_cat-madrasskab-soverum-spaan-melamin","8":"product_cat-spaan-melamin","10":"first","11":"instock","12":"product-type-simple"},"yoast_head":"<!-- This site is optimized with the Yoast SEO plugin v24.4 - https:\/\/yoast.com\/wordpress\/plugins\/seo\/ -->\n<title>6505SP1 - Madrasskab 5 madrasser | One Wood Furniture A\/S<\/title>\n<meta name=\"robots\" content=\"index, follow, max-snippet:-1, max-image-preview:large, max-video-preview:-1\" \/>\n<link rel=\"canonical\" href=\"https:\/\/onewood.dk\/en\/product\/6505sp1-mattress-cabinet-5-mattresses\/\" \/>\n<meta property=\"og:locale\" content=\"en_GB\" \/>\n<meta property=\"og:type\" content=\"article\" \/>\n<meta property=\"og:title\" content=\"6505SP1 - Madrasskab 5 madrasser | One Wood Furniture A\/S\" \/>\n<meta property=\"og:description\" content=\"Skab med plads til 5 madrasser og med opbevaring i bunden med 6 rum Skab i 19mm sp\u00e5nplade med 2mm ABS kant L\u00e5ge i 19mm sp\u00e5nplade med melamin og 2mm ABS kant Buet b\u00f8jlegreb &#8211; CC128 20mm luft mellem top og l\u00e5ger for udluftning\" \/>\n<meta property=\"og:url\" content=\"https:\/\/onewood.dk\/en\/product\/6505sp1-mattress-cabinet-5-mattresses\/\" \/>\n<meta property=\"og:site_name\" content=\"One Wood Furniture A\/S\" \/>\n<meta property=\"article:modified_time\" content=\"2025-09-24T06:48:37+00:00\" \/>\n<meta property=\"og:image\" content=\"https:\/\/onewood.dk\/wp-content\/uploads\/2024\/12\/6907-scaled.jpg\" \/>\n\t<meta property=\"og:image:width\" content=\"2560\" \/>\n\t<meta property=\"og:image:height\" content=\"1707\" \/>\n\t<meta property=\"og:image:type\" content=\"image\/jpeg\" \/>\n<meta name=\"twitter:card\" content=\"summary_large_image\" \/>\n<meta name=\"twitter:label1\" content=\"Estimated reading time\" \/>\n\t<meta name=\"twitter:data1\" content=\"1 minute\" \/>\n<script type=\"application\/ld+json\" class=\"yoast-schema-graph\">{\"@context\":\"https:\/\/schema.org\",\"@graph\":[{\"@type\":\"WebPage\",\"@id\":\"https:\/\/onewood.dk\/vare\/6505sp1-madrasskab-5-madrasser\/\",\"url\":\"https:\/\/onewood.dk\/vare\/6505sp1-madrasskab-5-madrasser\/\",\"name\":\"6505SP1 - Madrasskab 5 madrasser | One Wood Furniture A\/S\",\"isPartOf\":{\"@id\":\"https:\/\/onewood.dk\/#website\"},\"primaryImageOfPage\":{\"@id\":\"https:\/\/onewood.dk\/vare\/6505sp1-madrasskab-5-madrasser\/#primaryimage\"},\"image\":{\"@id\":\"https:\/\/onewood.dk\/vare\/6505sp1-madrasskab-5-madrasser\/#primaryimage\"},\"thumbnailUrl\":\"https:\/\/onewood.dk\/wp-content\/uploads\/2024\/12\/6907-scaled.jpg\",\"datePublished\":\"2024-12-03T11:48:10+00:00\",\"dateModified\":\"2025-09-24T06:48:37+00:00\",\"breadcrumb\":{\"@id\":\"https:\/\/onewood.dk\/vare\/6505sp1-madrasskab-5-madrasser\/#breadcrumb\"},\"inLanguage\":\"en-GB\",\"potentialAction\":[{\"@type\":\"ReadAction\",\"target\":[\"https:\/\/onewood.dk\/vare\/6505sp1-madrasskab-5-madrasser\/\"]}]},{\"@type\":\"ImageObject\",\"inLanguage\":\"en-GB\",\"@id\":\"https:\/\/onewood.dk\/vare\/6505sp1-madrasskab-5-madrasser\/#primaryimage\",\"url\":\"https:\/\/onewood.dk\/wp-content\/uploads\/2024\/12\/6907-scaled.jpg\",\"contentUrl\":\"https:\/\/onewood.dk\/wp-content\/uploads\/2024\/12\/6907-scaled.jpg\",\"width\":2560,\"height\":1707},{\"@type\":\"BreadcrumbList\",\"@id\":\"https:\/\/onewood.dk\/vare\/6505sp1-madrasskab-5-madrasser\/#breadcrumb\",\"itemListElement\":[{\"@type\":\"ListItem\",\"position\":1,\"name\":\"Varer\",\"item\":\"https:\/\/onewood.dk\/shop\/\"},{\"@type\":\"ListItem\",\"position\":2,\"name\":\"Sp\u00e5n melamin\",\"item\":\"https:\/\/onewood.dk\/vare-kategori\/spaan-melamin\/\"},{\"@type\":\"ListItem\",\"position\":3,\"name\":\"Soverum\",\"item\":\"https:\/\/onewood.dk\/vare-kategori\/spaan-melamin\/soverum-spaan-melamin\/\"},{\"@type\":\"ListItem\",\"position\":4,\"name\":\"Madrasskab\",\"item\":\"https:\/\/onewood.dk\/vare-kategori\/spaan-melamin\/soverum-spaan-melamin\/madrasskab-soverum-spaan-melamin\/\"},{\"@type\":\"ListItem\",\"position\":5,\"name\":\"6505SP1 &#8211; Madrasskab 5 madrasser\"}]},{\"@type\":\"WebSite\",\"@id\":\"https:\/\/onewood.dk\/#website\",\"url\":\"https:\/\/onewood.dk\/\",\"name\":\"One Wood Furniture A\/S\",\"description\":\"\",\"publisher\":{\"@id\":\"https:\/\/onewood.dk\/#organization\"},\"potentialAction\":[{\"@type\":\"SearchAction\",\"target\":{\"@type\":\"EntryPoint\",\"urlTemplate\":\"https:\/\/onewood.dk\/?s={search_term_string}\"},\"query-input\":{\"@type\":\"PropertyValueSpecification\",\"valueRequired\":true,\"valueName\":\"search_term_string\"}}],\"inLanguage\":\"en-GB\"},{\"@type\":\"Organization\",\"@id\":\"https:\/\/onewood.dk\/#organization\",\"name\":\"One Wood Furniture A\/S\",\"url\":\"https:\/\/onewood.dk\/\",\"logo\":{\"@type\":\"ImageObject\",\"inLanguage\":\"en-GB\",\"@id\":\"https:\/\/onewood.dk\/#\/schema\/logo\/image\/\",\"url\":\"https:\/\/onewood.dk\/wp-content\/uploads\/2024\/12\/Logo.png\",\"contentUrl\":\"https:\/\/onewood.dk\/wp-content\/uploads\/2024\/12\/Logo.png\",\"width\":180,\"height\":90,\"caption\":\"One Wood Furniture A\/S\"},\"image\":{\"@id\":\"https:\/\/onewood.dk\/#\/schema\/logo\/image\/\"}}]}<\/script>\n<!-- \/ Yoast SEO plugin. -->","yoast_head_json":{"title":"6505SP1 - Madrasskab 5 madrasser | One Wood Furniture A\/S","robots":{"index":"index","follow":"follow","max-snippet":"max-snippet:-1","max-image-preview":"max-image-preview:large","max-video-preview":"max-video-preview:-1"},"canonical":"https:\/\/onewood.dk\/en\/product\/6505sp1-mattress-cabinet-5-mattresses\/","og_locale":"en_GB","og_type":"article","og_title":"6505SP1 - Madrasskab 5 madrasser | One Wood Furniture A\/S","og_description":"Skab med plads til 5 madrasser og med opbevaring i bunden med 6 rum Skab i 19mm sp\u00e5nplade med 2mm ABS kant L\u00e5ge i 19mm sp\u00e5nplade med melamin og 2mm ABS kant Buet b\u00f8jlegreb &#8211; CC128 20mm luft mellem top og l\u00e5ger for udluftning","og_url":"https:\/\/onewood.dk\/en\/product\/6505sp1-mattress-cabinet-5-mattresses\/","og_site_name":"One Wood Furniture A\/S","article_modified_time":"2025-09-24T06:48:37+00:00","og_image":[{"width":2560,"height":1707,"url":"https:\/\/onewood.dk\/wp-content\/uploads\/2024\/12\/6907-scaled.jpg","type":"image\/jpeg"}],"twitter_card":"summary_large_image","twitter_misc":{"Estimated reading time":"1 minute"},"schema":{"@context":"https:\/\/schema.org","@graph":[{"@type":"WebPage","@id":"https:\/\/onewood.dk\/vare\/6505sp1-madrasskab-5-madrasser\/","url":"https:\/\/onewood.dk\/vare\/6505sp1-madrasskab-5-madrasser\/","name":"6505SP1 - Madrasskab 5 madrasser | One Wood Furniture A\/S","isPartOf":{"@id":"https:\/\/onewood.dk\/#website"},"primaryImageOfPage":{"@id":"https:\/\/onewood.dk\/vare\/6505sp1-madrasskab-5-madrasser\/#primaryimage"},"image":{"@id":"https:\/\/onewood.dk\/vare\/6505sp1-madrasskab-5-madrasser\/#primaryimage"},"thumbnailUrl":"https:\/\/onewood.dk\/wp-content\/uploads\/2024\/12\/6907-scaled.jpg","datePublished":"2024-12-03T11:48:10+00:00","dateModified":"2025-09-24T06:48:37+00:00","breadcrumb":{"@id":"https:\/\/onewood.dk\/vare\/6505sp1-madrasskab-5-madrasser\/#breadcrumb"},"inLanguage":"en-GB","potentialAction":[{"@type":"ReadAction","target":["https:\/\/onewood.dk\/vare\/6505sp1-madrasskab-5-madrasser\/"]}]},{"@type":"ImageObject","inLanguage":"en-GB","@id":"https:\/\/onewood.dk\/vare\/6505sp1-madrasskab-5-madrasser\/#primaryimage","url":"https:\/\/onewood.dk\/wp-content\/uploads\/2024\/12\/6907-scaled.jpg","contentUrl":"https:\/\/onewood.dk\/wp-content\/uploads\/2024\/12\/6907-scaled.jpg","width":2560,"height":1707},{"@type":"BreadcrumbList","@id":"https:\/\/onewood.dk\/vare\/6505sp1-madrasskab-5-madrasser\/#breadcrumb","itemListElement":[{"@type":"ListItem","position":1,"name":"Varer","item":"https:\/\/onewood.dk\/shop\/"},{"@type":"ListItem","position":2,"name":"Sp\u00e5n melamin","item":"https:\/\/onewood.dk\/vare-kategori\/spaan-melamin\/"},{"@type":"ListItem","position":3,"name":"Soverum","item":"https:\/\/onewood.dk\/vare-kategori\/spaan-melamin\/soverum-spaan-melamin\/"},{"@type":"ListItem","position":4,"name":"Madrasskab","item":"https:\/\/onewood.dk\/vare-kategori\/spaan-melamin\/soverum-spaan-melamin\/madrasskab-soverum-spaan-melamin\/"},{"@type":"ListItem","position":5,"name":"6505SP1 &#8211; Madrasskab 5 madrasser"}]},{"@type":"WebSite","@id":"https:\/\/onewood.dk\/#website","url":"https:\/\/onewood.dk\/","name":"One Wood Furniture A\/S","description":"","publisher":{"@id":"https:\/\/onewood.dk\/#organization"},"potentialAction":[{"@type":"SearchAction","target":{"@type":"EntryPoint","urlTemplate":"https:\/\/onewood.dk\/?s={search_term_string}"},"query-input":{"@type":"PropertyValueSpecification","valueRequired":true,"valueName":"search_term_string"}}],"inLanguage":"en-GB"},{"@type":"Organization","@id":"https:\/\/onewood.dk\/#organization","name":"One Wood Furniture A\/S","url":"https:\/\/onewood.dk\/","logo":{"@type":"ImageObject","inLanguage":"en-GB","@id":"https:\/\/onewood.dk\/#\/schema\/logo\/image\/","url":"https:\/\/onewood.dk\/wp-content\/uploads\/2024\/12\/Logo.png","contentUrl":"https:\/\/onewood.dk\/wp-content\/uploads\/2024\/12\/Logo.png","width":180,"height":90,"caption":"One Wood Furniture A\/S"},"image":{"@id":"https:\/\/onewood.dk\/#\/schema\/logo\/image\/"}}]}},"_links":{"self":[{"href":"https:\/\/onewood.dk\/en\/wp-json\/wp\/v2\/product\/1983","targetHints":{"allow":["GET"]}}],"collection":[{"href":"https:\/\/onewood.dk\/en\/wp-json\/wp\/v2\/product"}],"about":[{"href":"https:\/\/onewood.dk\/en\/wp-json\/wp\/v2\/types\/product"}],"wp:featuredmedia":[{"embeddable":true,"href":"https:\/\/onewood.dk\/en\/wp-json\/wp\/v2\/media\/4634"}],"wp:attachment":[{"href":"https:\/\/onewood.dk\/en\/wp-json\/wp\/v2\/media?parent=1983"}],"wp:term":[{"taxonomy":"product_brand","embeddable":true,"href":"https:\/\/onewood.dk\/en\/wp-json\/wp\/v2\/product_brand?post=1983"},{"taxonomy":"product_cat","embeddable":true,"href":"https:\/\/onewood.dk\/en\/wp-json\/wp\/v2\/product_cat?post=1983"},{"taxonomy":"product_tag","embeddable":true,"href":"https:\/\/onewood.dk\/en\/wp-json\/wp\/v2\/product_tag?post=1983"}],"curies":[{"name":"wp","href":"https:\/\/api.w.org\/{rel}","templated":true}]}}