{"id":1304,"date":"2024-12-03T12:46:18","date_gmt":"2024-12-03T11:46:18","guid":{"rendered":"https:\/\/onewood.dkvare\/8595-opbevaringsskab\/"},"modified":"2025-02-24T14:34:41","modified_gmt":"2025-02-24T13:34:41","slug":"8595-opbevaringsskab","status":"publish","type":"product","link":"https:\/\/onewood.dk\/nl\/product\/8595-opbergkast\/","title":{"rendered":"8595 \u2013 Opbergkast"},"content":{"rendered":"<p>Opbergkast van 18 mm wit gepigmenteerd berkenmultiplex met 1 vaste plank en 3 st. losse planken.<\/p>\n<p>De planken zijn elke 64 mm verstelbaar.<\/p>\n<p>Standaard geleverd zonder slot.<\/p>\n<p>Standaard geleverd met wit laminaat op de deuren, maar kan in alle standaardkleuren van One Wood geleverd worden.<\/p>","protected":false},"excerpt":{"rendered":"<p>Opbergkast van 18 mm wit gepigmenteerd berkenmultiplex met 1 vaste plank en 3 st. losse planken. De planken zijn elke 64 mm verstelbaar. Standaard geleverd zonder slot. Standaard geleverd met wit laminaat op de deuren, maar kan in alle standaardkleuren van One Wood geleverd worden.<\/p>","protected":false},"featured_media":2034,"template":"","meta":[],"product_brand":[],"product_cat":[617,556],"product_tag":[],"class_list":{"0":"post-1304","1":"product","2":"type-product","3":"status-publish","4":"has-post-thumbnail","6":"product_cat-opbevaringsskab","7":"product_cat-skabe","9":"first","10":"instock","11":"product-type-simple"},"yoast_head":"<!-- This site is optimized with the Yoast SEO plugin v24.4 - https:\/\/yoast.com\/wordpress\/plugins\/seo\/ -->\n<title>8595 - Opbevaringsskab | One Wood Furniture A\/S<\/title>\n<meta name=\"robots\" content=\"index, follow, max-snippet:-1, max-image-preview:large, max-video-preview:-1\" \/>\n<link rel=\"canonical\" href=\"https:\/\/onewood.dk\/nl\/product\/8595-opbergkast\/\" \/>\n<meta property=\"og:locale\" content=\"nl_NL\" \/>\n<meta property=\"og:type\" content=\"article\" \/>\n<meta property=\"og:title\" content=\"8595 - Opbevaringsskab | One Wood Furniture A\/S\" \/>\n<meta property=\"og:description\" content=\"Opbevaringsskab i 18 mm hvidpigmenteret birkekrydsfiner med 1 fast hylde og 3 stk. l\u00f8se hylder. Hylder kan justeres for hver 64mm. Leveres standard uden l\u00e5s. Leveres med hvid laminat p\u00e5 l\u00e5ger som standard, men kan leveres i alle\u00a0One Woods\u00a0standardfarver.\" \/>\n<meta property=\"og:url\" content=\"https:\/\/onewood.dk\/nl\/product\/8595-opbergkast\/\" \/>\n<meta property=\"og:site_name\" content=\"One Wood Furniture A\/S\" \/>\n<meta property=\"article:modified_time\" content=\"2025-02-24T13:34:41+00:00\" \/>\n<meta property=\"og:image\" content=\"https:\/\/onewood.dk\/wp-content\/uploads\/2024\/12\/4835-scaled.jpg\" \/>\n\t<meta property=\"og:image:width\" content=\"2560\" \/>\n\t<meta property=\"og:image:height\" content=\"1705\" \/>\n\t<meta property=\"og:image:type\" content=\"image\/jpeg\" \/>\n<meta name=\"twitter:card\" content=\"summary_large_image\" \/>\n<meta name=\"twitter:label1\" content=\"Geschatte leestijd\" \/>\n\t<meta name=\"twitter:data1\" content=\"1 minuut\" \/>\n<script type=\"application\/ld+json\" class=\"yoast-schema-graph\">{\"@context\":\"https:\/\/schema.org\",\"@graph\":[{\"@type\":\"WebPage\",\"@id\":\"https:\/\/onewood.dk\/vare\/8595-opbevaringsskab\/\",\"url\":\"https:\/\/onewood.dk\/vare\/8595-opbevaringsskab\/\",\"name\":\"8595 - Opbevaringsskab | One Wood Furniture A\/S\",\"isPartOf\":{\"@id\":\"https:\/\/onewood.dk\/#website\"},\"primaryImageOfPage\":{\"@id\":\"https:\/\/onewood.dk\/vare\/8595-opbevaringsskab\/#primaryimage\"},\"image\":{\"@id\":\"https:\/\/onewood.dk\/vare\/8595-opbevaringsskab\/#primaryimage\"},\"thumbnailUrl\":\"https:\/\/onewood.dk\/wp-content\/uploads\/2024\/12\/4835-scaled.jpg\",\"datePublished\":\"2024-12-03T11:46:18+00:00\",\"dateModified\":\"2025-02-24T13:34:41+00:00\",\"breadcrumb\":{\"@id\":\"https:\/\/onewood.dk\/vare\/8595-opbevaringsskab\/#breadcrumb\"},\"inLanguage\":\"nl-NL\",\"potentialAction\":[{\"@type\":\"ReadAction\",\"target\":[\"https:\/\/onewood.dk\/vare\/8595-opbevaringsskab\/\"]}]},{\"@type\":\"ImageObject\",\"inLanguage\":\"nl-NL\",\"@id\":\"https:\/\/onewood.dk\/vare\/8595-opbevaringsskab\/#primaryimage\",\"url\":\"https:\/\/onewood.dk\/wp-content\/uploads\/2024\/12\/4835-scaled.jpg\",\"contentUrl\":\"https:\/\/onewood.dk\/wp-content\/uploads\/2024\/12\/4835-scaled.jpg\",\"width\":2560,\"height\":1705},{\"@type\":\"BreadcrumbList\",\"@id\":\"https:\/\/onewood.dk\/vare\/8595-opbevaringsskab\/#breadcrumb\",\"itemListElement\":[{\"@type\":\"ListItem\",\"position\":1,\"name\":\"Varer\",\"item\":\"https:\/\/onewood.dk\/shop\/\"},{\"@type\":\"ListItem\",\"position\":2,\"name\":\"Skabe\",\"item\":\"https:\/\/onewood.dk\/vare-kategori\/skabe\/\"},{\"@type\":\"ListItem\",\"position\":3,\"name\":\"Opbevaringsskab\",\"item\":\"https:\/\/onewood.dk\/vare-kategori\/skabe\/opbevaringsskab\/\"},{\"@type\":\"ListItem\",\"position\":4,\"name\":\"8595 &#8211; Opbevaringsskab\"}]},{\"@type\":\"WebSite\",\"@id\":\"https:\/\/onewood.dk\/#website\",\"url\":\"https:\/\/onewood.dk\/\",\"name\":\"One Wood Furniture A\/S\",\"description\":\"\",\"publisher\":{\"@id\":\"https:\/\/onewood.dk\/#organization\"},\"potentialAction\":[{\"@type\":\"SearchAction\",\"target\":{\"@type\":\"EntryPoint\",\"urlTemplate\":\"https:\/\/onewood.dk\/?s={search_term_string}\"},\"query-input\":{\"@type\":\"PropertyValueSpecification\",\"valueRequired\":true,\"valueName\":\"search_term_string\"}}],\"inLanguage\":\"nl-NL\"},{\"@type\":\"Organization\",\"@id\":\"https:\/\/onewood.dk\/#organization\",\"name\":\"One Wood Furniture A\/S\",\"url\":\"https:\/\/onewood.dk\/\",\"logo\":{\"@type\":\"ImageObject\",\"inLanguage\":\"nl-NL\",\"@id\":\"https:\/\/onewood.dk\/#\/schema\/logo\/image\/\",\"url\":\"https:\/\/onewood.dk\/wp-content\/uploads\/2024\/12\/Logo.png\",\"contentUrl\":\"https:\/\/onewood.dk\/wp-content\/uploads\/2024\/12\/Logo.png\",\"width\":180,\"height\":90,\"caption\":\"One Wood Furniture A\/S\"},\"image\":{\"@id\":\"https:\/\/onewood.dk\/#\/schema\/logo\/image\/\"}}]}<\/script>\n<!-- \/ Yoast SEO plugin. -->","yoast_head_json":{"title":"8595 - Opbevaringsskab | One Wood Furniture A\/S","robots":{"index":"index","follow":"follow","max-snippet":"max-snippet:-1","max-image-preview":"max-image-preview:large","max-video-preview":"max-video-preview:-1"},"canonical":"https:\/\/onewood.dk\/nl\/product\/8595-opbergkast\/","og_locale":"nl_NL","og_type":"article","og_title":"8595 - Opbevaringsskab | One Wood Furniture A\/S","og_description":"Opbevaringsskab i 18 mm hvidpigmenteret birkekrydsfiner med 1 fast hylde og 3 stk. l\u00f8se hylder. Hylder kan justeres for hver 64mm. Leveres standard uden l\u00e5s. Leveres med hvid laminat p\u00e5 l\u00e5ger som standard, men kan leveres i alle\u00a0One Woods\u00a0standardfarver.","og_url":"https:\/\/onewood.dk\/nl\/product\/8595-opbergkast\/","og_site_name":"One Wood Furniture A\/S","article_modified_time":"2025-02-24T13:34:41+00:00","og_image":[{"width":2560,"height":1705,"url":"https:\/\/onewood.dk\/wp-content\/uploads\/2024\/12\/4835-scaled.jpg","type":"image\/jpeg"}],"twitter_card":"summary_large_image","twitter_misc":{"Geschatte leestijd":"1 minuut"},"schema":{"@context":"https:\/\/schema.org","@graph":[{"@type":"WebPage","@id":"https:\/\/onewood.dk\/vare\/8595-opbevaringsskab\/","url":"https:\/\/onewood.dk\/vare\/8595-opbevaringsskab\/","name":"8595 - Opbevaringsskab | One Wood Furniture A\/S","isPartOf":{"@id":"https:\/\/onewood.dk\/#website"},"primaryImageOfPage":{"@id":"https:\/\/onewood.dk\/vare\/8595-opbevaringsskab\/#primaryimage"},"image":{"@id":"https:\/\/onewood.dk\/vare\/8595-opbevaringsskab\/#primaryimage"},"thumbnailUrl":"https:\/\/onewood.dk\/wp-content\/uploads\/2024\/12\/4835-scaled.jpg","datePublished":"2024-12-03T11:46:18+00:00","dateModified":"2025-02-24T13:34:41+00:00","breadcrumb":{"@id":"https:\/\/onewood.dk\/vare\/8595-opbevaringsskab\/#breadcrumb"},"inLanguage":"nl-NL","potentialAction":[{"@type":"ReadAction","target":["https:\/\/onewood.dk\/vare\/8595-opbevaringsskab\/"]}]},{"@type":"ImageObject","inLanguage":"nl-NL","@id":"https:\/\/onewood.dk\/vare\/8595-opbevaringsskab\/#primaryimage","url":"https:\/\/onewood.dk\/wp-content\/uploads\/2024\/12\/4835-scaled.jpg","contentUrl":"https:\/\/onewood.dk\/wp-content\/uploads\/2024\/12\/4835-scaled.jpg","width":2560,"height":1705},{"@type":"BreadcrumbList","@id":"https:\/\/onewood.dk\/vare\/8595-opbevaringsskab\/#breadcrumb","itemListElement":[{"@type":"ListItem","position":1,"name":"Varer","item":"https:\/\/onewood.dk\/shop\/"},{"@type":"ListItem","position":2,"name":"Skabe","item":"https:\/\/onewood.dk\/vare-kategori\/skabe\/"},{"@type":"ListItem","position":3,"name":"Opbevaringsskab","item":"https:\/\/onewood.dk\/vare-kategori\/skabe\/opbevaringsskab\/"},{"@type":"ListItem","position":4,"name":"8595 &#8211; Opbevaringsskab"}]},{"@type":"WebSite","@id":"https:\/\/onewood.dk\/#website","url":"https:\/\/onewood.dk\/","name":"One Wood Furniture A\/S","description":"","publisher":{"@id":"https:\/\/onewood.dk\/#organization"},"potentialAction":[{"@type":"SearchAction","target":{"@type":"EntryPoint","urlTemplate":"https:\/\/onewood.dk\/?s={search_term_string}"},"query-input":{"@type":"PropertyValueSpecification","valueRequired":true,"valueName":"search_term_string"}}],"inLanguage":"nl-NL"},{"@type":"Organization","@id":"https:\/\/onewood.dk\/#organization","name":"One Wood Furniture A\/S","url":"https:\/\/onewood.dk\/","logo":{"@type":"ImageObject","inLanguage":"nl-NL","@id":"https:\/\/onewood.dk\/#\/schema\/logo\/image\/","url":"https:\/\/onewood.dk\/wp-content\/uploads\/2024\/12\/Logo.png","contentUrl":"https:\/\/onewood.dk\/wp-content\/uploads\/2024\/12\/Logo.png","width":180,"height":90,"caption":"One Wood Furniture A\/S"},"image":{"@id":"https:\/\/onewood.dk\/#\/schema\/logo\/image\/"}}]}},"_links":{"self":[{"href":"https:\/\/onewood.dk\/nl\/wp-json\/wp\/v2\/product\/1304","targetHints":{"allow":["GET"]}}],"collection":[{"href":"https:\/\/onewood.dk\/nl\/wp-json\/wp\/v2\/product"}],"about":[{"href":"https:\/\/onewood.dk\/nl\/wp-json\/wp\/v2\/types\/product"}],"wp:featuredmedia":[{"embeddable":true,"href":"https:\/\/onewood.dk\/nl\/wp-json\/wp\/v2\/media\/2034"}],"wp:attachment":[{"href":"https:\/\/onewood.dk\/nl\/wp-json\/wp\/v2\/media?parent=1304"}],"wp:term":[{"taxonomy":"product_brand","embeddable":true,"href":"https:\/\/onewood.dk\/nl\/wp-json\/wp\/v2\/product_brand?post=1304"},{"taxonomy":"product_cat","embeddable":true,"href":"https:\/\/onewood.dk\/nl\/wp-json\/wp\/v2\/product_cat?post=1304"},{"taxonomy":"product_tag","embeddable":true,"href":"https:\/\/onewood.dk\/nl\/wp-json\/wp\/v2\/product_tag?post=1304"}],"curies":[{"name":"wp","href":"https:\/\/api.w.org\/{rel}","templated":true}]}}