{"id":1343,"date":"2024-12-03T12:46:25","date_gmt":"2024-12-03T11:46:25","guid":{"rendered":"https:\/\/onewood.dkvare\/8610-skuffereol-24-smaa-skuffer\/"},"modified":"2025-02-10T14:55:40","modified_gmt":"2025-02-10T13:55:40","slug":"8610-skuffereol-24-smaa-skuffer","status":"publish","type":"product","link":"https:\/\/onewood.dk\/nl\/product\/8610-ladeblok-24-kleine-lades\/","title":{"rendered":"8610 \u2013 Ladeblok 24 kleine lades"},"content":{"rendered":"<p>Ladenkast van 18 mm dik wit gepigmenteerd berkenmultiplex met 24 kleine laden en legplanken in het midden.<\/p>\n<p>Kies een ladefront \u2013 bekijk meer varianten.<\/p>\n<ul>\n<li>Alle laden zijn voorzien van sterke metalen uittrekelementen met stopfunctie<\/li>\n<li>Ladekast wordt standaard geleverd met onderstel<\/li>\n<li>Kan geleverd worden met wielen met remmen<\/li>\n<li>Wilt u een laminaatblad, bestel dan artikelnr. 8610D<\/li>\n<\/ul>","protected":false},"excerpt":{"rendered":"<p><strong>Doel<\/strong>: Hoogte: 980 mm. Breedte: 1493 mm. Diepte: 372 mm.<\/p>\n<p><strong>Afmetingen Bovenplaat: <\/strong>Lengte: 1520 mm. Breedte: 400mm.<\/p>\n<p><strong>Afmetingen lade binnenin: <\/strong>Hoogte: 100 mm. Breedte: 218 mm. Diepte: 314 mm.<\/p>\n<p>&nbsp;<\/p>\n<p>Afgebeeld met lade zonder brievenopening<\/p>\n<p>&nbsp;<\/p>","protected":false},"featured_media":2211,"template":"","meta":[],"product_brand":[],"product_cat":[730,557,582],"product_tag":[],"class_list":{"0":"post-1343","1":"product","2":"type-product","3":"status-publish","4":"has-post-thumbnail","6":"product_cat-skuffereoler-skuffereoler","7":"product_cat-reoler","8":"product_cat-skuffereoler","10":"first","11":"instock","12":"product-type-simple"},"yoast_head":"<!-- This site is optimized with the Yoast SEO plugin v24.4 - https:\/\/yoast.com\/wordpress\/plugins\/seo\/ -->\n<title>8610 - Skuffereol 24 sm\u00e5 skuffer | One Wood Furniture A\/S<\/title>\n<meta name=\"robots\" content=\"index, follow, max-snippet:-1, max-image-preview:large, max-video-preview:-1\" \/>\n<link rel=\"canonical\" href=\"https:\/\/onewood.dk\/nl\/product\/8610-ladeblok-24-kleine-lades\/\" \/>\n<meta property=\"og:locale\" content=\"nl_NL\" \/>\n<meta property=\"og:type\" content=\"article\" \/>\n<meta property=\"og:title\" content=\"8610 - Skuffereol 24 sm\u00e5 skuffer | One Wood Furniture A\/S\" \/>\n<meta property=\"og:description\" content=\"M\u00e5l: H\u00f8jde:980mm. Bredde:1493mm. Dybde:372mm.  M\u00e5l Topplade: L\u00e6ngde:1520mm. Bredde:400mm.  Skuffem\u00e5l indvendig: H\u00f8jde:100mm. Bredde:218mm. Dybde:314mm.  &nbsp;  Vist med skuffe uden brev\u00e5bning  &nbsp;\" \/>\n<meta property=\"og:url\" content=\"https:\/\/onewood.dk\/nl\/product\/8610-ladeblok-24-kleine-lades\/\" \/>\n<meta property=\"og:site_name\" content=\"One Wood Furniture A\/S\" \/>\n<meta property=\"article:modified_time\" content=\"2025-02-10T13:55:40+00:00\" \/>\n<meta property=\"og:image\" content=\"https:\/\/onewood.dk\/wp-content\/uploads\/2024\/12\/4177.jpg\" \/>\n\t<meta property=\"og:image:width\" content=\"1600\" \/>\n\t<meta property=\"og:image:height\" content=\"1065\" \/>\n\t<meta property=\"og:image:type\" content=\"image\/jpeg\" \/>\n<meta name=\"twitter:card\" content=\"summary_large_image\" \/>\n<meta name=\"twitter:label1\" content=\"Geschatte leestijd\" \/>\n\t<meta name=\"twitter:data1\" content=\"1 minuut\" \/>\n<script type=\"application\/ld+json\" class=\"yoast-schema-graph\">{\"@context\":\"https:\/\/schema.org\",\"@graph\":[{\"@type\":\"WebPage\",\"@id\":\"https:\/\/onewood.dk\/vare\/8610-skuffereol-24-smaa-skuffer\/\",\"url\":\"https:\/\/onewood.dk\/vare\/8610-skuffereol-24-smaa-skuffer\/\",\"name\":\"8610 - Skuffereol 24 sm\u00e5 skuffer | One Wood Furniture A\/S\",\"isPartOf\":{\"@id\":\"https:\/\/onewood.dk\/#website\"},\"primaryImageOfPage\":{\"@id\":\"https:\/\/onewood.dk\/vare\/8610-skuffereol-24-smaa-skuffer\/#primaryimage\"},\"image\":{\"@id\":\"https:\/\/onewood.dk\/vare\/8610-skuffereol-24-smaa-skuffer\/#primaryimage\"},\"thumbnailUrl\":\"https:\/\/onewood.dk\/wp-content\/uploads\/2024\/12\/4177.jpg\",\"datePublished\":\"2024-12-03T11:46:25+00:00\",\"dateModified\":\"2025-02-10T13:55:40+00:00\",\"breadcrumb\":{\"@id\":\"https:\/\/onewood.dk\/vare\/8610-skuffereol-24-smaa-skuffer\/#breadcrumb\"},\"inLanguage\":\"nl-NL\",\"potentialAction\":[{\"@type\":\"ReadAction\",\"target\":[\"https:\/\/onewood.dk\/vare\/8610-skuffereol-24-smaa-skuffer\/\"]}]},{\"@type\":\"ImageObject\",\"inLanguage\":\"nl-NL\",\"@id\":\"https:\/\/onewood.dk\/vare\/8610-skuffereol-24-smaa-skuffer\/#primaryimage\",\"url\":\"https:\/\/onewood.dk\/wp-content\/uploads\/2024\/12\/4177.jpg\",\"contentUrl\":\"https:\/\/onewood.dk\/wp-content\/uploads\/2024\/12\/4177.jpg\",\"width\":1600,\"height\":1065},{\"@type\":\"BreadcrumbList\",\"@id\":\"https:\/\/onewood.dk\/vare\/8610-skuffereol-24-smaa-skuffer\/#breadcrumb\",\"itemListElement\":[{\"@type\":\"ListItem\",\"position\":1,\"name\":\"Varer\",\"item\":\"https:\/\/onewood.dk\/shop\/\"},{\"@type\":\"ListItem\",\"position\":2,\"name\":\"Reoler\",\"item\":\"https:\/\/onewood.dk\/vare-kategori\/reoler\/\"},{\"@type\":\"ListItem\",\"position\":3,\"name\":\"8610 &#8211; Skuffereol 24 sm\u00e5 skuffer\"}]},{\"@type\":\"WebSite\",\"@id\":\"https:\/\/onewood.dk\/#website\",\"url\":\"https:\/\/onewood.dk\/\",\"name\":\"One Wood Furniture A\/S\",\"description\":\"\",\"publisher\":{\"@id\":\"https:\/\/onewood.dk\/#organization\"},\"potentialAction\":[{\"@type\":\"SearchAction\",\"target\":{\"@type\":\"EntryPoint\",\"urlTemplate\":\"https:\/\/onewood.dk\/?s={search_term_string}\"},\"query-input\":{\"@type\":\"PropertyValueSpecification\",\"valueRequired\":true,\"valueName\":\"search_term_string\"}}],\"inLanguage\":\"nl-NL\"},{\"@type\":\"Organization\",\"@id\":\"https:\/\/onewood.dk\/#organization\",\"name\":\"One Wood Furniture A\/S\",\"url\":\"https:\/\/onewood.dk\/\",\"logo\":{\"@type\":\"ImageObject\",\"inLanguage\":\"nl-NL\",\"@id\":\"https:\/\/onewood.dk\/#\/schema\/logo\/image\/\",\"url\":\"https:\/\/onewood.dk\/wp-content\/uploads\/2024\/12\/Logo.png\",\"contentUrl\":\"https:\/\/onewood.dk\/wp-content\/uploads\/2024\/12\/Logo.png\",\"width\":180,\"height\":90,\"caption\":\"One Wood Furniture A\/S\"},\"image\":{\"@id\":\"https:\/\/onewood.dk\/#\/schema\/logo\/image\/\"}}]}<\/script>\n<!-- \/ Yoast SEO plugin. -->","yoast_head_json":{"title":"8610 - Skuffereol 24 sm\u00e5 skuffer | One Wood Furniture A\/S","robots":{"index":"index","follow":"follow","max-snippet":"max-snippet:-1","max-image-preview":"max-image-preview:large","max-video-preview":"max-video-preview:-1"},"canonical":"https:\/\/onewood.dk\/nl\/product\/8610-ladeblok-24-kleine-lades\/","og_locale":"nl_NL","og_type":"article","og_title":"8610 - Skuffereol 24 sm\u00e5 skuffer | One Wood Furniture A\/S","og_description":"M\u00e5l: H\u00f8jde:980mm. Bredde:1493mm. Dybde:372mm.  M\u00e5l Topplade: L\u00e6ngde:1520mm. Bredde:400mm.  Skuffem\u00e5l indvendig: H\u00f8jde:100mm. Bredde:218mm. Dybde:314mm.  &nbsp;  Vist med skuffe uden brev\u00e5bning  &nbsp;","og_url":"https:\/\/onewood.dk\/nl\/product\/8610-ladeblok-24-kleine-lades\/","og_site_name":"One Wood Furniture A\/S","article_modified_time":"2025-02-10T13:55:40+00:00","og_image":[{"width":1600,"height":1065,"url":"https:\/\/onewood.dk\/wp-content\/uploads\/2024\/12\/4177.jpg","type":"image\/jpeg"}],"twitter_card":"summary_large_image","twitter_misc":{"Geschatte leestijd":"1 minuut"},"schema":{"@context":"https:\/\/schema.org","@graph":[{"@type":"WebPage","@id":"https:\/\/onewood.dk\/vare\/8610-skuffereol-24-smaa-skuffer\/","url":"https:\/\/onewood.dk\/vare\/8610-skuffereol-24-smaa-skuffer\/","name":"8610 - Skuffereol 24 sm\u00e5 skuffer | One Wood Furniture A\/S","isPartOf":{"@id":"https:\/\/onewood.dk\/#website"},"primaryImageOfPage":{"@id":"https:\/\/onewood.dk\/vare\/8610-skuffereol-24-smaa-skuffer\/#primaryimage"},"image":{"@id":"https:\/\/onewood.dk\/vare\/8610-skuffereol-24-smaa-skuffer\/#primaryimage"},"thumbnailUrl":"https:\/\/onewood.dk\/wp-content\/uploads\/2024\/12\/4177.jpg","datePublished":"2024-12-03T11:46:25+00:00","dateModified":"2025-02-10T13:55:40+00:00","breadcrumb":{"@id":"https:\/\/onewood.dk\/vare\/8610-skuffereol-24-smaa-skuffer\/#breadcrumb"},"inLanguage":"nl-NL","potentialAction":[{"@type":"ReadAction","target":["https:\/\/onewood.dk\/vare\/8610-skuffereol-24-smaa-skuffer\/"]}]},{"@type":"ImageObject","inLanguage":"nl-NL","@id":"https:\/\/onewood.dk\/vare\/8610-skuffereol-24-smaa-skuffer\/#primaryimage","url":"https:\/\/onewood.dk\/wp-content\/uploads\/2024\/12\/4177.jpg","contentUrl":"https:\/\/onewood.dk\/wp-content\/uploads\/2024\/12\/4177.jpg","width":1600,"height":1065},{"@type":"BreadcrumbList","@id":"https:\/\/onewood.dk\/vare\/8610-skuffereol-24-smaa-skuffer\/#breadcrumb","itemListElement":[{"@type":"ListItem","position":1,"name":"Varer","item":"https:\/\/onewood.dk\/shop\/"},{"@type":"ListItem","position":2,"name":"Reoler","item":"https:\/\/onewood.dk\/vare-kategori\/reoler\/"},{"@type":"ListItem","position":3,"name":"8610 &#8211; Skuffereol 24 sm\u00e5 skuffer"}]},{"@type":"WebSite","@id":"https:\/\/onewood.dk\/#website","url":"https:\/\/onewood.dk\/","name":"One Wood Furniture A\/S","description":"","publisher":{"@id":"https:\/\/onewood.dk\/#organization"},"potentialAction":[{"@type":"SearchAction","target":{"@type":"EntryPoint","urlTemplate":"https:\/\/onewood.dk\/?s={search_term_string}"},"query-input":{"@type":"PropertyValueSpecification","valueRequired":true,"valueName":"search_term_string"}}],"inLanguage":"nl-NL"},{"@type":"Organization","@id":"https:\/\/onewood.dk\/#organization","name":"One Wood Furniture A\/S","url":"https:\/\/onewood.dk\/","logo":{"@type":"ImageObject","inLanguage":"nl-NL","@id":"https:\/\/onewood.dk\/#\/schema\/logo\/image\/","url":"https:\/\/onewood.dk\/wp-content\/uploads\/2024\/12\/Logo.png","contentUrl":"https:\/\/onewood.dk\/wp-content\/uploads\/2024\/12\/Logo.png","width":180,"height":90,"caption":"One Wood Furniture A\/S"},"image":{"@id":"https:\/\/onewood.dk\/#\/schema\/logo\/image\/"}}]}},"_links":{"self":[{"href":"https:\/\/onewood.dk\/nl\/wp-json\/wp\/v2\/product\/1343","targetHints":{"allow":["GET"]}}],"collection":[{"href":"https:\/\/onewood.dk\/nl\/wp-json\/wp\/v2\/product"}],"about":[{"href":"https:\/\/onewood.dk\/nl\/wp-json\/wp\/v2\/types\/product"}],"wp:featuredmedia":[{"embeddable":true,"href":"https:\/\/onewood.dk\/nl\/wp-json\/wp\/v2\/media\/2211"}],"wp:attachment":[{"href":"https:\/\/onewood.dk\/nl\/wp-json\/wp\/v2\/media?parent=1343"}],"wp:term":[{"taxonomy":"product_brand","embeddable":true,"href":"https:\/\/onewood.dk\/nl\/wp-json\/wp\/v2\/product_brand?post=1343"},{"taxonomy":"product_cat","embeddable":true,"href":"https:\/\/onewood.dk\/nl\/wp-json\/wp\/v2\/product_cat?post=1343"},{"taxonomy":"product_tag","embeddable":true,"href":"https:\/\/onewood.dk\/nl\/wp-json\/wp\/v2\/product_tag?post=1343"}],"curies":[{"name":"wp","href":"https:\/\/api.w.org\/{rel}","templated":true}]}}