{"id":1360,"date":"2024-12-03T12:46:29","date_gmt":"2024-12-03T11:46:29","guid":{"rendered":"https:\/\/onewood.dkvare\/8401-stor-play-reol\/"},"modified":"2025-03-26T13:40:45","modified_gmt":"2025-03-26T12:40:45","slug":"8401-stor-play-reol","status":"publish","type":"product","link":"https:\/\/onewood.dk\/nl\/product\/8401-grote-speelplank\/","title":{"rendered":"8401 \u2013 Grote speelplank"},"content":{"rendered":"<p>Met deze roomdivider kunt u kleinere ruimtes cre\u00ebren die een gezellige en rustige sfeer cre\u00ebren. Dit kan helpen om het geluidsniveau in een grote ruimte te verlagen en het kind te helpen zich te concentreren op zijn\/haar eigen activiteit.<\/p>\n<p>Grote speelplank met 3 planken van 15 mm. wit gepigmenteerd berkenmultiplex. Standaard geleverd met een laminaatblad in lichtgrijs laminaat.<\/p>\n<p>Bestel extra achterpaneel, exterieur of interieur \u2013 artikelnr. 8401B<\/p>","protected":false},"excerpt":{"rendered":"<p>Med denne rumopdeler er det muligt at skabe mindre milj\u00f8er, der giver hyggelige og rolige rammer. Dette kan medvirke til lavere st\u00f8jniveau i et stort rum, samt hj\u00e6lpe barnet til at holde fokus p\u00e5 sin egen aktivitet. Stor play reol med 3 hylder i 15 mm. hvidpigmenteret birkekrydsfiner. Leveres standard med laminattopplade i lys gr\u00e5 [&hellip;]<\/p>","protected":false},"featured_media":2351,"template":"","meta":[],"product_brand":[],"product_cat":[557,580],"product_tag":[],"class_list":{"0":"post-1360","1":"product","2":"type-product","3":"status-publish","4":"has-post-thumbnail","6":"product_cat-reoler","7":"product_cat-play","9":"first","10":"instock","11":"product-type-simple"},"yoast_head":"<!-- This site is optimized with the Yoast SEO plugin v24.4 - https:\/\/yoast.com\/wordpress\/plugins\/seo\/ -->\n<title>8401 - Stor play reol | One Wood Furniture A\/S<\/title>\n<meta name=\"robots\" content=\"index, follow, max-snippet:-1, max-image-preview:large, max-video-preview:-1\" \/>\n<link rel=\"canonical\" href=\"https:\/\/onewood.dk\/nl\/product\/8401-grote-speelplank\/\" \/>\n<meta property=\"og:locale\" content=\"nl_NL\" \/>\n<meta property=\"og:type\" content=\"article\" \/>\n<meta property=\"og:title\" content=\"8401 - Stor play reol | One Wood Furniture A\/S\" \/>\n<meta property=\"og:description\" content=\"Med denne rumopdeler er det muligt at skabe mindre milj\u00f8er, der giver hyggelige og rolige rammer. Dette kan medvirke til lavere st\u00f8jniveau i et stort rum, samt hj\u00e6lpe barnet til at holde fokus p\u00e5 sin egen aktivitet. Stor play reol med 3 hylder i 15 mm. hvidpigmenteret birkekrydsfiner. Leveres standard med laminattopplade i lys gr\u00e5 [&hellip;]\" \/>\n<meta property=\"og:url\" content=\"https:\/\/onewood.dk\/nl\/product\/8401-grote-speelplank\/\" \/>\n<meta property=\"og:site_name\" content=\"One Wood Furniture A\/S\" \/>\n<meta property=\"article:modified_time\" content=\"2025-03-26T12:40:45+00:00\" \/>\n<meta property=\"og:image\" content=\"https:\/\/onewood.dk\/wp-content\/uploads\/2024\/12\/5704-scaled.jpg\" \/>\n\t<meta property=\"og:image:width\" content=\"2560\" \/>\n\t<meta property=\"og:image:height\" content=\"1707\" \/>\n\t<meta property=\"og:image:type\" content=\"image\/jpeg\" \/>\n<meta name=\"twitter:card\" content=\"summary_large_image\" \/>\n<meta name=\"twitter:label1\" content=\"Geschatte leestijd\" \/>\n\t<meta name=\"twitter:data1\" content=\"1 minuut\" \/>\n<script type=\"application\/ld+json\" class=\"yoast-schema-graph\">{\"@context\":\"https:\/\/schema.org\",\"@graph\":[{\"@type\":\"WebPage\",\"@id\":\"https:\/\/onewood.dk\/vare\/8401-stor-play-reol\/\",\"url\":\"https:\/\/onewood.dk\/vare\/8401-stor-play-reol\/\",\"name\":\"8401 - Stor play reol | One Wood Furniture A\/S\",\"isPartOf\":{\"@id\":\"https:\/\/onewood.dk\/#website\"},\"primaryImageOfPage\":{\"@id\":\"https:\/\/onewood.dk\/vare\/8401-stor-play-reol\/#primaryimage\"},\"image\":{\"@id\":\"https:\/\/onewood.dk\/vare\/8401-stor-play-reol\/#primaryimage\"},\"thumbnailUrl\":\"https:\/\/onewood.dk\/wp-content\/uploads\/2024\/12\/5704-scaled.jpg\",\"datePublished\":\"2024-12-03T11:46:29+00:00\",\"dateModified\":\"2025-03-26T12:40:45+00:00\",\"breadcrumb\":{\"@id\":\"https:\/\/onewood.dk\/vare\/8401-stor-play-reol\/#breadcrumb\"},\"inLanguage\":\"nl-NL\",\"potentialAction\":[{\"@type\":\"ReadAction\",\"target\":[\"https:\/\/onewood.dk\/vare\/8401-stor-play-reol\/\"]}]},{\"@type\":\"ImageObject\",\"inLanguage\":\"nl-NL\",\"@id\":\"https:\/\/onewood.dk\/vare\/8401-stor-play-reol\/#primaryimage\",\"url\":\"https:\/\/onewood.dk\/wp-content\/uploads\/2024\/12\/5704-scaled.jpg\",\"contentUrl\":\"https:\/\/onewood.dk\/wp-content\/uploads\/2024\/12\/5704-scaled.jpg\",\"width\":2560,\"height\":1707},{\"@type\":\"BreadcrumbList\",\"@id\":\"https:\/\/onewood.dk\/vare\/8401-stor-play-reol\/#breadcrumb\",\"itemListElement\":[{\"@type\":\"ListItem\",\"position\":1,\"name\":\"Varer\",\"item\":\"https:\/\/onewood.dk\/shop\/\"},{\"@type\":\"ListItem\",\"position\":2,\"name\":\"Reoler\",\"item\":\"https:\/\/onewood.dk\/vare-kategori\/reoler\/\"},{\"@type\":\"ListItem\",\"position\":3,\"name\":\"Play\",\"item\":\"https:\/\/onewood.dk\/vare-kategori\/reoler\/play\/\"},{\"@type\":\"ListItem\",\"position\":4,\"name\":\"8401 &#8211; Stor play reol\"}]},{\"@type\":\"WebSite\",\"@id\":\"https:\/\/onewood.dk\/#website\",\"url\":\"https:\/\/onewood.dk\/\",\"name\":\"One Wood Furniture A\/S\",\"description\":\"\",\"publisher\":{\"@id\":\"https:\/\/onewood.dk\/#organization\"},\"potentialAction\":[{\"@type\":\"SearchAction\",\"target\":{\"@type\":\"EntryPoint\",\"urlTemplate\":\"https:\/\/onewood.dk\/?s={search_term_string}\"},\"query-input\":{\"@type\":\"PropertyValueSpecification\",\"valueRequired\":true,\"valueName\":\"search_term_string\"}}],\"inLanguage\":\"nl-NL\"},{\"@type\":\"Organization\",\"@id\":\"https:\/\/onewood.dk\/#organization\",\"name\":\"One Wood Furniture A\/S\",\"url\":\"https:\/\/onewood.dk\/\",\"logo\":{\"@type\":\"ImageObject\",\"inLanguage\":\"nl-NL\",\"@id\":\"https:\/\/onewood.dk\/#\/schema\/logo\/image\/\",\"url\":\"https:\/\/onewood.dk\/wp-content\/uploads\/2024\/12\/Logo.png\",\"contentUrl\":\"https:\/\/onewood.dk\/wp-content\/uploads\/2024\/12\/Logo.png\",\"width\":180,\"height\":90,\"caption\":\"One Wood Furniture A\/S\"},\"image\":{\"@id\":\"https:\/\/onewood.dk\/#\/schema\/logo\/image\/\"}}]}<\/script>\n<!-- \/ Yoast SEO plugin. -->","yoast_head_json":{"title":"8401 - Stor play reol | One Wood Furniture A\/S","robots":{"index":"index","follow":"follow","max-snippet":"max-snippet:-1","max-image-preview":"max-image-preview:large","max-video-preview":"max-video-preview:-1"},"canonical":"https:\/\/onewood.dk\/nl\/product\/8401-grote-speelplank\/","og_locale":"nl_NL","og_type":"article","og_title":"8401 - Stor play reol | One Wood Furniture A\/S","og_description":"Med denne rumopdeler er det muligt at skabe mindre milj\u00f8er, der giver hyggelige og rolige rammer. Dette kan medvirke til lavere st\u00f8jniveau i et stort rum, samt hj\u00e6lpe barnet til at holde fokus p\u00e5 sin egen aktivitet. Stor play reol med 3 hylder i 15 mm. hvidpigmenteret birkekrydsfiner. Leveres standard med laminattopplade i lys gr\u00e5 [&hellip;]","og_url":"https:\/\/onewood.dk\/nl\/product\/8401-grote-speelplank\/","og_site_name":"One Wood Furniture A\/S","article_modified_time":"2025-03-26T12:40:45+00:00","og_image":[{"width":2560,"height":1707,"url":"https:\/\/onewood.dk\/wp-content\/uploads\/2024\/12\/5704-scaled.jpg","type":"image\/jpeg"}],"twitter_card":"summary_large_image","twitter_misc":{"Geschatte leestijd":"1 minuut"},"schema":{"@context":"https:\/\/schema.org","@graph":[{"@type":"WebPage","@id":"https:\/\/onewood.dk\/vare\/8401-stor-play-reol\/","url":"https:\/\/onewood.dk\/vare\/8401-stor-play-reol\/","name":"8401 - Stor play reol | One Wood Furniture A\/S","isPartOf":{"@id":"https:\/\/onewood.dk\/#website"},"primaryImageOfPage":{"@id":"https:\/\/onewood.dk\/vare\/8401-stor-play-reol\/#primaryimage"},"image":{"@id":"https:\/\/onewood.dk\/vare\/8401-stor-play-reol\/#primaryimage"},"thumbnailUrl":"https:\/\/onewood.dk\/wp-content\/uploads\/2024\/12\/5704-scaled.jpg","datePublished":"2024-12-03T11:46:29+00:00","dateModified":"2025-03-26T12:40:45+00:00","breadcrumb":{"@id":"https:\/\/onewood.dk\/vare\/8401-stor-play-reol\/#breadcrumb"},"inLanguage":"nl-NL","potentialAction":[{"@type":"ReadAction","target":["https:\/\/onewood.dk\/vare\/8401-stor-play-reol\/"]}]},{"@type":"ImageObject","inLanguage":"nl-NL","@id":"https:\/\/onewood.dk\/vare\/8401-stor-play-reol\/#primaryimage","url":"https:\/\/onewood.dk\/wp-content\/uploads\/2024\/12\/5704-scaled.jpg","contentUrl":"https:\/\/onewood.dk\/wp-content\/uploads\/2024\/12\/5704-scaled.jpg","width":2560,"height":1707},{"@type":"BreadcrumbList","@id":"https:\/\/onewood.dk\/vare\/8401-stor-play-reol\/#breadcrumb","itemListElement":[{"@type":"ListItem","position":1,"name":"Varer","item":"https:\/\/onewood.dk\/shop\/"},{"@type":"ListItem","position":2,"name":"Reoler","item":"https:\/\/onewood.dk\/vare-kategori\/reoler\/"},{"@type":"ListItem","position":3,"name":"Play","item":"https:\/\/onewood.dk\/vare-kategori\/reoler\/play\/"},{"@type":"ListItem","position":4,"name":"8401 &#8211; Stor play reol"}]},{"@type":"WebSite","@id":"https:\/\/onewood.dk\/#website","url":"https:\/\/onewood.dk\/","name":"One Wood Furniture A\/S","description":"","publisher":{"@id":"https:\/\/onewood.dk\/#organization"},"potentialAction":[{"@type":"SearchAction","target":{"@type":"EntryPoint","urlTemplate":"https:\/\/onewood.dk\/?s={search_term_string}"},"query-input":{"@type":"PropertyValueSpecification","valueRequired":true,"valueName":"search_term_string"}}],"inLanguage":"nl-NL"},{"@type":"Organization","@id":"https:\/\/onewood.dk\/#organization","name":"One Wood Furniture A\/S","url":"https:\/\/onewood.dk\/","logo":{"@type":"ImageObject","inLanguage":"nl-NL","@id":"https:\/\/onewood.dk\/#\/schema\/logo\/image\/","url":"https:\/\/onewood.dk\/wp-content\/uploads\/2024\/12\/Logo.png","contentUrl":"https:\/\/onewood.dk\/wp-content\/uploads\/2024\/12\/Logo.png","width":180,"height":90,"caption":"One Wood Furniture A\/S"},"image":{"@id":"https:\/\/onewood.dk\/#\/schema\/logo\/image\/"}}]}},"_links":{"self":[{"href":"https:\/\/onewood.dk\/nl\/wp-json\/wp\/v2\/product\/1360","targetHints":{"allow":["GET"]}}],"collection":[{"href":"https:\/\/onewood.dk\/nl\/wp-json\/wp\/v2\/product"}],"about":[{"href":"https:\/\/onewood.dk\/nl\/wp-json\/wp\/v2\/types\/product"}],"wp:featuredmedia":[{"embeddable":true,"href":"https:\/\/onewood.dk\/nl\/wp-json\/wp\/v2\/media\/2351"}],"wp:attachment":[{"href":"https:\/\/onewood.dk\/nl\/wp-json\/wp\/v2\/media?parent=1360"}],"wp:term":[{"taxonomy":"product_brand","embeddable":true,"href":"https:\/\/onewood.dk\/nl\/wp-json\/wp\/v2\/product_brand?post=1360"},{"taxonomy":"product_cat","embeddable":true,"href":"https:\/\/onewood.dk\/nl\/wp-json\/wp\/v2\/product_cat?post=1360"},{"taxonomy":"product_tag","embeddable":true,"href":"https:\/\/onewood.dk\/nl\/wp-json\/wp\/v2\/product_tag?post=1360"}],"curies":[{"name":"wp","href":"https:\/\/api.w.org\/{rel}","templated":true}]}}